{"id":16835,"date":"2025-09-12T03:04:38","date_gmt":"2025-09-12T10:04:38","guid":{"rendered":"https:\/\/www.lansitec.com\/?page_id=16835"},"modified":"2025-09-16T22:02:47","modified_gmt":"2025-09-17T05:02:47","slug":"faq","status":"publish","type":"page","link":"https:\/\/www.lansitec.com\/de\/faq\/","title":{"rendered":"H\u00e4ufig gestellte Fragen"},"content":{"rendered":"<div data-elementor-type=\"wp-page\" data-elementor-id=\"16835\" class=\"elementor elementor-16835\" data-elementor-post-type=\"page\">\n\t\t\t\t\t\t<section class=\"elementor-section elementor-top-section elementor-element elementor-element-97cde04 elementor-section-boxed elementor-section-height-default elementor-section-height-default\" data-id=\"97cde04\" data-element_type=\"section\" data-e-type=\"section\" data-settings=\"{&quot;ekit_has_onepagescroll_dot&quot;:&quot;yes&quot;}\">\n\t\t\t\t\t\t<div class=\"elementor-container elementor-column-gap-default\">\n\t\t\t\t\t<div class=\"elementor-column elementor-col-100 elementor-top-column elementor-element elementor-element-04f720a\" data-id=\"04f720a\" data-element_type=\"column\" data-e-type=\"column\">\n\t\t\t<div class=\"elementor-widget-wrap elementor-element-populated\">\n\t\t\t\t\t\t<section class=\"elementor-section elementor-inner-section elementor-element elementor-element-ce74077 elementor-section-boxed elementor-section-height-default elementor-section-height-default\" data-id=\"ce74077\" data-element_type=\"section\" data-e-type=\"section\" data-settings=\"{&quot;ekit_has_onepagescroll_dot&quot;:&quot;yes&quot;}\">\n\t\t\t\t\t\t<div class=\"elementor-container elementor-column-gap-default\">\n\t\t\t\t\t<div class=\"elementor-column elementor-col-66 elementor-inner-column elementor-element elementor-element-6410f46\" data-id=\"6410f46\" data-element_type=\"column\" data-e-type=\"column\">\n\t\t\t<div class=\"elementor-widget-wrap elementor-element-populated\">\n\t\t\t\t\t\t<div class=\"elementor-element elementor-element-bd578d8 elementor-widget elementor-widget-heading\" data-id=\"bd578d8\" data-element_type=\"widget\" data-e-type=\"widget\" data-settings=\"{&quot;ekit_we_effect_on&quot;:&quot;none&quot;}\" data-widget_type=\"heading.default\">\n\t\t\t\t\t<h1 class=\"elementor-heading-title elementor-size-default\">H\u00e4ufig gestellte Fragen<\/h1>\t\t\t\t<\/div>\n\t\t\t\t<div class=\"elementor-element elementor-element-1b2e16e elementor-widget elementor-widget-shortcode\" data-id=\"1b2e16e\" data-element_type=\"widget\" data-e-type=\"widget\" data-settings=\"{&quot;ekit_we_effect_on&quot;:&quot;none&quot;}\" data-widget_type=\"shortcode.default\">\n\t\t\t\t\t\t\t<div class=\"elementor-shortcode\"><div id=\"ccchildpages-1\" class=\"ccchildpages ccflex onecol simple ccclearfix\"><ul class=\"ccchildpages_list ccclearfix\"><li class=\"page_item page-item-16845\"><a href=\"https:\/\/www.lansitec.com\/de\/faq\/wenn-eine-person-ins-wasser-fallt-wie-konnen-wir-verhindern-dass-alle-empfanger-im-umkreis-von-5-km-alarm-schlagen\/\">Wie k\u00f6nnen wir verhindern, dass alle Empf\u00e4nger im Umkreis von 5 km Alarm schlagen, wenn eine Person ins Wasser f\u00e4llt?<\/a><\/li>\n<li class=\"page_item page-item-16876\"><a href=\"https:\/\/www.lansitec.com\/de\/faq\/gibt-es-eine-monatliche-gebuhr-um-mit-den-daten-schritt-zu-halten-die-vom-lora-gateway-transportiert-werden\/\">F\u00e4llt eine monatliche Geb\u00fchr an, um den Datentransport vom LoRa-Gateway aufrechtzuerhalten?<\/a><\/li>\n<li class=\"page_item page-item-16878\"><a href=\"https:\/\/www.lansitec.com\/de\/faq\/wurde-die-verwendung-des-nb-iot-lte-m-gateways-eine-zuverlassigere-kommunikation-ermoglichen\/\">W\u00e4re die Kommunikation durch die Verwendung des NB-IoT\/LTE-M-Gateways zuverl\u00e4ssiger?<\/a><\/li>\n<li class=\"page_item page-item-16880\"><a href=\"https:\/\/www.lansitec.com\/de\/faq\/unterstutzt-ihre-plattform-das-auslosen-von-buzzer-lichtern-per-remote-tag\/\">Unterst\u00fctzt Ihre Plattform das Remote-Triggern von Tags (Summer\/Licht)?<\/a><\/li>\n<li class=\"page_item page-item-16882\"><a href=\"https:\/\/www.lansitec.com\/de\/faq\/wenn-wir-zusatzliche-sensoren-hinzufugen-oder-in-unsere-eigene-software-integrieren-mochten-ist-das-etwas-was-sie-tun-konnen\/\">Wenn wir zus\u00e4tzliche Sensoren hinzuf\u00fcgen oder in unsere eigene Software integrieren m\u00f6chten, ist das m\u00f6glich?<\/a><\/li>\n<li class=\"page_item page-item-16884\"><a href=\"https:\/\/www.lansitec.com\/de\/faq\/ist-es-moglich-den-ungefahren-standort-der-tags-mit-lorawan-oder-bluetooth-zu-ermitteln-ohne-auf-gps-angewiesen-zu-sein\/\">Ist es m\u00f6glich, die ungef\u00e4hre Position der Tags mithilfe von LoRaWAN oder Bluetooth zu ermitteln, ohne auf GPS angewiesen zu sein?<\/a><\/li>\n<li class=\"page_item page-item-16891\"><a href=\"https:\/\/www.lansitec.com\/de\/faq\/fur-mobilfunk-und-wlan-lagern-sie-auch-ihre-basis-hf-tests-aus\/\">Lassen Sie auch Ihre grundlegenden HF-Tests f\u00fcr Mobilfunk (und WLAN) auslagern?<\/a><\/li>\n<li class=\"page_item page-item-16893\"><a href=\"https:\/\/www.lansitec.com\/de\/faq\/was-ist-der-unterschied-zwischen-einem-tracker-und-einem-beacon-ist-der-beacon-auch-ein-mini-gateway-repeater\/\">Was ist der Unterschied zwischen einem Tracker und einem Beacon? Ist der Beacon auch ein Mini-Gateway\/Repeater?<\/a><\/li>\n<li class=\"page_item page-item-16895\"><a href=\"https:\/\/www.lansitec.com\/de\/faq\/sobald-das-gerat-funktionsfahig-ist-konnen-sie-end-to-end-tests-auf-systemebene-durchfuhren\/\">Haben Sie, sobald das Ger\u00e4t funktionsf\u00e4hig ist, die M\u00f6glichkeit, End-to-End-Tests auf Systemebene durchzuf\u00fchren?<\/a><\/li>\n<li class=\"page_item page-item-16897\"><a href=\"https:\/\/www.lansitec.com\/de\/faq\/einige-unserer-anlagen-werden-in-kuhlhausern-bei-temperaturen-von-25-c-bis-30-c-untergebracht-wahrend-andere-im-freien-eingesetzt-werden-wo-sie-direkter-sonneneinstrahlung-und-temperatur\/\">Einige unserer Anlagen werden in K\u00fchlh\u00e4usern (-25 \u00b0C bis -30 \u00b0C) untergebracht, andere werden im Freien eingesetzt und sind direkter Sonneneinstrahlung und Temperaturen zwischen 40 \u00b0C und 50 \u00b0C ausgesetzt. Wird dies Auswirkungen auf die Ger\u00e4te haben?<\/a><\/li>\n<li class=\"page_item page-item-16900\"><a href=\"https:\/\/www.lansitec.com\/de\/faq\/welche-arten-von-bluetooth-funktionen-unterstutzen-ihre-tracker\/\">Welche Arten von Bluetooth-Funktionen unterst\u00fctzen Ihre Tracker?<\/a><\/li>\n<li class=\"page_item page-item-16957\"><a href=\"https:\/\/www.lansitec.com\/de\/faq\/einfuhrung-in-flex-tag-beacon-fur-gekrummte-unebene-oder-zylindrische-oberflachen\/\">Einf\u00fchrung in Flex Tag Beacon f\u00fcr gekr\u00fcmmte, unebene oder zylindrische Oberfl\u00e4chen<\/a><\/li>\n<li class=\"page_item page-item-16960\"><a href=\"https:\/\/www.lansitec.com\/de\/faq\/lorawan-gps-tracker-demonstration\/\">Demonstration des LoRaWAN-GPS-Trackers<\/a><\/li>\n<li class=\"page_item page-item-16963\"><a href=\"https:\/\/www.lansitec.com\/de\/faq\/demo-zur-bereitstellung-und-positionierung-von-helmsensoren\/\">Demo zur Bereitstellung und Positionierung von Helmsensoren.<\/a><\/li>\n<li class=\"page_item page-item-16974\"><a href=\"https:\/\/www.lansitec.com\/de\/faq\/installationsanleitung-fur-container-tracker-lorawan-nbiot-ltem-lte-cat1-und-uwb-einrichtung-und-hauptmerkmale\/\">Installationshandbuch f\u00fcr Container Tracker: LoRaWAN, NB\u2011IoT\/LTE\u2011M, LTE Cat\u20111 und UWB \u2013 Einrichtung und Hauptfunktionen<\/a><\/li><\/ul><\/div>\n\n\n<\/div>\n\t\t\t\t\t\t<\/div>\n\t\t\t\t\t<\/div>\n\t\t<\/div>\n\t\t\t\t<div class=\"elementor-column elementor-col-33 elementor-inner-column elementor-element elementor-element-b0bfa49\" data-id=\"b0bfa49\" data-element_type=\"column\" data-e-type=\"column\">\n\t\t\t<div class=\"elementor-widget-wrap elementor-element-populated\">\n\t\t\t\t\t\t<div class=\"elementor-element elementor-element-fb3823f elementor-widget elementor-widget-heading\" data-id=\"fb3823f\" data-element_type=\"widget\" data-e-type=\"widget\" data-settings=\"{&quot;ekit_we_effect_on&quot;:&quot;none&quot;}\" data-widget_type=\"heading.default\">\n\t\t\t\t\t<h2 class=\"elementor-heading-title elementor-size-default\">Letzte Aktualisierung<\/h2>\t\t\t\t<\/div>\n\t\t\t\t<div class=\"elementor-element elementor-element-dd90773 elementor-grid-1 elementor-posts--thumbnail-none elementor-grid-tablet-2 elementor-grid-mobile-1 elementor-widget elementor-widget-posts\" data-id=\"dd90773\" data-element_type=\"widget\" data-e-type=\"widget\" data-settings=\"{&quot;classic_columns&quot;:&quot;1&quot;,&quot;classic_row_gap&quot;:{&quot;unit&quot;:&quot;px&quot;,&quot;size&quot;:10,&quot;sizes&quot;:[]},&quot;classic_columns_tablet&quot;:&quot;2&quot;,&quot;classic_columns_mobile&quot;:&quot;1&quot;,&quot;classic_row_gap_tablet&quot;:{&quot;unit&quot;:&quot;px&quot;,&quot;size&quot;:&quot;&quot;,&quot;sizes&quot;:[]},&quot;classic_row_gap_mobile&quot;:{&quot;unit&quot;:&quot;px&quot;,&quot;size&quot;:&quot;&quot;,&quot;sizes&quot;:[]},&quot;ekit_we_effect_on&quot;:&quot;none&quot;}\" data-widget_type=\"posts.classic\">\n\t\t\t\t<div class=\"elementor-widget-container\">\n\t\t\t\t\t\t\t<div class=\"elementor-posts-container elementor-posts elementor-posts--skin-classic elementor-grid\" role=\"list\">\n\t\t\t\t<article class=\"elementor-post elementor-grid-item post-18704 post type-post status-publish format-standard has-post-thumbnail hentry category-news\" role=\"listitem\">\n\t\t\t\t<div class=\"elementor-post__text\">\n\t\t\t\t<h4 class=\"elementor-post__title\">\n\t\t\t<a href=\"https:\/\/www.lansitec.com\/de\/blogs\/machbarkeit-der-verwendung-einer-mobilen-app-zur-hintergrunduberwachung-von-beacons-anstelle-eines-bluetooth-gateways\/\" >\n\t\t\t\tMachbarkeit der Verwendung einer mobilen App zur Hintergrund\u00fcberwachung von Beacons anstelle eines Bluetooth-Gateways\t\t\t<\/a>\n\t\t<\/h4>\n\t\t\t\t<\/div>\n\t\t\t\t<\/article>\n\t\t\t\t<article class=\"elementor-post elementor-grid-item post-18684 post type-post status-publish format-standard has-post-thumbnail hentry category-news category-bluetooth tag-bluetooth-gateway tag-compact-bluetooth-gateway tag-indoor-bluetooth-gateway tag-macro-bluetooth-gateway\" role=\"listitem\">\n\t\t\t\t<div class=\"elementor-post__text\">\n\t\t\t\t<h4 class=\"elementor-post__title\">\n\t\t\t<a href=\"https:\/\/www.lansitec.com\/de\/blogs\/rssi-innenraumpositionierung\/\" >\n\t\t\t\tRSSI-basierte Indoor-Positionierung: Ein wichtiger Leitfaden, warum RSSI bei BLE-Tracking nicht die Entfernung angibt.\t\t\t<\/a>\n\t\t<\/h4>\n\t\t\t\t<\/div>\n\t\t\t\t<\/article>\n\t\t\t\t<article class=\"elementor-post elementor-grid-item post-18449 post type-post status-publish format-standard has-post-thumbnail hentry category-iot-case-studies tag-uwb-anchors tag-uwb-solutions tag-uwb-technology\" role=\"listitem\">\n\t\t\t\t<div class=\"elementor-post__text\">\n\t\t\t\t<h4 class=\"elementor-post__title\">\n\t\t\t<a href=\"https:\/\/www.lansitec.com\/de\/blogs\/uwb-genauigkeit-im-jahr-2026-ein-unverzichtbarer-leitfaden-zur-10-cm-indoor-positionierung\/\" >\n\t\t\t\tUWB-Genauigkeit im Jahr 2026: Ein unverzichtbarer Leitfaden zur 10-cm-Indoor-Positionierung\t\t\t<\/a>\n\t\t<\/h4>\n\t\t\t\t<\/div>\n\t\t\t\t<\/article>\n\t\t\t\t<article class=\"elementor-post elementor-grid-item post-18459 post type-post status-publish format-standard has-post-thumbnail hentry category-news\" role=\"listitem\">\n\t\t\t\t<div class=\"elementor-post__text\">\n\t\t\t\t<h4 class=\"elementor-post__title\">\n\t\t\t<a href=\"https:\/\/www.lansitec.com\/de\/blogs\/satellitengestutzte-iot-ortung-im-jahr-2026-ein-unverzichtbarer-leitfaden-zu-ntn-fur-nutztiere-und-abgelegene-anlagen\/\" >\n\t\t\t\tSatellitengest\u00fctzte IoT-Ortung im Jahr 2026: Ein unverzichtbarer Leitfaden zu NTN f\u00fcr Nutztiere und abgelegene Anlagen\t\t\t<\/a>\n\t\t<\/h4>\n\t\t\t\t<\/div>\n\t\t\t\t<\/article>\n\t\t\t\t<article class=\"elementor-post elementor-grid-item post-18471 post type-post status-publish format-standard has-post-thumbnail hentry category-news\" role=\"listitem\">\n\t\t\t\t<div class=\"elementor-post__text\">\n\t\t\t\t<h4 class=\"elementor-post__title\">\n\t\t\t<a href=\"https:\/\/www.lansitec.com\/de\/blogs\/genaue-indoor-positionierung-ein-unverzichtbarer-leitfaden-fur-die-mehrstockige-ortung-ohne-etagenwechsel\/\" >\n\t\t\t\tGenauigkeit der Indoor-Positionierung: Ein unverzichtbarer Leitfaden f\u00fcr die mehrst\u00f6ckige Ortung ohne Etagenwechsel\t\t\t<\/a>\n\t\t<\/h4>\n\t\t\t\t<\/div>\n\t\t\t\t<\/article>\n\t\t\t\t<article class=\"elementor-post elementor-grid-item post-18489 post type-post status-publish format-standard has-post-thumbnail hentry category-news\" role=\"listitem\">\n\t\t\t\t<div class=\"elementor-post__text\">\n\t\t\t\t<h4 class=\"elementor-post__title\">\n\t\t\t<a href=\"https:\/\/www.lansitec.com\/de\/blogs\/fota-im-grosen-stil-wie-man-1000-gerate-ohne-vor-ort-besuche-auf-derselben-firmware-halt\/\" >\n\t\t\t\tFOTA im gro\u00dfen Stil: Wie man \u00fcber 1000 Ger\u00e4te ohne Vor-Ort-Besuche auf derselben Firmware h\u00e4lt\t\t\t<\/a>\n\t\t<\/h4>\n\t\t\t\t<\/div>\n\t\t\t\t<\/article>\n\t\t\t\t<article class=\"elementor-post elementor-grid-item post-18365 post type-post status-publish format-standard has-post-thumbnail hentry category-iot-case-studies\" role=\"listitem\">\n\t\t\t\t<div class=\"elementor-post__text\">\n\t\t\t\t<h4 class=\"elementor-post__title\">\n\t\t\t<a href=\"https:\/\/www.lansitec.com\/de\/blogs\/skalierung-von-lorawan-10000-geraten\/\" >\n\t\t\t\tSkalierung auf 10.000 Tags: Essentielle LoRaWAN-Kommunikationsstrategien f\u00fcr 2026\t\t\t<\/a>\n\t\t<\/h4>\n\t\t\t\t<\/div>\n\t\t\t\t<\/article>\n\t\t\t\t<article class=\"elementor-post elementor-grid-item post-18399 post type-post status-publish format-standard has-post-thumbnail hentry category-news\" role=\"listitem\">\n\t\t\t\t<div class=\"elementor-post__text\">\n\t\t\t\t<h4 class=\"elementor-post__title\">\n\t\t\t<a href=\"https:\/\/www.lansitec.com\/de\/blogs\/ble-aoa-genauigkeit-im-jahr-2026-ein-unverzichtbarer-leitfaden-zur-erreichung-von-10-cm-in-innenraumen\/\" >\n\t\t\t\tBLE-AoA-Genauigkeit im Jahr 2026: Ein Leitfaden zur Erreichung von 10 cm in Innenr\u00e4umen\t\t\t<\/a>\n\t\t<\/h4>\n\t\t\t\t<\/div>\n\t\t\t\t<\/article>\n\t\t\t\t<article class=\"elementor-post elementor-grid-item post-18388 post type-post status-publish format-standard has-post-thumbnail hentry category-iot-case-studies tag-bluetooth-beacon tag-solar-bluetooth-gateway\" role=\"listitem\">\n\t\t\t\t<div class=\"elementor-post__text\">\n\t\t\t\t<h4 class=\"elementor-post__title\">\n\t\t\t<a href=\"https:\/\/www.lansitec.com\/de\/blogs\/leitfaden-zur-fernuberwachung-von-wasserpumpen-auf-basis-von-vibrationen-essenziell-fur-die-statusverfolgung\/\" >\n\t\t\t\tFern\u00fcberwachung von Wasserpumpen: Ein Leitfaden zur Statusverfolgung auf Basis von Vibrationen\t\t\t<\/a>\n\t\t<\/h4>\n\t\t\t\t<\/div>\n\t\t\t\t<\/article>\n\t\t\t\t<article class=\"elementor-post elementor-grid-item post-18190 post type-post status-publish format-standard has-post-thumbnail hentry category-news\" role=\"listitem\">\n\t\t\t\t<div class=\"elementor-post__text\">\n\t\t\t\t<h4 class=\"elementor-post__title\">\n\t\t\t<a href=\"https:\/\/www.lansitec.com\/de\/blogs\/bluetooth-6-0-und-6-1-was-die-neuen-kernspezifikationen-fur-iot-audio-und-wearables-bedeuten\/\" >\n\t\t\t\tBluetooth 6.0 und 6.1: Was die neuen Kernspezifikationen f\u00fcr IoT, Audio und Wearables bedeuten\t\t\t<\/a>\n\t\t<\/h4>\n\t\t\t\t<\/div>\n\t\t\t\t<\/article>\n\t\t\t\t<\/div>\n\t\t\n\t\t\t\t\t\t<\/div>\n\t\t\t\t<\/div>\n\t\t\t\t\t<\/div>\n\t\t<\/div>\n\t\t\t\t\t<\/div>\n\t\t<\/section>\n\t\t\t\t\t<\/div>\n\t\t<\/div>\n\t\t\t\t\t<\/div>\n\t\t<\/section>\n\t\t\t\t<\/div>","protected":false},"excerpt":{"rendered":"<p>Startseite | H\u00e4ufig gestellte Fragen | Neueste Updates<\/p>","protected":false},"author":1,"featured_media":0,"parent":0,"menu_order":0,"comment_status":"closed","ping_status":"closed","template":"","meta":{"neve_meta_sidebar":"","neve_meta_container":"","neve_meta_enable_content_width":"","neve_meta_content_width":0,"neve_meta_title_alignment":"","neve_meta_author_avatar":"","neve_post_elements_order":"","neve_meta_disable_header":"","neve_meta_disable_footer":"","neve_meta_disable_title":"","footnotes":""},"class_list":["post-16835","page","type-page","status-publish","hentry"],"_links":{"self":[{"href":"https:\/\/www.lansitec.com\/de\/wp-json\/wp\/v2\/pages\/16835","targetHints":{"allow":["GET"]}}],"collection":[{"href":"https:\/\/www.lansitec.com\/de\/wp-json\/wp\/v2\/pages"}],"about":[{"href":"https:\/\/www.lansitec.com\/de\/wp-json\/wp\/v2\/types\/page"}],"author":[{"embeddable":true,"href":"https:\/\/www.lansitec.com\/de\/wp-json\/wp\/v2\/users\/1"}],"replies":[{"embeddable":true,"href":"https:\/\/www.lansitec.com\/de\/wp-json\/wp\/v2\/comments?post=16835"}],"version-history":[{"count":0,"href":"https:\/\/www.lansitec.com\/de\/wp-json\/wp\/v2\/pages\/16835\/revisions"}],"wp:attachment":[{"href":"https:\/\/www.lansitec.com\/de\/wp-json\/wp\/v2\/media?parent=16835"}],"curies":[{"name":"wp","href":"https:\/\/api.w.org\/{rel}","templated":true}]}}