{"id":16845,"date":"2025-09-12T03:04:54","date_gmt":"2025-09-12T10:04:54","guid":{"rendered":"https:\/\/www.lansitec.com\/?page_id=16845"},"modified":"2025-09-12T03:04:55","modified_gmt":"2025-09-12T10:04:55","slug":"when-a-person-falls-into-the-water-how-can-we-avoid-all-receivers-within-a-5km-radius-from-sounding-the-alarm","status":"publish","type":"page","link":"https:\/\/www.lansitec.com\/de\/faq\/wenn-eine-person-ins-wasser-fallt-wie-konnen-wir-verhindern-dass-alle-empfanger-im-umkreis-von-5-km-alarm-schlagen\/","title":{"rendered":"Wie k\u00f6nnen wir verhindern, dass alle Empf\u00e4nger im Umkreis von 5 km Alarm schlagen, wenn eine Person ins Wasser f\u00e4llt?"},"content":{"rendered":"<p>Dies kann durch Befolgen der folgenden Schritte implementiert werden:<\/p>\n\n\n\n<p>Registrieren Sie einen Absender, indem Sie seinen QR-Code scannen und die Informationen an den Webserver senden.<\/p>\n\n\n\n<p>W\u00e4hrend des Registrierungsprozesses kann der Benutzer dem Absender in der Webanwendung einen Empf\u00e4nger oder eine Gruppe von Empf\u00e4ngern zuordnen.<\/p>\n\n\n\n<p>Wenn der Webserver die Registrierung f\u00fcr einen neuen Absender empf\u00e4ngt, wird die Absender-ID an den\/die entsprechenden Empf\u00e4nger weitergeleitet.<\/p>","protected":false},"excerpt":{"rendered":"<p>This can be implemented by following the steps below: Register a sender by scanning its QR code and sending the information to the web server. During the process of registration, the user can associate a receiver or a group of receivers with the sender in the web application. When the web server receives the registration&hellip;&nbsp;<a href=\"https:\/\/www.lansitec.com\/de\/faq\/wenn-eine-person-ins-wasser-fallt-wie-konnen-wir-verhindern-dass-alle-empfanger-im-umkreis-von-5-km-alarm-schlagen\/\" rel=\"bookmark\">Weiterlesen \u00bb<span class=\"screen-reader-text\">Wie k\u00f6nnen wir verhindern, dass alle Empf\u00e4nger im Umkreis von 5 km Alarm schlagen, wenn eine Person ins Wasser f\u00e4llt?<\/span><\/a><\/p>","protected":false},"author":1,"featured_media":0,"parent":16835,"menu_order":0,"comment_status":"closed","ping_status":"closed","template":"","meta":{"neve_meta_sidebar":"","neve_meta_container":"","neve_meta_enable_content_width":"","neve_meta_content_width":0,"neve_meta_title_alignment":"","neve_meta_author_avatar":"","neve_post_elements_order":"","neve_meta_disable_header":"","neve_meta_disable_footer":"","neve_meta_disable_title":"","footnotes":""},"class_list":["post-16845","page","type-page","status-publish","hentry"],"_links":{"self":[{"href":"https:\/\/www.lansitec.com\/de\/wp-json\/wp\/v2\/pages\/16845","targetHints":{"allow":["GET"]}}],"collection":[{"href":"https:\/\/www.lansitec.com\/de\/wp-json\/wp\/v2\/pages"}],"about":[{"href":"https:\/\/www.lansitec.com\/de\/wp-json\/wp\/v2\/types\/page"}],"author":[{"embeddable":true,"href":"https:\/\/www.lansitec.com\/de\/wp-json\/wp\/v2\/users\/1"}],"replies":[{"embeddable":true,"href":"https:\/\/www.lansitec.com\/de\/wp-json\/wp\/v2\/comments?post=16845"}],"version-history":[{"count":0,"href":"https:\/\/www.lansitec.com\/de\/wp-json\/wp\/v2\/pages\/16845\/revisions"}],"up":[{"embeddable":true,"href":"https:\/\/www.lansitec.com\/de\/wp-json\/wp\/v2\/pages\/16835"}],"wp:attachment":[{"href":"https:\/\/www.lansitec.com\/de\/wp-json\/wp\/v2\/media?parent=16845"}],"curies":[{"name":"wp","href":"https:\/\/api.w.org\/{rel}","templated":true}]}}