{"id":16876,"date":"2025-09-12T05:45:46","date_gmt":"2025-09-12T12:45:46","guid":{"rendered":"https:\/\/www.lansitec.com\/?page_id=16876"},"modified":"2025-09-15T22:53:08","modified_gmt":"2025-09-16T05:53:08","slug":"is-there-a-monthly-fee-to-keep-up-with-the-data-being-transported-from-the-lora-gateway","status":"publish","type":"page","link":"https:\/\/www.lansitec.com\/de\/faq\/gibt-es-eine-monatliche-gebuhr-um-mit-den-daten-schritt-zu-halten-die-vom-lora-gateway-transportiert-werden\/","title":{"rendered":"F\u00e4llt eine monatliche Geb\u00fchr an, um den Datentransport vom LoRa-Gateway aufrechtzuerhalten?"},"content":{"rendered":"<p>Es gibt keine monatliche Geb\u00fchr f\u00fcr die Nutzung unserer <a href=\"https:\/\/www.lansitec.com\/de\/produkte\/\" data-type=\"page\" data-id=\"917\">Hardware<\/a> Und <a href=\"https:\/\/www.lansitec.com\/de\/lorawan\/\">LoRaWAN<\/a>. Wenn <a href=\"https:\/\/www.lansitec.com\/de\/gateways\/#aoa-gateways\">Ethernet<\/a> wird verwendet als <a href=\"https:\/\/www.lansitec.com\/de\/lorawan\/\">LoRaWAN<\/a> F\u00fcr Gateway-Backhaul fallen ebenfalls keine solchen Geb\u00fchren an. Es sei denn, 4G wird genutzt.<\/p>","protected":false},"excerpt":{"rendered":"<p>F\u00fcr die Nutzung unserer Hardware und LoRaWAN fallen keine monatlichen Geb\u00fchren an. Auch bei der Nutzung von Ethernet als LoRaWAN-Gateway-Backhaul f\u00e4llt keine solche Geb\u00fchr an. Es sei denn, es wird 4G verwendet.<\/p>","protected":false},"author":1,"featured_media":0,"parent":16835,"menu_order":0,"comment_status":"closed","ping_status":"closed","template":"","meta":{"neve_meta_sidebar":"","neve_meta_container":"","neve_meta_enable_content_width":"","neve_meta_content_width":0,"neve_meta_title_alignment":"","neve_meta_author_avatar":"","neve_post_elements_order":"","neve_meta_disable_header":"","neve_meta_disable_footer":"","neve_meta_disable_title":"","footnotes":""},"class_list":["post-16876","page","type-page","status-publish","hentry"],"_links":{"self":[{"href":"https:\/\/www.lansitec.com\/de\/wp-json\/wp\/v2\/pages\/16876","targetHints":{"allow":["GET"]}}],"collection":[{"href":"https:\/\/www.lansitec.com\/de\/wp-json\/wp\/v2\/pages"}],"about":[{"href":"https:\/\/www.lansitec.com\/de\/wp-json\/wp\/v2\/types\/page"}],"author":[{"embeddable":true,"href":"https:\/\/www.lansitec.com\/de\/wp-json\/wp\/v2\/users\/1"}],"replies":[{"embeddable":true,"href":"https:\/\/www.lansitec.com\/de\/wp-json\/wp\/v2\/comments?post=16876"}],"version-history":[{"count":0,"href":"https:\/\/www.lansitec.com\/de\/wp-json\/wp\/v2\/pages\/16876\/revisions"}],"up":[{"embeddable":true,"href":"https:\/\/www.lansitec.com\/de\/wp-json\/wp\/v2\/pages\/16835"}],"wp:attachment":[{"href":"https:\/\/www.lansitec.com\/de\/wp-json\/wp\/v2\/media?parent=16876"}],"curies":[{"name":"wp","href":"https:\/\/api.w.org\/{rel}","templated":true}]}}