{"id":16878,"date":"2025-09-12T05:47:13","date_gmt":"2025-09-12T12:47:13","guid":{"rendered":"https:\/\/www.lansitec.com\/?page_id=16878"},"modified":"2025-09-15T22:58:37","modified_gmt":"2025-09-16T05:58:37","slug":"would-using-the-nb-iot-lte-m-gateway-have-more-reliable-communication","status":"publish","type":"page","link":"https:\/\/www.lansitec.com\/de\/faq\/wurde-die-verwendung-des-nb-iot-lte-m-gateways-eine-zuverlassigere-kommunikation-ermoglichen\/","title":{"rendered":"W\u00e4re die Kommunikation durch die Verwendung des NB-IoT\/LTE-M-Gateways zuverl\u00e4ssiger?"},"content":{"rendered":"<p>Wenn das Netzwerk verf\u00fcgbar ist, sollte die Kommunikation gleichwertig sein mit <a href=\"https:\/\/www.lansitec.com\/de\/lorawan\/\">LoRaWAN<\/a>. Wir haben Kunden, die nutzen <a href=\"https:\/\/www.lansitec.com\/de\/lorawan\/\">LoRaWAN<\/a> bei Zehntausenden von Ger\u00e4ten und sind auf Zuverl\u00e4ssigkeitsprobleme gesto\u00dfen.<\/p>\n\n\n\n<p>NB-IoT unterst\u00fctzt mobile Ger\u00e4te nicht gut. Und das Ger\u00e4t muss sich erneut mit dem Netzwerk verbinden, wenn es zwischen verschiedenen Basisstationen wechselt oder wenn sich das Fahrzeug zu schnell bewegt.<\/p>\n\n\n\n<p>Bitte pr\u00fcfen Sie au\u00dferdem, ob NB-IoT oder LTE-M entlang der Strecke verf\u00fcgbar ist. Die Netzabdeckung ist im Allgemeinen nicht so gut wie bei 4G (einschlie\u00dflich Cat-1). <a href=\"https:\/\/www.lansitec.com\/de\/lorawan\/\">LoRaWAN<\/a> Das Netzwerk kann von uns selbst bereitgestellt werden.<\/p>","protected":false},"excerpt":{"rendered":"<p>If the network is available, then the communication should be equivalent to LoRaWAN. We have customers using LoRaWAN with tens of thousands of devices and have met reliability problems. NB-IoT does not support mobile devices well. And the device has to rejoin the network if it roams across different base stations or if the vehicle&hellip;&nbsp;<a href=\"https:\/\/www.lansitec.com\/de\/faq\/wurde-die-verwendung-des-nb-iot-lte-m-gateways-eine-zuverlassigere-kommunikation-ermoglichen\/\" rel=\"bookmark\">Weiterlesen \u00bb<span class=\"screen-reader-text\">W\u00e4re die Kommunikation durch die Verwendung des NB-IoT\/LTE-M-Gateways zuverl\u00e4ssiger?<\/span><\/a><\/p>","protected":false},"author":1,"featured_media":0,"parent":16835,"menu_order":0,"comment_status":"closed","ping_status":"closed","template":"","meta":{"neve_meta_sidebar":"","neve_meta_container":"","neve_meta_enable_content_width":"","neve_meta_content_width":0,"neve_meta_title_alignment":"","neve_meta_author_avatar":"","neve_post_elements_order":"","neve_meta_disable_header":"","neve_meta_disable_footer":"","neve_meta_disable_title":"","footnotes":""},"class_list":["post-16878","page","type-page","status-publish","hentry"],"_links":{"self":[{"href":"https:\/\/www.lansitec.com\/de\/wp-json\/wp\/v2\/pages\/16878","targetHints":{"allow":["GET"]}}],"collection":[{"href":"https:\/\/www.lansitec.com\/de\/wp-json\/wp\/v2\/pages"}],"about":[{"href":"https:\/\/www.lansitec.com\/de\/wp-json\/wp\/v2\/types\/page"}],"author":[{"embeddable":true,"href":"https:\/\/www.lansitec.com\/de\/wp-json\/wp\/v2\/users\/1"}],"replies":[{"embeddable":true,"href":"https:\/\/www.lansitec.com\/de\/wp-json\/wp\/v2\/comments?post=16878"}],"version-history":[{"count":0,"href":"https:\/\/www.lansitec.com\/de\/wp-json\/wp\/v2\/pages\/16878\/revisions"}],"up":[{"embeddable":true,"href":"https:\/\/www.lansitec.com\/de\/wp-json\/wp\/v2\/pages\/16835"}],"wp:attachment":[{"href":"https:\/\/www.lansitec.com\/de\/wp-json\/wp\/v2\/media?parent=16878"}],"curies":[{"name":"wp","href":"https:\/\/api.w.org\/{rel}","templated":true}]}}