{"id":16884,"date":"2025-09-12T05:49:29","date_gmt":"2025-09-12T12:49:29","guid":{"rendered":"https:\/\/www.lansitec.com\/?page_id=16884"},"modified":"2025-09-15T22:51:57","modified_gmt":"2025-09-16T05:51:57","slug":"is-it-possible-to-achieve-approximate-location-of-the-tags-using-lorawan-or-bluetooth-without-relying-on-gps","status":"publish","type":"page","link":"https:\/\/www.lansitec.com\/de\/faq\/ist-es-moglich-den-ungefahren-standort-der-tags-mit-lorawan-oder-bluetooth-zu-ermitteln-ohne-auf-gps-angewiesen-zu-sein\/","title":{"rendered":"Ist es m\u00f6glich, die ungef\u00e4hre Position der Tags mithilfe von LoRaWAN oder Bluetooth zu ermitteln, ohne auf GPS angewiesen zu sein?"},"content":{"rendered":"<p>Mit Bluetooth: Ja.<\/p>\n\n\n\n<p>Mit <a href=\"https:\/\/www.lansitec.com\/de\/lorawan\/\">LoRaWAN<\/a>Ja. Es unterst\u00fctzt Anwesenheitserkennung mit einer Genauigkeit von einigen hundert Metern. Alternativ k\u00f6nnen Sie vier Ger\u00e4te einsetzen. <a href=\"https:\/\/www.lansitec.com\/de\/gateways\/#lorawan-gateways\">LoRaWAN-Gateways<\/a> Die Sensoren sind beispielsweise etwa 1 km voneinander entfernt. Bei dieser Konfiguration kann die Genauigkeit zwischen einigen zehn und einigen hundert Metern liegen.<\/p>\n\n\n\n<p>Bitte <a href=\"https:\/\/www.lansitec.com\/de\/kontaktiere-uns\/\" data-type=\"page\" data-id=\"752\">kontaktiere uns<\/a> und teilen Sie uns weitere Details zu Ihrem Projekt mit. Wir finden eine passende L\u00f6sung f\u00fcr Sie.<\/p>\n\n\n\n<p><\/p>","protected":false},"excerpt":{"rendered":"<p>With Bluetooth: Yes. With LoRaWAN: Yes. It supports presence detection, with an accuracy of a few hundred meters. Alternatively, you can deploy four LoRaWAN gateways spaced about 1 km apart (as an example). In this setup, the accuracy can range from tens of meters to a couple of hundred meters. Please contact us and share&hellip;&nbsp;<a href=\"https:\/\/www.lansitec.com\/de\/faq\/ist-es-moglich-den-ungefahren-standort-der-tags-mit-lorawan-oder-bluetooth-zu-ermitteln-ohne-auf-gps-angewiesen-zu-sein\/\" rel=\"bookmark\">Weiterlesen \u00bb<span class=\"screen-reader-text\">Ist es m\u00f6glich, die ungef\u00e4hre Position der Tags mithilfe von LoRaWAN oder Bluetooth zu ermitteln, ohne auf GPS angewiesen zu sein?<\/span><\/a><\/p>","protected":false},"author":1,"featured_media":0,"parent":16835,"menu_order":0,"comment_status":"closed","ping_status":"closed","template":"","meta":{"neve_meta_sidebar":"","neve_meta_container":"","neve_meta_enable_content_width":"","neve_meta_content_width":0,"neve_meta_title_alignment":"","neve_meta_author_avatar":"","neve_post_elements_order":"","neve_meta_disable_header":"","neve_meta_disable_footer":"","neve_meta_disable_title":"","footnotes":""},"class_list":["post-16884","page","type-page","status-publish","hentry"],"_links":{"self":[{"href":"https:\/\/www.lansitec.com\/de\/wp-json\/wp\/v2\/pages\/16884","targetHints":{"allow":["GET"]}}],"collection":[{"href":"https:\/\/www.lansitec.com\/de\/wp-json\/wp\/v2\/pages"}],"about":[{"href":"https:\/\/www.lansitec.com\/de\/wp-json\/wp\/v2\/types\/page"}],"author":[{"embeddable":true,"href":"https:\/\/www.lansitec.com\/de\/wp-json\/wp\/v2\/users\/1"}],"replies":[{"embeddable":true,"href":"https:\/\/www.lansitec.com\/de\/wp-json\/wp\/v2\/comments?post=16884"}],"version-history":[{"count":0,"href":"https:\/\/www.lansitec.com\/de\/wp-json\/wp\/v2\/pages\/16884\/revisions"}],"up":[{"embeddable":true,"href":"https:\/\/www.lansitec.com\/de\/wp-json\/wp\/v2\/pages\/16835"}],"wp:attachment":[{"href":"https:\/\/www.lansitec.com\/de\/wp-json\/wp\/v2\/media?parent=16884"}],"curies":[{"name":"wp","href":"https:\/\/api.w.org\/{rel}","templated":true}]}}