{"id":16957,"date":"2025-09-16T03:02:26","date_gmt":"2025-09-16T10:02:26","guid":{"rendered":"https:\/\/www.lansitec.com\/?page_id=16957"},"modified":"2025-09-16T03:02:27","modified_gmt":"2025-09-16T10:02:27","slug":"introduction-to-flex-tag-beacon-for-curved-uneven-or-cylindrical-surfaces","status":"publish","type":"page","link":"https:\/\/www.lansitec.com\/de\/faq\/einfuhrung-in-flex-tag-beacon-fur-gekrummte-unebene-oder-zylindrische-oberflachen\/","title":{"rendered":"Einf\u00fchrung in Flex Tag Beacon f\u00fcr gekr\u00fcmmte, unebene oder zylindrische Oberfl\u00e4chen"},"content":{"rendered":"<p><a href=\"https:\/\/www.youtube.com\/@lansitec\" rel=\"nofollow noopener\" target=\"_blank\"><\/a><\/p>\n\n\n\n<figure class=\"wp-block-embed is-type-video is-provider-youtube wp-block-embed-youtube wp-embed-aspect-16-9 wp-has-aspect-ratio\"><div class=\"wp-block-embed__wrapper\">\n<div class=\"nv-iframe-embed\"><iframe title=\"Einf\u00fchrung in Flex Tag Beacon f\u00fcr gekr\u00fcmmte, unebene oder zylindrische Oberfl\u00e4chen\" width=\"1200\" height=\"675\" src=\"https:\/\/www.youtube.com\/embed\/qOAD57PUHlc?feature=oembed\" frameborder=\"0\" allow=\"accelerometer; autoplay; clipboard-write; encrypted-media; gyroscope; picture-in-picture; web-share\" referrerpolicy=\"strict-origin-when-cross-origin\" allowfullscreen><\/iframe><\/div>\n<\/div><\/figure>\n\n\n\n<p>Erreichen Sie maximale Installationsflexibilit\u00e4t mit Lansitec <a href=\"https:\/\/www.lansitec.com\/de\/produkte\/b014-flex-tag\/\">Flex Tag<\/a>. Dank seiner weichen, haftfreundlichen Silikongelbasis haftet dieser Beacon m\u00fchelos auf gew\u00f6lbten, unebenen oder zylindrischen Oberfl\u00e4chen \u2013 ideal zur Ortung von Werkzeugen, medizinischem Zubeh\u00f6r oder Ger\u00e4ten mit nicht-ebenen Au\u00dfenfl\u00e4chen. Mit Abmessungen von nur 40 \u00d7 25 \u00d7 18,6 mm sendet er kontinuierlich iBeacon-Pakete und unterst\u00fctzt bis zu sechs individuelle Werbe-Frames. Eine CR1225-Knopfzelle versorgt das Ger\u00e4t bei typischer Nutzung bis zu 5 Jahre lang mit Strom. Weitere Informationen finden Sie unter [Link einf\u00fcgen]. <strong><a href=\"https:\/\/www.lansitec.com\/de\/produkte\/b014-flex-tag\/\" data-type=\"page\" data-id=\"15868\">B014 Flex Tag<\/a><\/strong>.<\/p>","protected":false},"excerpt":{"rendered":"<p>Achieve ultimate installation flexibility with the Lansitec Flex Tag. Built with a soft, adhesive-friendly silicone gel base, this beacon effortlessly attaches to curved, uneven, or cylindrical surfaces\u2014making it perfect for tracking tools, medical supplies, or equipment with non-flat exteriors. Measuring just 40 \u00d7 25 \u00d7 18.6 mm, it continuously broadcasts iBeacon packets and supports up&hellip;&nbsp;<a href=\"https:\/\/www.lansitec.com\/de\/faq\/einfuhrung-in-flex-tag-beacon-fur-gekrummte-unebene-oder-zylindrische-oberflachen\/\" rel=\"bookmark\">Weiterlesen \u00bb<span class=\"screen-reader-text\">Einf\u00fchrung in Flex Tag Beacon f\u00fcr gekr\u00fcmmte, unebene oder zylindrische Oberfl\u00e4chen<\/span><\/a><\/p>","protected":false},"author":1,"featured_media":0,"parent":16835,"menu_order":0,"comment_status":"closed","ping_status":"closed","template":"","meta":{"neve_meta_sidebar":"","neve_meta_container":"","neve_meta_enable_content_width":"","neve_meta_content_width":0,"neve_meta_title_alignment":"","neve_meta_author_avatar":"","neve_post_elements_order":"","neve_meta_disable_header":"","neve_meta_disable_footer":"","neve_meta_disable_title":"","footnotes":""},"class_list":["post-16957","page","type-page","status-publish","hentry"],"_links":{"self":[{"href":"https:\/\/www.lansitec.com\/de\/wp-json\/wp\/v2\/pages\/16957","targetHints":{"allow":["GET"]}}],"collection":[{"href":"https:\/\/www.lansitec.com\/de\/wp-json\/wp\/v2\/pages"}],"about":[{"href":"https:\/\/www.lansitec.com\/de\/wp-json\/wp\/v2\/types\/page"}],"author":[{"embeddable":true,"href":"https:\/\/www.lansitec.com\/de\/wp-json\/wp\/v2\/users\/1"}],"replies":[{"embeddable":true,"href":"https:\/\/www.lansitec.com\/de\/wp-json\/wp\/v2\/comments?post=16957"}],"version-history":[{"count":0,"href":"https:\/\/www.lansitec.com\/de\/wp-json\/wp\/v2\/pages\/16957\/revisions"}],"up":[{"embeddable":true,"href":"https:\/\/www.lansitec.com\/de\/wp-json\/wp\/v2\/pages\/16835"}],"wp:attachment":[{"href":"https:\/\/www.lansitec.com\/de\/wp-json\/wp\/v2\/media?parent=16957"}],"curies":[{"name":"wp","href":"https:\/\/api.w.org\/{rel}","templated":true}]}}