{"id":2371,"date":"2023-03-15T12:03:17","date_gmt":"2023-03-15T12:03:17","guid":{"rendered":"https:\/\/www.lansitec.com\/?page_id=2371"},"modified":"2025-01-31T08:58:39","modified_gmt":"2025-01-31T08:58:39","slug":"legal","status":"publish","type":"page","link":"https:\/\/www.lansitec.com\/de\/rechtliches\/","title":{"rendered":"Rechtliches"},"content":{"rendered":"<div data-elementor-type=\"wp-page\" data-elementor-id=\"2371\" class=\"elementor elementor-2371\" data-elementor-post-type=\"page\">\n\t\t\t\t\t\t<section class=\"elementor-section elementor-top-section elementor-element elementor-element-0d589d8 elementor-section-boxed elementor-section-height-default elementor-section-height-default\" data-id=\"0d589d8\" data-element_type=\"section\" data-e-type=\"section\" data-settings=\"{&quot;ekit_has_onepagescroll_dot&quot;:&quot;yes&quot;}\">\n\t\t\t\t\t\t<div class=\"elementor-container elementor-column-gap-default\">\n\t\t\t\t\t<div class=\"elementor-column elementor-col-100 elementor-top-column elementor-element elementor-element-f725ede\" data-id=\"f725ede\" data-element_type=\"column\" data-e-type=\"column\">\n\t\t\t<div class=\"elementor-widget-wrap elementor-element-populated\">\n\t\t\t\t\t\t<div class=\"elementor-element elementor-element-e1383e3 elementor-widget elementor-widget-breadcrumbs\" data-id=\"e1383e3\" data-element_type=\"widget\" data-e-type=\"widget\" data-settings=\"{&quot;ekit_we_effect_on&quot;:&quot;none&quot;}\" data-widget_type=\"breadcrumbs.default\">\n\t\t\t\t<div class=\"elementor-widget-container\">\n\t\t\t\t\t<nav aria-label=\"Paniermehl\" class=\"rank-math-breadcrumb\"><p><span class=\"last\">Heim<\/span><\/p><\/nav>\t\t\t\t<\/div>\n\t\t\t\t<\/div>\n\t\t\t\t\t<\/div>\n\t\t<\/div>\n\t\t\t\t\t<\/div>\n\t\t<\/section>\n\t\t\t\t<section class=\"elementor-section elementor-top-section elementor-element elementor-element-8d22540 elementor-section-boxed elementor-section-height-default elementor-section-height-default\" data-id=\"8d22540\" data-element_type=\"section\" data-e-type=\"section\" data-settings=\"{&quot;ekit_has_onepagescroll_dot&quot;:&quot;yes&quot;}\">\n\t\t\t\t\t\t<div class=\"elementor-container elementor-column-gap-default\">\n\t\t\t\t\t<div class=\"elementor-column elementor-col-100 elementor-top-column elementor-element elementor-element-dacc1fa\" data-id=\"dacc1fa\" data-element_type=\"column\" data-e-type=\"column\">\n\t\t\t<div class=\"elementor-widget-wrap elementor-element-populated\">\n\t\t\t\t\t\t<div class=\"elementor-element elementor-element-de985f0 elementor-widget elementor-widget-heading\" data-id=\"de985f0\" data-element_type=\"widget\" data-e-type=\"widget\" data-settings=\"{&quot;ekit_we_effect_on&quot;:&quot;none&quot;}\" data-widget_type=\"heading.default\">\n\t\t\t\t\t<h1 class=\"elementor-heading-title elementor-size-default\">RECHTSARTIKEL<\/h1>\t\t\t\t<\/div>\n\t\t\t\t<div class=\"elementor-element elementor-element-8463dab elementor-widget elementor-widget-text-editor\" data-id=\"8463dab\" data-element_type=\"widget\" data-e-type=\"widget\" data-settings=\"{&quot;ekit_we_effect_on&quot;:&quot;none&quot;}\" data-widget_type=\"text-editor.default\">\n\t\t\t\t\t\t\t\t\t<div class=\"privacy_content\">\n\nLANSITEC legt Wert auf Transparenz und Vertrauen beim Schutz Ihrer Daten und erkl\u00e4rt Ihnen klar und deutlich, wie wir Ihre Informationen erfassen und verarbeiten. Uns ist wichtig, dass Sie unsere Produkte und Dienstleistungen gerne nutzen. <a href=\"https:\/\/www.lansitec.com\/es\/productos\/\">Produkte<\/a>, Wir nutzen Ihre Daten auf unseren Diensten und Websites, ohne Ihre Privatsph\u00e4re zu beeintr\u00e4chtigen. Diese Richtlinie beschreibt, wie wir verschiedene Arten von personenbezogenen und verhaltensbezogenen Daten erfassen und verwenden und aus welchen Gr\u00fcnden. Sie haben jederzeit das Recht, Ihre personenbezogenen Daten einzusehen, zu \u00e4ndern oder zu l\u00f6schen. Weitere Informationen hierzu und zu Ihren Rechten finden Sie in unseren FAQs. Alternativ k\u00f6nnen Sie sich direkt an unser Datenschutzteam wenden; die Kontaktdaten finden Sie im Bereich \u201cKontakt\u201d. Unsere Datenschutzrichtlinie finden Sie im Abschnitt \u2018Datenschutz\u2019.\n\n<\/div>\n<h3 class=\"privacy_head1\"><em><b>I. EXTERNE LINKS\n<\/b><\/em><\/h3>\n<div class=\"privacy_content\">Diese Datenschutzrichtlinie gilt ausschlie\u00dflich f\u00fcr die Nutzung von Daten durch LANSITEC, unsere Websites, Dienste oder <a href=\"https:\/\/www.lansitec.com\/es\/productos\/\">Produkte<\/a> Unsere Website kann gelegentlich Links zu externen Websites enthalten, diese nutzen oder auf externen Websites verlinken. LANSITEC ist nicht verantwortlich f\u00fcr die Datenschutzrichtlinien oder die Inhalte solcher Websites und empfiehlt Ihnen, die Datenschutzrichtlinien aller von Ihnen genutzten externen Websites zu lesen. Ebenso sind wir nicht verantwortlich f\u00fcr die Datenschutzrichtlinien oder -praktiken Dritter, die Sie auf unsere Website weiterleiten. Wir empfehlen Ihnen dringend, deren Datenschutzrichtlinien zu lesen.<\/div>\n<div><\/div>\n<h3 class=\"privacy_head1\"><em><strong>II. PERSONENBEZOGENE DATEN<\/strong><\/em><\/h3>\n<div class=\"privacy_content\">Cookies sind kleine Dateien, die in Ihrem Webbrowser erstellt werden, wenn Sie eine unserer Websites besuchen. Cookies helfen dabei, Ihr Online-Erlebnis effizienter und auf Ihre Interessen zugeschnitten zu gestalten. Sie werden beispielsweise verwendet, um Ihre Pr\u00e4ferenzen auf Websites, die Sie h\u00e4ufig besuchen, zu speichern, um Ihre Benutzer-ID und den Inhalt Ihres Einkaufswagens zu speichern und um Ihnen zu helfen, effizienter zwischen den Seiten zu navigieren. Wir sammeln keine anderen Cookies als die von Google Analytics gesammelten.<\/div>\n<div><\/div>\n<h3 class=\"privacy_head1\"><em><strong>III. KONTAKT<\/strong><\/em><\/h3>\n<div class=\"privacy_content\">\n\nVerantwortlicher f\u00fcr diese Website im datenschutzrechtlichen Sinne ist: LANSITEC Technology Co., Ltd. Room 501, No.21 Huashen Avenue, Nanjing, China Telefon: +86-25-8335-8776 E-Mail: contact@lansitec.com\n\n<\/div>\n<h3 class=\"privacy_head1\"><em><span style=\"text-decoration: underline;\"><strong>IV. H\u00e4ufig gestellte Fragen<\/strong><\/span><\/em><\/h3>\n<div>Wie kann ich sehen, welche Informationen Sie \u00fcber mich gespeichert haben?<\/div>\n<div class=\"privacy_content\">\n<div class=\"privacy_q\">Sie k\u00f6nnen unseren Datenschutzbeauftragten wie im Abschnitt \u201eKontakt\u201c oben beschrieben erreichen.<\/div>\n<div class=\"privacy_a\">Wie kann ich der Profilerstellung widersprechen?<\/div>\n<div class=\"privacy_q\">Sie k\u00f6nnen uns jederzeit kontaktieren. Ein Mitglied unseres Datenschutzteams wird Ihr Anliegen mit Ihnen besprechen.<\/div>\n<div class=\"privacy_a\">Wie kann ich mich vom Marketing abmelden?<\/div>\n<div class=\"privacy_q\">Sie k\u00f6nnen Ihre Einstellungen jederzeit aktualisieren und sich auch vom E-Mail-Marketing abmelden, indem Sie unten in unseren E-Mails auf den Abmeldelink klicken. F\u00fcr andere Teile von Leverege LLC k\u00f6nnen Sie uns kontaktieren.<\/div>\n<div class=\"privacy_a\">Wie kann ich eine Beschwerde einreichen?<\/div>\n<div class=\"privacy_q\">Wenn Sie eine Beschwerde bez\u00fcglich Ihrer pers\u00f6nlichen Daten oder dieser Datenschutzrichtlinie haben, schreiben Sie bitte direkt an das Datenschutzteam.<\/div>\n<div class=\"privacy_a\">Kann ich Sie bitten, meine Daten zu l\u00f6schen?<\/div>\n<div class=\"privacy_q\">Ja, kontaktieren Sie uns einfach. Wir werden Ihre Anfrage pr\u00fcfen und entsprechende Ma\u00dfnahmen ergreifen. Dies kann bedeuten, dass wir sie unterdr\u00fccken, anstatt sie zu l\u00f6schen, um sicherzustellen, dass wir weiterhin Ihren Pr\u00e4ferenzen hinsichtlich der Frage nachkommen k\u00f6nnen, ob wir Ihnen Marketingmaterial zukommen lassen d\u00fcrfen oder nicht.<\/div>\n<div class=\"privacy_a\">Wie aktualisiere ich meine Informationen?<\/div>\n<div class=\"privacy_q\">Sie k\u00f6nnen es jederzeit \u00fcber Ihr Online-Konto aktualisieren oder uns einfach kontaktieren.<\/div>\n<div><\/div>\n<\/div>\n<h3 class=\"privacy_head1\"><em><strong>V. \u00c4NDERUNGEN DIESER RICHTLINIE<\/strong><\/em><\/h3>\n<div class=\"privacy_content\">Von Zeit zu Zeit nehmen wir m\u00f6glicherweise \u00c4nderungen an der Datenschutzrichtlinie vor. Dies kann sich auf Gesetzes\u00e4nderungen, bew\u00e4hrte Verfahren oder \u00c4nderungen unserer Dienste beziehen. Diese \u00c4nderungen werden in dieser Erkl\u00e4rung wiedergegeben, daher sollten Sie hier regelm\u00e4\u00dfig nachsehen.<\/div>\t\t\t\t\t\t\t\t<\/div>\n\t\t\t\t\t<\/div>\n\t\t<\/div>\n\t\t\t\t\t<\/div>\n\t\t<\/section>\n\t\t\t\t<\/div>","protected":false},"excerpt":{"rendered":"<p>RECHTLICHE HINWEISE: LANSITEC legt Wert auf Transparenz und Vertrauen beim Schutz Ihrer Privatsph\u00e4re. Wir m\u00f6chten Ihnen klar und deutlich erkl\u00e4ren, wie wir Ihre Daten erheben und verarbeiten. Es ist uns wichtig, dass Sie unsere Produkte, Dienstleistungen und Websites ohne jegliche Beeintr\u00e4chtigung Ihrer Privatsph\u00e4re nutzen k\u00f6nnen. Diese Richtlinie beschreibt, wie wir Ihre Daten erheben\u2026&nbsp;<a href=\"https:\/\/www.lansitec.com\/de\/rechtliches\/\" rel=\"bookmark\">Weiterlesen \u00bb<span class=\"screen-reader-text\">Rechtliches<\/span><\/a><\/p>","protected":false},"author":1,"featured_media":2403,"parent":0,"menu_order":0,"comment_status":"closed","ping_status":"closed","template":"elementor_header_footer","meta":{"neve_meta_sidebar":"","neve_meta_container":"","neve_meta_enable_content_width":"","neve_meta_content_width":0,"neve_meta_title_alignment":"","neve_meta_author_avatar":"","neve_post_elements_order":"","neve_meta_disable_header":"","neve_meta_disable_footer":"","neve_meta_disable_title":"","footnotes":""},"class_list":["post-2371","page","type-page","status-publish","has-post-thumbnail","hentry"],"_links":{"self":[{"href":"https:\/\/www.lansitec.com\/de\/wp-json\/wp\/v2\/pages\/2371","targetHints":{"allow":["GET"]}}],"collection":[{"href":"https:\/\/www.lansitec.com\/de\/wp-json\/wp\/v2\/pages"}],"about":[{"href":"https:\/\/www.lansitec.com\/de\/wp-json\/wp\/v2\/types\/page"}],"author":[{"embeddable":true,"href":"https:\/\/www.lansitec.com\/de\/wp-json\/wp\/v2\/users\/1"}],"replies":[{"embeddable":true,"href":"https:\/\/www.lansitec.com\/de\/wp-json\/wp\/v2\/comments?post=2371"}],"version-history":[{"count":0,"href":"https:\/\/www.lansitec.com\/de\/wp-json\/wp\/v2\/pages\/2371\/revisions"}],"wp:featuredmedia":[{"embeddable":true,"href":"https:\/\/www.lansitec.com\/de\/wp-json\/wp\/v2\/media\/2403"}],"wp:attachment":[{"href":"https:\/\/www.lansitec.com\/de\/wp-json\/wp\/v2\/media?parent=2371"}],"curies":[{"name":"wp","href":"https:\/\/api.w.org\/{rel}","templated":true}]}}