{"id":5489,"date":"2023-10-27T10:02:16","date_gmt":"2023-10-27T10:02:16","guid":{"rendered":"https:\/\/www.lansitec.com\/?page_id=5489"},"modified":"2025-02-24T10:55:02","modified_gmt":"2025-02-24T10:55:02","slug":"exemption-clause","status":"publish","type":"page","link":"https:\/\/www.lansitec.com\/de\/ausnahmeklausel\/","title":{"rendered":"Haftungsausschluss"},"content":{"rendered":"<div data-elementor-type=\"wp-page\" data-elementor-id=\"5489\" class=\"elementor elementor-5489\" data-elementor-post-type=\"page\">\n\t\t\t\t\t\t<section class=\"elementor-section elementor-top-section elementor-element elementor-element-0d589d8 elementor-section-boxed elementor-section-height-default elementor-section-height-default\" data-id=\"0d589d8\" data-element_type=\"section\" data-e-type=\"section\" data-settings=\"{&quot;ekit_has_onepagescroll_dot&quot;:&quot;yes&quot;}\">\n\t\t\t\t\t\t<div class=\"elementor-container elementor-column-gap-default\">\n\t\t\t\t\t<div class=\"elementor-column elementor-col-100 elementor-top-column elementor-element elementor-element-f725ede\" data-id=\"f725ede\" data-element_type=\"column\" data-e-type=\"column\">\n\t\t\t<div class=\"elementor-widget-wrap elementor-element-populated\">\n\t\t\t\t\t\t<div class=\"elementor-element elementor-element-e1383e3 elementor-widget elementor-widget-breadcrumbs\" data-id=\"e1383e3\" data-element_type=\"widget\" data-e-type=\"widget\" data-settings=\"{&quot;ekit_we_effect_on&quot;:&quot;none&quot;}\" data-widget_type=\"breadcrumbs.default\">\n\t\t\t\t<div class=\"elementor-widget-container\">\n\t\t\t\t\t<nav aria-label=\"Paniermehl\" class=\"rank-math-breadcrumb\"><p><span class=\"last\">Heim<\/span><\/p><\/nav>\t\t\t\t<\/div>\n\t\t\t\t<\/div>\n\t\t\t\t\t<\/div>\n\t\t<\/div>\n\t\t\t\t\t<\/div>\n\t\t<\/section>\n\t\t\t\t<section class=\"elementor-section elementor-top-section elementor-element elementor-element-8d22540 elementor-section-boxed elementor-section-height-default elementor-section-height-default\" data-id=\"8d22540\" data-element_type=\"section\" data-e-type=\"section\" data-settings=\"{&quot;ekit_has_onepagescroll_dot&quot;:&quot;yes&quot;}\">\n\t\t\t\t\t\t<div class=\"elementor-container elementor-column-gap-default\">\n\t\t\t\t\t<div class=\"elementor-column elementor-col-100 elementor-top-column elementor-element elementor-element-dacc1fa\" data-id=\"dacc1fa\" data-element_type=\"column\" data-e-type=\"column\">\n\t\t\t<div class=\"elementor-widget-wrap elementor-element-populated\">\n\t\t\t\t\t\t<div class=\"elementor-element elementor-element-de985f0 elementor-widget elementor-widget-heading\" data-id=\"de985f0\" data-element_type=\"widget\" data-e-type=\"widget\" data-settings=\"{&quot;ekit_we_effect_on&quot;:&quot;none&quot;}\" data-widget_type=\"heading.default\">\n\t\t\t\t\t<h1 class=\"elementor-heading-title elementor-size-default\">Haftungsausschluss<\/h1>\t\t\t\t<\/div>\n\t\t\t\t<div class=\"elementor-element elementor-element-8463dab elementor-widget elementor-widget-text-editor\" data-id=\"8463dab\" data-element_type=\"widget\" data-e-type=\"widget\" data-settings=\"{&quot;ekit_we_effect_on&quot;:&quot;none&quot;}\" data-widget_type=\"text-editor.default\">\n\t\t\t\t\t\t\t\t\t<p>Lansitec bem\u00fcht sich nach besten Kr\u00e4ften, sicherzustellen, dass alle seine Werbe- und Marketinginhalte korrekt und aktuell sind. Lansitec kann jedoch nicht garantieren, dass alle in seinen Werbe- und Marketingmaterialien enthaltenen Informationen jederzeit vollst\u00e4ndig korrekt oder fehlerfrei sind. Lansitec beh\u00e4lt sich das Recht vor, Fehler oder Auslassungen in seinen Werbe- und Marketingmaterialien jederzeit und ohne Vorank\u00fcndigung zu korrigieren.<\/p><p>Lansitec ist nicht f\u00fcr Sch\u00e4den jeglicher Art verantwortlich, egal ob direkte, indirekte, zuf\u00e4llige, spezielle, Folge- oder exemplarische Sch\u00e4den, die aus der Nutzung oder dem Vertrauen auf die in seinen Werbe- und Marketingmaterialien enthaltenen Informationen entstehen oder im Zusammenhang mit dieser Nutzung stehen.<\/p><p><strong>Diese Ausnahmeklausel gilt f\u00fcr s\u00e4mtliche Werbe- und Marketinginhalte von Lansitec, einschlie\u00dflich, aber nicht beschr\u00e4nkt auf:<\/strong><\/p>\t\t\t\t\t\t\t\t<\/div>\n\t\t\t\t<div class=\"elementor-element elementor-element-3de220b elementor-widget elementor-widget-text-editor\" data-id=\"3de220b\" data-element_type=\"widget\" data-e-type=\"widget\" data-settings=\"{&quot;ekit_we_effect_on&quot;:&quot;none&quot;}\" data-widget_type=\"text-editor.default\">\n\t\t\t\t\t\t\t\t\t<ul><li>Inhalt der Website<\/li><li>Social-Media-Beitr\u00e4ge<\/li><li>E-Mail-Marketing-Kampagnen<\/li><li>Printwerbung<\/li><li>Fernseh- und Radiowerbung<\/li><\/ul>\t\t\t\t\t\t\t\t<\/div>\n\t\t\t\t<div class=\"elementor-element elementor-element-0c45133 elementor-widget elementor-widget-text-editor\" data-id=\"0c45133\" data-element_type=\"widget\" data-e-type=\"widget\" data-settings=\"{&quot;ekit_we_effect_on&quot;:&quot;none&quot;}\" data-widget_type=\"text-editor.default\">\n\t\t\t\t\t\t\t\t\t<p>Wenn Sie Fragen oder Bedenken hinsichtlich der in den Werbe- und Marketingmaterialien von Lansitec enthaltenen Informationen haben, z\u00f6gern Sie bitte nicht, Kontakt mit uns aufzunehmen.<\/p><p><strong>Zus\u00e4tzliche Hinweise:<\/strong><\/p>\t\t\t\t\t\t\t\t<\/div>\n\t\t\t\t<div class=\"elementor-element elementor-element-ef9e729 elementor-widget elementor-widget-text-editor\" data-id=\"ef9e729\" data-element_type=\"widget\" data-e-type=\"widget\" data-settings=\"{&quot;ekit_we_effect_on&quot;:&quot;none&quot;}\" data-widget_type=\"text-editor.default\">\n\t\t\t\t\t\t\t\t\t<ul><li>Lansitec kann diese Ausnahmeklausel jederzeit und ohne Vorank\u00fcndigung aktualisieren.<\/li><li>Diese Ausnahmeklausel unterliegt den Gesetzen der Volksrepublik China und wird entsprechend ausgelegt.<\/li><li>S\u00e4mtliche Streitigkeiten, die sich aus oder im Zusammenhang mit dieser Ausnahmeklausel ergeben, unterliegen der ausschlie\u00dflichen Zust\u00e4ndigkeit der Gerichte der Volksrepublik China.<\/li><\/ul>\t\t\t\t\t\t\t\t<\/div>\n\t\t\t\t\t<\/div>\n\t\t<\/div>\n\t\t\t\t\t<\/div>\n\t\t<\/section>\n\t\t\t\t<\/div>","protected":false},"excerpt":{"rendered":"<p>Haftungsausschluss: Lansitec bem\u00fcht sich nach besten Kr\u00e4ften, die Richtigkeit und Aktualit\u00e4t aller Werbe- und Marketinginhalte sicherzustellen. Lansitec kann jedoch nicht garantieren, dass alle in seinen Werbe- und Marketingmaterialien enthaltenen Informationen jederzeit vollst\u00e4ndig und fehlerfrei sind. Lansitec beh\u00e4lt sich das Recht vor, Fehler oder Auslassungen in\u2026 zu korrigieren.&nbsp;<a href=\"https:\/\/www.lansitec.com\/de\/ausnahmeklausel\/\" rel=\"bookmark\">Weiterlesen \u00bb<span class=\"screen-reader-text\">Haftungsausschluss<\/span><\/a><\/p>","protected":false},"author":1,"featured_media":0,"parent":0,"menu_order":0,"comment_status":"closed","ping_status":"closed","template":"elementor_header_footer","meta":{"neve_meta_sidebar":"","neve_meta_container":"","neve_meta_enable_content_width":"","neve_meta_content_width":0,"neve_meta_title_alignment":"","neve_meta_author_avatar":"","neve_post_elements_order":"","neve_meta_disable_header":"","neve_meta_disable_footer":"","neve_meta_disable_title":"","footnotes":""},"class_list":["post-5489","page","type-page","status-publish","hentry"],"_links":{"self":[{"href":"https:\/\/www.lansitec.com\/de\/wp-json\/wp\/v2\/pages\/5489","targetHints":{"allow":["GET"]}}],"collection":[{"href":"https:\/\/www.lansitec.com\/de\/wp-json\/wp\/v2\/pages"}],"about":[{"href":"https:\/\/www.lansitec.com\/de\/wp-json\/wp\/v2\/types\/page"}],"author":[{"embeddable":true,"href":"https:\/\/www.lansitec.com\/de\/wp-json\/wp\/v2\/users\/1"}],"replies":[{"embeddable":true,"href":"https:\/\/www.lansitec.com\/de\/wp-json\/wp\/v2\/comments?post=5489"}],"version-history":[{"count":0,"href":"https:\/\/www.lansitec.com\/de\/wp-json\/wp\/v2\/pages\/5489\/revisions"}],"wp:attachment":[{"href":"https:\/\/www.lansitec.com\/de\/wp-json\/wp\/v2\/media?parent=5489"}],"curies":[{"name":"wp","href":"https:\/\/api.w.org\/{rel}","templated":true}]}}