{"id":6500,"date":"2024-03-20T18:11:26","date_gmt":"2024-03-20T18:11:26","guid":{"rendered":"https:\/\/www.lansitec.com\/?page_id=6500"},"modified":"2025-09-24T05:48:54","modified_gmt":"2025-09-24T12:48:54","slug":"applications","status":"publish","type":"page","link":"https:\/\/www.lansitec.com\/de\/anwendungen\/","title":{"rendered":"Anwendungen"},"content":{"rendered":"<div data-elementor-type=\"wp-page\" data-elementor-id=\"6500\" class=\"elementor elementor-6500\" data-elementor-post-type=\"page\">\n\t\t\t\t\t\t<section class=\"elementor-section elementor-top-section elementor-element elementor-element-b63da2 elementor-section-boxed elementor-section-height-default elementor-section-height-default\" data-id=\"b63da2\" data-element_type=\"section\" data-e-type=\"section\" data-settings=\"{&quot;background_background&quot;:&quot;classic&quot;,&quot;ekit_has_onepagescroll_dot&quot;:&quot;yes&quot;}\">\n\t\t\t\t\t\t<div class=\"elementor-container elementor-column-gap-default\">\n\t\t\t\t\t<div class=\"elementor-column elementor-col-100 elementor-top-column elementor-element elementor-element-186218a6\" data-id=\"186218a6\" data-element_type=\"column\" data-e-type=\"column\">\n\t\t\t<div class=\"elementor-widget-wrap elementor-element-populated\">\n\t\t\t\t\t\t<div class=\"elementor-element elementor-element-7a3fda86 elementor-widget elementor-widget-elementskit-heading\" data-id=\"7a3fda86\" data-element_type=\"widget\" data-e-type=\"widget\" data-settings=\"{&quot;ekit_we_effect_on&quot;:&quot;none&quot;}\" data-widget_type=\"elementskit-heading.default\">\n\t\t\t\t\t<div class=\"ekit-wid-con\" ><div class=\"ekit-heading elementskit-section-title-wraper text_center   ekit_heading_tablet-   ekit_heading_mobile-\"><h1 class=\"ekit-heading--title elementskit-section-title\">Bringen <span><span>Innovativ<\/span><\/span> Tracking-Anwendungsl\u00f6sungen<\/h1>\t\t\t\t<div class='ekit-heading__description'>\n\t\t\t\t\t<p>Wir bei Lansitec haben uns der Entwicklung zukunftsweisender IoT-Tracking-Anwendungen verschrieben. <a href=\"https:\/\/www.lansitec.com\/de\/losungen\/\">L\u00f6sungen<\/a>, bietet eine breite Palette von <a href=\"https:\/\/www.lansitec.com\/de\/produkte\/\">Produkte<\/a> Unsere L\u00f6sungen sind auf die vielf\u00e4ltigen Bed\u00fcrfnisse unserer Kunden zugeschnitten. Sie optimieren das Anlagen- und Personalmanagement durch innovativen Technologieeinsatz und bieten beispiellose Genauigkeit, Effizienz und Zuverl\u00e4ssigkeit.<\/p>\n\t\t\t\t<\/div>\n\t\t\t<\/div><\/div>\t\t\t\t<\/div>\n\t\t\t\t<section class=\"elementor-section elementor-inner-section elementor-element elementor-element-a4ba22b elementor-section-boxed elementor-section-height-default elementor-section-height-default\" data-id=\"a4ba22b\" data-element_type=\"section\" data-e-type=\"section\" data-settings=\"{&quot;ekit_has_onepagescroll_dot&quot;:&quot;yes&quot;}\">\n\t\t\t\t\t\t<div class=\"elementor-container elementor-column-gap-default\">\n\t\t\t\t\t<div class=\"elementor-column elementor-col-33 elementor-inner-column elementor-element elementor-element-542aaf40\" data-id=\"542aaf40\" data-element_type=\"column\" data-e-type=\"column\">\n\t\t\t<div class=\"elementor-widget-wrap elementor-element-populated\">\n\t\t\t\t\t\t<div class=\"elementor-element elementor-element-2b1cb7ed ekit-equal-height-disable elementor-widget elementor-widget-elementskit-image-box\" data-id=\"2b1cb7ed\" data-element_type=\"widget\" data-e-type=\"widget\" data-settings=\"{&quot;ekit_we_effect_on&quot;:&quot;none&quot;}\" data-widget_type=\"elementskit-image-box.default\">\n\t\t\t\t\t<div class=\"ekit-wid-con\" >\n            <div class=\"elementskit-info-image-box ekit-image-box text-left style-sideline\" >\n\n                \n                <div class=\"elementskit-box-header image-box-img-left\">\n\n                    <img fetchpriority=\"high\" decoding=\"async\" width=\"768\" height=\"553\" src=\"https:\/\/www.lansitec.com\/wp-content\/uploads\/2025\/02\/Shipping-Containers-GPS-Tracking.png\" class=\"attachment-medium_large size-medium_large wp-image-13723\" alt=\"Versandcontainer-GPS-Tracking\" title=\"\">\n                <\/div>\n                \n                <div class=\"elementskit-box-body ekit-image-box-body\">\n                    <div class=\"elementskit-box-content ekit-image-box-body-inner\">\n                                                <h3 class=\"elementskit-info-box-title\">\n\n                        Sendungsverfolgung f\u00fcr Versandcontainer\n                        \n                    <\/h3>\n                                                            <div class=\"elementskit-box-style-content\">\n                        Die Standortbestimmung auf See ist eine Herausforderung f\u00fcr sich, da die Umgebung f\u00fcr die Ausbreitung von Funkwellen rau ist und zudem nur eine begrenzte Infrastruktur, Seeverkehrsvorschriften und vieles mehr vorhanden sind.                    <\/div>\n                                    <\/div>\n\n                                <div class=\"elementskit-box-footer\">\n                    <div class=\"box-footer\">\n                        <div class=\"btn-wraper\">\n                                                            <a href=\"https:\/\/www.lansitec.com\/de\/blogs\/seecontainerverfolgung-mit-echtzeit-standortuberwachung\/\" class=\"elementskit-btn whitespace--normal\">\n                                    \n                                    \n                                    Entdecken Sie die Verfolgung von Seecontainern                                <\/a>\n                                                        <\/div>\n                    <\/div>\n                <\/div>\n                            <\/div>\n            <\/div>\n    <\/div>\t\t\t\t<\/div>\n\t\t\t\t<div class=\"elementor-element elementor-element-584b4aa ekit-equal-height-disable elementor-widget elementor-widget-elementskit-image-box\" data-id=\"584b4aa\" data-element_type=\"widget\" data-e-type=\"widget\" data-settings=\"{&quot;ekit_we_effect_on&quot;:&quot;none&quot;}\" data-widget_type=\"elementskit-image-box.default\">\n\t\t\t\t\t<div class=\"ekit-wid-con\" >\n            <div class=\"elementskit-info-image-box ekit-image-box text-left style-sideline\" >\n\n                \n                <div class=\"elementskit-box-header image-box-img-left\">\n\n                    <img decoding=\"async\" width=\"768\" height=\"553\" src=\"https:\/\/www.lansitec.com\/wp-content\/uploads\/2025\/09\/Water-Pump-Station.png\" class=\"attachment-medium_large size-medium_large wp-image-17177\" alt=\"\u00dcberwachung von Pumpen- und Motorsystemen\" title=\"\">\n                <\/div>\n                \n                <div class=\"elementskit-box-body ekit-image-box-body\">\n                    <div class=\"elementskit-box-content ekit-image-box-body-inner\">\n                                                <h3 class=\"elementskit-info-box-title\">\n\n                        \u00dcberwachung von Pumpen- und Motorsystemen\n                        \n                    <\/h3>\n                                                            <div class=\"elementskit-box-style-content\">\n                        Die \u00dcberwachung des Motorzustands ist entscheidend f\u00fcr deren effektive und zuverl\u00e4ssige Leistung. Industrielle Systeme sind anf\u00e4llig f\u00fcr Verschlei\u00df, Fehlausrichtung und andere Probleme, die \u00fcberm\u00e4\u00dfige Vibrationen verursachen und zu teuren Ausfallzeiten oder Ger\u00e4teausf\u00e4llen f\u00fchren k\u00f6nnen.                    <\/div>\n                                    <\/div>\n\n                                <div class=\"elementskit-box-footer\">\n                    <div class=\"box-footer\">\n                        <div class=\"btn-wraper\">\n                                                            <a href=\"https:\/\/www.lansitec.com\/de\/anwendungen\/uberwachung-von-pumpenmotorsystemen\/\" class=\"elementskit-btn whitespace--normal\">\n                                    \n                                    \n                                    Explore-L\u00f6sung zur \u00dcberwachung von Pumpen- und Motorsystemen                                <\/a>\n                                                        <\/div>\n                    <\/div>\n                <\/div>\n                            <\/div>\n            <\/div>\n    <\/div>\t\t\t\t<\/div>\n\t\t\t\t<div class=\"elementor-element elementor-element-ab944d0 ekit-equal-height-disable elementor-widget elementor-widget-elementskit-image-box\" data-id=\"ab944d0\" data-element_type=\"widget\" data-e-type=\"widget\" data-settings=\"{&quot;ekit_we_effect_on&quot;:&quot;none&quot;}\" data-widget_type=\"elementskit-image-box.default\">\n\t\t\t\t\t<div class=\"ekit-wid-con\" >\n            <div class=\"elementskit-info-image-box ekit-image-box text-left style-sideline\" >\n\n                \n                <div class=\"elementskit-box-header image-box-img-left\">\n\n                    <img decoding=\"async\" width=\"768\" height=\"553\" src=\"https:\/\/www.lansitec.com\/wp-content\/uploads\/2025\/09\/Nursing-Home-Patient-Elder-Care.png\" class=\"attachment-medium_large size-medium_large wp-image-17180\" alt=\"Demenz-Einrichtungen Patientenversorgung\" title=\"\">\n                <\/div>\n                \n                <div class=\"elementskit-box-body ekit-image-box-body\">\n                    <div class=\"elementskit-box-content ekit-image-box-body-inner\">\n                                                <h3 class=\"elementskit-info-box-title\">\n\n                        Demenz-Einrichtungen Patientenversorgung\n                        \n                    <\/h3>\n                                                            <div class=\"elementskit-box-style-content\">\n                        Die Umsetzung von <a href=\"https:\/\/www.lansitec.com\/de\/produkte\/i5-tragbares-bluetooth-armband-beacon\/\">i5<\/a> Tragbar <a href=\"https:\/\/www.lansitec.com\/de\/bluetooth-beacons\/\">Bluetooth-Beacons<\/a> in Demenzpflegeeinrichtungen und zeigt, wie diese Technologie kritische Herausforderungen in Bezug auf Patientensicherheit, Personaleffizienz und allgemeine Pflegequalit\u00e4t bew\u00e4ltigt.                    <\/div>\n                                    <\/div>\n\n                                <div class=\"elementskit-box-footer\">\n                    <div class=\"box-footer\">\n                        <div class=\"btn-wraper\">\n                                                            <a href=\"https:\/\/www.lansitec.com\/de\/anwendungen\/demenzeinrichtungen-patientenversorgung\/\" class=\"elementskit-btn whitespace--normal\">\n                                    \n                                    \n                                    Entdecken Sie die Patientenversorgungsl\u00f6sung f\u00fcr Demenzeinrichtungen                                <\/a>\n                                                        <\/div>\n                    <\/div>\n                <\/div>\n                            <\/div>\n            <\/div>\n    <\/div>\t\t\t\t<\/div>\n\t\t\t\t\t<\/div>\n\t\t<\/div>\n\t\t\t\t<div class=\"elementor-column elementor-col-33 elementor-inner-column elementor-element elementor-element-e9479b7\" data-id=\"e9479b7\" data-element_type=\"column\" data-e-type=\"column\">\n\t\t\t<div class=\"elementor-widget-wrap elementor-element-populated\">\n\t\t\t\t\t\t<div class=\"elementor-element elementor-element-496e96e ekit-equal-height-disable elementor-widget elementor-widget-elementskit-image-box\" data-id=\"496e96e\" data-element_type=\"widget\" data-e-type=\"widget\" data-settings=\"{&quot;ekit_we_effect_on&quot;:&quot;none&quot;}\" data-widget_type=\"elementskit-image-box.default\">\n\t\t\t\t\t<div class=\"ekit-wid-con\" >\n            <div class=\"elementskit-info-image-box ekit-image-box text-left style-sideline\" >\n\n                \n                <div class=\"elementskit-box-header image-box-img-left\">\n\n                    <img loading=\"lazy\" decoding=\"async\" width=\"768\" height=\"553\" src=\"https:\/\/www.lansitec.com\/wp-content\/uploads\/2025\/09\/Construction-Site-Building-View.png\" class=\"attachment-medium_large size-medium_large wp-image-17175\" alt=\"Ortung von Baustellenarbeitern\" title=\"\">\n                <\/div>\n                \n                <div class=\"elementskit-box-body ekit-image-box-body\">\n                    <div class=\"elementskit-box-content ekit-image-box-body-inner\">\n                                                <h3 class=\"elementskit-info-box-title\">\n\n                        Ortung von Baustellenarbeitern\n                        \n                    <\/h3>\n                                                            <div class=\"elementskit-box-style-content\">\n                        An industriellen Arbeitspl\u00e4tzen wie Baustellen, in Fabriken und Lagerhallen sind Arbeitnehmer h\u00e4ufig Gefahren ausgesetzt. Die Gew\u00e4hrleistung der Sicherheit der Arbeitnehmer bei gleichzeitiger Aufrechterhaltung der Produktivit\u00e4t ist eine entscheidende Herausforderung.                    <\/div>\n                                    <\/div>\n\n                                <div class=\"elementskit-box-footer\">\n                    <div class=\"box-footer\">\n                        <div class=\"btn-wraper\">\n                                                            <a href=\"https:\/\/www.lansitec.com\/de\/blogs\/sicherheit-fur-industriearbeiter-mit-intelligenten-helm-und-bluetooth-armbandlosungen\/\" class=\"elementskit-btn whitespace--normal\">\n                                    \n                                    \n                                    Entdecken Sie die L\u00f6sung zur Ortung von Baustellenarbeitern                                <\/a>\n                                                        <\/div>\n                    <\/div>\n                <\/div>\n                            <\/div>\n            <\/div>\n    <\/div>\t\t\t\t<\/div>\n\t\t\t\t<div class=\"elementor-element elementor-element-60fc083 ekit-equal-height-disable elementor-widget elementor-widget-elementskit-image-box\" data-id=\"60fc083\" data-element_type=\"widget\" data-e-type=\"widget\" data-settings=\"{&quot;ekit_we_effect_on&quot;:&quot;none&quot;}\" data-widget_type=\"elementskit-image-box.default\">\n\t\t\t\t\t<div class=\"ekit-wid-con\" >\n            <div class=\"elementskit-info-image-box ekit-image-box text-left style-sideline\" >\n\n                \n                <div class=\"elementskit-box-header image-box-img-left\">\n\n                    <img loading=\"lazy\" decoding=\"async\" width=\"768\" height=\"553\" src=\"https:\/\/www.lansitec.com\/wp-content\/uploads\/2025\/09\/Smart-Cattle-Tracking-with-Eartag.png\" class=\"attachment-medium_large size-medium_large wp-image-17178\" alt=\"Intelligente Viehverfolgung\" title=\"\">\n                <\/div>\n                \n                <div class=\"elementskit-box-body ekit-image-box-body\">\n                    <div class=\"elementskit-box-content ekit-image-box-body-inner\">\n                                                <h3 class=\"elementskit-info-box-title\">\n\n                        Intelligente Viehverfolgung\n                        \n                    <\/h3>\n                                                            <div class=\"elementskit-box-style-content\">\n                        Moderne Viehzuchtbetriebe stehen vor zahlreichen Herausforderungen, die sich auf Produktivit\u00e4t, Tierwohl und Betriebskosten auswirken. Besonders akut sind diese Herausforderungen in Regionen mit rauem Klima und begrenzten Wasserressourcen.                    <\/div>\n                                    <\/div>\n\n                                <div class=\"elementskit-box-footer\">\n                    <div class=\"box-footer\">\n                        <div class=\"btn-wraper\">\n                                                            <a href=\"https:\/\/www.lansitec.com\/de\/anwendungen\/intelligente-viehverfolgungslosung\/\" class=\"elementskit-btn whitespace--normal\">\n                                    \n                                    \n                                    Entdecken Sie die intelligente Catlle-Tracking-L\u00f6sung                                <\/a>\n                                                        <\/div>\n                    <\/div>\n                <\/div>\n                            <\/div>\n            <\/div>\n    <\/div>\t\t\t\t<\/div>\n\t\t\t\t<div class=\"elementor-element elementor-element-4089606 ekit-equal-height-disable elementor-widget elementor-widget-elementskit-image-box\" data-id=\"4089606\" data-element_type=\"widget\" data-e-type=\"widget\" data-settings=\"{&quot;ekit_we_effect_on&quot;:&quot;none&quot;}\" data-widget_type=\"elementskit-image-box.default\">\n\t\t\t\t\t<div class=\"ekit-wid-con\" >\n            <div class=\"elementskit-info-image-box ekit-image-box text-left style-sideline\" >\n\n                \n                <div class=\"elementskit-box-header image-box-img-left\">\n\n                    <img loading=\"lazy\" decoding=\"async\" width=\"768\" height=\"553\" src=\"https:\/\/www.lansitec.com\/wp-content\/uploads\/2025\/09\/Contact-Tracing-Keep-Social-Distance.png\" class=\"attachment-medium_large size-medium_large wp-image-17181\" alt=\"L\u00f6sungen zur Kontaktverfolgung\" title=\"\">\n                <\/div>\n                \n                <div class=\"elementskit-box-body ekit-image-box-body\">\n                    <div class=\"elementskit-box-content ekit-image-box-body-inner\">\n                                                <h3 class=\"elementskit-info-box-title\">\n\n                        L\u00f6sungen zur Kontaktverfolgung\n                        \n                    <\/h3>\n                                                            <div class=\"elementskit-box-style-content\">\n                        Die sich rasch wandelnde Landschaft des Gro\u00dfveranstaltungsmanagements, insbesondere im Kontext von Gesundheits- und Sicherheitsprotokollen wie Social Distancing, erfordert innovative Technologien. <a href=\"https:\/\/www.lansitec.com\/de\/losungen\/\">L\u00f6sungen<\/a>.                    <\/div>\n                                    <\/div>\n\n                                <div class=\"elementskit-box-footer\">\n                    <div class=\"box-footer\">\n                        <div class=\"btn-wraper\">\n                                                            <a href=\"https:\/\/www.lansitec.com\/de\/anwendungen\/kontaktverfolgung\/\" class=\"elementskit-btn whitespace--normal\">\n                                    \n                                    \n                                    Entdecken Sie L\u00f6sungen zur Kontaktverfolgung                                <\/a>\n                                                        <\/div>\n                    <\/div>\n                <\/div>\n                            <\/div>\n            <\/div>\n    <\/div>\t\t\t\t<\/div>\n\t\t\t\t\t<\/div>\n\t\t<\/div>\n\t\t\t\t<div class=\"elementor-column elementor-col-33 elementor-inner-column elementor-element elementor-element-3697e46d\" data-id=\"3697e46d\" data-element_type=\"column\" data-e-type=\"column\">\n\t\t\t<div class=\"elementor-widget-wrap elementor-element-populated\">\n\t\t\t\t\t\t<div class=\"elementor-element elementor-element-ab4d4e0 ekit-equal-height-disable elementor-widget elementor-widget-elementskit-image-box\" data-id=\"ab4d4e0\" data-element_type=\"widget\" data-e-type=\"widget\" data-settings=\"{&quot;ekit_we_effect_on&quot;:&quot;none&quot;}\" data-widget_type=\"elementskit-image-box.default\">\n\t\t\t\t\t<div class=\"ekit-wid-con\" >\n            <div class=\"elementskit-info-image-box ekit-image-box text-left style-sideline\" >\n\n                \n                <div class=\"elementskit-box-header image-box-img-left\">\n\n                    <img loading=\"lazy\" decoding=\"async\" width=\"768\" height=\"553\" src=\"https:\/\/www.lansitec.com\/wp-content\/uploads\/2025\/09\/Parking-Lot-Low-Angle-View.png\" class=\"attachment-medium_large size-medium_large wp-image-17176\" alt=\"Fahrzeug- und Schl\u00fcsselortung\" title=\"\">\n                <\/div>\n                \n                <div class=\"elementskit-box-body ekit-image-box-body\">\n                    <div class=\"elementskit-box-content ekit-image-box-body-inner\">\n                                                <h3 class=\"elementskit-info-box-title\">\n\n                        Fahrzeug- und Schl\u00fcsselortung\n                        \n                    <\/h3>\n                                                            <div class=\"elementskit-box-style-content\">\n                        Heutzutage stehen Autoh\u00e4user vor der Herausforderung, ihren Fahrzeugbestand effizient zu verwalten und die Sicherheit der Autoschl\u00fcssel zu gew\u00e4hrleisten. Mit einem gro\u00dfen Fuhrpark und h\u00e4ufigen Kundenkontakten ben\u00f6tigten sie eine zuverl\u00e4ssige Echtzeitl\u00f6sung zur Verfolgung von Fahrzeugen und Schl\u00fcsseln.                    <\/div>\n                                    <\/div>\n\n                                <div class=\"elementskit-box-footer\">\n                    <div class=\"box-footer\">\n                        <div class=\"btn-wraper\">\n                                                            <a href=\"https:\/\/www.lansitec.com\/de\/blogs\/lansitec-b-mobile-losung-zur-autoschlusselverfolgung-im-autohaus\/\" class=\"elementskit-btn whitespace--normal\">\n                                    \n                                    \n                                    Entdecken Sie die L\u00f6sung zur Fahrzeug- und Schl\u00fcsselortung                                <\/a>\n                                                        <\/div>\n                    <\/div>\n                <\/div>\n                            <\/div>\n            <\/div>\n    <\/div>\t\t\t\t<\/div>\n\t\t\t\t<div class=\"elementor-element elementor-element-3bf866b ekit-equal-height-disable elementor-widget elementor-widget-elementskit-image-box\" data-id=\"3bf866b\" data-element_type=\"widget\" data-e-type=\"widget\" data-settings=\"{&quot;ekit_we_effect_on&quot;:&quot;none&quot;}\" data-widget_type=\"elementskit-image-box.default\">\n\t\t\t\t\t<div class=\"ekit-wid-con\" >\n            <div class=\"elementskit-info-image-box ekit-image-box text-left style-sideline\" >\n\n                \n                <div class=\"elementskit-box-header image-box-img-left\">\n\n                    <img loading=\"lazy\" decoding=\"async\" width=\"768\" height=\"553\" src=\"https:\/\/www.lansitec.com\/wp-content\/uploads\/2025\/09\/Hotel-Room-Hallway.png\" class=\"attachment-medium_large size-medium_large wp-image-17179\" alt=\"Hotel-Notrufsystem\" title=\"\">\n                <\/div>\n                \n                <div class=\"elementskit-box-body ekit-image-box-body\">\n                    <div class=\"elementskit-box-content ekit-image-box-body-inner\">\n                                                <h3 class=\"elementskit-info-box-title\">\n\n                        Hotel-Notrufsystem\n                        \n                    <\/h3>\n                                                            <div class=\"elementskit-box-style-content\">\n                        Ein Hotel mit mehreren Zimmern und Etagen m\u00f6chte seinen Mitarbeitern und Mitarbeitern im Housekeeping ein effizientes Notfallwarnsystem zur Verf\u00fcgung stellen. Hotelangestellte, insbesondere Reinigungskr\u00e4fte, arbeiten oft allein in den Zimmern. Sie ben\u00f6tigen eine M\u00f6glichkeit, in Notf\u00e4llen wie Sicherheitsbedrohungen, medizinischen Notf\u00e4llen, gef\u00e4hrlichen Versch\u00fcttungen oder Unf\u00e4llen schnell Hilfe zu rufen.                    <\/div>\n                                    <\/div>\n\n                                <div class=\"elementskit-box-footer\">\n                    <div class=\"box-footer\">\n                        <div class=\"btn-wraper\">\n                                                            <a href=\"https:\/\/www.lansitec.com\/de\/anwendungen\/notrufsystem-in-hotelzimmern\/\" class=\"elementskit-btn whitespace--normal\">\n                                    \n                                    \n                                    Entdecken Sie die Hotel-Notfallsysteml\u00f6sung                                <\/a>\n                                                        <\/div>\n                    <\/div>\n                <\/div>\n                            <\/div>\n            <\/div>\n    <\/div>\t\t\t\t<\/div>\n\t\t\t\t\t<\/div>\n\t\t<\/div>\n\t\t\t\t\t<\/div>\n\t\t<\/section>\n\t\t\t\t\t<\/div>\n\t\t<\/div>\n\t\t\t\t\t<\/div>\n\t\t<\/section>\n\t\t\t\t<\/div>","protected":false},"excerpt":{"rendered":"<p>Innovative Tracking-Anwendungsl\u00f6sungen: Wir bei Lansitec haben uns zum Ziel gesetzt, die Zukunft der IoT-Tracking-Anwendungsl\u00f6sungen voranzutreiben und bieten eine breite Produktpalette, die auf die vielf\u00e4ltigen Bed\u00fcrfnisse unserer Kunden zugeschnitten ist. Unsere Angebote sind darauf zugeschnitten, das Anlagen- und Personalmanagement durch innovativen Technologieeinsatz zu verbessern und bieten beispiellose Genauigkeit, Effizienz und Zuverl\u00e4ssigkeit.\u2026&nbsp;<a href=\"https:\/\/www.lansitec.com\/de\/anwendungen\/\" rel=\"bookmark\">Weiterlesen \u00bb<span class=\"screen-reader-text\">Anwendungen<\/span><\/a><\/p>","protected":false},"author":1,"featured_media":0,"parent":0,"menu_order":0,"comment_status":"closed","ping_status":"closed","template":"elementor_header_footer","meta":{"neve_meta_sidebar":"","neve_meta_container":"","neve_meta_enable_content_width":"","neve_meta_content_width":0,"neve_meta_title_alignment":"","neve_meta_author_avatar":"","neve_post_elements_order":"","neve_meta_disable_header":"","neve_meta_disable_footer":"","neve_meta_disable_title":"","footnotes":""},"class_list":["post-6500","page","type-page","status-publish","hentry"],"_links":{"self":[{"href":"https:\/\/www.lansitec.com\/de\/wp-json\/wp\/v2\/pages\/6500","targetHints":{"allow":["GET"]}}],"collection":[{"href":"https:\/\/www.lansitec.com\/de\/wp-json\/wp\/v2\/pages"}],"about":[{"href":"https:\/\/www.lansitec.com\/de\/wp-json\/wp\/v2\/types\/page"}],"author":[{"embeddable":true,"href":"https:\/\/www.lansitec.com\/de\/wp-json\/wp\/v2\/users\/1"}],"replies":[{"embeddable":true,"href":"https:\/\/www.lansitec.com\/de\/wp-json\/wp\/v2\/comments?post=6500"}],"version-history":[{"count":0,"href":"https:\/\/www.lansitec.com\/de\/wp-json\/wp\/v2\/pages\/6500\/revisions"}],"wp:attachment":[{"href":"https:\/\/www.lansitec.com\/de\/wp-json\/wp\/v2\/media?parent=6500"}],"curies":[{"name":"wp","href":"https:\/\/api.w.org\/{rel}","templated":true}]}}