{"id":16835,"date":"2025-09-12T03:04:38","date_gmt":"2025-09-12T10:04:38","guid":{"rendered":"https:\/\/www.lansitec.com\/?page_id=16835"},"modified":"2025-09-16T22:02:47","modified_gmt":"2025-09-17T05:02:47","slug":"faq","status":"publish","type":"page","link":"https:\/\/www.lansitec.com\/es\/preguntas-frecuentes\/","title":{"rendered":"Preguntas frecuentes"},"content":{"rendered":"<div data-elementor-type=\"wp-page\" data-elementor-id=\"16835\" class=\"elementor elementor-16835\" data-elementor-post-type=\"page\">\n\t\t\t\t\t\t<section class=\"elementor-section elementor-top-section elementor-element elementor-element-97cde04 elementor-section-boxed elementor-section-height-default elementor-section-height-default\" data-id=\"97cde04\" data-element_type=\"section\" data-e-type=\"section\" data-settings=\"{&quot;ekit_has_onepagescroll_dot&quot;:&quot;yes&quot;}\">\n\t\t\t\t\t\t<div class=\"elementor-container elementor-column-gap-default\">\n\t\t\t\t\t<div class=\"elementor-column elementor-col-100 elementor-top-column elementor-element elementor-element-04f720a\" data-id=\"04f720a\" data-element_type=\"column\" data-e-type=\"column\">\n\t\t\t<div class=\"elementor-widget-wrap elementor-element-populated\">\n\t\t\t\t\t\t<div class=\"elementor-element elementor-element-7e6d46f elementor-widget elementor-widget-breadcrumbs\" data-id=\"7e6d46f\" data-element_type=\"widget\" data-e-type=\"widget\" data-settings=\"{&quot;ekit_we_effect_on&quot;:&quot;none&quot;}\" data-widget_type=\"breadcrumbs.default\">\n\t\t\t\t<div class=\"elementor-widget-container\">\n\t\t\t\t\t<nav aria-label=\"pan rallado\" class=\"rank-math-breadcrumb\"><p><span class=\"last\">Hogar<\/span><\/p><\/nav>\t\t\t\t<\/div>\n\t\t\t\t<\/div>\n\t\t\t\t<section class=\"elementor-section elementor-inner-section elementor-element elementor-element-ce74077 elementor-section-boxed elementor-section-height-default elementor-section-height-default\" data-id=\"ce74077\" data-element_type=\"section\" data-e-type=\"section\" data-settings=\"{&quot;ekit_has_onepagescroll_dot&quot;:&quot;yes&quot;}\">\n\t\t\t\t\t\t<div class=\"elementor-container elementor-column-gap-default\">\n\t\t\t\t\t<div class=\"elementor-column elementor-col-66 elementor-inner-column elementor-element elementor-element-6410f46\" data-id=\"6410f46\" data-element_type=\"column\" data-e-type=\"column\">\n\t\t\t<div class=\"elementor-widget-wrap elementor-element-populated\">\n\t\t\t\t\t\t<div class=\"elementor-element elementor-element-bd578d8 elementor-widget elementor-widget-heading\" data-id=\"bd578d8\" data-element_type=\"widget\" data-e-type=\"widget\" data-settings=\"{&quot;ekit_we_effect_on&quot;:&quot;none&quot;}\" data-widget_type=\"heading.default\">\n\t\t\t\t\t<h1 class=\"elementor-heading-title elementor-size-default\">Preguntas frecuentes<\/h1>\t\t\t\t<\/div>\n\t\t\t\t<div class=\"elementor-element elementor-element-1b2e16e elementor-widget elementor-widget-shortcode\" data-id=\"1b2e16e\" data-element_type=\"widget\" data-e-type=\"widget\" data-settings=\"{&quot;ekit_we_effect_on&quot;:&quot;none&quot;}\" data-widget_type=\"shortcode.default\">\n\t\t\t\t\t\t\t<div class=\"elementor-shortcode\"><div id=\"ccchildpages-1\" class=\"ccchildpages ccflex onecol simple ccclearfix\"><ul class=\"ccchildpages_list ccclearfix\"><li class=\"page_item page-item-16845\"><a href=\"https:\/\/www.lansitec.com\/es\/preguntas-frecuentes\/cuando-una-persona-cae-al-agua-como-podemos-evitar-que-todos-los-receptores-en-un-radio-de-5-km-suenen-la-alarma\/\">Cuando una persona cae al agua, \u00bfc\u00f3mo podemos evitar que todos los receptores en un radio de 5 km suenen la alarma?<\/a><\/li>\n<li class=\"page_item page-item-16876\"><a href=\"https:\/\/www.lansitec.com\/es\/preguntas-frecuentes\/existe-una-tarifa-mensual-para-mantenerse-al-dia-con-los-datos-que-se-transportan-desde-la-puerta-de-enlace-lora\/\">\u00bfExiste una tarifa mensual para mantenerse al d\u00eda con los datos que se transportan desde LoRa Gateway?<\/a><\/li>\n<li class=\"page_item page-item-16878\"><a href=\"https:\/\/www.lansitec.com\/es\/preguntas-frecuentes\/usar-el-gateway-nb-iot-lte-m-daria-como-resultado-una-comunicacion-mas-confiable\/\">\u00bfEl uso del gateway NB-IoT\/LTE-M permitir\u00eda una comunicaci\u00f3n m\u00e1s confiable?<\/a><\/li>\n<li class=\"page_item page-item-16880\"><a href=\"https:\/\/www.lansitec.com\/es\/preguntas-frecuentes\/su-plataforma-admite-la-activacion-remota-de-etiquetas-mediante-luz-de-advertencia\/\">\u00bfSu plataforma admite la activaci\u00f3n remota de etiquetas (zumbido\/luz)?<\/a><\/li>\n<li class=\"page_item page-item-16882\"><a href=\"https:\/\/www.lansitec.com\/es\/preguntas-frecuentes\/si-queremos-agregar-sensores-adicionales-o-integrarlo-con-nuestro-propio-software-es-algo-que-podemos-hacer\/\">Si queremos agregar sensores adicionales o integrarlo con nuestro propio software, \u00bfes algo que podemos hacer?<\/a><\/li>\n<li class=\"page_item page-item-16884\"><a href=\"https:\/\/www.lansitec.com\/es\/preguntas-frecuentes\/es-posible-lograr-la-ubicacion-aproximada-de-las-etiquetas-usando-lorawan-o-bluetooth-sin-depender-del-gps\/\">\u00bfEs posible lograr la ubicaci\u00f3n aproximada de las etiquetas usando LoRaWAN o Bluetooth, sin depender del GPS?<\/a><\/li>\n<li class=\"page_item page-item-16891\"><a href=\"https:\/\/www.lansitec.com\/es\/preguntas-frecuentes\/para-celulares-y-wifi-tambien-subcontratas-tus-pruebas-de-rf-de-referencia\/\">Para telefon\u00eda celular (y WiFi), \u00bftambi\u00e9n subcontratas tus pruebas de RF de referencia?<\/a><\/li>\n<li class=\"page_item page-item-16893\"><a href=\"https:\/\/www.lansitec.com\/es\/preguntas-frecuentes\/cual-es-la-diferencia-entre-un-rastreador-y-una-baliza-la-baliza-tambien-es-un-mini-repetidor-de-puerta-de-enlace\/\">\u00bfCu\u00e1l es la diferencia entre un rastreador y una baliza? \u00bfLa baliza tambi\u00e9n es una minipuerta de enlace\/repetidor?<\/a><\/li>\n<li class=\"page_item page-item-16895\"><a href=\"https:\/\/www.lansitec.com\/es\/preguntas-frecuentes\/una-vez-que-el-dispositivo-se-vuelve-funcional-tiene-alguna-capacidad-para-ejecutar-pruebas-a-nivel-de-sistema-de-extremo-a-extremo\/\">Una vez que el dispositivo se vuelve funcional, \u00bftiene alguna capacidad para ejecutar pruebas a nivel del sistema de extremo a extremo?<\/a><\/li>\n<li class=\"page_item page-item-16897\"><a href=\"https:\/\/www.lansitec.com\/es\/preguntas-frecuentes\/algunos-de-nuestros-activos-estaran-ubicados-en-entornos-de-almacenamiento-en-frio-de-25-c-a-30-c-mientras-que-otros-se-desplegaran-al-aire-libre-expuestos-a-la-luz-solar-directa-y-temper\/\">Algunos de nuestros activos se ubicar\u00e1n en entornos de almacenamiento en fr\u00edo (de -25 \u00b0C a -30 \u00b0C), mientras que otros se desplegar\u00e1n en exteriores, expuestos a la luz solar directa y a temperaturas de entre 40 \u00b0C y 50 \u00b0C. \u00bfAfectar\u00e1 esto a los dispositivos?<\/a><\/li>\n<li class=\"page_item page-item-16900\"><a href=\"https:\/\/www.lansitec.com\/es\/preguntas-frecuentes\/que-tipos-de-funciones-bluetooth-admiten-sus-rastreadores\/\">\u00bfQu\u00e9 tipos de funciones Bluetooth admiten sus rastreadores?<\/a><\/li>\n<li class=\"page_item page-item-16957\"><a href=\"https:\/\/www.lansitec.com\/es\/preguntas-frecuentes\/introduccion-a-la-baliza-de-etiqueta-flexible-para-superficies-curvas-irregulares-o-cilindricas\/\">Introducci\u00f3n a Flex Tag Beacon para superficies curvas, irregulares o cil\u00edndricas<\/a><\/li>\n<li class=\"page_item page-item-16960\"><a href=\"https:\/\/www.lansitec.com\/es\/preguntas-frecuentes\/demostracion-del-rastreador-gps-lorawan\/\">Demostraci\u00f3n del rastreador GPS LoRaWAN<\/a><\/li>\n<li class=\"page_item page-item-16963\"><a href=\"https:\/\/www.lansitec.com\/es\/preguntas-frecuentes\/demostracion-de-despliegue-y-posicionamiento-del-sensor-del-casco\/\">Demostraci\u00f3n de implementaci\u00f3n y posicionamiento del sensor del casco.<\/a><\/li>\n<li class=\"page_item page-item-16974\"><a href=\"https:\/\/www.lansitec.com\/es\/preguntas-frecuentes\/guia-de-instalacion-del-rastreador-de-contenedores-lorawan-nbiot-ltem-lte-cat1-y-configuracion-uwb-caracteristicas-principales\/\">Gu\u00eda de instalaci\u00f3n de Container Tracker: Configuraci\u00f3n y caracter\u00edsticas clave de LoRaWAN, NB-IoT\/LTE-M, LTE Cat-1 y UWB<\/a><\/li><\/ul><\/div>\n\n\n<\/div>\n\t\t\t\t\t\t<\/div>\n\t\t\t\t\t<\/div>\n\t\t<\/div>\n\t\t\t\t<div class=\"elementor-column elementor-col-33 elementor-inner-column elementor-element elementor-element-b0bfa49\" data-id=\"b0bfa49\" data-element_type=\"column\" data-e-type=\"column\">\n\t\t\t<div class=\"elementor-widget-wrap elementor-element-populated\">\n\t\t\t\t\t\t<div class=\"elementor-element elementor-element-fb3823f elementor-widget elementor-widget-heading\" data-id=\"fb3823f\" data-element_type=\"widget\" data-e-type=\"widget\" data-settings=\"{&quot;ekit_we_effect_on&quot;:&quot;none&quot;}\" data-widget_type=\"heading.default\">\n\t\t\t\t\t<h2 class=\"elementor-heading-title elementor-size-default\">\u00daltimas actualizaciones<\/h2>\t\t\t\t<\/div>\n\t\t\t\t<div class=\"elementor-element elementor-element-dd90773 elementor-grid-1 elementor-posts--thumbnail-none elementor-grid-tablet-2 elementor-grid-mobile-1 elementor-widget elementor-widget-posts\" data-id=\"dd90773\" data-element_type=\"widget\" data-e-type=\"widget\" data-settings=\"{&quot;classic_columns&quot;:&quot;1&quot;,&quot;classic_row_gap&quot;:{&quot;unit&quot;:&quot;px&quot;,&quot;size&quot;:10,&quot;sizes&quot;:[]},&quot;classic_columns_tablet&quot;:&quot;2&quot;,&quot;classic_columns_mobile&quot;:&quot;1&quot;,&quot;classic_row_gap_tablet&quot;:{&quot;unit&quot;:&quot;px&quot;,&quot;size&quot;:&quot;&quot;,&quot;sizes&quot;:[]},&quot;classic_row_gap_mobile&quot;:{&quot;unit&quot;:&quot;px&quot;,&quot;size&quot;:&quot;&quot;,&quot;sizes&quot;:[]},&quot;ekit_we_effect_on&quot;:&quot;none&quot;}\" data-widget_type=\"posts.classic\">\n\t\t\t\t<div class=\"elementor-widget-container\">\n\t\t\t\t\t\t\t<div class=\"elementor-posts-container elementor-posts elementor-posts--skin-classic elementor-grid\" role=\"list\">\n\t\t\t\t<article class=\"elementor-post elementor-grid-item post-18449 post type-post status-publish format-standard has-post-thumbnail hentry category-iot-case-studies tag-uwb-anchors tag-uwb-solutions tag-uwb-technology\" role=\"listitem\">\n\t\t\t\t<div class=\"elementor-post__text\">\n\t\t\t\t<h4 class=\"elementor-post__title\">\n\t\t\t<a href=\"https:\/\/www.lansitec.com\/es\/blogs\/precision-de-uwb-en-2026-guia-esencial-para-el-posicionamiento-en-interiores-a-10-cm\/\" >\n\t\t\t\tPrecisi\u00f3n de UWB en 2026: Gu\u00eda esencial para el posicionamiento en interiores con una precisi\u00f3n de 10 cm.\t\t\t<\/a>\n\t\t<\/h4>\n\t\t\t\t<\/div>\n\t\t\t\t<\/article>\n\t\t\t\t<article class=\"elementor-post elementor-grid-item post-18459 post type-post status-publish format-standard has-post-thumbnail hentry category-news\" role=\"listitem\">\n\t\t\t\t<div class=\"elementor-post__text\">\n\t\t\t\t<h4 class=\"elementor-post__title\">\n\t\t\t<a href=\"https:\/\/www.lansitec.com\/es\/blogs\/seguimiento-iot-por-satelite-en-2026-guia-esencial-para-ntn-para-ganado-y-activos-remotos\/\" >\n\t\t\t\tSeguimiento IoT por sat\u00e9lite en 2026: Gu\u00eda esencial de NTN para ganado y activos remotos\t\t\t<\/a>\n\t\t<\/h4>\n\t\t\t\t<\/div>\n\t\t\t\t<\/article>\n\t\t\t\t<article class=\"elementor-post elementor-grid-item post-18471 post type-post status-publish format-standard has-post-thumbnail hentry category-news\" role=\"listitem\">\n\t\t\t\t<div class=\"elementor-post__text\">\n\t\t\t\t<h4 class=\"elementor-post__title\">\n\t\t\t<a href=\"https:\/\/www.lansitec.com\/es\/blogs\/guia-esencial-para-la-precision-del-posicionamiento-en-interiores-y-el-seguimiento-en-multiples-pisos-sin-saltos-de-piso\/\" >\n\t\t\t\tPrecisi\u00f3n en el posicionamiento en interiores: Gu\u00eda esencial para el seguimiento en m\u00faltiples pisos sin saltos de piso.\t\t\t<\/a>\n\t\t<\/h4>\n\t\t\t\t<\/div>\n\t\t\t\t<\/article>\n\t\t\t\t<article class=\"elementor-post elementor-grid-item post-18489 post type-post status-publish format-standard has-post-thumbnail hentry category-news\" role=\"listitem\">\n\t\t\t\t<div class=\"elementor-post__text\">\n\t\t\t\t<h4 class=\"elementor-post__title\">\n\t\t\t<a href=\"https:\/\/www.lansitec.com\/es\/blogs\/fota-a-gran-escala-como-mantener-1000-dispositivos-con-el-mismo-firmware-sin-visitas-al-sitio\/\" >\n\t\t\t\tFOTA a gran escala: C\u00f3mo mantener m\u00e1s de 1000 dispositivos con el mismo firmware sin necesidad de visitas al sitio.\t\t\t<\/a>\n\t\t<\/h4>\n\t\t\t\t<\/div>\n\t\t\t\t<\/article>\n\t\t\t\t<article class=\"elementor-post elementor-grid-item post-18365 post type-post status-publish format-standard has-post-thumbnail hentry category-iot-case-studies\" role=\"listitem\">\n\t\t\t\t<div class=\"elementor-post__text\">\n\t\t\t\t<h4 class=\"elementor-post__title\">\n\t\t\t<a href=\"https:\/\/www.lansitec.com\/es\/blogs\/escalado-de-lorawan-a-10000-dispositivos\/\" >\n\t\t\t\tEscalando a 10 000 Etiquetas: Estrategias esenciales de tiempo de transmisi\u00f3n LoRaWAN para 2026\t\t\t<\/a>\n\t\t<\/h4>\n\t\t\t\t<\/div>\n\t\t\t\t<\/article>\n\t\t\t\t<article class=\"elementor-post elementor-grid-item post-18399 post type-post status-publish format-standard has-post-thumbnail hentry category-news\" role=\"listitem\">\n\t\t\t\t<div class=\"elementor-post__text\">\n\t\t\t\t<h4 class=\"elementor-post__title\">\n\t\t\t<a href=\"https:\/\/www.lansitec.com\/es\/blogs\/precision-de-ble-aoa-en-2026-guia-esencial-para-lograr-10-cm-en-interiores\/\" >\n\t\t\t\tPrecisi\u00f3n del \u00e1ngulo de ataque (AoA) del BLE en 2026: Gu\u00eda esencial para alcanzar los 10 cm en interiores\t\t\t<\/a>\n\t\t<\/h4>\n\t\t\t\t<\/div>\n\t\t\t\t<\/article>\n\t\t\t\t<article class=\"elementor-post elementor-grid-item post-18388 post type-post status-publish format-standard has-post-thumbnail hentry category-iot-case-studies tag-bluetooth-beacon tag-solar-bluetooth-gateway\" role=\"listitem\">\n\t\t\t\t<div class=\"elementor-post__text\">\n\t\t\t\t<h4 class=\"elementor-post__title\">\n\t\t\t<a href=\"https:\/\/www.lansitec.com\/es\/blogs\/guia-esencial-de-seguimiento-del-estado-basado-en-vibraciones-para-el-monitoreo-remoto-de-bombas-de-agua\/\" >\n\t\t\t\tMonitoreo remoto de bombas de agua: Gu\u00eda esencial para el seguimiento del estado basado en vibraciones\t\t\t<\/a>\n\t\t<\/h4>\n\t\t\t\t<\/div>\n\t\t\t\t<\/article>\n\t\t\t\t<article class=\"elementor-post elementor-grid-item post-18190 post type-post status-publish format-standard has-post-thumbnail hentry category-news\" role=\"listitem\">\n\t\t\t\t<div class=\"elementor-post__text\">\n\t\t\t\t<h4 class=\"elementor-post__title\">\n\t\t\t<a href=\"https:\/\/www.lansitec.com\/es\/blogs\/bluetooth-6-0-y-6-1-que-significan-las-nuevas-especificaciones-principales-para-el-audio-y-los-wearables-de-iot\/\" >\n\t\t\t\tBluetooth 6.0 y 6.1: Qu\u00e9 significan las nuevas especificaciones principales para IoT, audio y wearables\t\t\t<\/a>\n\t\t<\/h4>\n\t\t\t\t<\/div>\n\t\t\t\t<\/article>\n\t\t\t\t<article class=\"elementor-post elementor-grid-item post-18263 post type-post status-publish format-standard has-post-thumbnail hentry category-news category-bluetooth-aoa category-tracker tag-lorawan-micro-bluetooth-gateway tag-uwb-anchors\" role=\"listitem\">\n\t\t\t\t<div class=\"elementor-post__text\">\n\t\t\t\t<h4 class=\"elementor-post__title\">\n\t\t\t<a href=\"https:\/\/www.lansitec.com\/es\/blogs\/uwb-vs-ble-aoa-vs-ble-proximity-la-guia-definitiva-para-compradores-de-2026\/\" >\n\t\t\t\tUWB vs BLE AoA vs BLE Proximity: La gu\u00eda definitiva para el comprador de 2026\t\t\t<\/a>\n\t\t<\/h4>\n\t\t\t\t<\/div>\n\t\t\t\t<\/article>\n\t\t\t\t<article class=\"elementor-post elementor-grid-item post-18214 post type-post status-publish format-standard has-post-thumbnail hentry category-news\" role=\"listitem\">\n\t\t\t\t<div class=\"elementor-post__text\">\n\t\t\t\t<h4 class=\"elementor-post__title\">\n\t\t\t<a href=\"https:\/\/www.lansitec.com\/es\/blogs\/redes-no-terrestres-ntn-conectividad-respaldada-por-satelite-para-seguimiento\/\" >\n\t\t\t\tNTN (Redes no terrestres): Conectividad basada en sat\u00e9lites para seguimiento\t\t\t<\/a>\n\t\t<\/h4>\n\t\t\t\t<\/div>\n\t\t\t\t<\/article>\n\t\t\t\t<\/div>\n\t\t\n\t\t\t\t\t\t<\/div>\n\t\t\t\t<\/div>\n\t\t\t\t\t<\/div>\n\t\t<\/div>\n\t\t\t\t\t<\/div>\n\t\t<\/section>\n\t\t\t\t\t<\/div>\n\t\t<\/div>\n\t\t\t\t\t<\/div>\n\t\t<\/section>\n\t\t\t\t<\/div>","protected":false},"excerpt":{"rendered":"<p>Inicio Preguntas frecuentes \u00daltimas actualizaciones<\/p>","protected":false},"author":1,"featured_media":0,"parent":0,"menu_order":0,"comment_status":"closed","ping_status":"closed","template":"","meta":{"neve_meta_sidebar":"","neve_meta_container":"","neve_meta_enable_content_width":"","neve_meta_content_width":0,"neve_meta_title_alignment":"","neve_meta_author_avatar":"","neve_post_elements_order":"","neve_meta_disable_header":"","neve_meta_disable_footer":"","neve_meta_disable_title":"","footnotes":""},"class_list":["post-16835","page","type-page","status-publish","hentry"],"_links":{"self":[{"href":"https:\/\/www.lansitec.com\/es\/wp-json\/wp\/v2\/pages\/16835","targetHints":{"allow":["GET"]}}],"collection":[{"href":"https:\/\/www.lansitec.com\/es\/wp-json\/wp\/v2\/pages"}],"about":[{"href":"https:\/\/www.lansitec.com\/es\/wp-json\/wp\/v2\/types\/page"}],"author":[{"embeddable":true,"href":"https:\/\/www.lansitec.com\/es\/wp-json\/wp\/v2\/users\/1"}],"replies":[{"embeddable":true,"href":"https:\/\/www.lansitec.com\/es\/wp-json\/wp\/v2\/comments?post=16835"}],"version-history":[{"count":0,"href":"https:\/\/www.lansitec.com\/es\/wp-json\/wp\/v2\/pages\/16835\/revisions"}],"wp:attachment":[{"href":"https:\/\/www.lansitec.com\/es\/wp-json\/wp\/v2\/media?parent=16835"}],"curies":[{"name":"gracias","href":"https:\/\/api.w.org\/{rel}","templated":true}]}}