{"id":16878,"date":"2025-09-12T05:47:13","date_gmt":"2025-09-12T12:47:13","guid":{"rendered":"https:\/\/www.lansitec.com\/?page_id=16878"},"modified":"2025-09-15T22:58:37","modified_gmt":"2025-09-16T05:58:37","slug":"would-using-the-nb-iot-lte-m-gateway-have-more-reliable-communication","status":"publish","type":"page","link":"https:\/\/www.lansitec.com\/es\/preguntas-frecuentes\/usar-el-gateway-nb-iot-lte-m-daria-como-resultado-una-comunicacion-mas-confiable\/","title":{"rendered":"\u00bfEl uso del gateway NB-IoT\/LTE-M permitir\u00eda una comunicaci\u00f3n m\u00e1s confiable?"},"content":{"rendered":"<p>Si la red est\u00e1 disponible, entonces la comunicaci\u00f3n deber\u00eda ser equivalente a <a href=\"https:\/\/www.lansitec.com\/es\/lorawan\/\">LoRaWAN<\/a>. Tenemos clientes que utilizan <a href=\"https:\/\/www.lansitec.com\/es\/lorawan\/\">LoRaWAN<\/a> con decenas de miles de dispositivos y se han encontrado con problemas de confiabilidad.<\/p>\n\n\n\n<p>NB-IoT no es compatible con dispositivos m\u00f3viles. El dispositivo debe reincorporarse a la red si se desplaza entre diferentes estaciones base o si el veh\u00edculo se desplaza demasiado r\u00e1pido.<\/p>\n\n\n\n<p>Adem\u00e1s, confirme si NB-IoT o LTE-M est\u00e1n disponibles durante el proceso. La cobertura de la red no es tan buena como la de 4G (incluida la Cat-1) en general. <a href=\"https:\/\/www.lansitec.com\/es\/lorawan\/\">LoRaWAN<\/a> La red la podemos implementar nosotros mismos.<\/p>","protected":false},"excerpt":{"rendered":"<p>If the network is available, then the communication should be equivalent to LoRaWAN. We have customers using LoRaWAN with tens of thousands of devices and have met reliability problems. NB-IoT does not support mobile devices well. And the device has to rejoin the network if it roams across different base stations or if the vehicle&hellip;&nbsp;<a href=\"https:\/\/www.lansitec.com\/es\/preguntas-frecuentes\/usar-el-gateway-nb-iot-lte-m-daria-como-resultado-una-comunicacion-mas-confiable\/\" rel=\"bookmark\">Leer m\u00e1s \u00bb<span class=\"screen-reader-text\">\u00bfEl uso del gateway NB-IoT\/LTE-M permitir\u00eda una comunicaci\u00f3n m\u00e1s confiable?<\/span><\/a><\/p>","protected":false},"author":1,"featured_media":0,"parent":16835,"menu_order":0,"comment_status":"closed","ping_status":"closed","template":"","meta":{"neve_meta_sidebar":"","neve_meta_container":"","neve_meta_enable_content_width":"","neve_meta_content_width":0,"neve_meta_title_alignment":"","neve_meta_author_avatar":"","neve_post_elements_order":"","neve_meta_disable_header":"","neve_meta_disable_footer":"","neve_meta_disable_title":"","footnotes":""},"class_list":["post-16878","page","type-page","status-publish","hentry"],"_links":{"self":[{"href":"https:\/\/www.lansitec.com\/es\/wp-json\/wp\/v2\/pages\/16878","targetHints":{"allow":["GET"]}}],"collection":[{"href":"https:\/\/www.lansitec.com\/es\/wp-json\/wp\/v2\/pages"}],"about":[{"href":"https:\/\/www.lansitec.com\/es\/wp-json\/wp\/v2\/types\/page"}],"author":[{"embeddable":true,"href":"https:\/\/www.lansitec.com\/es\/wp-json\/wp\/v2\/users\/1"}],"replies":[{"embeddable":true,"href":"https:\/\/www.lansitec.com\/es\/wp-json\/wp\/v2\/comments?post=16878"}],"version-history":[{"count":0,"href":"https:\/\/www.lansitec.com\/es\/wp-json\/wp\/v2\/pages\/16878\/revisions"}],"up":[{"embeddable":true,"href":"https:\/\/www.lansitec.com\/es\/wp-json\/wp\/v2\/pages\/16835"}],"wp:attachment":[{"href":"https:\/\/www.lansitec.com\/es\/wp-json\/wp\/v2\/media?parent=16878"}],"curies":[{"name":"gracias","href":"https:\/\/api.w.org\/{rel}","templated":true}]}}