{"id":16884,"date":"2025-09-12T05:49:29","date_gmt":"2025-09-12T12:49:29","guid":{"rendered":"https:\/\/www.lansitec.com\/?page_id=16884"},"modified":"2025-09-15T22:51:57","modified_gmt":"2025-09-16T05:51:57","slug":"is-it-possible-to-achieve-approximate-location-of-the-tags-using-lorawan-or-bluetooth-without-relying-on-gps","status":"publish","type":"page","link":"https:\/\/www.lansitec.com\/es\/preguntas-frecuentes\/es-posible-lograr-la-ubicacion-aproximada-de-las-etiquetas-usando-lorawan-o-bluetooth-sin-depender-del-gps\/","title":{"rendered":"\u00bfEs posible lograr la ubicaci\u00f3n aproximada de las etiquetas usando LoRaWAN o Bluetooth, sin depender del GPS?"},"content":{"rendered":"<p>Con Bluetooth: S\u00ed.<\/p>\n\n\n\n<p>Con <a href=\"https:\/\/www.lansitec.com\/de\/lorawan\/\">LoRaWAN<\/a>S\u00ed. Admite detecci\u00f3n de presencia con una precisi\u00f3n de unos cientos de metros. Alternativamente, puede implementar cuatro <a href=\"https:\/\/www.lansitec.com\/es\/puertas-de-enlace\/#lorawan-gateways\">Pasarelas LoRaWAN<\/a> Separados aproximadamente 1 km (a modo de ejemplo). En esta configuraci\u00f3n, la precisi\u00f3n puede variar desde decenas de metros hasta un par de cientos de metros.<\/p>\n\n\n\n<p>Por favor <a href=\"https:\/\/www.lansitec.com\/es\/contactenos\/\" data-type=\"page\" data-id=\"752\">Cont\u00e1ctenos<\/a> Comparta m\u00e1s detalles sobre su proyecto. Le ofreceremos una soluci\u00f3n a su medida.<\/p>\n\n\n\n<p><\/p>","protected":false},"excerpt":{"rendered":"<p>With Bluetooth: Yes. With LoRaWAN: Yes. It supports presence detection, with an accuracy of a few hundred meters. Alternatively, you can deploy four LoRaWAN gateways spaced about 1 km apart (as an example). In this setup, the accuracy can range from tens of meters to a couple of hundred meters. Please contact us and share&hellip;&nbsp;<a href=\"https:\/\/www.lansitec.com\/es\/preguntas-frecuentes\/es-posible-lograr-la-ubicacion-aproximada-de-las-etiquetas-usando-lorawan-o-bluetooth-sin-depender-del-gps\/\" rel=\"bookmark\">Leer m\u00e1s \u00bb<span class=\"screen-reader-text\">\u00bfEs posible lograr la ubicaci\u00f3n aproximada de las etiquetas usando LoRaWAN o Bluetooth, sin depender del GPS?<\/span><\/a><\/p>","protected":false},"author":1,"featured_media":0,"parent":16835,"menu_order":0,"comment_status":"closed","ping_status":"closed","template":"","meta":{"neve_meta_sidebar":"","neve_meta_container":"","neve_meta_enable_content_width":"","neve_meta_content_width":0,"neve_meta_title_alignment":"","neve_meta_author_avatar":"","neve_post_elements_order":"","neve_meta_disable_header":"","neve_meta_disable_footer":"","neve_meta_disable_title":"","footnotes":""},"class_list":["post-16884","page","type-page","status-publish","hentry"],"_links":{"self":[{"href":"https:\/\/www.lansitec.com\/es\/wp-json\/wp\/v2\/pages\/16884","targetHints":{"allow":["GET"]}}],"collection":[{"href":"https:\/\/www.lansitec.com\/es\/wp-json\/wp\/v2\/pages"}],"about":[{"href":"https:\/\/www.lansitec.com\/es\/wp-json\/wp\/v2\/types\/page"}],"author":[{"embeddable":true,"href":"https:\/\/www.lansitec.com\/es\/wp-json\/wp\/v2\/users\/1"}],"replies":[{"embeddable":true,"href":"https:\/\/www.lansitec.com\/es\/wp-json\/wp\/v2\/comments?post=16884"}],"version-history":[{"count":0,"href":"https:\/\/www.lansitec.com\/es\/wp-json\/wp\/v2\/pages\/16884\/revisions"}],"up":[{"embeddable":true,"href":"https:\/\/www.lansitec.com\/es\/wp-json\/wp\/v2\/pages\/16835"}],"wp:attachment":[{"href":"https:\/\/www.lansitec.com\/es\/wp-json\/wp\/v2\/media?parent=16884"}],"curies":[{"name":"gracias","href":"https:\/\/api.w.org\/{rel}","templated":true}]}}