{"id":16891,"date":"2025-09-15T01:42:50","date_gmt":"2025-09-15T08:42:50","guid":{"rendered":"https:\/\/www.lansitec.com\/?page_id=16891"},"modified":"2025-09-15T22:47:48","modified_gmt":"2025-09-16T05:47:48","slug":"for-cellular-and-wifi-do-you-also-outsource-your-baseline-rf-testing","status":"publish","type":"page","link":"https:\/\/www.lansitec.com\/es\/preguntas-frecuentes\/para-celulares-y-wifi-tambien-subcontratas-tus-pruebas-de-rf-de-referencia\/","title":{"rendered":"Para telefon\u00eda celular (y WiFi), \u00bftambi\u00e9n subcontratas tus pruebas de RF de referencia?"},"content":{"rendered":"<p>No todos. Utilizamos analizadores de espectro y analizadores de red para verificar el dise\u00f1o y el rendimiento de la antena de alta frecuencia. Adem\u00e1s, realizamos pruebas de rendimiento como la distancia de transmisi\u00f3n, <a href=\"https:\/\/www.lansitec.com\/es\/blogs\/posicionamiento-en-interiores-rssi\/\">RSSI<\/a>, n\u00famero de paquetes recibidos y comparaciones de rendimiento con antenas externas.<br><br>Por ejemplo, comparamos el n\u00famero de paquetes recibidos por un receptor y el correspondiente <a href=\"https:\/\/www.lansitec.com\/es\/blogs\/posicionamiento-en-interiores-rssi\/\">RSSI<\/a> Se comparan los valores con los paquetes enviados y, a continuaci\u00f3n, se comparan estos resultados con los obtenidos mediante una antena externa.<br><br>Contamos con amplia experiencia con LoRa, Bluetooth, Wi-Fi, GNSS, NB-IoT y <a href=\"https:\/\/www.lansitec.com\/es\/blogs\/redes-no-terrestres-ntn-conectividad-respaldada-por-satelite-para-seguimiento\/\">NTN<\/a> m\u00f3dulos, as\u00ed como el dise\u00f1o de circuitos, todos ellos utilizados en diferentes <strong><a href=\"https:\/\/www.lansitec.com\/es\/productos\/\" data-type=\"page\" data-id=\"917\">productos<\/a><\/strong> de los nuestros. Tambi\u00e9n tenemos experiencia con el <a href=\"https:\/\/www.lansitec.com\/es\/lorawan\/\">LoRaWAN<\/a> protocolo y <a href=\"https:\/\/www.lansitec.com\/es\/soluciones\/solucion-de-seguimiento-uwb\/\" data-type=\"page\" data-id=\"13940\">Soluciones UWB<\/a> utilizando el <a href=\"https:\/\/www.lansitec.com\/es\/lorawan\/\">LoRaWAN<\/a> Protocolo TDMA.<\/p>\n\n\n\n<p><\/p>","protected":false},"excerpt":{"rendered":"<p>Not all. We use spectrum analyzers and network analyzers to verify the design and high-frequency antenna performance. In addition, we conduct performance tests such as transmission distance, RSSI, number of packets received, and performance comparisons with external antennas. For example, we compare the number of packets received by a receiver and the corresponding RSSI values&hellip;&nbsp;<a href=\"https:\/\/www.lansitec.com\/es\/preguntas-frecuentes\/para-celulares-y-wifi-tambien-subcontratas-tus-pruebas-de-rf-de-referencia\/\" rel=\"bookmark\">Leer m\u00e1s \u00bb<span class=\"screen-reader-text\">Para telefon\u00eda celular (y WiFi), \u00bftambi\u00e9n subcontratas tus pruebas de RF de referencia?<\/span><\/a><\/p>","protected":false},"author":1,"featured_media":0,"parent":16835,"menu_order":0,"comment_status":"closed","ping_status":"closed","template":"","meta":{"neve_meta_sidebar":"","neve_meta_container":"","neve_meta_enable_content_width":"","neve_meta_content_width":0,"neve_meta_title_alignment":"","neve_meta_author_avatar":"","neve_post_elements_order":"","neve_meta_disable_header":"","neve_meta_disable_footer":"","neve_meta_disable_title":"","footnotes":""},"class_list":["post-16891","page","type-page","status-publish","hentry"],"_links":{"self":[{"href":"https:\/\/www.lansitec.com\/es\/wp-json\/wp\/v2\/pages\/16891","targetHints":{"allow":["GET"]}}],"collection":[{"href":"https:\/\/www.lansitec.com\/es\/wp-json\/wp\/v2\/pages"}],"about":[{"href":"https:\/\/www.lansitec.com\/es\/wp-json\/wp\/v2\/types\/page"}],"author":[{"embeddable":true,"href":"https:\/\/www.lansitec.com\/es\/wp-json\/wp\/v2\/users\/1"}],"replies":[{"embeddable":true,"href":"https:\/\/www.lansitec.com\/es\/wp-json\/wp\/v2\/comments?post=16891"}],"version-history":[{"count":0,"href":"https:\/\/www.lansitec.com\/es\/wp-json\/wp\/v2\/pages\/16891\/revisions"}],"up":[{"embeddable":true,"href":"https:\/\/www.lansitec.com\/es\/wp-json\/wp\/v2\/pages\/16835"}],"wp:attachment":[{"href":"https:\/\/www.lansitec.com\/es\/wp-json\/wp\/v2\/media?parent=16891"}],"curies":[{"name":"gracias","href":"https:\/\/api.w.org\/{rel}","templated":true}]}}