{"id":16893,"date":"2025-09-15T01:43:49","date_gmt":"2025-09-15T08:43:49","guid":{"rendered":"https:\/\/www.lansitec.com\/?page_id=16893"},"modified":"2025-09-15T22:54:59","modified_gmt":"2025-09-16T05:54:59","slug":"what-is-the-difference-between-a-tracker-and-a-beacon-is-the-beacon-also-a-mini-gateway-repeater","status":"publish","type":"page","link":"https:\/\/www.lansitec.com\/es\/preguntas-frecuentes\/cual-es-la-diferencia-entre-un-rastreador-y-una-baliza-la-baliza-tambien-es-un-mini-repetidor-de-puerta-de-enlace\/","title":{"rendered":"\u00bfCu\u00e1l es la diferencia entre un rastreador y una baliza? \u00bfLa baliza tambi\u00e9n es una minipuerta de enlace\/repetidor?"},"content":{"rendered":"<p>Un rastreador recibe se\u00f1ales de lugares cercanos <a href=\"https:\/\/www.lansitec.com\/es\/balizas-bluetooth\/\" data-type=\"page\" data-id=\"6794\">Balizas<\/a> y env\u00eda sus valores mayor, menor y RSSI al servidor. Si no se reciben se\u00f1ales de baliza, se activar\u00e1 el GNSS para obtener las coordenadas y luego informarlas al servidor.<\/p>\n\n\n\n<p>Un Beacon, por otro lado, transmite continuamente mensajes de protocolo iBeacon a un intervalo fijo (que var\u00eda entre 0,1 s y 10 s) y en un tiempo definido. <a href=\"https:\/\/www.lansitec.com\/de\/blogs\/tx-leistungsoptimierung-fur-iot-tracking-verbesserung-der-reichweite-einhaltung-der-akkulaufzeit\/\">Potencia TX<\/a>. Tanto el intervalo de transmisi\u00f3n como <a href=\"https:\/\/www.lansitec.com\/de\/blogs\/tx-leistungsoptimierung-fur-iot-tracking-verbesserung-der-reichweite-einhaltung-der-akkulaufzeit\/\">Potencia TX<\/a> son ajustables.<\/p>","protected":false},"excerpt":{"rendered":"<p>A Tracker receives signals from nearby Beacons and forwards their major, minor, and RSSI values to the server. If no Beacon signals are received, it will activate GNSS to obtain the coordinates and then report them to the server. A Beacon, on the other hand, continuously broadcasts iBeacon protocol messages at a fixed interval (ranging&hellip;&nbsp;<a href=\"https:\/\/www.lansitec.com\/es\/preguntas-frecuentes\/cual-es-la-diferencia-entre-un-rastreador-y-una-baliza-la-baliza-tambien-es-un-mini-repetidor-de-puerta-de-enlace\/\" rel=\"bookmark\">Leer m\u00e1s \u00bb<span class=\"screen-reader-text\">\u00bfCu\u00e1l es la diferencia entre un rastreador y una baliza? \u00bfLa baliza tambi\u00e9n es una minipuerta de enlace\/repetidor?<\/span><\/a><\/p>","protected":false},"author":1,"featured_media":0,"parent":16835,"menu_order":0,"comment_status":"closed","ping_status":"closed","template":"","meta":{"neve_meta_sidebar":"","neve_meta_container":"","neve_meta_enable_content_width":"","neve_meta_content_width":0,"neve_meta_title_alignment":"","neve_meta_author_avatar":"","neve_post_elements_order":"","neve_meta_disable_header":"","neve_meta_disable_footer":"","neve_meta_disable_title":"","footnotes":""},"class_list":["post-16893","page","type-page","status-publish","hentry"],"_links":{"self":[{"href":"https:\/\/www.lansitec.com\/es\/wp-json\/wp\/v2\/pages\/16893","targetHints":{"allow":["GET"]}}],"collection":[{"href":"https:\/\/www.lansitec.com\/es\/wp-json\/wp\/v2\/pages"}],"about":[{"href":"https:\/\/www.lansitec.com\/es\/wp-json\/wp\/v2\/types\/page"}],"author":[{"embeddable":true,"href":"https:\/\/www.lansitec.com\/es\/wp-json\/wp\/v2\/users\/1"}],"replies":[{"embeddable":true,"href":"https:\/\/www.lansitec.com\/es\/wp-json\/wp\/v2\/comments?post=16893"}],"version-history":[{"count":0,"href":"https:\/\/www.lansitec.com\/es\/wp-json\/wp\/v2\/pages\/16893\/revisions"}],"up":[{"embeddable":true,"href":"https:\/\/www.lansitec.com\/es\/wp-json\/wp\/v2\/pages\/16835"}],"wp:attachment":[{"href":"https:\/\/www.lansitec.com\/es\/wp-json\/wp\/v2\/media?parent=16893"}],"curies":[{"name":"gracias","href":"https:\/\/api.w.org\/{rel}","templated":true}]}}