{"id":16897,"date":"2025-09-15T01:45:09","date_gmt":"2025-09-15T08:45:09","guid":{"rendered":"https:\/\/www.lansitec.com\/?page_id=16897"},"modified":"2025-09-15T01:46:05","modified_gmt":"2025-09-15T08:46:05","slug":"some-of-our-assets-will-be-located-in-cold-storage-environments-25c-to-30c-while-others-will-be-deployed-outdoors-exposed-to-direct-sunlight-and-temperatures-ranging-from-40c-to","status":"publish","type":"page","link":"https:\/\/www.lansitec.com\/es\/preguntas-frecuentes\/algunos-de-nuestros-activos-estaran-ubicados-en-entornos-de-almacenamiento-en-frio-de-25-c-a-30-c-mientras-que-otros-se-desplegaran-al-aire-libre-expuestos-a-la-luz-solar-directa-y-temper\/","title":{"rendered":"Algunos de nuestros activos se ubicar\u00e1n en entornos de almacenamiento en fr\u00edo (de -25 \u00b0C a -30 \u00b0C), mientras que otros se desplegar\u00e1n en exteriores, expuestos a la luz solar directa y a temperaturas de entre 40 \u00b0C y 50 \u00b0C. \u00bfAfectar\u00e1 esto a los dispositivos?"},"content":{"rendered":"<p>La temperatura no es un problema para el circuito ni la bater\u00eda. Utilizaremos la bater\u00eda de baja temperatura adecuada para su entorno.<\/p>\n\n\n\n<p><\/p>","protected":false},"excerpt":{"rendered":"<p>La temperatura no es un problema para el circuito ni la bater\u00eda. Utilizaremos la bater\u00eda de baja temperatura adecuada para su entorno.<\/p>","protected":false},"author":1,"featured_media":0,"parent":16835,"menu_order":0,"comment_status":"closed","ping_status":"closed","template":"","meta":{"neve_meta_sidebar":"","neve_meta_container":"","neve_meta_enable_content_width":"","neve_meta_content_width":0,"neve_meta_title_alignment":"","neve_meta_author_avatar":"","neve_post_elements_order":"","neve_meta_disable_header":"","neve_meta_disable_footer":"","neve_meta_disable_title":"","footnotes":""},"class_list":["post-16897","page","type-page","status-publish","hentry"],"_links":{"self":[{"href":"https:\/\/www.lansitec.com\/es\/wp-json\/wp\/v2\/pages\/16897","targetHints":{"allow":["GET"]}}],"collection":[{"href":"https:\/\/www.lansitec.com\/es\/wp-json\/wp\/v2\/pages"}],"about":[{"href":"https:\/\/www.lansitec.com\/es\/wp-json\/wp\/v2\/types\/page"}],"author":[{"embeddable":true,"href":"https:\/\/www.lansitec.com\/es\/wp-json\/wp\/v2\/users\/1"}],"replies":[{"embeddable":true,"href":"https:\/\/www.lansitec.com\/es\/wp-json\/wp\/v2\/comments?post=16897"}],"version-history":[{"count":0,"href":"https:\/\/www.lansitec.com\/es\/wp-json\/wp\/v2\/pages\/16897\/revisions"}],"up":[{"embeddable":true,"href":"https:\/\/www.lansitec.com\/es\/wp-json\/wp\/v2\/pages\/16835"}],"wp:attachment":[{"href":"https:\/\/www.lansitec.com\/es\/wp-json\/wp\/v2\/media?parent=16897"}],"curies":[{"name":"gracias","href":"https:\/\/api.w.org\/{rel}","templated":true}]}}