{"id":16957,"date":"2025-09-16T03:02:26","date_gmt":"2025-09-16T10:02:26","guid":{"rendered":"https:\/\/www.lansitec.com\/?page_id=16957"},"modified":"2025-09-16T03:02:27","modified_gmt":"2025-09-16T10:02:27","slug":"introduction-to-flex-tag-beacon-for-curved-uneven-or-cylindrical-surfaces","status":"publish","type":"page","link":"https:\/\/www.lansitec.com\/es\/preguntas-frecuentes\/introduccion-a-la-baliza-de-etiqueta-flexible-para-superficies-curvas-irregulares-o-cilindricas\/","title":{"rendered":"Introducci\u00f3n a Flex Tag Beacon para superficies curvas, irregulares o cil\u00edndricas"},"content":{"rendered":"<p><a href=\"https:\/\/www.youtube.com\/@lansitec\" rel=\"nofollow noopener\" target=\"_blank\"><\/a><\/p>\n\n\n\n<figure class=\"wp-block-embed is-type-video is-provider-youtube wp-block-embed-youtube wp-embed-aspect-16-9 wp-has-aspect-ratio\"><div class=\"wp-block-embed__wrapper\">\n<div class=\"nv-iframe-embed\"><iframe title=\"Introducci\u00f3n a Flex Tag Beacon para superficies curvas, irregulares o cil\u00edndricas\" width=\"1200\" height=\"675\" src=\"https:\/\/www.youtube.com\/embed\/qOAD57PUHlc?feature=oembed\" frameborder=\"0\" allow=\"accelerometer; autoplay; clipboard-write; encrypted-media; gyroscope; picture-in-picture; web-share\" referrerpolicy=\"strict-origin-when-cross-origin\" allowfullscreen><\/iframe><\/div>\n<\/div><\/figure>\n\n\n\n<p>Consiga la m\u00e1xima flexibilidad de instalaci\u00f3n con Lansitec <a href=\"https:\/\/www.lansitec.com\/es\/productos\/etiqueta-flexible-b014\/\">Etiqueta flexible<\/a>. Fabricada con una base de gel de silicona suave y adhesiva, esta baliza se adhiere f\u00e1cilmente a superficies curvas, irregulares o cil\u00edndricas, lo que la hace perfecta para rastrear herramientas, suministros m\u00e9dicos o equipos con superficies no planas. Con unas medidas de tan solo 40 \u00d7 25 \u00d7 18,6 mm, emite paquetes iBeacon de forma continua y admite hasta seis marcos publicitarios \u00fanicos. Una pila de bot\u00f3n CR1225 proporciona energ\u00eda al dispositivo hasta por 5 a\u00f1os en condiciones de uso normales. Para m\u00e1s informaci\u00f3n, visite <strong><a href=\"https:\/\/www.lansitec.com\/es\/productos\/etiqueta-flexible-b014\/\" data-type=\"page\" data-id=\"15868\">Etiqueta flexible B014<\/a><\/strong>.<\/p>","protected":false},"excerpt":{"rendered":"<p>Achieve ultimate installation flexibility with the Lansitec Flex Tag. Built with a soft, adhesive-friendly silicone gel base, this beacon effortlessly attaches to curved, uneven, or cylindrical surfaces\u2014making it perfect for tracking tools, medical supplies, or equipment with non-flat exteriors. Measuring just 40 \u00d7 25 \u00d7 18.6 mm, it continuously broadcasts iBeacon packets and supports up&hellip;&nbsp;<a href=\"https:\/\/www.lansitec.com\/es\/preguntas-frecuentes\/introduccion-a-la-baliza-de-etiqueta-flexible-para-superficies-curvas-irregulares-o-cilindricas\/\" rel=\"bookmark\">Leer m\u00e1s \u00bb<span class=\"screen-reader-text\">Introducci\u00f3n a Flex Tag Beacon para superficies curvas, irregulares o cil\u00edndricas<\/span><\/a><\/p>","protected":false},"author":1,"featured_media":0,"parent":16835,"menu_order":0,"comment_status":"closed","ping_status":"closed","template":"","meta":{"neve_meta_sidebar":"","neve_meta_container":"","neve_meta_enable_content_width":"","neve_meta_content_width":0,"neve_meta_title_alignment":"","neve_meta_author_avatar":"","neve_post_elements_order":"","neve_meta_disable_header":"","neve_meta_disable_footer":"","neve_meta_disable_title":"","footnotes":""},"class_list":["post-16957","page","type-page","status-publish","hentry"],"_links":{"self":[{"href":"https:\/\/www.lansitec.com\/es\/wp-json\/wp\/v2\/pages\/16957","targetHints":{"allow":["GET"]}}],"collection":[{"href":"https:\/\/www.lansitec.com\/es\/wp-json\/wp\/v2\/pages"}],"about":[{"href":"https:\/\/www.lansitec.com\/es\/wp-json\/wp\/v2\/types\/page"}],"author":[{"embeddable":true,"href":"https:\/\/www.lansitec.com\/es\/wp-json\/wp\/v2\/users\/1"}],"replies":[{"embeddable":true,"href":"https:\/\/www.lansitec.com\/es\/wp-json\/wp\/v2\/comments?post=16957"}],"version-history":[{"count":0,"href":"https:\/\/www.lansitec.com\/es\/wp-json\/wp\/v2\/pages\/16957\/revisions"}],"up":[{"embeddable":true,"href":"https:\/\/www.lansitec.com\/es\/wp-json\/wp\/v2\/pages\/16835"}],"wp:attachment":[{"href":"https:\/\/www.lansitec.com\/es\/wp-json\/wp\/v2\/media?parent=16957"}],"curies":[{"name":"gracias","href":"https:\/\/api.w.org\/{rel}","templated":true}]}}