{"id":16963,"date":"2025-09-16T03:25:45","date_gmt":"2025-09-16T10:25:45","guid":{"rendered":"https:\/\/www.lansitec.com\/?page_id=16963"},"modified":"2025-09-24T00:06:53","modified_gmt":"2025-09-24T07:06:53","slug":"helmet-sensor-deployment-and-positioning-demo","status":"publish","type":"page","link":"https:\/\/www.lansitec.com\/es\/preguntas-frecuentes\/demostracion-de-despliegue-y-posicionamiento-del-sensor-del-casco\/","title":{"rendered":"Demostraci\u00f3n de implementaci\u00f3n y posicionamiento del sensor del casco."},"content":{"rendered":"<figure class=\"wp-block-embed is-type-video is-provider-youtube wp-block-embed-youtube wp-embed-aspect-16-9 wp-has-aspect-ratio\"><div class=\"wp-block-embed__wrapper\">\n<div class=\"nv-iframe-embed\"><iframe title=\"Demostraci\u00f3n de implementaci\u00f3n y posicionamiento del sensor del casco.\" width=\"1200\" height=\"675\" src=\"https:\/\/www.youtube.com\/embed\/5bHHB_97oXw?feature=oembed\" frameborder=\"0\" allow=\"accelerometer; autoplay; clipboard-write; encrypted-media; gyroscope; picture-in-picture; web-share\" referrerpolicy=\"strict-origin-when-cross-origin\" allowfullscreen><\/iframe><\/div>\n<\/div><\/figure>\n\n\n\n<p>Mira c\u00f3mo funciona el Lansitec <a href=\"https:\/\/www.lansitec.com\/es\/productos\/sensor-de-seguimiento-del-casco\/\" data-type=\"page\" data-id=\"1237\">Sensor de seguimiento del casco<\/a> Se implementa y proporciona posicionamiento en tiempo real y seguimiento de movimiento, todo en un dispositivo compacto y resistente.<\/p>\n\n\n\n<p>Ya sea para la seguridad de los trabajadores, la detecci\u00f3n de ca\u00eddas o alertas basadas en zonas, esta demostraci\u00f3n muestra el futuro de los dispositivos port\u00e1tiles industriales inteligentes.<\/p>\n\n\n\n<p>\ud83d\udccd Posicionamiento preciso en interiores y exteriores<br>\u26a0\ufe0f Detecci\u00f3n de ca\u00eddas y monitoreo de movimiento<br>\ud83d\udd0b Bater\u00eda de larga duraci\u00f3n | \ud83d\udcf6 <a href=\"https:\/\/www.lansitec.com\/es\/lorawan\/\">LoRaWAN<\/a> + GPS + BLE<br>\u2705 Detecci\u00f3n de ca\u00eddas<br>\u2705 Bot\u00f3n de p\u00e1nico<br>\u2705 Detecci\u00f3n de desgaste<br>\u2705 Alertas de exceso de estancia y de zona<br>\u2705 Seguimiento en tiempo real en interiores y exteriores<\/p>\n\n\n\n<p>Ideal para sitios de construcci\u00f3n, zonas industriales y entornos de trabajo peligrosos, esta tecnolog\u00eda est\u00e1 dise\u00f1ada para mejorar los est\u00e1ndares de HSE y salvar vidas.<\/p>\n\n\n\n<p>Para m\u00e1s informaci\u00f3n: https:\/\/www.lansitec.com\/products\/helmet-tracker-sensor\/<\/p>","protected":false},"excerpt":{"rendered":"<p>Watch how the Lansitec Helmet Tracker Sensor is deployed and delivers real-time positioning and motion tracking\u2014all in one compact, rugged device. Whether it\u2019s for worker safety, fall detection, or zone-based alerts, this demo shows the future of smart industrial wearables. \ud83d\udccd Precise indoor &amp; outdoor positioning\u26a0\ufe0f Fall detection &amp; motion monitoring\ud83d\udd0b Long battery life |&hellip;&nbsp;<a href=\"https:\/\/www.lansitec.com\/es\/preguntas-frecuentes\/demostracion-de-despliegue-y-posicionamiento-del-sensor-del-casco\/\" rel=\"bookmark\">Leer m\u00e1s \u00bb<span class=\"screen-reader-text\">Demostraci\u00f3n de implementaci\u00f3n y posicionamiento del sensor del casco.<\/span><\/a><\/p>","protected":false},"author":1,"featured_media":0,"parent":16835,"menu_order":0,"comment_status":"closed","ping_status":"closed","template":"","meta":{"neve_meta_sidebar":"","neve_meta_container":"","neve_meta_enable_content_width":"","neve_meta_content_width":0,"neve_meta_title_alignment":"","neve_meta_author_avatar":"","neve_post_elements_order":"","neve_meta_disable_header":"","neve_meta_disable_footer":"","neve_meta_disable_title":"","footnotes":""},"class_list":["post-16963","page","type-page","status-publish","hentry"],"_links":{"self":[{"href":"https:\/\/www.lansitec.com\/es\/wp-json\/wp\/v2\/pages\/16963","targetHints":{"allow":["GET"]}}],"collection":[{"href":"https:\/\/www.lansitec.com\/es\/wp-json\/wp\/v2\/pages"}],"about":[{"href":"https:\/\/www.lansitec.com\/es\/wp-json\/wp\/v2\/types\/page"}],"author":[{"embeddable":true,"href":"https:\/\/www.lansitec.com\/es\/wp-json\/wp\/v2\/users\/1"}],"replies":[{"embeddable":true,"href":"https:\/\/www.lansitec.com\/es\/wp-json\/wp\/v2\/comments?post=16963"}],"version-history":[{"count":0,"href":"https:\/\/www.lansitec.com\/es\/wp-json\/wp\/v2\/pages\/16963\/revisions"}],"up":[{"embeddable":true,"href":"https:\/\/www.lansitec.com\/es\/wp-json\/wp\/v2\/pages\/16835"}],"wp:attachment":[{"href":"https:\/\/www.lansitec.com\/es\/wp-json\/wp\/v2\/media?parent=16963"}],"curies":[{"name":"gracias","href":"https:\/\/api.w.org\/{rel}","templated":true}]}}