{"id":16974,"date":"2025-09-17T00:49:03","date_gmt":"2025-09-17T07:49:03","guid":{"rendered":"https:\/\/www.lansitec.com\/?page_id=16974"},"modified":"2025-09-18T02:46:33","modified_gmt":"2025-09-18T09:46:33","slug":"container-tracker-installation-guide-lorawan-nb%e2%80%91iot-lte%e2%80%91m-lte-cat%e2%80%911-and-uwb-setup-key-features","status":"publish","type":"page","link":"https:\/\/www.lansitec.com\/es\/preguntas-frecuentes\/guia-de-instalacion-del-rastreador-de-contenedores-lorawan-nbiot-ltem-lte-cat1-y-configuracion-uwb-caracteristicas-principales\/","title":{"rendered":"Gu\u00eda de instalaci\u00f3n de Container Tracker: Configuraci\u00f3n y caracter\u00edsticas clave de LoRaWAN, NB-IoT\/LTE-M, LTE Cat-1 y UWB"},"content":{"rendered":"<figure class=\"wp-block-embed is-type-video is-provider-youtube wp-block-embed-youtube wp-embed-aspect-16-9 wp-has-aspect-ratio\"><div class=\"wp-block-embed__wrapper\">\n<div class=\"nv-iframe-embed\"><iframe title=\"Gu\u00eda de instalaci\u00f3n de Container Tracker: Configuraci\u00f3n y caracter\u00edsticas clave de LoRaWAN, NB-IoT\/LTE-M, LTE Cat-1 y UWB\" width=\"1200\" height=\"675\" src=\"https:\/\/www.youtube.com\/embed\/vboR3wRPdF8?feature=oembed\" frameborder=\"0\" allow=\"accelerometer; autoplay; clipboard-write; encrypted-media; gyroscope; picture-in-picture; web-share\" referrerpolicy=\"strict-origin-when-cross-origin\" allowfullscreen><\/iframe><\/div>\n<\/div><\/figure>\n\n\n\n<p>Obtenga una descripci\u00f3n completa del contenedor resistente de Lansitec <a href=\"https:\/\/www.lansitec.com\/es\/rastreadores\/\">Rastreadores<\/a> al otro lado de <a href=\"https:\/\/www.lansitec.com\/es\/lorawan\/\">LoRaWAN<\/a>, NB-IoT\/LTE-M y LTE Cat-1: dise\u00f1ados para posicionamiento en interiores y exteriores con GNSS y seguridad avanzada <a href=\"https:\/\/www.lansitec.com\/es\/sensores\/\">sensores<\/a> Ideal para contenedores de env\u00edo, cajas de tr\u00e1nsito, paletas, maquinaria pesada y activos de flota.<\/p>\n\n\n\n<p>Cada modelo ofrece un gabinete IP68 para entornos hostiles, detecci\u00f3n de movimiento y manipulaci\u00f3n para seguridad y bater\u00eda de larga duraci\u00f3n para implementaciones de varios a\u00f1os, lo que facilita las decisiones de planificaci\u00f3n y montaje durante la instalaci\u00f3n.<\/p>\n\n\n\n<p><strong>Modelos cubiertos<\/strong><\/p>\n\n\n\n<ul class=\"wp-block-list\">\n<li><strong><a href=\"https:\/\/www.lansitec.com\/es\/productos\/rastreador-de-contenedores-de-lorawan\/\" data-type=\"page\" data-id=\"1232\">Rastreador de contenedores LoRaWAN<\/a><\/strong>:GNSS + Bluetooth + <a href=\"https:\/\/www.lansitec.com\/es\/lorawan\/\">LoRaWAN<\/a> Para posicionamiento en interiores y exteriores, carcasa IP68, bater\u00eda de duraci\u00f3n ultralarga, detecci\u00f3n de manipulaciones y detecci\u00f3n de vibraciones para la seguridad de los activos.<\/li>\n\n\n\n<li><strong><a href=\"https:\/\/www.lansitec.com\/es\/productos\/rastreador-de-contenedores-nb-iot\/\" data-type=\"page\" data-id=\"7882\">Rastreador de contenedores NB-IoT y LTE-M<\/a><\/strong>:NB\u2011IoT\/LTE\u2011M con GNSS, carcasa IP68, bater\u00edas duales de Li\/SOCl2 de 4000 mAh que permiten ~5 a\u00f1os con un intervalo de informes de 30 minutos, adem\u00e1s de detecci\u00f3n de manipulaci\u00f3n, detecci\u00f3n de apertura\/cierre de puerta y cach\u00e9 sin conexi\u00f3n.<\/li>\n\n\n\n<li><strong><a href=\"https:\/\/www.lansitec.com\/es\/productos\/rastreador-de-contenedores-de-categoria-1\/\" data-type=\"page\" data-id=\"11951\">Rastreador de contenedores LTE Cat\u20111<\/a><\/strong>Seguimiento global de activos de alto valor con Cat\u20111 + GNSS (&lt;2,5 m), IP68, bater\u00edas duales Li\/SOCl\u2082 por hasta cinco a\u00f1os a intervalos de 30 minutos, detecci\u00f3n de manipulaci\u00f3n, detecci\u00f3n de apertura\/cierre de puertas, alertas de vibraci\u00f3n\/choque y etiquetas Bluetooth opcionales para art\u00edculos secundarios.<\/li>\n\n\n\n<li><strong><a href=\"https:\/\/www.lansitec.com\/es\/productos\/rastreador-de-contenedores-uwb\/\" data-type=\"page\" data-id=\"13226\">Rastreador de contenedores UWB<\/a><\/strong>: <a href=\"https:\/\/www.lansitec.com\/es\/lorawan\/\">LoRaWAN<\/a> + UWB para posicionamiento interior de alta precisi\u00f3n (hasta 10 cm) mediante anclajes y un <a href=\"https:\/\/www.lansitec.com\/es\/lorawan\/\">LoRaWAN<\/a> Puerta de enlace, con carcasa IP68 y bater\u00eda dual Li\/SOCl\u2082 de 4000 mAh para entornos hostiles.<\/li>\n<\/ul>\n\n\n\n<p><strong>Puntos clave relevantes para la instalaci\u00f3n<\/strong><\/p>\n\n\n\n<ul class=\"wp-block-list\">\n<li>Los gabinetes con clasificaci\u00f3n IP68 permiten el montaje en superficies exteriores de contenedores y el funcionamiento en climas hostiles o sitios al aire libre.<\/li>\n\n\n\n<li>Las bater\u00edas primarias de larga duraci\u00f3n minimizan las visitas de mantenimiento; las variantes NB-IoT\/LTE-M y Cat-1 especifican paquetes duales Li\/SOCl2 que apuntan a ~5 a\u00f1os con intervalos de informes de 30 minutos.<\/li>\n\n\n\n<li>El conjunto de sensores incluye protecci\u00f3n contra manipulaci\u00f3n y movimiento\/vibraci\u00f3n para detectar movimientos no autorizados, y NB-IoT\/LTE-M y Cat-1 tambi\u00e9n admiten eventos de apertura\/cierre de puertas para alertas de acceso a la carga.<\/li>\n\n\n\n<li>El posicionamiento utiliza GNSS en todos los modelos para lograr precisi\u00f3n en exteriores, mientras que Bluetooth en <a href=\"https:\/\/www.lansitec.com\/es\/lorawan\/\">LoRaWAN<\/a> y las etiquetas Bluetooth opcionales en Cat-1 ampl\u00edan el monitoreo de los art\u00edculos dentro de los contenedores.<\/li>\n<\/ul>\n\n\n\n<p><strong>Casos de uso<\/strong><\/p>\n\n\n\n<ul class=\"wp-block-list\">\n<li>Contenedores de env\u00edo internacionales, pallets y cajas de tr\u00e1nsito que requieren visibilidad constante en todos los viajes e instalaciones.<\/li>\n\n\n\n<li>Maquinaria pesada y equipos de alto valor que requieren seguimiento reforzado con alertas de manipulaci\u00f3n y vibraci\u00f3n\/choque.<\/li>\n\n\n\n<li>Supervisi\u00f3n a nivel de flota para reducir p\u00e9rdidas, agilizar la log\u00edstica y mantener el control operativo de extremo a extremo.<\/li>\n<\/ul>\n\n\n\n<p><strong>Aspectos t\u00e9cnicos destacados<\/strong><\/p>\n\n\n\n<ul class=\"wp-block-list\">\n<li>Opciones de conectividad: <a href=\"https:\/\/www.lansitec.com\/es\/lorawan\/\">LoRaWAN<\/a>, NB\u2011IoT\/LTE\u2011M y LTE Cat\u20111 para adaptarse a la cobertura regional, los presupuestos de datos y las necesidades de frecuencia de informes.<\/li>\n\n\n\n<li>Alimentaci\u00f3n: Bater\u00edas duales Li\/SOCl2 en variantes NB-IoT\/LTE-M y Cat-1 durante hasta cinco a\u00f1os a intervalos de 30 minutos; <a href=\"https:\/\/www.lansitec.com\/es\/lorawan\/\">LoRaWAN<\/a> Variante dise\u00f1ada para una vida \u00fatil ultralarga.<\/li>\n\n\n\n<li>Protecci\u00f3n y detecci\u00f3n: carcasa IP68, detecci\u00f3n de manipulaci\u00f3n, detecci\u00f3n de vibraciones\/golpes, apertura\/cierre de puerta (NB-IoT\/LTE-M y Cat-1) y cach\u00e9 sin conexi\u00f3n (NB-IoT\/LTE-M).<\/li>\n\n\n\n<li>Precisi\u00f3n y expansi\u00f3n: GNSS con &lt;2,5 m en Cat\u20111 y etiquetas Bluetooth opcionales para rastrear carga secundaria dentro de contenedores<\/li>\n<\/ul>\n\n\n\n<p><\/p>","protected":false},"excerpt":{"rendered":"<p>Get a complete overview of Lansitec\u2019s rugged container trackers across LoRaWAN, NB\u2011IoT\/LTE\u2011M, and LTE Cat\u20111\u2014built for indoor\/outdoor positioning with GNSS and advanced security sensors ideal for shipping containers, transit cases, pallets, heavy machinery, and fleet assets. \u2028 Each model offers an IP68 enclosure for harsh environments, tamper and motion sensing for security, and long battery&hellip;&nbsp;<a href=\"https:\/\/www.lansitec.com\/es\/preguntas-frecuentes\/guia-de-instalacion-del-rastreador-de-contenedores-lorawan-nbiot-ltem-lte-cat1-y-configuracion-uwb-caracteristicas-principales\/\" rel=\"bookmark\">Leer m\u00e1s \u00bb<span class=\"screen-reader-text\">Gu\u00eda de instalaci\u00f3n de Container Tracker: Configuraci\u00f3n y caracter\u00edsticas clave de LoRaWAN, NB-IoT\/LTE-M, LTE Cat-1 y UWB<\/span><\/a><\/p>","protected":false},"author":1,"featured_media":0,"parent":16835,"menu_order":0,"comment_status":"closed","ping_status":"closed","template":"","meta":{"neve_meta_sidebar":"","neve_meta_container":"","neve_meta_enable_content_width":"","neve_meta_content_width":0,"neve_meta_title_alignment":"","neve_meta_author_avatar":"","neve_post_elements_order":"","neve_meta_disable_header":"","neve_meta_disable_footer":"","neve_meta_disable_title":"","footnotes":""},"class_list":["post-16974","page","type-page","status-publish","hentry"],"_links":{"self":[{"href":"https:\/\/www.lansitec.com\/es\/wp-json\/wp\/v2\/pages\/16974","targetHints":{"allow":["GET"]}}],"collection":[{"href":"https:\/\/www.lansitec.com\/es\/wp-json\/wp\/v2\/pages"}],"about":[{"href":"https:\/\/www.lansitec.com\/es\/wp-json\/wp\/v2\/types\/page"}],"author":[{"embeddable":true,"href":"https:\/\/www.lansitec.com\/es\/wp-json\/wp\/v2\/users\/1"}],"replies":[{"embeddable":true,"href":"https:\/\/www.lansitec.com\/es\/wp-json\/wp\/v2\/comments?post=16974"}],"version-history":[{"count":0,"href":"https:\/\/www.lansitec.com\/es\/wp-json\/wp\/v2\/pages\/16974\/revisions"}],"up":[{"embeddable":true,"href":"https:\/\/www.lansitec.com\/es\/wp-json\/wp\/v2\/pages\/16835"}],"wp:attachment":[{"href":"https:\/\/www.lansitec.com\/es\/wp-json\/wp\/v2\/media?parent=16974"}],"curies":[{"name":"gracias","href":"https:\/\/api.w.org\/{rel}","templated":true}]}}