{"id":2371,"date":"2023-03-15T12:03:17","date_gmt":"2023-03-15T12:03:17","guid":{"rendered":"https:\/\/www.lansitec.com\/?page_id=2371"},"modified":"2025-01-31T08:58:39","modified_gmt":"2025-01-31T08:58:39","slug":"legal","status":"publish","type":"page","link":"https:\/\/www.lansitec.com\/es\/legal\/","title":{"rendered":"Legal"},"content":{"rendered":"<div data-elementor-type=\"wp-page\" data-elementor-id=\"2371\" class=\"elementor elementor-2371\" data-elementor-post-type=\"page\">\n\t\t\t\t\t\t<section class=\"elementor-section elementor-top-section elementor-element elementor-element-0d589d8 elementor-section-boxed elementor-section-height-default elementor-section-height-default\" data-id=\"0d589d8\" data-element_type=\"section\" data-e-type=\"section\" data-settings=\"{&quot;ekit_has_onepagescroll_dot&quot;:&quot;yes&quot;}\">\n\t\t\t\t\t\t<div class=\"elementor-container elementor-column-gap-default\">\n\t\t\t\t\t<div class=\"elementor-column elementor-col-100 elementor-top-column elementor-element elementor-element-f725ede\" data-id=\"f725ede\" data-element_type=\"column\" data-e-type=\"column\">\n\t\t\t<div class=\"elementor-widget-wrap elementor-element-populated\">\n\t\t\t\t\t\t<div class=\"elementor-element elementor-element-e1383e3 elementor-widget elementor-widget-breadcrumbs\" data-id=\"e1383e3\" data-element_type=\"widget\" data-e-type=\"widget\" data-settings=\"{&quot;ekit_we_effect_on&quot;:&quot;none&quot;}\" data-widget_type=\"breadcrumbs.default\">\n\t\t\t\t<div class=\"elementor-widget-container\">\n\t\t\t\t\t<nav aria-label=\"pan rallado\" class=\"rank-math-breadcrumb\"><p><span class=\"last\">Hogar<\/span><\/p><\/nav>\t\t\t\t<\/div>\n\t\t\t\t<\/div>\n\t\t\t\t\t<\/div>\n\t\t<\/div>\n\t\t\t\t\t<\/div>\n\t\t<\/section>\n\t\t\t\t<section class=\"elementor-section elementor-top-section elementor-element elementor-element-8d22540 elementor-section-boxed elementor-section-height-default elementor-section-height-default\" data-id=\"8d22540\" data-element_type=\"section\" data-e-type=\"section\" data-settings=\"{&quot;ekit_has_onepagescroll_dot&quot;:&quot;yes&quot;}\">\n\t\t\t\t\t\t<div class=\"elementor-container elementor-column-gap-default\">\n\t\t\t\t\t<div class=\"elementor-column elementor-col-100 elementor-top-column elementor-element elementor-element-dacc1fa\" data-id=\"dacc1fa\" data-element_type=\"column\" data-e-type=\"column\">\n\t\t\t<div class=\"elementor-widget-wrap elementor-element-populated\">\n\t\t\t\t\t\t<div class=\"elementor-element elementor-element-de985f0 elementor-widget elementor-widget-heading\" data-id=\"de985f0\" data-element_type=\"widget\" data-e-type=\"widget\" data-settings=\"{&quot;ekit_we_effect_on&quot;:&quot;none&quot;}\" data-widget_type=\"heading.default\">\n\t\t\t\t\t<h1 class=\"elementor-heading-title elementor-size-default\">ARTICULO LEGAL<\/h1>\t\t\t\t<\/div>\n\t\t\t\t<div class=\"elementor-element elementor-element-8463dab elementor-widget elementor-widget-text-editor\" data-id=\"8463dab\" data-element_type=\"widget\" data-e-type=\"widget\" data-settings=\"{&quot;ekit_we_effect_on&quot;:&quot;none&quot;}\" data-widget_type=\"text-editor.default\">\n\t\t\t\t\t\t\t\t\t<div class=\"privacy_content\">\n\nLANSITEC se esfuerza por brindar transparencia y confianza en la protecci\u00f3n de su privacidad y nos esforzamos por explicarle claramente c\u00f3mo recopilamos y procesamos su informaci\u00f3n. Para nosotros es importante que disfrute utilizando nuestros servicios. <a href=\"https:\/\/www.lansitec.com\/es\/productos\/\">productos<\/a>, servicios y sitios web sin comprometer su privacidad. Esta pol\u00edtica describe c\u00f3mo recopilamos y utilizamos los diferentes tipos de informaci\u00f3n personal y de comportamiento, y los motivos para hacerlo. Tiene derecho a acceder, modificar o eliminar su informaci\u00f3n personal en cualquier momento. Puede obtener m\u00e1s informaci\u00f3n sobre esto y sus derechos en nuestra secci\u00f3n de preguntas frecuentes. Tambi\u00e9n puede contactar directamente con nuestro Equipo de Privacidad; sus datos se encuentran en nuestra secci\u00f3n &quot;Cont\u00e1ctenos&quot;. Consulte la secci\u00f3n &quot;Privacidad&quot; para consultar nuestra pol\u00edtica de privacidad.\n\n<\/div>\n<h3 class=\"privacy_head1\"><em><b>I. ENLACES EXTERNOS\n<\/b><\/em><\/h3>\n<div class=\"privacy_content\">Esta pol\u00edtica de privacidad solo se aplica al uso de datos de LANSITEC, nuestros sitios web, servicios o <a href=\"https:\/\/www.lansitec.com\/es\/productos\/\">productos<\/a> Ocasionalmente, puede contener enlaces a sitios externos, usarlos o estar presente en ellos. LANSITEC no se responsabiliza de las pol\u00edticas de privacidad ni del contenido de dichos sitios, y le recomendamos que lea las pol\u00edticas de privacidad de cualquier sitio externo que utilice. Asimismo, si un tercero le redirige a nuestro sitio web, no nos responsabilizamos de su pol\u00edtica ni de sus pr\u00e1cticas de privacidad. Le recomendamos encarecidamente que lea su pol\u00edtica.<\/div>\n<div><\/div>\n<h3 class=\"privacy_head1\"><em><strong>II. DATOS PERSONALES<\/strong><\/em><\/h3>\n<div class=\"privacy_content\">Las cookies son peque\u00f1os archivos que se crean en su navegador web cuando visita cualquiera de nuestros sitios web. Las cookies ayudan a que su experiencia en l\u00ednea sea m\u00e1s eficiente y relevante para sus intereses. Por ejemplo, se utilizan para recordar sus preferencias en los sitios que visita con frecuencia, para recordar su ID de usuario y el contenido de sus cestas de compra, y para ayudarlo a navegar entre p\u00e1ginas de manera m\u00e1s eficiente. No recopilamos ninguna otra cookie m\u00e1s all\u00e1 de las recopiladas por Google Analytics.<\/div>\n<div><\/div>\n<h3 class=\"privacy_head1\"><em><strong>III. CONTACTO<\/strong><\/em><\/h3>\n<div class=\"privacy_content\">\n\nEl responsable de este sitio web (el \u201ccontrolador\u201d) a los efectos de la ley de protecci\u00f3n de datos es: LANSITEC Technology Co., Ltd. Room 501, No.21 Huashen Avenue, Nanjing, China Tel\u00e9fono: +86-25-8335-8776 Correo electr\u00f3nico: contact@lansitec.com\n\n<\/div>\n<h3 class=\"privacy_head1\"><em><span style=\"text-decoration: underline;\"><strong>IV. Preguntas frecuentes<\/strong><\/span><\/em><\/h3>\n<div>\u00bfC\u00f3mo puedo ver qu\u00e9 informaci\u00f3n tienen sobre m\u00ed?<\/div>\n<div class=\"privacy_content\">\n<div class=\"privacy_q\">Puede ponerse en contacto con nuestro responsable de privacidad de datos tal y como se establece en nuestra secci\u00f3n \u201cCont\u00e1ctenos\u201d m\u00e1s arriba.<\/div>\n<div class=\"privacy_a\">\u00bfC\u00f3mo puedo inhabilitar la elaboraci\u00f3n de perfiles?<\/div>\n<div class=\"privacy_q\">Puede ponerse en contacto con nosotros en cualquier momento. Un miembro de nuestro equipo de privacidad de datos se pondr\u00e1 en contacto con usted en relaci\u00f3n con su solicitud.<\/div>\n<div class=\"privacy_a\">\u00bfC\u00f3mo puedo dejar de recibir comunicaciones de marketing?<\/div>\n<div class=\"privacy_q\">Puede actualizar sus preferencias en cualquier momento y tambi\u00e9n puede optar por no recibir correos electr\u00f3nicos de marketing haciendo clic en el enlace para cancelar la suscripci\u00f3n que se encuentra en la parte inferior de nuestros correos electr\u00f3nicos. Para otras partes de Leverege LLC, puede comunicarse con nosotros.<\/div>\n<div class=\"privacy_a\">\u00bfC\u00f3mo hago una reclamaci\u00f3n?<\/div>\n<div class=\"privacy_q\">Si tiene alguna queja sobre cualquier aspecto de su informaci\u00f3n personal o esta pol\u00edtica de privacidad, escriba directamente al equipo de privacidad de datos.<\/div>\n<div class=\"privacy_a\">\u00bfPuedo pedir que eliminen mi informaci\u00f3n?<\/div>\n<div class=\"privacy_q\">S\u00ed, solo tiene que ponerse en contacto con nosotros. Consideraremos su solicitud y tomaremos las medidas adecuadas, que pueden implicar suprimirla en lugar de eliminarla para garantizar que a\u00fan podamos seguir siguiendo sus preferencias sobre si podemos o no enviarle publicidad.<\/div>\n<div class=\"privacy_a\">\u00bfC\u00f3mo actualizo mi informaci\u00f3n?<\/div>\n<div class=\"privacy_q\">Puede actualizarlo en cualquier momento a trav\u00e9s de su cuenta en l\u00ednea o simplemente contactarnos.<\/div>\n<div><\/div>\n<\/div>\n<h3 class=\"privacy_head1\"><em><strong>V. CAMBIOS A ESTA POL\u00cdTICA<\/strong><\/em><\/h3>\n<div class=\"privacy_content\">De vez en cuando, podemos realizar cambios en la pol\u00edtica de privacidad. Esto puede estar relacionado con cambios en la ley, las mejores pr\u00e1cticas o cambios en nuestros servicios. Estos cambios se reflejar\u00e1n en esta declaraci\u00f3n, por lo que debe consultarla peri\u00f3dicamente.<\/div>\t\t\t\t\t\t\t\t<\/div>\n\t\t\t\t\t<\/div>\n\t\t<\/div>\n\t\t\t\t\t<\/div>\n\t\t<\/section>\n\t\t\t\t<\/div>","protected":false},"excerpt":{"rendered":"<p>ART\u00cdCULO LEGAL: En LANSITEC, nos esforzamos por brindar transparencia y confianza a la hora de proteger su privacidad y le explicamos claramente c\u00f3mo recopilamos y procesamos su informaci\u00f3n. Para nosotros, es importante que disfrute de nuestros productos, servicios y sitios web sin comprometer su privacidad. Esta pol\u00edtica describe c\u00f3mo recopilamos\u2026&nbsp;<a href=\"https:\/\/www.lansitec.com\/es\/legal\/\" rel=\"bookmark\">Leer m\u00e1s \u00bb<span class=\"screen-reader-text\">Legal<\/span><\/a><\/p>","protected":false},"author":1,"featured_media":2403,"parent":0,"menu_order":0,"comment_status":"closed","ping_status":"closed","template":"elementor_header_footer","meta":{"neve_meta_sidebar":"","neve_meta_container":"","neve_meta_enable_content_width":"","neve_meta_content_width":0,"neve_meta_title_alignment":"","neve_meta_author_avatar":"","neve_post_elements_order":"","neve_meta_disable_header":"","neve_meta_disable_footer":"","neve_meta_disable_title":"","footnotes":""},"class_list":["post-2371","page","type-page","status-publish","has-post-thumbnail","hentry"],"_links":{"self":[{"href":"https:\/\/www.lansitec.com\/es\/wp-json\/wp\/v2\/pages\/2371","targetHints":{"allow":["GET"]}}],"collection":[{"href":"https:\/\/www.lansitec.com\/es\/wp-json\/wp\/v2\/pages"}],"about":[{"href":"https:\/\/www.lansitec.com\/es\/wp-json\/wp\/v2\/types\/page"}],"author":[{"embeddable":true,"href":"https:\/\/www.lansitec.com\/es\/wp-json\/wp\/v2\/users\/1"}],"replies":[{"embeddable":true,"href":"https:\/\/www.lansitec.com\/es\/wp-json\/wp\/v2\/comments?post=2371"}],"version-history":[{"count":0,"href":"https:\/\/www.lansitec.com\/es\/wp-json\/wp\/v2\/pages\/2371\/revisions"}],"wp:featuredmedia":[{"embeddable":true,"href":"https:\/\/www.lansitec.com\/es\/wp-json\/wp\/v2\/media\/2403"}],"wp:attachment":[{"href":"https:\/\/www.lansitec.com\/es\/wp-json\/wp\/v2\/media?parent=2371"}],"curies":[{"name":"gracias","href":"https:\/\/api.w.org\/{rel}","templated":true}]}}