{"id":2386,"date":"2023-03-15T12:10:04","date_gmt":"2023-03-15T12:10:04","guid":{"rendered":"https:\/\/www.lansitec.com\/?page_id=2386"},"modified":"2025-01-31T08:54:48","modified_gmt":"2025-01-31T08:54:48","slug":"warranty","status":"publish","type":"page","link":"https:\/\/www.lansitec.com\/es\/garantia\/","title":{"rendered":"Garant\u00eda"},"content":{"rendered":"<div data-elementor-type=\"wp-page\" data-elementor-id=\"2386\" class=\"elementor elementor-2386\" data-elementor-post-type=\"page\">\n\t\t\t\t\t\t<section class=\"elementor-section elementor-top-section elementor-element elementor-element-0d589d8 elementor-section-boxed elementor-section-height-default elementor-section-height-default\" data-id=\"0d589d8\" data-element_type=\"section\" data-e-type=\"section\" data-settings=\"{&quot;ekit_has_onepagescroll_dot&quot;:&quot;yes&quot;}\">\n\t\t\t\t\t\t<div class=\"elementor-container elementor-column-gap-default\">\n\t\t\t\t\t<div class=\"elementor-column elementor-col-100 elementor-top-column elementor-element elementor-element-f725ede\" data-id=\"f725ede\" data-element_type=\"column\" data-e-type=\"column\">\n\t\t\t<div class=\"elementor-widget-wrap elementor-element-populated\">\n\t\t\t\t\t\t<div class=\"elementor-element elementor-element-e1383e3 elementor-widget elementor-widget-breadcrumbs\" data-id=\"e1383e3\" data-element_type=\"widget\" data-e-type=\"widget\" data-settings=\"{&quot;ekit_we_effect_on&quot;:&quot;none&quot;}\" data-widget_type=\"breadcrumbs.default\">\n\t\t\t\t<div class=\"elementor-widget-container\">\n\t\t\t\t\t<nav aria-label=\"pan rallado\" class=\"rank-math-breadcrumb\"><p><span class=\"last\">Hogar<\/span><\/p><\/nav>\t\t\t\t<\/div>\n\t\t\t\t<\/div>\n\t\t\t\t\t<\/div>\n\t\t<\/div>\n\t\t\t\t\t<\/div>\n\t\t<\/section>\n\t\t\t\t<section class=\"elementor-section elementor-top-section elementor-element elementor-element-8d22540 elementor-section-boxed elementor-section-height-default elementor-section-height-default\" data-id=\"8d22540\" data-element_type=\"section\" data-e-type=\"section\" data-settings=\"{&quot;ekit_has_onepagescroll_dot&quot;:&quot;yes&quot;}\">\n\t\t\t\t\t\t<div class=\"elementor-container elementor-column-gap-default\">\n\t\t\t\t\t<div class=\"elementor-column elementor-col-100 elementor-top-column elementor-element elementor-element-dacc1fa\" data-id=\"dacc1fa\" data-element_type=\"column\" data-e-type=\"column\">\n\t\t\t<div class=\"elementor-widget-wrap elementor-element-populated\">\n\t\t\t\t\t\t<div class=\"elementor-element elementor-element-de985f0 elementor-widget elementor-widget-heading\" data-id=\"de985f0\" data-element_type=\"widget\" data-e-type=\"widget\" data-settings=\"{&quot;ekit_we_effect_on&quot;:&quot;none&quot;}\" data-widget_type=\"heading.default\">\n\t\t\t\t\t<h1 class=\"elementor-heading-title elementor-size-default\">GARANT\u00cdA DEL PRODUCTO\n<\/h1>\t\t\t\t<\/div>\n\t\t\t\t<div class=\"elementor-element elementor-element-8463dab elementor-widget__width-initial elementor-widget elementor-widget-text-editor\" data-id=\"8463dab\" data-element_type=\"widget\" data-e-type=\"widget\" data-settings=\"{&quot;ekit_we_effect_on&quot;:&quot;none&quot;}\" data-widget_type=\"text-editor.default\">\n\t\t\t\t\t\t\t\t\t<div>\n<div>\n<div>LANSITEC se esfuerza por brindar un servicio de calidad y <a href=\"https:\/\/www.lansitec.com\/es\/productos\/\">productos<\/a>. Para nosotros es importante que disfrutes usando nuestro <a href=\"https:\/\/www.lansitec.com\/es\/productos\/\">productos<\/a>, servicios y sitios web sin comprometer su privacidad de ninguna manera. Esta pol\u00edtica describe<br>C\u00f3mo garantizamos la calidad general de nuestros <a href=\"https:\/\/www.lansitec.com\/es\/productos\/\">productos<\/a> y servicios. Tambi\u00e9n puede contactar directamente con nuestro Equipo de Producto; sus datos se encuentran en nuestra secci\u00f3n &quot;Cont\u00e1ctenos&quot;.<\/div>\n<div>&nbsp;<\/div>\n<h3><em><strong>I. DEVOLUCIONES<\/strong><\/em><\/h3>\n<div><a href=\"https:\/\/www.lansitec.com\/es\/productos\/\">Productos<\/a> que se entreguen muertos al llegar (\u201cDOA\u201d), da\u00f1ados durante el env\u00edo o que de otra manera no cumplan con la orden de compra correspondiente, ser\u00e1n reemplazados en el siguiente pedido.<\/div>\n<div>&nbsp;<\/div>\n<h3><em><strong>II. GARANT\u00cdA<\/strong><\/em><\/h3>\n<div>Todos los productos y servicios tienen garant\u00eda.<\/div>\n<div>(i) cumplir con las especificaciones del Proveedor y sin defectos de fabricaci\u00f3n o dise\u00f1o,<br>(ii) estar libre de cualquier dispositivo deshabilitante, \u201cbomba de tiempo\u201d o mecanismo de control remoto que pudiera, o pudiera utilizarse para, impedir intencionalmente el funcionamiento del Producto o da\u00f1ar el entorno o el software de los sistemas inform\u00e1ticos de los Clientes en cualquier aspecto, o comprometer la integridad de cualquier archivo o dato;<br>(iii) han sido probados para garantizar que no contienen ning\u00fan virus de software;<br>(iv) no incluya c\u00f3digo fuente abierto a menos que el Revendedor lo acuerde espec\u00edficamente. El Revendedor est\u00e1 autorizado a transferir y ceder la garant\u00eda al\/a los Cliente(s). El Proveedor cumplir\u00e1 con las reclamaciones de garant\u00eda realizadas directamente por el\/los Cliente(s). Cualquier falla del\/de los <a href=\"https:\/\/www.lansitec.com\/es\/productos\/\">Productos<\/a> o Servicio para cumplir con la garant\u00eda anterior o cualquier otra<br>El Proveedor solucionar\u00e1 las especificaciones acordadas por las Partes sin costo alguno para el Revendedor o el Cliente(s) durante el per\u00edodo de garant\u00eda (un a\u00f1o). Los servicios ser\u00e1n prestados por personas calificadas de manera profesional y diligente, de conformidad con las normas y pr\u00e1cticas generalmente aceptadas en la industria.<br>SALVO LO ESTABLECIDO EN ESTE DOCUMENTO O LO ACORDADO POR ESCRITO, EL PROVEEDOR RENUNCIA A TODAS Y CADA UNA DE LAS REPRESENTACIONES, GARANT\u00cdAS Y CONDICIONES, YA SEAN EXPRESAS O IMPL\u00cdCITAS, INCLUYENDO, ENTRE OTRAS, LAS GARANT\u00cdAS IMPL\u00cdCITAS DE COMERCIABILIDAD E IDONEIDAD PARA UN PROP\u00d3SITO PARTICULAR.<\/div>\n<div>&nbsp;<\/div>\n<h3><em><b>III. CONTACTO<\/b><\/em><\/h3>\n<div>\n<p>El responsable de este sitio web (el \u201cresponsable\u201d) a efectos de la legislaci\u00f3n en materia de protecci\u00f3n de datos es:<\/p>\n<p>Tecnolog\u00eda Lansitec Co., Ltd.<br>Habitaci\u00f3n 501, No.21 Avenida Huashen,<br>Nanjing, China<\/p>\n<p>+86-25-8335-8776<br>Correo electr\u00f3nico: contact@lansitec.com<\/p>\n<\/div>\n<h3><em><strong>IV. RMA<\/strong><\/em><\/h3>\n<div>Para devolver el producto y ayudarnos a mejorar su rendimiento, complete el siguiente formulario:&nbsp;<a href=\"https:\/\/www.lansitec.com\/es\/formulario-de-devolucion-de-mercancias\/\">Formulario de devoluci\u00f3n de mercanc\u00edas.<\/a><\/div>\n<\/div>\n<\/div>\t\t\t\t\t\t\t\t<\/div>\n\t\t\t\t\t<\/div>\n\t\t<\/div>\n\t\t\t\t\t<\/div>\n\t\t<\/section>\n\t\t\t\t<\/div>","protected":false},"excerpt":{"rendered":"<p>GARANT\u00cdA DEL PRODUCTO: En LANSITEC nos esforzamos por ofrecer productos y servicios de calidad. Para nosotros, es importante que disfrute de nuestros productos, servicios y sitios web sin comprometer su privacidad. Esta pol\u00edtica describe c\u00f3mo garantizamos la calidad general de nuestros productos y servicios. Tambi\u00e9n puede contactar directamente con nuestro Equipo de Producto; su\u2026&nbsp;<a href=\"https:\/\/www.lansitec.com\/es\/garantia\/\" rel=\"bookmark\">Leer m\u00e1s \u00bb<span class=\"screen-reader-text\">Garant\u00eda<\/span><\/a><\/p>","protected":false},"author":1,"featured_media":0,"parent":0,"menu_order":0,"comment_status":"closed","ping_status":"closed","template":"elementor_header_footer","meta":{"neve_meta_sidebar":"","neve_meta_container":"","neve_meta_enable_content_width":"","neve_meta_content_width":0,"neve_meta_title_alignment":"","neve_meta_author_avatar":"","neve_post_elements_order":"","neve_meta_disable_header":"","neve_meta_disable_footer":"","neve_meta_disable_title":"","footnotes":""},"class_list":["post-2386","page","type-page","status-publish","hentry"],"_links":{"self":[{"href":"https:\/\/www.lansitec.com\/es\/wp-json\/wp\/v2\/pages\/2386","targetHints":{"allow":["GET"]}}],"collection":[{"href":"https:\/\/www.lansitec.com\/es\/wp-json\/wp\/v2\/pages"}],"about":[{"href":"https:\/\/www.lansitec.com\/es\/wp-json\/wp\/v2\/types\/page"}],"author":[{"embeddable":true,"href":"https:\/\/www.lansitec.com\/es\/wp-json\/wp\/v2\/users\/1"}],"replies":[{"embeddable":true,"href":"https:\/\/www.lansitec.com\/es\/wp-json\/wp\/v2\/comments?post=2386"}],"version-history":[{"count":0,"href":"https:\/\/www.lansitec.com\/es\/wp-json\/wp\/v2\/pages\/2386\/revisions"}],"wp:attachment":[{"href":"https:\/\/www.lansitec.com\/es\/wp-json\/wp\/v2\/media?parent=2386"}],"curies":[{"name":"gracias","href":"https:\/\/api.w.org\/{rel}","templated":true}]}}