{"id":5489,"date":"2023-10-27T10:02:16","date_gmt":"2023-10-27T10:02:16","guid":{"rendered":"https:\/\/www.lansitec.com\/?page_id=5489"},"modified":"2025-02-24T10:55:02","modified_gmt":"2025-02-24T10:55:02","slug":"exemption-clause","status":"publish","type":"page","link":"https:\/\/www.lansitec.com\/es\/clausula-de-exencion\/","title":{"rendered":"Cl\u00e1usula de exenci\u00f3n"},"content":{"rendered":"<div data-elementor-type=\"wp-page\" data-elementor-id=\"5489\" class=\"elementor elementor-5489\" data-elementor-post-type=\"page\">\n\t\t\t\t\t\t<section class=\"elementor-section elementor-top-section elementor-element elementor-element-0d589d8 elementor-section-boxed elementor-section-height-default elementor-section-height-default\" data-id=\"0d589d8\" data-element_type=\"section\" data-e-type=\"section\" data-settings=\"{&quot;ekit_has_onepagescroll_dot&quot;:&quot;yes&quot;}\">\n\t\t\t\t\t\t<div class=\"elementor-container elementor-column-gap-default\">\n\t\t\t\t\t<div class=\"elementor-column elementor-col-100 elementor-top-column elementor-element elementor-element-f725ede\" data-id=\"f725ede\" data-element_type=\"column\" data-e-type=\"column\">\n\t\t\t<div class=\"elementor-widget-wrap elementor-element-populated\">\n\t\t\t\t\t\t<div class=\"elementor-element elementor-element-e1383e3 elementor-widget elementor-widget-breadcrumbs\" data-id=\"e1383e3\" data-element_type=\"widget\" data-e-type=\"widget\" data-settings=\"{&quot;ekit_we_effect_on&quot;:&quot;none&quot;}\" data-widget_type=\"breadcrumbs.default\">\n\t\t\t\t<div class=\"elementor-widget-container\">\n\t\t\t\t\t<nav aria-label=\"pan rallado\" class=\"rank-math-breadcrumb\"><p><span class=\"last\">Hogar<\/span><\/p><\/nav>\t\t\t\t<\/div>\n\t\t\t\t<\/div>\n\t\t\t\t\t<\/div>\n\t\t<\/div>\n\t\t\t\t\t<\/div>\n\t\t<\/section>\n\t\t\t\t<section class=\"elementor-section elementor-top-section elementor-element elementor-element-8d22540 elementor-section-boxed elementor-section-height-default elementor-section-height-default\" data-id=\"8d22540\" data-element_type=\"section\" data-e-type=\"section\" data-settings=\"{&quot;ekit_has_onepagescroll_dot&quot;:&quot;yes&quot;}\">\n\t\t\t\t\t\t<div class=\"elementor-container elementor-column-gap-default\">\n\t\t\t\t\t<div class=\"elementor-column elementor-col-100 elementor-top-column elementor-element elementor-element-dacc1fa\" data-id=\"dacc1fa\" data-element_type=\"column\" data-e-type=\"column\">\n\t\t\t<div class=\"elementor-widget-wrap elementor-element-populated\">\n\t\t\t\t\t\t<div class=\"elementor-element elementor-element-de985f0 elementor-widget elementor-widget-heading\" data-id=\"de985f0\" data-element_type=\"widget\" data-e-type=\"widget\" data-settings=\"{&quot;ekit_we_effect_on&quot;:&quot;none&quot;}\" data-widget_type=\"heading.default\">\n\t\t\t\t\t<h1 class=\"elementor-heading-title elementor-size-default\">Cl\u00e1usula de exenci\u00f3n<\/h1>\t\t\t\t<\/div>\n\t\t\t\t<div class=\"elementor-element elementor-element-8463dab elementor-widget elementor-widget-text-editor\" data-id=\"8463dab\" data-element_type=\"widget\" data-e-type=\"widget\" data-settings=\"{&quot;ekit_we_effect_on&quot;:&quot;none&quot;}\" data-widget_type=\"text-editor.default\">\n\t\t\t\t\t\t\t\t\t<p>Lansitec hace todo lo posible para garantizar que todo su contenido publicitario y de marketing sea preciso y est\u00e9 actualizado. Sin embargo, Lansitec no puede garantizar que toda la informaci\u00f3n contenida en sus materiales publicitarios y de marketing sea completamente precisa o libre de errores en todo momento. Lansitec se reserva el derecho de corregir cualquier error u omisi\u00f3n en sus materiales publicitarios y de marketing en cualquier momento y sin previo aviso.<\/p><p>Lansitec no es responsable de ning\u00fan da\u00f1o, ya sea directo, indirecto, incidental, especial, consecuente o ejemplar, que surja de o en conexi\u00f3n con el uso o la confianza en cualquier informaci\u00f3n contenida en sus materiales publicitarios y de marketing.<\/p><p><strong>Esta cl\u00e1usula de excepci\u00f3n se aplica a todo el contenido publicitario y de marketing de Lansitec, incluidos, entre otros:<\/strong><\/p>\t\t\t\t\t\t\t\t<\/div>\n\t\t\t\t<div class=\"elementor-element elementor-element-3de220b elementor-widget elementor-widget-text-editor\" data-id=\"3de220b\" data-element_type=\"widget\" data-e-type=\"widget\" data-settings=\"{&quot;ekit_we_effect_on&quot;:&quot;none&quot;}\" data-widget_type=\"text-editor.default\">\n\t\t\t\t\t\t\t\t\t<ul><li>Contenido del sitio web<\/li><li>Publicaciones en redes sociales<\/li><li>Campa\u00f1as de marketing por correo electr\u00f3nico<\/li><li>Publicidad impresa<\/li><li>Anuncios de televisi\u00f3n y radio<\/li><\/ul>\t\t\t\t\t\t\t\t<\/div>\n\t\t\t\t<div class=\"elementor-element elementor-element-0c45133 elementor-widget elementor-widget-text-editor\" data-id=\"0c45133\" data-element_type=\"widget\" data-e-type=\"widget\" data-settings=\"{&quot;ekit_we_effect_on&quot;:&quot;none&quot;}\" data-widget_type=\"text-editor.default\">\n\t\t\t\t\t\t\t\t\t<p>Si tiene alguna pregunta o inquietud sobre la informaci\u00f3n contenida en los materiales publicitarios y de marketing de Lansitec, no dude en contactarnos.<\/p><p><strong>Notas adicionales:<\/strong><\/p>\t\t\t\t\t\t\t\t<\/div>\n\t\t\t\t<div class=\"elementor-element elementor-element-ef9e729 elementor-widget elementor-widget-text-editor\" data-id=\"ef9e729\" data-element_type=\"widget\" data-e-type=\"widget\" data-settings=\"{&quot;ekit_we_effect_on&quot;:&quot;none&quot;}\" data-widget_type=\"text-editor.default\">\n\t\t\t\t\t\t\t\t\t<ul><li>Lansitec puede actualizar esta cl\u00e1usula de excepci\u00f3n en cualquier momento sin previo aviso.<\/li><li>Esta cl\u00e1usula de excepci\u00f3n se rige e interpreta de conformidad con las leyes de la Rep\u00fablica Popular China.<\/li><li>Cualquier disputa que surja de o en conexi\u00f3n con esta cl\u00e1usula de excepci\u00f3n estar\u00e1 sujeta a la jurisdicci\u00f3n exclusiva de los tribunales de la Rep\u00fablica Popular China.<\/li><\/ul>\t\t\t\t\t\t\t\t<\/div>\n\t\t\t\t\t<\/div>\n\t\t<\/div>\n\t\t\t\t\t<\/div>\n\t\t<\/section>\n\t\t\t\t<\/div>","protected":false},"excerpt":{"rendered":"<p>Cl\u00e1usula de Exenci\u00f3n. Lansitec se esfuerza al m\u00e1ximo para garantizar que todo su contenido publicitario y de marketing sea preciso y est\u00e9 actualizado. Sin embargo, Lansitec no puede garantizar que toda la informaci\u00f3n contenida en sus materiales publicitarios y de marketing sea completamente precisa o est\u00e9 libre de errores en todo momento. Lansitec se reserva el derecho de corregir cualquier error u omisi\u00f3n en\u2026&nbsp;<a href=\"https:\/\/www.lansitec.com\/es\/clausula-de-exencion\/\" rel=\"bookmark\">Leer m\u00e1s \u00bb<span class=\"screen-reader-text\">Cl\u00e1usula de exenci\u00f3n<\/span><\/a><\/p>","protected":false},"author":1,"featured_media":0,"parent":0,"menu_order":0,"comment_status":"closed","ping_status":"closed","template":"elementor_header_footer","meta":{"neve_meta_sidebar":"","neve_meta_container":"","neve_meta_enable_content_width":"","neve_meta_content_width":0,"neve_meta_title_alignment":"","neve_meta_author_avatar":"","neve_post_elements_order":"","neve_meta_disable_header":"","neve_meta_disable_footer":"","neve_meta_disable_title":"","footnotes":""},"class_list":["post-5489","page","type-page","status-publish","hentry"],"_links":{"self":[{"href":"https:\/\/www.lansitec.com\/es\/wp-json\/wp\/v2\/pages\/5489","targetHints":{"allow":["GET"]}}],"collection":[{"href":"https:\/\/www.lansitec.com\/es\/wp-json\/wp\/v2\/pages"}],"about":[{"href":"https:\/\/www.lansitec.com\/es\/wp-json\/wp\/v2\/types\/page"}],"author":[{"embeddable":true,"href":"https:\/\/www.lansitec.com\/es\/wp-json\/wp\/v2\/users\/1"}],"replies":[{"embeddable":true,"href":"https:\/\/www.lansitec.com\/es\/wp-json\/wp\/v2\/comments?post=5489"}],"version-history":[{"count":0,"href":"https:\/\/www.lansitec.com\/es\/wp-json\/wp\/v2\/pages\/5489\/revisions"}],"wp:attachment":[{"href":"https:\/\/www.lansitec.com\/es\/wp-json\/wp\/v2\/media?parent=5489"}],"curies":[{"name":"gracias","href":"https:\/\/api.w.org\/{rel}","templated":true}]}}