{"id":6500,"date":"2024-03-20T18:11:26","date_gmt":"2024-03-20T18:11:26","guid":{"rendered":"https:\/\/www.lansitec.com\/?page_id=6500"},"modified":"2025-09-24T05:48:54","modified_gmt":"2025-09-24T12:48:54","slug":"applications","status":"publish","type":"page","link":"https:\/\/www.lansitec.com\/es\/aplicaciones\/","title":{"rendered":"Aplicaciones"},"content":{"rendered":"<div data-elementor-type=\"wp-page\" data-elementor-id=\"6500\" class=\"elementor elementor-6500\" data-elementor-post-type=\"page\">\n\t\t\t\t\t\t<section class=\"elementor-section elementor-top-section elementor-element elementor-element-b63da2 elementor-section-boxed elementor-section-height-default elementor-section-height-default\" data-id=\"b63da2\" data-element_type=\"section\" data-e-type=\"section\" data-settings=\"{&quot;background_background&quot;:&quot;classic&quot;,&quot;ekit_has_onepagescroll_dot&quot;:&quot;yes&quot;}\">\n\t\t\t\t\t\t<div class=\"elementor-container elementor-column-gap-default\">\n\t\t\t\t\t<div class=\"elementor-column elementor-col-100 elementor-top-column elementor-element elementor-element-186218a6\" data-id=\"186218a6\" data-element_type=\"column\" data-e-type=\"column\">\n\t\t\t<div class=\"elementor-widget-wrap elementor-element-populated\">\n\t\t\t\t\t\t<div class=\"elementor-element elementor-element-7a3fda86 elementor-widget elementor-widget-elementskit-heading\" data-id=\"7a3fda86\" data-element_type=\"widget\" data-e-type=\"widget\" data-settings=\"{&quot;ekit_we_effect_on&quot;:&quot;none&quot;}\" data-widget_type=\"elementskit-heading.default\">\n\t\t\t\t\t<div class=\"ekit-wid-con\" ><div class=\"ekit-heading elementskit-section-title-wraper text_center   ekit_heading_tablet-   ekit_heading_mobile-\"><h1 class=\"ekit-heading--title elementskit-section-title\">Traer <span><span>Innovador<\/span><\/span> Soluciones de aplicaciones de seguimiento<\/h1>\t\t\t\t<div class='ekit-heading__description'>\n\t\t\t\t\t<p>En Lansitec, nos dedicamos a ser pioneros en el futuro de las aplicaciones de seguimiento de IoT. <a href=\"https:\/\/www.lansitec.com\/de\/losungen\/\">Soluciones<\/a>, ofreciendo una amplia gama de <a href=\"https:\/\/www.lansitec.com\/de\/produkte\/\">productos<\/a> Dise\u00f1ados para satisfacer las diversas necesidades de nuestros clientes, nuestros servicios est\u00e1n dise\u00f1ados para optimizar la gesti\u00f3n de activos y personal mediante el uso innovador de la tecnolog\u00eda, brindando precisi\u00f3n, eficiencia y confiabilidad inigualables.<\/p>\n\t\t\t\t<\/div>\n\t\t\t<\/div><\/div>\t\t\t\t<\/div>\n\t\t\t\t<section class=\"elementor-section elementor-inner-section elementor-element elementor-element-a4ba22b elementor-section-boxed elementor-section-height-default elementor-section-height-default\" data-id=\"a4ba22b\" data-element_type=\"section\" data-e-type=\"section\" data-settings=\"{&quot;ekit_has_onepagescroll_dot&quot;:&quot;yes&quot;}\">\n\t\t\t\t\t\t<div class=\"elementor-container elementor-column-gap-default\">\n\t\t\t\t\t<div class=\"elementor-column elementor-col-33 elementor-inner-column elementor-element elementor-element-542aaf40\" data-id=\"542aaf40\" data-element_type=\"column\" data-e-type=\"column\">\n\t\t\t<div class=\"elementor-widget-wrap elementor-element-populated\">\n\t\t\t\t\t\t<div class=\"elementor-element elementor-element-2b1cb7ed ekit-equal-height-disable elementor-widget elementor-widget-elementskit-image-box\" data-id=\"2b1cb7ed\" data-element_type=\"widget\" data-e-type=\"widget\" data-settings=\"{&quot;ekit_we_effect_on&quot;:&quot;none&quot;}\" data-widget_type=\"elementskit-image-box.default\">\n\t\t\t\t\t<div class=\"ekit-wid-con\" >\n            <div class=\"elementskit-info-image-box ekit-image-box text-left style-sideline\" >\n\n                \n                <div class=\"elementskit-box-header image-box-img-left\">\n\n                    <img fetchpriority=\"high\" decoding=\"async\" width=\"768\" height=\"553\" src=\"https:\/\/www.lansitec.com\/wp-content\/uploads\/2025\/02\/Shipping-Containers-GPS-Tracking.png\" class=\"attachment-medium_large size-medium_large wp-image-13723\" alt=\"Seguimiento GPS de contenedores de env\u00edo\" title=\"\">\n                <\/div>\n                \n                <div class=\"elementskit-box-body ekit-image-box-body\">\n                    <div class=\"elementskit-box-content ekit-image-box-body-inner\">\n                                                <h3 class=\"elementskit-info-box-title\">\n\n                        Seguimiento de contenedores de env\u00edo\n                        \n                    <\/h3>\n                                                            <div class=\"elementskit-box-style-content\">\n                        El seguimiento de la ubicaci\u00f3n en el mar es un desaf\u00edo en s\u00ed mismo debido a que es un entorno hostil para la propagaci\u00f3n de ondas de radio, adem\u00e1s de una infraestructura limitada, regulaciones mar\u00edtimas y muchos m\u00e1s.                    <\/div>\n                                    <\/div>\n\n                                <div class=\"elementskit-box-footer\">\n                    <div class=\"box-footer\">\n                        <div class=\"btn-wraper\">\n                                                            <a href=\"https:\/\/www.lansitec.com\/es\/blogs\/seguimiento-de-contenedores-maritimos-con-monitorizacion-de-ubicaciones-en-tiempo-real\/\" class=\"elementskit-btn whitespace--normal\">\n                                    \n                                    \n                                    Explorar el seguimiento de contenedores mar\u00edtimos                                <\/a>\n                                                        <\/div>\n                    <\/div>\n                <\/div>\n                            <\/div>\n            <\/div>\n    <\/div>\t\t\t\t<\/div>\n\t\t\t\t<div class=\"elementor-element elementor-element-584b4aa ekit-equal-height-disable elementor-widget elementor-widget-elementskit-image-box\" data-id=\"584b4aa\" data-element_type=\"widget\" data-e-type=\"widget\" data-settings=\"{&quot;ekit_we_effect_on&quot;:&quot;none&quot;}\" data-widget_type=\"elementskit-image-box.default\">\n\t\t\t\t\t<div class=\"ekit-wid-con\" >\n            <div class=\"elementskit-info-image-box ekit-image-box text-left style-sideline\" >\n\n                \n                <div class=\"elementskit-box-header image-box-img-left\">\n\n                    <img decoding=\"async\" width=\"768\" height=\"553\" src=\"https:\/\/www.lansitec.com\/wp-content\/uploads\/2025\/09\/Water-Pump-Station.png\" class=\"attachment-medium_large size-medium_large wp-image-17177\" alt=\"Monitoreo de sistemas de bombas y motores\" title=\"\">\n                <\/div>\n                \n                <div class=\"elementskit-box-body ekit-image-box-body\">\n                    <div class=\"elementskit-box-content ekit-image-box-body-inner\">\n                                                <h3 class=\"elementskit-info-box-title\">\n\n                        Monitoreo de sistemas de bombas y motores\n                        \n                    <\/h3>\n                                                            <div class=\"elementskit-box-style-content\">\n                        Monitorear el estado de los motores es crucial para garantizar su rendimiento eficaz y confiable. Los sistemas industriales son susceptibles al desgaste, la desalineaci\u00f3n y otros problemas que causan vibraciones excesivas, lo que puede ocasionar costosos tiempos de inactividad o fallas en los equipos.                    <\/div>\n                                    <\/div>\n\n                                <div class=\"elementskit-box-footer\">\n                    <div class=\"box-footer\">\n                        <div class=\"btn-wraper\">\n                                                            <a href=\"https:\/\/www.lansitec.com\/es\/aplicaciones\/monitoreo-de-sistemas-de-motores-de-bombas\/\" class=\"elementskit-btn whitespace--normal\">\n                                    \n                                    \n                                    Soluci\u00f3n para sistemas de monitoreo de bombas y motores Exlore                                <\/a>\n                                                        <\/div>\n                    <\/div>\n                <\/div>\n                            <\/div>\n            <\/div>\n    <\/div>\t\t\t\t<\/div>\n\t\t\t\t<div class=\"elementor-element elementor-element-ab944d0 ekit-equal-height-disable elementor-widget elementor-widget-elementskit-image-box\" data-id=\"ab944d0\" data-element_type=\"widget\" data-e-type=\"widget\" data-settings=\"{&quot;ekit_we_effect_on&quot;:&quot;none&quot;}\" data-widget_type=\"elementskit-image-box.default\">\n\t\t\t\t\t<div class=\"ekit-wid-con\" >\n            <div class=\"elementskit-info-image-box ekit-image-box text-left style-sideline\" >\n\n                \n                <div class=\"elementskit-box-header image-box-img-left\">\n\n                    <img decoding=\"async\" width=\"768\" height=\"553\" src=\"https:\/\/www.lansitec.com\/wp-content\/uploads\/2025\/09\/Nursing-Home-Patient-Elder-Care.png\" class=\"attachment-medium_large size-medium_large wp-image-17180\" alt=\"Atenci\u00f3n al paciente en centros para personas con demencia\" title=\"\">\n                <\/div>\n                \n                <div class=\"elementskit-box-body ekit-image-box-body\">\n                    <div class=\"elementskit-box-content ekit-image-box-body-inner\">\n                                                <h3 class=\"elementskit-info-box-title\">\n\n                        Atenci\u00f3n al paciente en centros para personas con demencia\n                        \n                    <\/h3>\n                                                            <div class=\"elementskit-box-style-content\">\n                        La implementaci\u00f3n de <a href=\"https:\/\/www.lansitec.com\/de\/produkte\/i5-tragbares-bluetooth-armband-beacon\/\">i5<\/a> Usable <a href=\"https:\/\/www.lansitec.com\/de\/bluetooth-beacons\/\">Balizas Bluetooth<\/a> en centros de atenci\u00f3n a la demencia, demostrando c\u00f3mo esta tecnolog\u00eda aborda desaf\u00edos cr\u00edticos en la seguridad del paciente, la eficiencia del personal y la calidad general de la atenci\u00f3n.                    <\/div>\n                                    <\/div>\n\n                                <div class=\"elementskit-box-footer\">\n                    <div class=\"box-footer\">\n                        <div class=\"btn-wraper\">\n                                                            <a href=\"https:\/\/www.lansitec.com\/es\/aplicaciones\/atencion-al-paciente-en-centros-de-demencia\/\" class=\"elementskit-btn whitespace--normal\">\n                                    \n                                    \n                                    Explorar la soluci\u00f3n de atenci\u00f3n al paciente en centros para personas con demencia                                <\/a>\n                                                        <\/div>\n                    <\/div>\n                <\/div>\n                            <\/div>\n            <\/div>\n    <\/div>\t\t\t\t<\/div>\n\t\t\t\t\t<\/div>\n\t\t<\/div>\n\t\t\t\t<div class=\"elementor-column elementor-col-33 elementor-inner-column elementor-element elementor-element-e9479b7\" data-id=\"e9479b7\" data-element_type=\"column\" data-e-type=\"column\">\n\t\t\t<div class=\"elementor-widget-wrap elementor-element-populated\">\n\t\t\t\t\t\t<div class=\"elementor-element elementor-element-496e96e ekit-equal-height-disable elementor-widget elementor-widget-elementskit-image-box\" data-id=\"496e96e\" data-element_type=\"widget\" data-e-type=\"widget\" data-settings=\"{&quot;ekit_we_effect_on&quot;:&quot;none&quot;}\" data-widget_type=\"elementskit-image-box.default\">\n\t\t\t\t\t<div class=\"ekit-wid-con\" >\n            <div class=\"elementskit-info-image-box ekit-image-box text-left style-sideline\" >\n\n                \n                <div class=\"elementskit-box-header image-box-img-left\">\n\n                    <img loading=\"lazy\" decoding=\"async\" width=\"768\" height=\"553\" src=\"https:\/\/www.lansitec.com\/wp-content\/uploads\/2025\/09\/Construction-Site-Building-View.png\" class=\"attachment-medium_large size-medium_large wp-image-17175\" alt=\"Seguimiento de trabajadores en obras de construcci\u00f3n\" title=\"\">\n                <\/div>\n                \n                <div class=\"elementskit-box-body ekit-image-box-body\">\n                    <div class=\"elementskit-box-content ekit-image-box-body-inner\">\n                                                <h3 class=\"elementskit-info-box-title\">\n\n                        Seguimiento de trabajadores en obras de construcci\u00f3n\n                        \n                    <\/h3>\n                                                            <div class=\"elementskit-box-style-content\">\n                        Los lugares de trabajo industriales, como las obras de construcci\u00f3n, las f\u00e1bricas y los almacenes, suelen exponer a los trabajadores a riesgos. Garantizar la seguridad de los trabajadores y, al mismo tiempo, mantener la productividad es un desaf\u00edo fundamental.                    <\/div>\n                                    <\/div>\n\n                                <div class=\"elementskit-box-footer\">\n                    <div class=\"box-footer\">\n                        <div class=\"btn-wraper\">\n                                                            <a href=\"https:\/\/www.lansitec.com\/es\/blogs\/seguridad-del-trabajador-industrial-con-soluciones-de-casco-inteligente-y-pulsera-bluetooth\/\" class=\"elementskit-btn whitespace--normal\">\n                                    \n                                    \n                                    Explorar la soluci\u00f3n de seguimiento de trabajadores en obras de construcci\u00f3n                                <\/a>\n                                                        <\/div>\n                    <\/div>\n                <\/div>\n                            <\/div>\n            <\/div>\n    <\/div>\t\t\t\t<\/div>\n\t\t\t\t<div class=\"elementor-element elementor-element-60fc083 ekit-equal-height-disable elementor-widget elementor-widget-elementskit-image-box\" data-id=\"60fc083\" data-element_type=\"widget\" data-e-type=\"widget\" data-settings=\"{&quot;ekit_we_effect_on&quot;:&quot;none&quot;}\" data-widget_type=\"elementskit-image-box.default\">\n\t\t\t\t\t<div class=\"ekit-wid-con\" >\n            <div class=\"elementskit-info-image-box ekit-image-box text-left style-sideline\" >\n\n                \n                <div class=\"elementskit-box-header image-box-img-left\">\n\n                    <img loading=\"lazy\" decoding=\"async\" width=\"768\" height=\"553\" src=\"https:\/\/www.lansitec.com\/wp-content\/uploads\/2025\/09\/Smart-Cattle-Tracking-with-Eartag.png\" class=\"attachment-medium_large size-medium_large wp-image-17178\" alt=\"Seguimiento inteligente del ganado\" title=\"\">\n                <\/div>\n                \n                <div class=\"elementskit-box-body ekit-image-box-body\">\n                    <div class=\"elementskit-box-content ekit-image-box-body-inner\">\n                                                <h3 class=\"elementskit-info-box-title\">\n\n                        Seguimiento inteligente del ganado\n                        \n                    <\/h3>\n                                                            <div class=\"elementskit-box-style-content\">\n                        Las explotaciones ganaderas modernas se enfrentan a varios desaf\u00edos cr\u00edticos que afectan la productividad, el bienestar animal y los costos operativos. Estos desaf\u00edos son particularmente graves en regiones con climas rigurosos y recursos h\u00eddricos limitados.                    <\/div>\n                                    <\/div>\n\n                                <div class=\"elementskit-box-footer\">\n                    <div class=\"box-footer\">\n                        <div class=\"btn-wraper\">\n                                                            <a href=\"https:\/\/www.lansitec.com\/es\/aplicaciones\/solucion-inteligente-de-seguimiento-de-ganado\/\" class=\"elementskit-btn whitespace--normal\">\n                                    \n                                    \n                                    Explora la soluci\u00f3n de seguimiento inteligente de ganado                                <\/a>\n                                                        <\/div>\n                    <\/div>\n                <\/div>\n                            <\/div>\n            <\/div>\n    <\/div>\t\t\t\t<\/div>\n\t\t\t\t<div class=\"elementor-element elementor-element-4089606 ekit-equal-height-disable elementor-widget elementor-widget-elementskit-image-box\" data-id=\"4089606\" data-element_type=\"widget\" data-e-type=\"widget\" data-settings=\"{&quot;ekit_we_effect_on&quot;:&quot;none&quot;}\" data-widget_type=\"elementskit-image-box.default\">\n\t\t\t\t\t<div class=\"ekit-wid-con\" >\n            <div class=\"elementskit-info-image-box ekit-image-box text-left style-sideline\" >\n\n                \n                <div class=\"elementskit-box-header image-box-img-left\">\n\n                    <img loading=\"lazy\" decoding=\"async\" width=\"768\" height=\"553\" src=\"https:\/\/www.lansitec.com\/wp-content\/uploads\/2025\/09\/Contact-Tracing-Keep-Social-Distance.png\" class=\"attachment-medium_large size-medium_large wp-image-17181\" alt=\"Soluciones de rastreo de contactos\" title=\"\">\n                <\/div>\n                \n                <div class=\"elementskit-box-body ekit-image-box-body\">\n                    <div class=\"elementskit-box-content ekit-image-box-body-inner\">\n                                                <h3 class=\"elementskit-info-box-title\">\n\n                        Soluciones de rastreo de contactos\n                        \n                    <\/h3>\n                                                            <div class=\"elementskit-box-style-content\">\n                        El panorama en r\u00e1pida evoluci\u00f3n de la gesti\u00f3n de eventos a gran escala, en particular en el contexto de los protocolos de salud y seguridad como el distanciamiento social, requiere tecnolog\u00edas innovadoras. <a href=\"https:\/\/www.lansitec.com\/de\/losungen\/\">Soluciones<\/a>.                    <\/div>\n                                    <\/div>\n\n                                <div class=\"elementskit-box-footer\">\n                    <div class=\"box-footer\">\n                        <div class=\"btn-wraper\">\n                                                            <a href=\"https:\/\/www.lansitec.com\/es\/aplicaciones\/rastreo-de-contactos\/\" class=\"elementskit-btn whitespace--normal\">\n                                    \n                                    \n                                    Explorar soluciones de rastreo de contactos                                <\/a>\n                                                        <\/div>\n                    <\/div>\n                <\/div>\n                            <\/div>\n            <\/div>\n    <\/div>\t\t\t\t<\/div>\n\t\t\t\t\t<\/div>\n\t\t<\/div>\n\t\t\t\t<div class=\"elementor-column elementor-col-33 elementor-inner-column elementor-element elementor-element-3697e46d\" data-id=\"3697e46d\" data-element_type=\"column\" data-e-type=\"column\">\n\t\t\t<div class=\"elementor-widget-wrap elementor-element-populated\">\n\t\t\t\t\t\t<div class=\"elementor-element elementor-element-ab4d4e0 ekit-equal-height-disable elementor-widget elementor-widget-elementskit-image-box\" data-id=\"ab4d4e0\" data-element_type=\"widget\" data-e-type=\"widget\" data-settings=\"{&quot;ekit_we_effect_on&quot;:&quot;none&quot;}\" data-widget_type=\"elementskit-image-box.default\">\n\t\t\t\t\t<div class=\"ekit-wid-con\" >\n            <div class=\"elementskit-info-image-box ekit-image-box text-left style-sideline\" >\n\n                \n                <div class=\"elementskit-box-header image-box-img-left\">\n\n                    <img loading=\"lazy\" decoding=\"async\" width=\"768\" height=\"553\" src=\"https:\/\/www.lansitec.com\/wp-content\/uploads\/2025\/09\/Parking-Lot-Low-Angle-View.png\" class=\"attachment-medium_large size-medium_large wp-image-17176\" alt=\"Seguimiento de veh\u00edculos y llaves\" title=\"\">\n                <\/div>\n                \n                <div class=\"elementskit-box-body ekit-image-box-body\">\n                    <div class=\"elementskit-box-content ekit-image-box-body-inner\">\n                                                <h3 class=\"elementskit-info-box-title\">\n\n                        Seguimiento de veh\u00edculos y llaves\n                        \n                    <\/h3>\n                                                            <div class=\"elementskit-box-style-content\">\n                        En la actualidad, los concesionarios de autom\u00f3viles enfrentan desaf\u00edos relacionados con la gesti\u00f3n eficiente de su inventario de veh\u00edculos y la garant\u00eda de la seguridad de las llaves de los autom\u00f3viles. Con una gran flota de autom\u00f3viles e interacciones frecuentes con los clientes, necesitaban una soluci\u00f3n confiable en tiempo real para rastrear veh\u00edculos y llaves.                    <\/div>\n                                    <\/div>\n\n                                <div class=\"elementskit-box-footer\">\n                    <div class=\"box-footer\">\n                        <div class=\"btn-wraper\">\n                                                            <a href=\"https:\/\/www.lansitec.com\/es\/blogs\/solucion-movil-de-lansitec-b-para-el-seguimiento-de-llaves-de-vehiculos-en-concesionarios\/\" class=\"elementskit-btn whitespace--normal\">\n                                    \n                                    \n                                    Explora la soluci\u00f3n de seguimiento de veh\u00edculos y llaves                                <\/a>\n                                                        <\/div>\n                    <\/div>\n                <\/div>\n                            <\/div>\n            <\/div>\n    <\/div>\t\t\t\t<\/div>\n\t\t\t\t<div class=\"elementor-element elementor-element-3bf866b ekit-equal-height-disable elementor-widget elementor-widget-elementskit-image-box\" data-id=\"3bf866b\" data-element_type=\"widget\" data-e-type=\"widget\" data-settings=\"{&quot;ekit_we_effect_on&quot;:&quot;none&quot;}\" data-widget_type=\"elementskit-image-box.default\">\n\t\t\t\t\t<div class=\"ekit-wid-con\" >\n            <div class=\"elementskit-info-image-box ekit-image-box text-left style-sideline\" >\n\n                \n                <div class=\"elementskit-box-header image-box-img-left\">\n\n                    <img loading=\"lazy\" decoding=\"async\" width=\"768\" height=\"553\" src=\"https:\/\/www.lansitec.com\/wp-content\/uploads\/2025\/09\/Hotel-Room-Hallway.png\" class=\"attachment-medium_large size-medium_large wp-image-17179\" alt=\"Sistema de respuesta a emergencias de hoteles\" title=\"\">\n                <\/div>\n                \n                <div class=\"elementskit-box-body ekit-image-box-body\">\n                    <div class=\"elementskit-box-content ekit-image-box-body-inner\">\n                                                <h3 class=\"elementskit-info-box-title\">\n\n                        Sistema de respuesta a emergencias de hoteles\n                        \n                    <\/h3>\n                                                            <div class=\"elementskit-box-style-content\">\n                        Un hotel con varias habitaciones y plantas busca proporcionar a su personal de limpieza y a sus empleados un sistema de alerta de emergencia eficiente. Los empleados del hotel, especialmente el personal de limpieza, suelen trabajar solos en las habitaciones. Necesitan una forma r\u00e1pida de solicitar ayuda en caso de emergencias como amenazas a la seguridad, emergencias m\u00e9dicas, derrames peligrosos o accidentes.                    <\/div>\n                                    <\/div>\n\n                                <div class=\"elementskit-box-footer\">\n                    <div class=\"box-footer\">\n                        <div class=\"btn-wraper\">\n                                                            <a href=\"https:\/\/www.lansitec.com\/es\/aplicaciones\/sistema-de-respuesta-a-emergencias-en-habitaciones-de-hotel\/\" class=\"elementskit-btn whitespace--normal\">\n                                    \n                                    \n                                    Soluci\u00f3n del sistema de respuesta a emergencias del hotel Exlore                                <\/a>\n                                                        <\/div>\n                    <\/div>\n                <\/div>\n                            <\/div>\n            <\/div>\n    <\/div>\t\t\t\t<\/div>\n\t\t\t\t\t<\/div>\n\t\t<\/div>\n\t\t\t\t\t<\/div>\n\t\t<\/section>\n\t\t\t\t\t<\/div>\n\t\t<\/div>\n\t\t\t\t\t<\/div>\n\t\t<\/section>\n\t\t\t\t<\/div>","protected":false},"excerpt":{"rendered":"<p>Soluciones innovadoras para aplicaciones de rastreo. En Lansitec, nos dedicamos a ser pioneros en el futuro de las soluciones de rastreo IoT, ofreciendo una amplia gama de productos dise\u00f1ados para satisfacer las diversas necesidades de nuestros clientes. Nuestras ofertas est\u00e1n dise\u00f1adas para optimizar la gesti\u00f3n de activos y personal mediante el uso innovador de la tecnolog\u00eda, proporcionando precisi\u00f3n, eficiencia y confiabilidad inigualables.&nbsp;<a href=\"https:\/\/www.lansitec.com\/es\/aplicaciones\/\" rel=\"bookmark\">Leer m\u00e1s \u00bb<span class=\"screen-reader-text\">Aplicaciones<\/span><\/a><\/p>","protected":false},"author":1,"featured_media":0,"parent":0,"menu_order":0,"comment_status":"closed","ping_status":"closed","template":"elementor_header_footer","meta":{"neve_meta_sidebar":"","neve_meta_container":"","neve_meta_enable_content_width":"","neve_meta_content_width":0,"neve_meta_title_alignment":"","neve_meta_author_avatar":"","neve_post_elements_order":"","neve_meta_disable_header":"","neve_meta_disable_footer":"","neve_meta_disable_title":"","footnotes":""},"class_list":["post-6500","page","type-page","status-publish","hentry"],"_links":{"self":[{"href":"https:\/\/www.lansitec.com\/es\/wp-json\/wp\/v2\/pages\/6500","targetHints":{"allow":["GET"]}}],"collection":[{"href":"https:\/\/www.lansitec.com\/es\/wp-json\/wp\/v2\/pages"}],"about":[{"href":"https:\/\/www.lansitec.com\/es\/wp-json\/wp\/v2\/types\/page"}],"author":[{"embeddable":true,"href":"https:\/\/www.lansitec.com\/es\/wp-json\/wp\/v2\/users\/1"}],"replies":[{"embeddable":true,"href":"https:\/\/www.lansitec.com\/es\/wp-json\/wp\/v2\/comments?post=6500"}],"version-history":[{"count":0,"href":"https:\/\/www.lansitec.com\/es\/wp-json\/wp\/v2\/pages\/6500\/revisions"}],"wp:attachment":[{"href":"https:\/\/www.lansitec.com\/es\/wp-json\/wp\/v2\/media?parent=6500"}],"curies":[{"name":"gracias","href":"https:\/\/api.w.org\/{rel}","templated":true}]}}