{"id":16835,"date":"2025-09-12T03:04:38","date_gmt":"2025-09-12T10:04:38","guid":{"rendered":"https:\/\/www.lansitec.com\/?page_id=16835"},"modified":"2025-09-16T22:02:47","modified_gmt":"2025-09-17T05:02:47","slug":"faq","status":"publish","type":"page","link":"https:\/\/www.lansitec.com\/fr\/faq\/","title":{"rendered":"FAQ"},"content":{"rendered":"<div data-elementor-type=\"wp-page\" data-elementor-id=\"16835\" class=\"elementor elementor-16835\" data-elementor-post-type=\"page\">\n\t\t\t\t\t\t<section class=\"elementor-section elementor-top-section elementor-element elementor-element-97cde04 elementor-section-boxed elementor-section-height-default elementor-section-height-default\" data-id=\"97cde04\" data-element_type=\"section\" data-e-type=\"section\" data-settings=\"{&quot;ekit_has_onepagescroll_dot&quot;:&quot;yes&quot;}\">\n\t\t\t\t\t\t<div class=\"elementor-container elementor-column-gap-default\">\n\t\t\t\t\t<div class=\"elementor-column elementor-col-100 elementor-top-column elementor-element elementor-element-04f720a\" data-id=\"04f720a\" data-element_type=\"column\" data-e-type=\"column\">\n\t\t\t<div class=\"elementor-widget-wrap elementor-element-populated\">\n\t\t\t\t\t\t<section class=\"elementor-section elementor-inner-section elementor-element elementor-element-ce74077 elementor-section-boxed elementor-section-height-default elementor-section-height-default\" data-id=\"ce74077\" data-element_type=\"section\" data-e-type=\"section\" data-settings=\"{&quot;ekit_has_onepagescroll_dot&quot;:&quot;yes&quot;}\">\n\t\t\t\t\t\t<div class=\"elementor-container elementor-column-gap-default\">\n\t\t\t\t\t<div class=\"elementor-column elementor-col-66 elementor-inner-column elementor-element elementor-element-6410f46\" data-id=\"6410f46\" data-element_type=\"column\" data-e-type=\"column\">\n\t\t\t<div class=\"elementor-widget-wrap elementor-element-populated\">\n\t\t\t\t\t\t<div class=\"elementor-element elementor-element-bd578d8 elementor-widget elementor-widget-heading\" data-id=\"bd578d8\" data-element_type=\"widget\" data-e-type=\"widget\" data-settings=\"{&quot;ekit_we_effect_on&quot;:&quot;none&quot;}\" data-widget_type=\"heading.default\">\n\t\t\t\t\t<h1 class=\"elementor-heading-title elementor-size-default\">FAQ<\/h1>\t\t\t\t<\/div>\n\t\t\t\t<div class=\"elementor-element elementor-element-1b2e16e elementor-widget elementor-widget-shortcode\" data-id=\"1b2e16e\" data-element_type=\"widget\" data-e-type=\"widget\" data-settings=\"{&quot;ekit_we_effect_on&quot;:&quot;none&quot;}\" data-widget_type=\"shortcode.default\">\n\t\t\t\t\t\t\t<div class=\"elementor-shortcode\"><div id=\"ccchildpages-1\" class=\"ccchildpages ccflex onecol simple ccclearfix\"><ul class=\"ccchildpages_list ccclearfix\"><li class=\"page_item page-item-16845\"><a href=\"https:\/\/www.lansitec.com\/fr\/faq\/comment-eviter-que-tous-les-recepteurs-situes-dans-un-rayon-de-5-km-ne-declenchent-lalarme-lorsquune-personne-tombe-a-leau\/\">Lorsqu&#039;une personne tombe \u00e0 l&#039;eau, comment \u00e9viter que tous les r\u00e9cepteurs dans un rayon de 5 km ne donnent l&#039;alarme ?<\/a><\/li>\n<li class=\"page_item page-item-16876\"><a href=\"https:\/\/www.lansitec.com\/fr\/faq\/existe-t-il-des-frais-mensuels-pour-assurer-le-suivi-des-donnees-transferees-depuis-la-passerelle-lora\/\">Existe-t-il des frais mensuels pour suivre les donn\u00e9es transport\u00e9es depuis la passerelle LoRa\u00a0?<\/a><\/li>\n<li class=\"page_item page-item-16878\"><a href=\"https:\/\/www.lansitec.com\/fr\/faq\/lutilisation-de-la-passerelle-nb-iot-lte-m-permettrait-elle-une-communication-plus-fiable\/\">L\u2019utilisation de la passerelle NB-IoT\/LTE-M permettrait-elle une communication plus fiable ?<\/a><\/li>\n<li class=\"page_item page-item-16880\"><a href=\"https:\/\/www.lansitec.com\/fr\/faq\/votre-plateforme-prend-elle-en-charge-le-declenchement-a-distance-dun-signal-sonore-par-etiquette\/\">Votre plateforme prend-elle en charge le d\u00e9clenchement de balises \u00e0 distance (buzz\/lumi\u00e8re)\u00a0?<\/a><\/li>\n<li class=\"page_item page-item-16882\"><a href=\"https:\/\/www.lansitec.com\/fr\/faq\/si-nous-voulons-ajouter-des-capteurs-supplementaires-ou-les-integrer-a-notre-propre-logiciel-est-ce-possible\/\">Si nous voulons ajouter des capteurs suppl\u00e9mentaires ou les int\u00e9grer \u00e0 notre propre logiciel, est-ce quelque chose que vous pouvez faire ?<\/a><\/li>\n<li class=\"page_item page-item-16884\"><a href=\"https:\/\/www.lansitec.com\/fr\/faq\/est-il-possible-dobtenir-une-localisation-approximative-des-etiquettes-a-laide-de-lorawan-ou-de-bluetooth-sans-recourir-au-gps\/\">Est-il possible d&#039;obtenir une localisation approximative des balises \u00e0 l&#039;aide de LoRaWAN ou de Bluetooth, sans d\u00e9pendre du GPS ?<\/a><\/li>\n<li class=\"page_item page-item-16891\"><a href=\"https:\/\/www.lansitec.com\/fr\/faq\/pour-les-reseaux-cellulaires-et-wi-fi-sous-traitez-vous-egalement-vos-tests-rf-de-reference\/\">Pour le cellulaire (et le WiFi), externalisez-vous \u00e9galement vos tests RF de base ?<\/a><\/li>\n<li class=\"page_item page-item-16893\"><a href=\"https:\/\/www.lansitec.com\/fr\/faq\/quelle-est-la-difference-entre-un-tracker-et-une-balise-la-balise-est-elle-egalement-un-mini-repeteur-de-passerelle\/\">Quelle est la diff\u00e9rence entre un tracker et une balise\u00a0? La balise est-elle aussi une mini-passerelle\/r\u00e9p\u00e9teur\u00a0?<\/a><\/li>\n<li class=\"page_item page-item-16895\"><a href=\"https:\/\/www.lansitec.com\/fr\/faq\/une-fois-lappareil-fonctionnel-avez-vous-la-possibilite-deffectuer-des-tests-systeme-de-bout-en-bout\/\">Une fois l\u2019appareil fonctionnel, avez-vous la capacit\u00e9 d\u2019ex\u00e9cuter des tests de bout en bout au niveau du syst\u00e8me\u00a0?<\/a><\/li>\n<li class=\"page_item page-item-16897\"><a href=\"https:\/\/www.lansitec.com\/fr\/faq\/certains-de-nos-equipements-seront-entreposes-dans-des-chambres-froides-a-une-temperature-de-25-a-30-c-tandis-que-dautres-seront-deployes-a-lexterieur-exposes-a-la-lumiere-directe\/\">Certains de nos \u00e9quipements seront stock\u00e9s dans des environnements froids (-25 \u00b0C \u00e0 -30 \u00b0C), tandis que d&#039;autres seront d\u00e9ploy\u00e9s \u00e0 l&#039;ext\u00e9rieur, expos\u00e9s \u00e0 la lumi\u00e8re directe du soleil et \u00e0 des temp\u00e9ratures comprises entre 40 \u00b0C et 50 \u00b0C. Cela affectera-t-il les appareils\u00a0?<\/a><\/li>\n<li class=\"page_item page-item-16900\"><a href=\"https:\/\/www.lansitec.com\/fr\/faq\/quels-types-de-fonctionnalites-bluetooth-vos-trackers-prennent-ils-en-charge\/\">Quels types de fonctionnalit\u00e9s Bluetooth vos trackers prennent-ils en charge\u00a0?<\/a><\/li>\n<li class=\"page_item page-item-16957\"><a href=\"https:\/\/www.lansitec.com\/fr\/faq\/introduction-aux-balises-flexibles-pour-surfaces-courbes-irregulieres-ou-cylindriques\/\">Introduction \u00e0 Flex Tag Beacon pour surfaces courbes, irr\u00e9guli\u00e8res ou cylindriques<\/a><\/li>\n<li class=\"page_item page-item-16960\"><a href=\"https:\/\/www.lansitec.com\/fr\/faq\/demonstration-dun-traceur-gps-lorawan\/\">D\u00e9monstration du traceur GPS LoRaWAN<\/a><\/li>\n<li class=\"page_item page-item-16963\"><a href=\"https:\/\/www.lansitec.com\/fr\/faq\/demonstration-de-deploiement-et-de-positionnement-des-capteurs-de-casque\/\">D\u00e9monstration du d\u00e9ploiement et du positionnement du capteur de casque.<\/a><\/li>\n<li class=\"page_item page-item-16974\"><a href=\"https:\/\/www.lansitec.com\/fr\/faq\/guide-dinstallation-du-tracker-de-conteneurs-lorawan-nbiot-ltem-lte-cat1-et-configuration-uwb-principales-fonctionnalites\/\">Guide d&#039;installation de Container Tracker\u00a0: configuration et fonctionnalit\u00e9s cl\u00e9s LoRaWAN, NB\u2011IoT\/LTE\u2011M, LTE Cat\u20111 et UWB<\/a><\/li><\/ul><\/div>\n\n\n<\/div>\n\t\t\t\t\t\t<\/div>\n\t\t\t\t\t<\/div>\n\t\t<\/div>\n\t\t\t\t<div class=\"elementor-column elementor-col-33 elementor-inner-column elementor-element elementor-element-b0bfa49\" data-id=\"b0bfa49\" data-element_type=\"column\" data-e-type=\"column\">\n\t\t\t<div class=\"elementor-widget-wrap elementor-element-populated\">\n\t\t\t\t\t\t<div class=\"elementor-element elementor-element-fb3823f elementor-widget elementor-widget-heading\" data-id=\"fb3823f\" data-element_type=\"widget\" data-e-type=\"widget\" data-settings=\"{&quot;ekit_we_effect_on&quot;:&quot;none&quot;}\" data-widget_type=\"heading.default\">\n\t\t\t\t\t<h2 class=\"elementor-heading-title elementor-size-default\">Derni\u00e8res mises \u00e0 jour<\/h2>\t\t\t\t<\/div>\n\t\t\t\t<div class=\"elementor-element elementor-element-dd90773 elementor-grid-1 elementor-posts--thumbnail-none elementor-grid-tablet-2 elementor-grid-mobile-1 elementor-widget elementor-widget-posts\" data-id=\"dd90773\" data-element_type=\"widget\" data-e-type=\"widget\" data-settings=\"{&quot;classic_columns&quot;:&quot;1&quot;,&quot;classic_row_gap&quot;:{&quot;unit&quot;:&quot;px&quot;,&quot;size&quot;:10,&quot;sizes&quot;:[]},&quot;classic_columns_tablet&quot;:&quot;2&quot;,&quot;classic_columns_mobile&quot;:&quot;1&quot;,&quot;classic_row_gap_tablet&quot;:{&quot;unit&quot;:&quot;px&quot;,&quot;size&quot;:&quot;&quot;,&quot;sizes&quot;:[]},&quot;classic_row_gap_mobile&quot;:{&quot;unit&quot;:&quot;px&quot;,&quot;size&quot;:&quot;&quot;,&quot;sizes&quot;:[]},&quot;ekit_we_effect_on&quot;:&quot;none&quot;}\" data-widget_type=\"posts.classic\">\n\t\t\t\t<div class=\"elementor-widget-container\">\n\t\t\t\t\t\t\t<div class=\"elementor-posts-container elementor-posts elementor-posts--skin-classic elementor-grid\" role=\"list\">\n\t\t\t\t<article class=\"elementor-post elementor-grid-item post-18704 post type-post status-publish format-standard has-post-thumbnail hentry category-news\" role=\"listitem\">\n\t\t\t\t<div class=\"elementor-post__text\">\n\t\t\t\t<h4 class=\"elementor-post__title\">\n\t\t\t<a href=\"https:\/\/www.lansitec.com\/fr\/blogs\/faisabilite-de-lutilisation-dune-application-mobile-pour-la-surveillance-en-arriere-plan-des-balises-au-lieu-dune-passerelle-bluetooth\/\" >\n\t\t\t\tFaisabilit\u00e9 de l&#039;utilisation d&#039;une application mobile pour la surveillance en arri\u00e8re-plan des balises au lieu d&#039;une passerelle Bluetooth\t\t\t<\/a>\n\t\t<\/h4>\n\t\t\t\t<\/div>\n\t\t\t\t<\/article>\n\t\t\t\t<article class=\"elementor-post elementor-grid-item post-18684 post type-post status-publish format-standard has-post-thumbnail hentry category-news category-bluetooth tag-bluetooth-gateway tag-compact-bluetooth-gateway tag-indoor-bluetooth-gateway tag-macro-bluetooth-gateway\" role=\"listitem\">\n\t\t\t\t<div class=\"elementor-post__text\">\n\t\t\t\t<h4 class=\"elementor-post__title\">\n\t\t\t<a href=\"https:\/\/www.lansitec.com\/fr\/blogs\/positionnement-interieur-rssi\/\" >\n\t\t\t\tPositionnement int\u00e9rieur RSSI\u00a0: Guide essentiel expliquant pourquoi le RSSI ne mesure pas la distance dans le suivi BLE\t\t\t<\/a>\n\t\t<\/h4>\n\t\t\t\t<\/div>\n\t\t\t\t<\/article>\n\t\t\t\t<article class=\"elementor-post elementor-grid-item post-18449 post type-post status-publish format-standard has-post-thumbnail hentry category-iot-case-studies tag-uwb-anchors tag-uwb-solutions tag-uwb-technology\" role=\"listitem\">\n\t\t\t\t<div class=\"elementor-post__text\">\n\t\t\t\t<h4 class=\"elementor-post__title\">\n\t\t\t<a href=\"https:\/\/www.lansitec.com\/fr\/blogs\/precision-uwb-en-2026-guide-essentiel-du-positionnement-interieur-a-10-cm\/\" >\n\t\t\t\tPr\u00e9cision UWB en 2026\u00a0: Guide essentiel du positionnement int\u00e9rieur \u00e0 10\u00a0cm\t\t\t<\/a>\n\t\t<\/h4>\n\t\t\t\t<\/div>\n\t\t\t\t<\/article>\n\t\t\t\t<article class=\"elementor-post elementor-grid-item post-18459 post type-post status-publish format-standard has-post-thumbnail hentry category-news\" role=\"listitem\">\n\t\t\t\t<div class=\"elementor-post__text\">\n\t\t\t\t<h4 class=\"elementor-post__title\">\n\t\t\t<a href=\"https:\/\/www.lansitec.com\/fr\/blogs\/suivi-iot-par-satellite-en-2026-guide-essentiel-du-ntn-pour-lelevage-et-les-actifs-isoles\/\" >\n\t\t\t\tSuivi IoT par satellite en 2026\u00a0: Guide essentiel du NTN pour l\u2019\u00e9levage et les actifs isol\u00e9s\t\t\t<\/a>\n\t\t<\/h4>\n\t\t\t\t<\/div>\n\t\t\t\t<\/article>\n\t\t\t\t<article class=\"elementor-post elementor-grid-item post-18471 post type-post status-publish format-standard has-post-thumbnail hentry category-news\" role=\"listitem\">\n\t\t\t\t<div class=\"elementor-post__text\">\n\t\t\t\t<h4 class=\"elementor-post__title\">\n\t\t\t<a href=\"https:\/\/www.lansitec.com\/fr\/blogs\/guide-essentiel-de-precision-du-positionnement-interieur-pour-le-suivi-multi-etages-sans-saut-detage\/\" >\n\t\t\t\tPr\u00e9cision du positionnement en int\u00e9rieur\u00a0: Guide essentiel du suivi multi-\u00e9tages sans saut d\u2019\u00e9tage\t\t\t<\/a>\n\t\t<\/h4>\n\t\t\t\t<\/div>\n\t\t\t\t<\/article>\n\t\t\t\t<article class=\"elementor-post elementor-grid-item post-18489 post type-post status-publish format-standard has-post-thumbnail hentry category-news\" role=\"listitem\">\n\t\t\t\t<div class=\"elementor-post__text\">\n\t\t\t\t<h4 class=\"elementor-post__title\">\n\t\t\t<a href=\"https:\/\/www.lansitec.com\/fr\/blogs\/fota-a-grande-echelle-comment-maintenir-1-000-appareils-sur-le-meme-firmware-sans-intervention-sur-site\/\" >\n\t\t\t\tMise \u00e0 jour FOTA \u00e0 grande \u00e9chelle\u00a0: comment maintenir plus de 1\u00a0000 appareils sur le m\u00eame firmware sans intervention sur site\t\t\t<\/a>\n\t\t<\/h4>\n\t\t\t\t<\/div>\n\t\t\t\t<\/article>\n\t\t\t\t<article class=\"elementor-post elementor-grid-item post-18365 post type-post status-publish format-standard has-post-thumbnail hentry category-iot-case-studies\" role=\"listitem\">\n\t\t\t\t<div class=\"elementor-post__text\">\n\t\t\t\t<h4 class=\"elementor-post__title\">\n\t\t\t<a href=\"https:\/\/www.lansitec.com\/fr\/blogs\/mise-a-lechelle-des-appareils-lorawan\/\" >\n\t\t\t\tPassage \u00e0 10\u00a0000 balises\u00a0: Strat\u00e9gies essentielles de temps d\u2019antenne LoRaWAN pour 2026\t\t\t<\/a>\n\t\t<\/h4>\n\t\t\t\t<\/div>\n\t\t\t\t<\/article>\n\t\t\t\t<article class=\"elementor-post elementor-grid-item post-18399 post type-post status-publish format-standard has-post-thumbnail hentry category-news\" role=\"listitem\">\n\t\t\t\t<div class=\"elementor-post__text\">\n\t\t\t\t<h4 class=\"elementor-post__title\">\n\t\t\t<a href=\"https:\/\/www.lansitec.com\/fr\/blogs\/precision-de-laoa-en-2026-guide-essentiel-pour-atteindre-10-cm-en-interieur\/\" >\n\t\t\t\tPr\u00e9cision BLE AoA en 2026\u00a0: Guide essentiel pour atteindre une pr\u00e9cision de 10\u00a0cm en int\u00e9rieur\t\t\t<\/a>\n\t\t<\/h4>\n\t\t\t\t<\/div>\n\t\t\t\t<\/article>\n\t\t\t\t<article class=\"elementor-post elementor-grid-item post-18388 post type-post status-publish format-standard has-post-thumbnail hentry category-iot-case-studies tag-bluetooth-beacon tag-solar-bluetooth-gateway\" role=\"listitem\">\n\t\t\t\t<div class=\"elementor-post__text\">\n\t\t\t\t<h4 class=\"elementor-post__title\">\n\t\t\t<a href=\"https:\/\/www.lansitec.com\/fr\/blogs\/guide-essentiel-de-suivi-de-letat-des-pompes-a-eau-par-vibration-pour-la-surveillance-a-distance\/\" >\n\t\t\t\tSurveillance \u00e0 distance des pompes \u00e0 eau : Guide essentiel de suivi de l&#039;\u00e9tat par analyse des vibrations\t\t\t<\/a>\n\t\t<\/h4>\n\t\t\t\t<\/div>\n\t\t\t\t<\/article>\n\t\t\t\t<article class=\"elementor-post elementor-grid-item post-18190 post type-post status-publish format-standard has-post-thumbnail hentry category-news\" role=\"listitem\">\n\t\t\t\t<div class=\"elementor-post__text\">\n\t\t\t\t<h4 class=\"elementor-post__title\">\n\t\t\t<a href=\"https:\/\/www.lansitec.com\/fr\/blogs\/bluetooth-6-0-et-6-1-quelles-sont-les-implications-des-nouvelles-specifications-de-base-pour-laudio-iot-et-les-objets-connectes\/\" >\n\t\t\t\tBluetooth 6.0 et 6.1\u00a0: quelles implications les nouvelles sp\u00e9cifications de base pour l\u2019IoT, l\u2019audio et les objets connect\u00e9s\u00a0?\t\t\t<\/a>\n\t\t<\/h4>\n\t\t\t\t<\/div>\n\t\t\t\t<\/article>\n\t\t\t\t<\/div>\n\t\t\n\t\t\t\t\t\t<\/div>\n\t\t\t\t<\/div>\n\t\t\t\t\t<\/div>\n\t\t<\/div>\n\t\t\t\t\t<\/div>\n\t\t<\/section>\n\t\t\t\t\t<\/div>\n\t\t<\/div>\n\t\t\t\t\t<\/div>\n\t\t<\/section>\n\t\t\t\t<\/div>","protected":false},"excerpt":{"rendered":"<p>Accueil FAQ Derni\u00e8res mises \u00e0 jour<\/p>","protected":false},"author":1,"featured_media":0,"parent":0,"menu_order":0,"comment_status":"closed","ping_status":"closed","template":"","meta":{"neve_meta_sidebar":"","neve_meta_container":"","neve_meta_enable_content_width":"","neve_meta_content_width":0,"neve_meta_title_alignment":"","neve_meta_author_avatar":"","neve_post_elements_order":"","neve_meta_disable_header":"","neve_meta_disable_footer":"","neve_meta_disable_title":"","footnotes":""},"class_list":["post-16835","page","type-page","status-publish","hentry"],"_links":{"self":[{"href":"https:\/\/www.lansitec.com\/fr\/wp-json\/wp\/v2\/pages\/16835","targetHints":{"allow":["GET"]}}],"collection":[{"href":"https:\/\/www.lansitec.com\/fr\/wp-json\/wp\/v2\/pages"}],"about":[{"href":"https:\/\/www.lansitec.com\/fr\/wp-json\/wp\/v2\/types\/page"}],"author":[{"embeddable":true,"href":"https:\/\/www.lansitec.com\/fr\/wp-json\/wp\/v2\/users\/1"}],"replies":[{"embeddable":true,"href":"https:\/\/www.lansitec.com\/fr\/wp-json\/wp\/v2\/comments?post=16835"}],"version-history":[{"count":0,"href":"https:\/\/www.lansitec.com\/fr\/wp-json\/wp\/v2\/pages\/16835\/revisions"}],"wp:attachment":[{"href":"https:\/\/www.lansitec.com\/fr\/wp-json\/wp\/v2\/media?parent=16835"}],"curies":[{"name":"wp","href":"https:\/\/api.w.org\/{rel}","templated":true}]}}