{"id":16845,"date":"2025-09-12T03:04:54","date_gmt":"2025-09-12T10:04:54","guid":{"rendered":"https:\/\/www.lansitec.com\/?page_id=16845"},"modified":"2025-09-12T03:04:55","modified_gmt":"2025-09-12T10:04:55","slug":"when-a-person-falls-into-the-water-how-can-we-avoid-all-receivers-within-a-5km-radius-from-sounding-the-alarm","status":"publish","type":"page","link":"https:\/\/www.lansitec.com\/fr\/faq\/comment-eviter-que-tous-les-recepteurs-situes-dans-un-rayon-de-5-km-ne-declenchent-lalarme-lorsquune-personne-tombe-a-leau\/","title":{"rendered":"Lorsqu&#039;une personne tombe \u00e0 l&#039;eau, comment \u00e9viter que tous les r\u00e9cepteurs dans un rayon de 5 km ne donnent l&#039;alarme ?"},"content":{"rendered":"<p>Cela peut \u00eatre mis en \u0153uvre en suivant les \u00e9tapes ci-dessous\u00a0:<\/p>\n\n\n\n<p>Enregistrez un exp\u00e9diteur en scannant son code QR et en envoyant les informations au serveur web.<\/p>\n\n\n\n<p>Lors de la proc\u00e9dure d&#039;inscription, l&#039;utilisateur peut associer un destinataire ou un groupe de destinataires \u00e0 l&#039;exp\u00e9diteur dans l&#039;application web.<\/p>\n\n\n\n<p>Lorsque le serveur web re\u00e7oit l&#039;inscription d&#039;un nouvel exp\u00e9diteur, l&#039;identifiant de l&#039;exp\u00e9diteur est transmis au(x) destinataire(s) correspondant(s).<\/p>","protected":false},"excerpt":{"rendered":"<p>This can be implemented by following the steps below: Register a sender by scanning its QR code and sending the information to the web server. During the process of registration, the user can associate a receiver or a group of receivers with the sender in the web application. When the web server receives the registration&hellip;&nbsp;<a href=\"https:\/\/www.lansitec.com\/fr\/faq\/comment-eviter-que-tous-les-recepteurs-situes-dans-un-rayon-de-5-km-ne-declenchent-lalarme-lorsquune-personne-tombe-a-leau\/\" rel=\"bookmark\">Lire la suite \u00bb<span class=\"screen-reader-text\">Lorsqu&#039;une personne tombe \u00e0 l&#039;eau, comment \u00e9viter que tous les r\u00e9cepteurs dans un rayon de 5 km ne donnent l&#039;alarme ?<\/span><\/a><\/p>","protected":false},"author":1,"featured_media":0,"parent":16835,"menu_order":0,"comment_status":"closed","ping_status":"closed","template":"","meta":{"neve_meta_sidebar":"","neve_meta_container":"","neve_meta_enable_content_width":"","neve_meta_content_width":0,"neve_meta_title_alignment":"","neve_meta_author_avatar":"","neve_post_elements_order":"","neve_meta_disable_header":"","neve_meta_disable_footer":"","neve_meta_disable_title":"","footnotes":""},"class_list":["post-16845","page","type-page","status-publish","hentry"],"_links":{"self":[{"href":"https:\/\/www.lansitec.com\/fr\/wp-json\/wp\/v2\/pages\/16845","targetHints":{"allow":["GET"]}}],"collection":[{"href":"https:\/\/www.lansitec.com\/fr\/wp-json\/wp\/v2\/pages"}],"about":[{"href":"https:\/\/www.lansitec.com\/fr\/wp-json\/wp\/v2\/types\/page"}],"author":[{"embeddable":true,"href":"https:\/\/www.lansitec.com\/fr\/wp-json\/wp\/v2\/users\/1"}],"replies":[{"embeddable":true,"href":"https:\/\/www.lansitec.com\/fr\/wp-json\/wp\/v2\/comments?post=16845"}],"version-history":[{"count":0,"href":"https:\/\/www.lansitec.com\/fr\/wp-json\/wp\/v2\/pages\/16845\/revisions"}],"up":[{"embeddable":true,"href":"https:\/\/www.lansitec.com\/fr\/wp-json\/wp\/v2\/pages\/16835"}],"wp:attachment":[{"href":"https:\/\/www.lansitec.com\/fr\/wp-json\/wp\/v2\/media?parent=16845"}],"curies":[{"name":"wp","href":"https:\/\/api.w.org\/{rel}","templated":true}]}}