{"id":16876,"date":"2025-09-12T05:45:46","date_gmt":"2025-09-12T12:45:46","guid":{"rendered":"https:\/\/www.lansitec.com\/?page_id=16876"},"modified":"2025-09-15T22:53:08","modified_gmt":"2025-09-16T05:53:08","slug":"is-there-a-monthly-fee-to-keep-up-with-the-data-being-transported-from-the-lora-gateway","status":"publish","type":"page","link":"https:\/\/www.lansitec.com\/fr\/faq\/existe-t-il-des-frais-mensuels-pour-assurer-le-suivi-des-donnees-transferees-depuis-la-passerelle-lora\/","title":{"rendered":"Existe-t-il des frais mensuels pour suivre les donn\u00e9es transport\u00e9es depuis la passerelle LoRa\u00a0?"},"content":{"rendered":"<p>L&#039;utilisation de notre service est gratuite et sans frais mensuels. <a href=\"https:\/\/www.lansitec.com\/fr\/produits\/\" data-type=\"page\" data-id=\"917\">mat\u00e9riel<\/a> et <a href=\"https:\/\/www.lansitec.com\/fr\/lorawan\/\">LoRaWAN<\/a>. Si <a href=\"https:\/\/www.lansitec.com\/fr\/passerelles\/#aoa-gateways\">Ethernet<\/a> est utilis\u00e9 comme <a href=\"https:\/\/www.lansitec.com\/fr\/lorawan\/\">LoRaWAN<\/a> Il n&#039;y a pas non plus de frais de liaison avec la passerelle, sauf si la 4G est utilis\u00e9e.<\/p>","protected":false},"excerpt":{"rendered":"<p>L&#039;utilisation de notre mat\u00e9riel et du r\u00e9seau LoRaWAN est gratuite. Si une connexion Ethernet est utilis\u00e9e comme liaison de retour pour la passerelle LoRaWAN, il n&#039;y a pas non plus de frais, sauf en cas d&#039;utilisation de la 4G.<\/p>","protected":false},"author":1,"featured_media":0,"parent":16835,"menu_order":0,"comment_status":"closed","ping_status":"closed","template":"","meta":{"neve_meta_sidebar":"","neve_meta_container":"","neve_meta_enable_content_width":"","neve_meta_content_width":0,"neve_meta_title_alignment":"","neve_meta_author_avatar":"","neve_post_elements_order":"","neve_meta_disable_header":"","neve_meta_disable_footer":"","neve_meta_disable_title":"","footnotes":""},"class_list":["post-16876","page","type-page","status-publish","hentry"],"_links":{"self":[{"href":"https:\/\/www.lansitec.com\/fr\/wp-json\/wp\/v2\/pages\/16876","targetHints":{"allow":["GET"]}}],"collection":[{"href":"https:\/\/www.lansitec.com\/fr\/wp-json\/wp\/v2\/pages"}],"about":[{"href":"https:\/\/www.lansitec.com\/fr\/wp-json\/wp\/v2\/types\/page"}],"author":[{"embeddable":true,"href":"https:\/\/www.lansitec.com\/fr\/wp-json\/wp\/v2\/users\/1"}],"replies":[{"embeddable":true,"href":"https:\/\/www.lansitec.com\/fr\/wp-json\/wp\/v2\/comments?post=16876"}],"version-history":[{"count":0,"href":"https:\/\/www.lansitec.com\/fr\/wp-json\/wp\/v2\/pages\/16876\/revisions"}],"up":[{"embeddable":true,"href":"https:\/\/www.lansitec.com\/fr\/wp-json\/wp\/v2\/pages\/16835"}],"wp:attachment":[{"href":"https:\/\/www.lansitec.com\/fr\/wp-json\/wp\/v2\/media?parent=16876"}],"curies":[{"name":"wp","href":"https:\/\/api.w.org\/{rel}","templated":true}]}}