{"id":16878,"date":"2025-09-12T05:47:13","date_gmt":"2025-09-12T12:47:13","guid":{"rendered":"https:\/\/www.lansitec.com\/?page_id=16878"},"modified":"2025-09-15T22:58:37","modified_gmt":"2025-09-16T05:58:37","slug":"would-using-the-nb-iot-lte-m-gateway-have-more-reliable-communication","status":"publish","type":"page","link":"https:\/\/www.lansitec.com\/fr\/faq\/lutilisation-de-la-passerelle-nb-iot-lte-m-permettrait-elle-une-communication-plus-fiable\/","title":{"rendered":"L\u2019utilisation de la passerelle NB-IoT\/LTE-M permettrait-elle une communication plus fiable ?"},"content":{"rendered":"<p>Si le r\u00e9seau est disponible, la communication devrait \u00eatre \u00e9quivalente \u00e0 <a href=\"https:\/\/www.lansitec.com\/fr\/lorawan\/\">LoRaWAN<\/a>. Nous avons des clients qui utilisent <a href=\"https:\/\/www.lansitec.com\/fr\/lorawan\/\">LoRaWAN<\/a> avec des dizaines de milliers d&#039;appareils et ont rencontr\u00e9 des probl\u00e8mes de fiabilit\u00e9.<\/p>\n\n\n\n<p>La technologie NB-IoT ne prend pas bien en charge les appareils mobiles. De plus, l&#039;appareil doit se reconnecter au r\u00e9seau s&#039;il change de station de base ou si le v\u00e9hicule se d\u00e9place trop rapidement.<\/p>\n\n\n\n<p>Veuillez \u00e9galement v\u00e9rifier la disponibilit\u00e9 des technologies NB-IoT ou LTE-M le long du trajet. La couverture r\u00e9seau est g\u00e9n\u00e9ralement moins performante que celle de la 4G (y compris Cat-1). <a href=\"https:\/\/www.lansitec.com\/fr\/lorawan\/\">LoRaWAN<\/a> Le r\u00e9seau peut \u00eatre d\u00e9ploy\u00e9 par nos soins.<\/p>","protected":false},"excerpt":{"rendered":"<p>If the network is available, then the communication should be equivalent to LoRaWAN. We have customers using LoRaWAN with tens of thousands of devices and have met reliability problems. NB-IoT does not support mobile devices well. And the device has to rejoin the network if it roams across different base stations or if the vehicle&hellip;&nbsp;<a href=\"https:\/\/www.lansitec.com\/fr\/faq\/lutilisation-de-la-passerelle-nb-iot-lte-m-permettrait-elle-une-communication-plus-fiable\/\" rel=\"bookmark\">Lire la suite \u00bb<span class=\"screen-reader-text\">L\u2019utilisation de la passerelle NB-IoT\/LTE-M permettrait-elle une communication plus fiable ?<\/span><\/a><\/p>","protected":false},"author":1,"featured_media":0,"parent":16835,"menu_order":0,"comment_status":"closed","ping_status":"closed","template":"","meta":{"neve_meta_sidebar":"","neve_meta_container":"","neve_meta_enable_content_width":"","neve_meta_content_width":0,"neve_meta_title_alignment":"","neve_meta_author_avatar":"","neve_post_elements_order":"","neve_meta_disable_header":"","neve_meta_disable_footer":"","neve_meta_disable_title":"","footnotes":""},"class_list":["post-16878","page","type-page","status-publish","hentry"],"_links":{"self":[{"href":"https:\/\/www.lansitec.com\/fr\/wp-json\/wp\/v2\/pages\/16878","targetHints":{"allow":["GET"]}}],"collection":[{"href":"https:\/\/www.lansitec.com\/fr\/wp-json\/wp\/v2\/pages"}],"about":[{"href":"https:\/\/www.lansitec.com\/fr\/wp-json\/wp\/v2\/types\/page"}],"author":[{"embeddable":true,"href":"https:\/\/www.lansitec.com\/fr\/wp-json\/wp\/v2\/users\/1"}],"replies":[{"embeddable":true,"href":"https:\/\/www.lansitec.com\/fr\/wp-json\/wp\/v2\/comments?post=16878"}],"version-history":[{"count":0,"href":"https:\/\/www.lansitec.com\/fr\/wp-json\/wp\/v2\/pages\/16878\/revisions"}],"up":[{"embeddable":true,"href":"https:\/\/www.lansitec.com\/fr\/wp-json\/wp\/v2\/pages\/16835"}],"wp:attachment":[{"href":"https:\/\/www.lansitec.com\/fr\/wp-json\/wp\/v2\/media?parent=16878"}],"curies":[{"name":"wp","href":"https:\/\/api.w.org\/{rel}","templated":true}]}}