{"id":16882,"date":"2025-09-12T05:48:51","date_gmt":"2025-09-12T12:48:51","guid":{"rendered":"https:\/\/www.lansitec.com\/?page_id=16882"},"modified":"2025-09-15T22:50:48","modified_gmt":"2025-09-16T05:50:48","slug":"if-we-want-to-add-extra-sensors-or-integrate-with-our-own-software-is-that-something-you-can-do","status":"publish","type":"page","link":"https:\/\/www.lansitec.com\/fr\/faq\/si-nous-voulons-ajouter-des-capteurs-supplementaires-ou-les-integrer-a-notre-propre-logiciel-est-ce-possible\/","title":{"rendered":"Si nous voulons ajouter des capteurs suppl\u00e9mentaires ou les int\u00e9grer \u00e0 notre propre logiciel, est-ce quelque chose que vous pouvez faire ?"},"content":{"rendered":"<p>Ajout <a href=\"https:\/\/www.lansitec.com\/fr\/capteurs\/#lorawan-sensors\">capteurs<\/a> Cela implique une modification du mat\u00e9riel\u00a0; nous devons donc \u00e9valuer le co\u00fbt et vous recontacter ensuite. Mais oui, c\u2019est possible.<br>En ce qui concerne les logiciels, nous ne vendons que du mat\u00e9riel, mais nous pouvons parfaitement int\u00e9grer tous les appareils aux logiciels de nos clients \u2014 c&#039;est quelque chose que nous faisons presque quotidiennement.<\/p>","protected":false},"excerpt":{"rendered":"<p>Adding sensors involves a hardware change, so we would need to evaluate the cost and then get back to you. But yes, it is possible.As for software, we sell hardware only, but we can definitely integrate all devices with a client&#8217;s software \u2014 this is something we do almost every day.<\/p>","protected":false},"author":1,"featured_media":0,"parent":16835,"menu_order":0,"comment_status":"closed","ping_status":"closed","template":"","meta":{"neve_meta_sidebar":"","neve_meta_container":"","neve_meta_enable_content_width":"","neve_meta_content_width":0,"neve_meta_title_alignment":"","neve_meta_author_avatar":"","neve_post_elements_order":"","neve_meta_disable_header":"","neve_meta_disable_footer":"","neve_meta_disable_title":"","footnotes":""},"class_list":["post-16882","page","type-page","status-publish","hentry"],"_links":{"self":[{"href":"https:\/\/www.lansitec.com\/fr\/wp-json\/wp\/v2\/pages\/16882","targetHints":{"allow":["GET"]}}],"collection":[{"href":"https:\/\/www.lansitec.com\/fr\/wp-json\/wp\/v2\/pages"}],"about":[{"href":"https:\/\/www.lansitec.com\/fr\/wp-json\/wp\/v2\/types\/page"}],"author":[{"embeddable":true,"href":"https:\/\/www.lansitec.com\/fr\/wp-json\/wp\/v2\/users\/1"}],"replies":[{"embeddable":true,"href":"https:\/\/www.lansitec.com\/fr\/wp-json\/wp\/v2\/comments?post=16882"}],"version-history":[{"count":0,"href":"https:\/\/www.lansitec.com\/fr\/wp-json\/wp\/v2\/pages\/16882\/revisions"}],"up":[{"embeddable":true,"href":"https:\/\/www.lansitec.com\/fr\/wp-json\/wp\/v2\/pages\/16835"}],"wp:attachment":[{"href":"https:\/\/www.lansitec.com\/fr\/wp-json\/wp\/v2\/media?parent=16882"}],"curies":[{"name":"wp","href":"https:\/\/api.w.org\/{rel}","templated":true}]}}