{"id":16884,"date":"2025-09-12T05:49:29","date_gmt":"2025-09-12T12:49:29","guid":{"rendered":"https:\/\/www.lansitec.com\/?page_id=16884"},"modified":"2025-09-15T22:51:57","modified_gmt":"2025-09-16T05:51:57","slug":"is-it-possible-to-achieve-approximate-location-of-the-tags-using-lorawan-or-bluetooth-without-relying-on-gps","status":"publish","type":"page","link":"https:\/\/www.lansitec.com\/fr\/faq\/est-il-possible-dobtenir-une-localisation-approximative-des-etiquettes-a-laide-de-lorawan-ou-de-bluetooth-sans-recourir-au-gps\/","title":{"rendered":"Est-il possible d&#039;obtenir une localisation approximative des balises \u00e0 l&#039;aide de LoRaWAN ou de Bluetooth, sans d\u00e9pendre du GPS ?"},"content":{"rendered":"<p>Avec Bluetooth : Oui.<\/p>\n\n\n\n<p>Avec <a href=\"https:\/\/www.lansitec.com\/de\/lorawan\/\">LoRaWAN<\/a>Oui. Il prend en charge la d\u00e9tection de pr\u00e9sence, avec une pr\u00e9cision de quelques centaines de m\u00e8tres. Vous pouvez \u00e9galement d\u00e9ployer quatre <a href=\"https:\/\/www.lansitec.com\/fr\/passerelles\/#lorawan-gateways\">Passerelles LoRaWAN<\/a> espac\u00e9s d&#039;environ 1 km (\u00e0 titre d&#039;exemple). Dans cette configuration, la pr\u00e9cision peut varier de quelques dizaines de m\u00e8tres \u00e0 quelques centaines de m\u00e8tres.<\/p>\n\n\n\n<p>S&#039;il te pla\u00eet <a href=\"https:\/\/www.lansitec.com\/fr\/contactez-nous\/\" data-type=\"page\" data-id=\"752\">Contactez-nous<\/a> N&#039;h\u00e9sitez pas \u00e0 nous donner plus de d\u00e9tails sur votre projet. Nous vous proposerons une solution adapt\u00e9e.<\/p>\n\n\n\n<p><\/p>","protected":false},"excerpt":{"rendered":"<p>With Bluetooth: Yes. With LoRaWAN: Yes. It supports presence detection, with an accuracy of a few hundred meters. Alternatively, you can deploy four LoRaWAN gateways spaced about 1 km apart (as an example). In this setup, the accuracy can range from tens of meters to a couple of hundred meters. Please contact us and share&hellip;&nbsp;<a href=\"https:\/\/www.lansitec.com\/fr\/faq\/est-il-possible-dobtenir-une-localisation-approximative-des-etiquettes-a-laide-de-lorawan-ou-de-bluetooth-sans-recourir-au-gps\/\" rel=\"bookmark\">Lire la suite \u00bb<span class=\"screen-reader-text\">Est-il possible d&#039;obtenir une localisation approximative des balises \u00e0 l&#039;aide de LoRaWAN ou de Bluetooth, sans d\u00e9pendre du GPS ?<\/span><\/a><\/p>","protected":false},"author":1,"featured_media":0,"parent":16835,"menu_order":0,"comment_status":"closed","ping_status":"closed","template":"","meta":{"neve_meta_sidebar":"","neve_meta_container":"","neve_meta_enable_content_width":"","neve_meta_content_width":0,"neve_meta_title_alignment":"","neve_meta_author_avatar":"","neve_post_elements_order":"","neve_meta_disable_header":"","neve_meta_disable_footer":"","neve_meta_disable_title":"","footnotes":""},"class_list":["post-16884","page","type-page","status-publish","hentry"],"_links":{"self":[{"href":"https:\/\/www.lansitec.com\/fr\/wp-json\/wp\/v2\/pages\/16884","targetHints":{"allow":["GET"]}}],"collection":[{"href":"https:\/\/www.lansitec.com\/fr\/wp-json\/wp\/v2\/pages"}],"about":[{"href":"https:\/\/www.lansitec.com\/fr\/wp-json\/wp\/v2\/types\/page"}],"author":[{"embeddable":true,"href":"https:\/\/www.lansitec.com\/fr\/wp-json\/wp\/v2\/users\/1"}],"replies":[{"embeddable":true,"href":"https:\/\/www.lansitec.com\/fr\/wp-json\/wp\/v2\/comments?post=16884"}],"version-history":[{"count":0,"href":"https:\/\/www.lansitec.com\/fr\/wp-json\/wp\/v2\/pages\/16884\/revisions"}],"up":[{"embeddable":true,"href":"https:\/\/www.lansitec.com\/fr\/wp-json\/wp\/v2\/pages\/16835"}],"wp:attachment":[{"href":"https:\/\/www.lansitec.com\/fr\/wp-json\/wp\/v2\/media?parent=16884"}],"curies":[{"name":"wp","href":"https:\/\/api.w.org\/{rel}","templated":true}]}}