{"id":16891,"date":"2025-09-15T01:42:50","date_gmt":"2025-09-15T08:42:50","guid":{"rendered":"https:\/\/www.lansitec.com\/?page_id=16891"},"modified":"2025-09-15T22:47:48","modified_gmt":"2025-09-16T05:47:48","slug":"for-cellular-and-wifi-do-you-also-outsource-your-baseline-rf-testing","status":"publish","type":"page","link":"https:\/\/www.lansitec.com\/fr\/faq\/pour-les-reseaux-cellulaires-et-wi-fi-sous-traitez-vous-egalement-vos-tests-rf-de-reference\/","title":{"rendered":"Pour le cellulaire (et le WiFi), externalisez-vous \u00e9galement vos tests RF de base ?"},"content":{"rendered":"<p>Pas tous. Nous utilisons des analyseurs de spectre et des analyseurs de r\u00e9seau pour v\u00e9rifier la conception et les performances de l&#039;antenne haute fr\u00e9quence. De plus, nous effectuons des tests de performance tels que la distance de transmission, <a href=\"https:\/\/www.lansitec.com\/fr\/blogs\/positionnement-interieur-rssi\/\">RSSI<\/a>, le nombre de paquets re\u00e7us et les comparaisons de performances avec les antennes externes.<br><br>Par exemple, nous comparons le nombre de paquets re\u00e7us par un r\u00e9cepteur et le nombre correspondant <a href=\"https:\/\/www.lansitec.com\/fr\/blogs\/positionnement-interieur-rssi\/\">RSSI<\/a> calculer les valeurs en fonction des paquets envoy\u00e9s, puis comparer ces r\u00e9sultats avec ceux obtenus \u00e0 l&#039;aide d&#039;une antenne externe.<br><br>Nous poss\u00e9dons une vaste exp\u00e9rience des technologies LoRa, Bluetooth, Wi-Fi, GNSS, NB-IoT et <a href=\"https:\/\/www.lansitec.com\/fr\/blogs\/reseaux-non-terrestres-ntn-connectivite-par-satellite-pour-le-suivi\/\">NTN<\/a> les modules ainsi que la conception de circuits, qui sont tous utilis\u00e9s dans diff\u00e9rents domaines <strong><a href=\"https:\/\/www.lansitec.com\/fr\/produits\/\" data-type=\"page\" data-id=\"917\">produits<\/a><\/strong> de nos propres mains. Nous poss\u00e9dons \u00e9galement une expertise en mati\u00e8re de <a href=\"https:\/\/www.lansitec.com\/fr\/lorawan\/\">LoRaWAN<\/a> protocole et <a href=\"https:\/\/www.lansitec.com\/fr\/solutions\/solution-de-suivi-uwb\/\" data-type=\"page\" data-id=\"13940\">Solutions UWB<\/a> en utilisant <a href=\"https:\/\/www.lansitec.com\/fr\/lorawan\/\">LoRaWAN<\/a> Protocole TDMA.<\/p>\n\n\n\n<p><\/p>","protected":false},"excerpt":{"rendered":"<p>Not all. We use spectrum analyzers and network analyzers to verify the design and high-frequency antenna performance. In addition, we conduct performance tests such as transmission distance, RSSI, number of packets received, and performance comparisons with external antennas. For example, we compare the number of packets received by a receiver and the corresponding RSSI values&hellip;&nbsp;<a href=\"https:\/\/www.lansitec.com\/fr\/faq\/pour-les-reseaux-cellulaires-et-wi-fi-sous-traitez-vous-egalement-vos-tests-rf-de-reference\/\" rel=\"bookmark\">Lire la suite \u00bb<span class=\"screen-reader-text\">Pour le cellulaire (et le WiFi), externalisez-vous \u00e9galement vos tests RF de base ?<\/span><\/a><\/p>","protected":false},"author":1,"featured_media":0,"parent":16835,"menu_order":0,"comment_status":"closed","ping_status":"closed","template":"","meta":{"neve_meta_sidebar":"","neve_meta_container":"","neve_meta_enable_content_width":"","neve_meta_content_width":0,"neve_meta_title_alignment":"","neve_meta_author_avatar":"","neve_post_elements_order":"","neve_meta_disable_header":"","neve_meta_disable_footer":"","neve_meta_disable_title":"","footnotes":""},"class_list":["post-16891","page","type-page","status-publish","hentry"],"_links":{"self":[{"href":"https:\/\/www.lansitec.com\/fr\/wp-json\/wp\/v2\/pages\/16891","targetHints":{"allow":["GET"]}}],"collection":[{"href":"https:\/\/www.lansitec.com\/fr\/wp-json\/wp\/v2\/pages"}],"about":[{"href":"https:\/\/www.lansitec.com\/fr\/wp-json\/wp\/v2\/types\/page"}],"author":[{"embeddable":true,"href":"https:\/\/www.lansitec.com\/fr\/wp-json\/wp\/v2\/users\/1"}],"replies":[{"embeddable":true,"href":"https:\/\/www.lansitec.com\/fr\/wp-json\/wp\/v2\/comments?post=16891"}],"version-history":[{"count":0,"href":"https:\/\/www.lansitec.com\/fr\/wp-json\/wp\/v2\/pages\/16891\/revisions"}],"up":[{"embeddable":true,"href":"https:\/\/www.lansitec.com\/fr\/wp-json\/wp\/v2\/pages\/16835"}],"wp:attachment":[{"href":"https:\/\/www.lansitec.com\/fr\/wp-json\/wp\/v2\/media?parent=16891"}],"curies":[{"name":"wp","href":"https:\/\/api.w.org\/{rel}","templated":true}]}}