{"id":16893,"date":"2025-09-15T01:43:49","date_gmt":"2025-09-15T08:43:49","guid":{"rendered":"https:\/\/www.lansitec.com\/?page_id=16893"},"modified":"2025-09-15T22:54:59","modified_gmt":"2025-09-16T05:54:59","slug":"what-is-the-difference-between-a-tracker-and-a-beacon-is-the-beacon-also-a-mini-gateway-repeater","status":"publish","type":"page","link":"https:\/\/www.lansitec.com\/fr\/faq\/quelle-est-la-difference-entre-un-tracker-et-une-balise-la-balise-est-elle-egalement-un-mini-repeteur-de-passerelle\/","title":{"rendered":"Quelle est la diff\u00e9rence entre un tracker et une balise\u00a0? La balise est-elle aussi une mini-passerelle\/r\u00e9p\u00e9teur\u00a0?"},"content":{"rendered":"<p>Un tracker re\u00e7oit des signaux provenant des environs <a href=\"https:\/\/www.lansitec.com\/fr\/balises-bluetooth\/\" data-type=\"page\" data-id=\"6794\">Balises<\/a> et transmet leurs sp\u00e9cialisations majeures, mineures et <a href=\"https:\/\/www.lansitec.com\/fr\/blogs\/positionnement-interieur-rssi\/\">RSSI<\/a> Les valeurs seront transmises au serveur. En l&#039;absence de signal de balise, le syst\u00e8me activera le GNSS pour obtenir les coordonn\u00e9es et les transmettre au serveur.<\/p>\n\n\n\n<p>Une balise, en revanche, diffuse en continu des messages du protocole iBeacon \u00e0 un intervalle fixe (de 0,1 s \u00e0 10 s) et \u00e0 une fr\u00e9quence d\u00e9finie. <a href=\"https:\/\/www.lansitec.com\/fr\/blogs\/optimisation-de-la-puissance-tx-pour-le-suivi-iot-amelioration-de-la-portee-conformite-de-la-duree-de-vie-de-la-batterie\/\">Puissance TX<\/a>. L&#039;intervalle de diffusion et <a href=\"https:\/\/www.lansitec.com\/fr\/blogs\/optimisation-de-la-puissance-tx-pour-le-suivi-iot-amelioration-de-la-portee-conformite-de-la-duree-de-vie-de-la-batterie\/\">Puissance TX<\/a> sont r\u00e9glables.<\/p>","protected":false},"excerpt":{"rendered":"<p>A Tracker receives signals from nearby Beacons and forwards their major, minor, and RSSI values to the server. If no Beacon signals are received, it will activate GNSS to obtain the coordinates and then report them to the server. A Beacon, on the other hand, continuously broadcasts iBeacon protocol messages at a fixed interval (ranging&hellip;&nbsp;<a href=\"https:\/\/www.lansitec.com\/fr\/faq\/quelle-est-la-difference-entre-un-tracker-et-une-balise-la-balise-est-elle-egalement-un-mini-repeteur-de-passerelle\/\" rel=\"bookmark\">Lire la suite \u00bb<span class=\"screen-reader-text\">Quelle est la diff\u00e9rence entre un tracker et une balise\u00a0? La balise est-elle aussi une mini-passerelle\/r\u00e9p\u00e9teur\u00a0?<\/span><\/a><\/p>","protected":false},"author":1,"featured_media":0,"parent":16835,"menu_order":0,"comment_status":"closed","ping_status":"closed","template":"","meta":{"neve_meta_sidebar":"","neve_meta_container":"","neve_meta_enable_content_width":"","neve_meta_content_width":0,"neve_meta_title_alignment":"","neve_meta_author_avatar":"","neve_post_elements_order":"","neve_meta_disable_header":"","neve_meta_disable_footer":"","neve_meta_disable_title":"","footnotes":""},"class_list":["post-16893","page","type-page","status-publish","hentry"],"_links":{"self":[{"href":"https:\/\/www.lansitec.com\/fr\/wp-json\/wp\/v2\/pages\/16893","targetHints":{"allow":["GET"]}}],"collection":[{"href":"https:\/\/www.lansitec.com\/fr\/wp-json\/wp\/v2\/pages"}],"about":[{"href":"https:\/\/www.lansitec.com\/fr\/wp-json\/wp\/v2\/types\/page"}],"author":[{"embeddable":true,"href":"https:\/\/www.lansitec.com\/fr\/wp-json\/wp\/v2\/users\/1"}],"replies":[{"embeddable":true,"href":"https:\/\/www.lansitec.com\/fr\/wp-json\/wp\/v2\/comments?post=16893"}],"version-history":[{"count":0,"href":"https:\/\/www.lansitec.com\/fr\/wp-json\/wp\/v2\/pages\/16893\/revisions"}],"up":[{"embeddable":true,"href":"https:\/\/www.lansitec.com\/fr\/wp-json\/wp\/v2\/pages\/16835"}],"wp:attachment":[{"href":"https:\/\/www.lansitec.com\/fr\/wp-json\/wp\/v2\/media?parent=16893"}],"curies":[{"name":"wp","href":"https:\/\/api.w.org\/{rel}","templated":true}]}}