{"id":16895,"date":"2025-09-15T01:44:35","date_gmt":"2025-09-15T08:44:35","guid":{"rendered":"https:\/\/www.lansitec.com\/?page_id=16895"},"modified":"2025-09-15T22:53:52","modified_gmt":"2025-09-16T05:53:52","slug":"once-the-device-becomes-functional-do-you-have-any-capability-of-running-end-to-end-system-level-testing","status":"publish","type":"page","link":"https:\/\/www.lansitec.com\/fr\/faq\/une-fois-lappareil-fonctionnel-avez-vous-la-possibilite-deffectuer-des-tests-systeme-de-bout-en-bout\/","title":{"rendered":"Une fois l\u2019appareil fonctionnel, avez-vous la capacit\u00e9 d\u2019ex\u00e9cuter des tests de bout en bout au niveau du syst\u00e8me\u00a0?"},"content":{"rendered":"<p>Oui. Nous avons notre usine \u00e0 Nanjing, un fabricant sous contrat (CM) \u00e0 Nanjing et un autre CM en Malaisie.<\/p>\n\n\n\n<p>Pour ce produit, nous pouvons effectuer des tests de performance (par exemple, la transmission de 100 ou 500 paquets) afin d&#039;\u00e9valuer les fonctionnalit\u00e9s Bluetooth, Wi-Fi et GNSS. Nous pouvons \u00e9galement utiliser un analyseur de spectre ou r\u00e9aliser des tests de performance suppl\u00e9mentaires pour v\u00e9rifier les performances globales du produit.<\/p>","protected":false},"excerpt":{"rendered":"<p>Yes. We have our factory in Nanjing, a contract manufacturer (CM) in Nanjing, and another CM in Malaysia. For the product, we can perform performance tests \u2014 for example, transmitting 100 or 500 packets \u2014 to evaluate Bluetooth, Wi-Fi, and GNSS functionality. We can also use a spectrum analyzer or additional performance tests to verify&hellip;&nbsp;<a href=\"https:\/\/www.lansitec.com\/fr\/faq\/une-fois-lappareil-fonctionnel-avez-vous-la-possibilite-deffectuer-des-tests-systeme-de-bout-en-bout\/\" rel=\"bookmark\">Lire la suite \u00bb<span class=\"screen-reader-text\">Une fois l\u2019appareil fonctionnel, avez-vous la capacit\u00e9 d\u2019ex\u00e9cuter des tests de bout en bout au niveau du syst\u00e8me\u00a0?<\/span><\/a><\/p>","protected":false},"author":1,"featured_media":0,"parent":16835,"menu_order":0,"comment_status":"closed","ping_status":"closed","template":"","meta":{"neve_meta_sidebar":"","neve_meta_container":"","neve_meta_enable_content_width":"","neve_meta_content_width":0,"neve_meta_title_alignment":"","neve_meta_author_avatar":"","neve_post_elements_order":"","neve_meta_disable_header":"","neve_meta_disable_footer":"","neve_meta_disable_title":"","footnotes":""},"class_list":["post-16895","page","type-page","status-publish","hentry"],"_links":{"self":[{"href":"https:\/\/www.lansitec.com\/fr\/wp-json\/wp\/v2\/pages\/16895","targetHints":{"allow":["GET"]}}],"collection":[{"href":"https:\/\/www.lansitec.com\/fr\/wp-json\/wp\/v2\/pages"}],"about":[{"href":"https:\/\/www.lansitec.com\/fr\/wp-json\/wp\/v2\/types\/page"}],"author":[{"embeddable":true,"href":"https:\/\/www.lansitec.com\/fr\/wp-json\/wp\/v2\/users\/1"}],"replies":[{"embeddable":true,"href":"https:\/\/www.lansitec.com\/fr\/wp-json\/wp\/v2\/comments?post=16895"}],"version-history":[{"count":0,"href":"https:\/\/www.lansitec.com\/fr\/wp-json\/wp\/v2\/pages\/16895\/revisions"}],"up":[{"embeddable":true,"href":"https:\/\/www.lansitec.com\/fr\/wp-json\/wp\/v2\/pages\/16835"}],"wp:attachment":[{"href":"https:\/\/www.lansitec.com\/fr\/wp-json\/wp\/v2\/media?parent=16895"}],"curies":[{"name":"wp","href":"https:\/\/api.w.org\/{rel}","templated":true}]}}