{"id":16897,"date":"2025-09-15T01:45:09","date_gmt":"2025-09-15T08:45:09","guid":{"rendered":"https:\/\/www.lansitec.com\/?page_id=16897"},"modified":"2025-09-15T01:46:05","modified_gmt":"2025-09-15T08:46:05","slug":"some-of-our-assets-will-be-located-in-cold-storage-environments-25c-to-30c-while-others-will-be-deployed-outdoors-exposed-to-direct-sunlight-and-temperatures-ranging-from-40c-to","status":"publish","type":"page","link":"https:\/\/www.lansitec.com\/fr\/faq\/certains-de-nos-equipements-seront-entreposes-dans-des-chambres-froides-a-une-temperature-de-25-a-30-c-tandis-que-dautres-seront-deployes-a-lexterieur-exposes-a-la-lumiere-directe\/","title":{"rendered":"Certains de nos \u00e9quipements seront stock\u00e9s dans des environnements froids (-25 \u00b0C \u00e0 -30 \u00b0C), tandis que d&#039;autres seront d\u00e9ploy\u00e9s \u00e0 l&#039;ext\u00e9rieur, expos\u00e9s \u00e0 la lumi\u00e8re directe du soleil et \u00e0 des temp\u00e9ratures comprises entre 40 \u00b0C et 50 \u00b0C. Cela affectera-t-il les appareils\u00a0?"},"content":{"rendered":"<p>La temp\u00e9rature ne pose aucun probl\u00e8me pour le circuit ni pour la batterie. Nous utiliserons la batterie basse temp\u00e9rature adapt\u00e9e \u00e0 votre environnement.<\/p>\n\n\n\n<p><\/p>","protected":false},"excerpt":{"rendered":"<p>La temp\u00e9rature ne pose aucun probl\u00e8me pour le circuit ni pour la batterie. Nous utiliserons la batterie basse temp\u00e9rature adapt\u00e9e \u00e0 votre environnement.<\/p>","protected":false},"author":1,"featured_media":0,"parent":16835,"menu_order":0,"comment_status":"closed","ping_status":"closed","template":"","meta":{"neve_meta_sidebar":"","neve_meta_container":"","neve_meta_enable_content_width":"","neve_meta_content_width":0,"neve_meta_title_alignment":"","neve_meta_author_avatar":"","neve_post_elements_order":"","neve_meta_disable_header":"","neve_meta_disable_footer":"","neve_meta_disable_title":"","footnotes":""},"class_list":["post-16897","page","type-page","status-publish","hentry"],"_links":{"self":[{"href":"https:\/\/www.lansitec.com\/fr\/wp-json\/wp\/v2\/pages\/16897","targetHints":{"allow":["GET"]}}],"collection":[{"href":"https:\/\/www.lansitec.com\/fr\/wp-json\/wp\/v2\/pages"}],"about":[{"href":"https:\/\/www.lansitec.com\/fr\/wp-json\/wp\/v2\/types\/page"}],"author":[{"embeddable":true,"href":"https:\/\/www.lansitec.com\/fr\/wp-json\/wp\/v2\/users\/1"}],"replies":[{"embeddable":true,"href":"https:\/\/www.lansitec.com\/fr\/wp-json\/wp\/v2\/comments?post=16897"}],"version-history":[{"count":0,"href":"https:\/\/www.lansitec.com\/fr\/wp-json\/wp\/v2\/pages\/16897\/revisions"}],"up":[{"embeddable":true,"href":"https:\/\/www.lansitec.com\/fr\/wp-json\/wp\/v2\/pages\/16835"}],"wp:attachment":[{"href":"https:\/\/www.lansitec.com\/fr\/wp-json\/wp\/v2\/media?parent=16897"}],"curies":[{"name":"wp","href":"https:\/\/api.w.org\/{rel}","templated":true}]}}