{"id":16900,"date":"2025-09-15T01:47:00","date_gmt":"2025-09-15T08:47:00","guid":{"rendered":"https:\/\/www.lansitec.com\/?page_id=16900"},"modified":"2025-09-15T22:55:46","modified_gmt":"2025-09-16T05:55:46","slug":"what-kinds-of-bluetooth-features-do-you-trackers-support","status":"publish","type":"page","link":"https:\/\/www.lansitec.com\/fr\/faq\/quels-types-de-fonctionnalites-bluetooth-vos-trackers-prennent-ils-en-charge\/","title":{"rendered":"Quels types de fonctionnalit\u00e9s Bluetooth vos trackers prennent-ils en charge\u00a0?"},"content":{"rendered":"<p>Pour un <a href=\"https:\/\/www.lansitec.com\/de\/lorawan\/\">LoRaWAN<\/a> appareil, le traqueur prend en charge les deux <a href=\"https:\/\/www.lansitec.com\/de\/blogs\/der-ultimative-leitfaden-zu-bluetooth-scannen-vs-bluetooth-empfangen-entsperren-von-bluetooth-tracking-und-iot-beacon-leistung\/\">R\u00e9ception Bluetooth<\/a> et de la publicit\u00e9. Il re\u00e7oit des publicit\u00e9s \u00e0 proximit\u00e9 <a href=\"https:\/\/www.lansitec.com\/fr\/balises-bluetooth\/\" data-type=\"page\" data-id=\"6794\">Balises Bluetooth<\/a>Il indique les valeurs majeures et mineures, ainsi que le RSSI. Il annonce \u00e9galement les 4 derniers octets du DevEUI comme valeurs majeures et mineures du protocole iBeacon.<\/p>\n\n\n\n<p>Par exemple, 70B3D5A4D212330D, 0x33 est majeur et 0x0D est mineur.<\/p>\n\n\n\n<p>L&#039;intervalle par d\u00e9faut est de 5 s et est r\u00e9glable.<\/p>\n\n\n\n<p>Nos technologies Cat-1, NB-IoT et LTE-M <a href=\"https:\/\/www.lansitec.com\/de\/tracker\/\">traqueurs<\/a> Il prend \u00e9galement en charge les deux fonctionnalit\u00e9s.<\/p>","protected":false},"excerpt":{"rendered":"<p>For a LoRaWAN device, the tracker supports both Bluetooth receiving and advertising. It receives nearby Bluetooth beacons&#8216; and reports the major and minor, and RSSI. It also advertises the last 4 byte of the DevEUI as the major and minor of the iBeacon protocol. For example, 70B3D5A4D212330D, 0x33 is major and 0x0D is minor. The&hellip;&nbsp;<a href=\"https:\/\/www.lansitec.com\/fr\/faq\/quels-types-de-fonctionnalites-bluetooth-vos-trackers-prennent-ils-en-charge\/\" rel=\"bookmark\">Lire la suite \u00bb<span class=\"screen-reader-text\">Quels types de fonctionnalit\u00e9s Bluetooth vos trackers prennent-ils en charge\u00a0?<\/span><\/a><\/p>","protected":false},"author":1,"featured_media":0,"parent":16835,"menu_order":0,"comment_status":"closed","ping_status":"closed","template":"","meta":{"neve_meta_sidebar":"","neve_meta_container":"","neve_meta_enable_content_width":"","neve_meta_content_width":0,"neve_meta_title_alignment":"","neve_meta_author_avatar":"","neve_post_elements_order":"","neve_meta_disable_header":"","neve_meta_disable_footer":"","neve_meta_disable_title":"","footnotes":""},"class_list":["post-16900","page","type-page","status-publish","hentry"],"_links":{"self":[{"href":"https:\/\/www.lansitec.com\/fr\/wp-json\/wp\/v2\/pages\/16900","targetHints":{"allow":["GET"]}}],"collection":[{"href":"https:\/\/www.lansitec.com\/fr\/wp-json\/wp\/v2\/pages"}],"about":[{"href":"https:\/\/www.lansitec.com\/fr\/wp-json\/wp\/v2\/types\/page"}],"author":[{"embeddable":true,"href":"https:\/\/www.lansitec.com\/fr\/wp-json\/wp\/v2\/users\/1"}],"replies":[{"embeddable":true,"href":"https:\/\/www.lansitec.com\/fr\/wp-json\/wp\/v2\/comments?post=16900"}],"version-history":[{"count":0,"href":"https:\/\/www.lansitec.com\/fr\/wp-json\/wp\/v2\/pages\/16900\/revisions"}],"up":[{"embeddable":true,"href":"https:\/\/www.lansitec.com\/fr\/wp-json\/wp\/v2\/pages\/16835"}],"wp:attachment":[{"href":"https:\/\/www.lansitec.com\/fr\/wp-json\/wp\/v2\/media?parent=16900"}],"curies":[{"name":"wp","href":"https:\/\/api.w.org\/{rel}","templated":true}]}}