{"id":16957,"date":"2025-09-16T03:02:26","date_gmt":"2025-09-16T10:02:26","guid":{"rendered":"https:\/\/www.lansitec.com\/?page_id=16957"},"modified":"2025-09-16T03:02:27","modified_gmt":"2025-09-16T10:02:27","slug":"introduction-to-flex-tag-beacon-for-curved-uneven-or-cylindrical-surfaces","status":"publish","type":"page","link":"https:\/\/www.lansitec.com\/fr\/faq\/introduction-aux-balises-flexibles-pour-surfaces-courbes-irregulieres-ou-cylindriques\/","title":{"rendered":"Introduction \u00e0 Flex Tag Beacon pour surfaces courbes, irr\u00e9guli\u00e8res ou cylindriques"},"content":{"rendered":"<p><a href=\"https:\/\/www.youtube.com\/@lansitec\" rel=\"nofollow noopener\" target=\"_blank\"><\/a><\/p>\n\n\n\n<figure class=\"wp-block-embed is-type-video is-provider-youtube wp-block-embed-youtube wp-embed-aspect-16-9 wp-has-aspect-ratio\"><div class=\"wp-block-embed__wrapper\">\n<div class=\"nv-iframe-embed\"><iframe title=\"Introduction \u00e0 Flex Tag Beacon pour surfaces courbes, irr\u00e9guli\u00e8res ou cylindriques\" width=\"1200\" height=\"675\" src=\"https:\/\/www.youtube.com\/embed\/qOAD57PUHlc?feature=oembed\" frameborder=\"0\" allow=\"accelerometer; autoplay; clipboard-write; encrypted-media; gyroscope; picture-in-picture; web-share\" referrerpolicy=\"strict-origin-when-cross-origin\" allowfullscreen><\/iframe><\/div>\n<\/div><\/figure>\n\n\n\n<p>Obtenez une flexibilit\u00e9 d&#039;installation ultime avec le Lansitec <a href=\"https:\/\/www.lansitec.com\/pt\/produtos\/etiqueta-flexivel-b014\/\">\u00c9tiquette flexible<\/a>. Dot\u00e9 d&#039;une base en gel de silicone souple et adh\u00e9sive, ce dispositif se fixe sans effort sur les surfaces courbes, irr\u00e9guli\u00e8res ou cylindriques, ce qui le rend id\u00e9al pour le suivi d&#039;outils, de fournitures m\u00e9dicales ou d&#039;\u00e9quipements non plats. Mesurant seulement 40 \u00d7 25 \u00d7 18,6 mm, il diffuse en continu des paquets iBeacon et prend en charge jusqu&#039;\u00e0 six cadres publicitaires diff\u00e9rents. Une pile bouton CR1225 alimente l&#039;appareil pendant 5 ans en utilisation normale. Pour plus d&#039;informations, consultez [lien manquant]. <strong><a href=\"https:\/\/www.lansitec.com\/fr\/produits\/balise-flexible-b014\/\" data-type=\"page\" data-id=\"15868\">\u00c9tiquette flexible B014<\/a><\/strong>.<\/p>","protected":false},"excerpt":{"rendered":"<p>Achieve ultimate installation flexibility with the Lansitec Flex Tag. Built with a soft, adhesive-friendly silicone gel base, this beacon effortlessly attaches to curved, uneven, or cylindrical surfaces\u2014making it perfect for tracking tools, medical supplies, or equipment with non-flat exteriors. Measuring just 40 \u00d7 25 \u00d7 18.6 mm, it continuously broadcasts iBeacon packets and supports up&hellip;&nbsp;<a href=\"https:\/\/www.lansitec.com\/fr\/faq\/introduction-aux-balises-flexibles-pour-surfaces-courbes-irregulieres-ou-cylindriques\/\" rel=\"bookmark\">Lire la suite \u00bb<span class=\"screen-reader-text\">Introduction \u00e0 Flex Tag Beacon pour surfaces courbes, irr\u00e9guli\u00e8res ou cylindriques<\/span><\/a><\/p>","protected":false},"author":1,"featured_media":0,"parent":16835,"menu_order":0,"comment_status":"closed","ping_status":"closed","template":"","meta":{"neve_meta_sidebar":"","neve_meta_container":"","neve_meta_enable_content_width":"","neve_meta_content_width":0,"neve_meta_title_alignment":"","neve_meta_author_avatar":"","neve_post_elements_order":"","neve_meta_disable_header":"","neve_meta_disable_footer":"","neve_meta_disable_title":"","footnotes":""},"class_list":["post-16957","page","type-page","status-publish","hentry"],"_links":{"self":[{"href":"https:\/\/www.lansitec.com\/fr\/wp-json\/wp\/v2\/pages\/16957","targetHints":{"allow":["GET"]}}],"collection":[{"href":"https:\/\/www.lansitec.com\/fr\/wp-json\/wp\/v2\/pages"}],"about":[{"href":"https:\/\/www.lansitec.com\/fr\/wp-json\/wp\/v2\/types\/page"}],"author":[{"embeddable":true,"href":"https:\/\/www.lansitec.com\/fr\/wp-json\/wp\/v2\/users\/1"}],"replies":[{"embeddable":true,"href":"https:\/\/www.lansitec.com\/fr\/wp-json\/wp\/v2\/comments?post=16957"}],"version-history":[{"count":0,"href":"https:\/\/www.lansitec.com\/fr\/wp-json\/wp\/v2\/pages\/16957\/revisions"}],"up":[{"embeddable":true,"href":"https:\/\/www.lansitec.com\/fr\/wp-json\/wp\/v2\/pages\/16835"}],"wp:attachment":[{"href":"https:\/\/www.lansitec.com\/fr\/wp-json\/wp\/v2\/media?parent=16957"}],"curies":[{"name":"wp","href":"https:\/\/api.w.org\/{rel}","templated":true}]}}