{"id":16963,"date":"2025-09-16T03:25:45","date_gmt":"2025-09-16T10:25:45","guid":{"rendered":"https:\/\/www.lansitec.com\/?page_id=16963"},"modified":"2025-09-24T00:06:53","modified_gmt":"2025-09-24T07:06:53","slug":"helmet-sensor-deployment-and-positioning-demo","status":"publish","type":"page","link":"https:\/\/www.lansitec.com\/fr\/faq\/demonstration-de-deploiement-et-de-positionnement-des-capteurs-de-casque\/","title":{"rendered":"D\u00e9monstration du d\u00e9ploiement et du positionnement du capteur de casque."},"content":{"rendered":"<figure class=\"wp-block-embed is-type-video is-provider-youtube wp-block-embed-youtube wp-embed-aspect-16-9 wp-has-aspect-ratio\"><div class=\"wp-block-embed__wrapper\">\n<div class=\"nv-iframe-embed\"><iframe title=\"D\u00e9monstration du d\u00e9ploiement et du positionnement du capteur de casque.\" width=\"1200\" height=\"675\" src=\"https:\/\/www.youtube.com\/embed\/5bHHB_97oXw?feature=oembed\" frameborder=\"0\" allow=\"accelerometer; autoplay; clipboard-write; encrypted-media; gyroscope; picture-in-picture; web-share\" referrerpolicy=\"strict-origin-when-cross-origin\" allowfullscreen><\/iframe><\/div>\n<\/div><\/figure>\n\n\n\n<p>Regardez comment le Lansitec <a href=\"https:\/\/www.lansitec.com\/fr\/produits\/capteur-de-suivi-de-casque\/\" data-type=\"page\" data-id=\"1237\">Capteur de suivi de casque<\/a> est d\u00e9ploy\u00e9 et fournit un positionnement et un suivi de mouvement en temps r\u00e9el, le tout dans un seul appareil compact et robuste.<\/p>\n\n\n\n<p>Qu&#039;il s&#039;agisse de s\u00e9curit\u00e9 des travailleurs, de d\u00e9tection des chutes ou d&#039;alertes par zone, cette d\u00e9monstration montre l&#039;avenir des wearables industriels intelligents.<\/p>\n\n\n\n<p>\ud83d\udccd Positionnement pr\u00e9cis en int\u00e9rieur et en ext\u00e9rieur<br>\u26a0\ufe0f D\u00e9tection de chute et surveillance de mouvement<br>\ud83d\udd0b Longue autonomie | \ud83d\udcf6 <a href=\"https:\/\/www.lansitec.com\/th\/\u0e25\u0e2d\u0e23\u0e32\u0e27\u0e31\u0e19\/\">LoRaWAN<\/a> + GPS + BLE<br>\u2705 D\u00e9tection de chute<br>\u2705 Bouton panique<br>\u2705 D\u00e9tection d&#039;usure<br>\u2705 Alertes de d\u00e9passement de s\u00e9jour et de zone<br>\u2705 Suivi int\u00e9rieur\/ext\u00e9rieur en temps r\u00e9el<\/p>\n\n\n\n<p>Id\u00e9ale pour les chantiers de construction, les zones industrielles et les environnements de travail dangereux, cette technologie est con\u00e7ue pour am\u00e9liorer les normes HSE et sauver des vies.<\/p>\n\n\n\n<p>Pour en savoir plus\u00a0: https:\/\/www.lansitec.com\/products\/helmet-tracker-sensor\/<\/p>","protected":false},"excerpt":{"rendered":"<p>Watch how the Lansitec Helmet Tracker Sensor is deployed and delivers real-time positioning and motion tracking\u2014all in one compact, rugged device. Whether it\u2019s for worker safety, fall detection, or zone-based alerts, this demo shows the future of smart industrial wearables. \ud83d\udccd Precise indoor &amp; outdoor positioning\u26a0\ufe0f Fall detection &amp; motion monitoring\ud83d\udd0b Long battery life |&hellip;&nbsp;<a href=\"https:\/\/www.lansitec.com\/fr\/faq\/demonstration-de-deploiement-et-de-positionnement-des-capteurs-de-casque\/\" rel=\"bookmark\">Lire la suite \u00bb<span class=\"screen-reader-text\">D\u00e9monstration du d\u00e9ploiement et du positionnement du capteur de casque.<\/span><\/a><\/p>","protected":false},"author":1,"featured_media":0,"parent":16835,"menu_order":0,"comment_status":"closed","ping_status":"closed","template":"","meta":{"neve_meta_sidebar":"","neve_meta_container":"","neve_meta_enable_content_width":"","neve_meta_content_width":0,"neve_meta_title_alignment":"","neve_meta_author_avatar":"","neve_post_elements_order":"","neve_meta_disable_header":"","neve_meta_disable_footer":"","neve_meta_disable_title":"","footnotes":""},"class_list":["post-16963","page","type-page","status-publish","hentry"],"_links":{"self":[{"href":"https:\/\/www.lansitec.com\/fr\/wp-json\/wp\/v2\/pages\/16963","targetHints":{"allow":["GET"]}}],"collection":[{"href":"https:\/\/www.lansitec.com\/fr\/wp-json\/wp\/v2\/pages"}],"about":[{"href":"https:\/\/www.lansitec.com\/fr\/wp-json\/wp\/v2\/types\/page"}],"author":[{"embeddable":true,"href":"https:\/\/www.lansitec.com\/fr\/wp-json\/wp\/v2\/users\/1"}],"replies":[{"embeddable":true,"href":"https:\/\/www.lansitec.com\/fr\/wp-json\/wp\/v2\/comments?post=16963"}],"version-history":[{"count":0,"href":"https:\/\/www.lansitec.com\/fr\/wp-json\/wp\/v2\/pages\/16963\/revisions"}],"up":[{"embeddable":true,"href":"https:\/\/www.lansitec.com\/fr\/wp-json\/wp\/v2\/pages\/16835"}],"wp:attachment":[{"href":"https:\/\/www.lansitec.com\/fr\/wp-json\/wp\/v2\/media?parent=16963"}],"curies":[{"name":"wp","href":"https:\/\/api.w.org\/{rel}","templated":true}]}}