{"id":16974,"date":"2025-09-17T00:49:03","date_gmt":"2025-09-17T07:49:03","guid":{"rendered":"https:\/\/www.lansitec.com\/?page_id=16974"},"modified":"2025-09-18T02:46:33","modified_gmt":"2025-09-18T09:46:33","slug":"container-tracker-installation-guide-lorawan-nb%e2%80%91iot-lte%e2%80%91m-lte-cat%e2%80%911-and-uwb-setup-key-features","status":"publish","type":"page","link":"https:\/\/www.lansitec.com\/fr\/faq\/guide-dinstallation-du-tracker-de-conteneurs-lorawan-nbiot-ltem-lte-cat1-et-configuration-uwb-principales-fonctionnalites\/","title":{"rendered":"Guide d&#039;installation de Container Tracker\u00a0: configuration et fonctionnalit\u00e9s cl\u00e9s LoRaWAN, NB\u2011IoT\/LTE\u2011M, LTE Cat\u20111 et UWB"},"content":{"rendered":"<figure class=\"wp-block-embed is-type-video is-provider-youtube wp-block-embed-youtube wp-embed-aspect-16-9 wp-has-aspect-ratio\"><div class=\"wp-block-embed__wrapper\">\n<div class=\"nv-iframe-embed\"><iframe title=\"Guide d&#039;installation de Container Tracker\u00a0: configuration et fonctionnalit\u00e9s cl\u00e9s LoRaWAN, NB\u2011IoT\/LTE\u2011M, LTE Cat\u20111 et UWB\" width=\"1200\" height=\"675\" src=\"https:\/\/www.youtube.com\/embed\/vboR3wRPdF8?feature=oembed\" frameborder=\"0\" allow=\"accelerometer; autoplay; clipboard-write; encrypted-media; gyroscope; picture-in-picture; web-share\" referrerpolicy=\"strict-origin-when-cross-origin\" allowfullscreen><\/iframe><\/div>\n<\/div><\/figure>\n\n\n\n<p>Obtenez un aper\u00e7u complet du conteneur robuste de Lansitec <a href=\"https:\/\/www.lansitec.com\/de\/tracker\/\">traqueurs<\/a> \u00e0 travers <a href=\"https:\/\/www.lansitec.com\/de\/lorawan\/\">LoRaWAN<\/a>, NB-IoT\/LTE-M et LTE Cat-1 \u2014 con\u00e7u pour le positionnement int\u00e9rieur\/ext\u00e9rieur avec GNSS et s\u00e9curit\u00e9 avanc\u00e9e <a href=\"https:\/\/www.lansitec.com\/de\/sensoren\/\">capteurs<\/a> Id\u00e9al pour les conteneurs d&#039;exp\u00e9dition, les caisses de transport, les palettes, les machines lourdes et les v\u00e9hicules de flotte.<\/p>\n\n\n\n<p>Chaque mod\u00e8le offre un bo\u00eetier IP68 pour les environnements difficiles, une d\u00e9tection de sabotage et de mouvement pour la s\u00e9curit\u00e9 et une longue dur\u00e9e de vie de la batterie pour des d\u00e9ploiements sur plusieurs ann\u00e9es, ce qui simplifie les d\u00e9cisions de planification et de montage lors de l&#039;installation.<\/p>\n\n\n\n<p><strong>Mod\u00e8les couverts<\/strong><\/p>\n\n\n\n<ul class=\"wp-block-list\">\n<li><strong><a href=\"https:\/\/www.lansitec.com\/fr\/produits\/suivi-des-conteneurs-lorawan\/\" data-type=\"page\" data-id=\"1232\">Suivi de conteneurs LoRaWAN<\/a><\/strong>GNSS + Bluetooth + <a href=\"https:\/\/www.lansitec.com\/de\/lorawan\/\">LoRaWAN<\/a> pour le positionnement int\u00e9rieur\/ext\u00e9rieur, bo\u00eetier IP68, autonomie de batterie ultra-longue, d\u00e9tection de sabotage et d\u00e9tection de vibrations pour la s\u00e9curit\u00e9 des actifs.<\/li>\n\n\n\n<li><strong><a href=\"https:\/\/www.lansitec.com\/fr\/produits\/traqueur-de-conteneurs-nb-iot\/\" data-type=\"page\" data-id=\"7882\">Suivi des conteneurs NB-IoT et LTE-M<\/a><\/strong>:NB\u2011IoT\/LTE\u2011M avec GNSS, bo\u00eetier IP68, deux batteries Li\/SOCl2 4\u00a0000 mAh permettant une autonomie d&#039;environ 5 ans \u00e0 un intervalle de rapport de 30 minutes, ainsi que la d\u00e9tection de sabotage, la d\u00e9tection d&#039;ouverture\/fermeture de porte et le cache hors ligne.<\/li>\n\n\n\n<li><strong><a href=\"https:\/\/www.lansitec.com\/fr\/produits\/traqueur-de-conteneurs-cat-1\/\" data-type=\"page\" data-id=\"11951\">Dispositif de suivi de conteneurs LTE Cat\u20111<\/a><\/strong>:Suivi mondial des actifs de grande valeur avec Cat\u20111 + GNSS (&lt; 2,5 m), IP68, doubles batteries Li\/SOCl\u2082 jusqu&#039;\u00e0 cinq ans \u00e0 intervalles de 30 minutes, d\u00e9tection d&#039;effraction, d\u00e9tection d&#039;ouverture\/fermeture de porte, alertes de vibrations\/chocs et balises Bluetooth en option pour les \u00e9l\u00e9ments secondaires.<\/li>\n\n\n\n<li><strong><a href=\"https:\/\/www.lansitec.com\/fr\/produits\/suivi-des-conteneurs-uwb\/\" data-type=\"page\" data-id=\"13226\">Suivi de conteneurs UWB<\/a><\/strong>: <a href=\"https:\/\/www.lansitec.com\/de\/lorawan\/\">LoRaWAN<\/a> + UWB pour un positionnement int\u00e9rieur de haute pr\u00e9cision (jusqu&#039;\u00e0 10 cm) utilisant des ancres et un <a href=\"https:\/\/www.lansitec.com\/de\/lorawan\/\">LoRaWAN<\/a> passerelle, avec bo\u00eetier IP68 et double batterie Li\/SOCl\u2082 de 4000 mAh pour les environnements difficiles.<\/li>\n<\/ul>\n\n\n\n<p><strong>Points cl\u00e9s relatifs \u00e0 l&#039;installation<\/strong><\/p>\n\n\n\n<ul class=\"wp-block-list\">\n<li>Les bo\u00eetiers class\u00e9s IP68 permettent un montage sur des surfaces ext\u00e9rieures de conteneurs et un fonctionnement dans des climats difficiles ou sur des sites ext\u00e9rieurs.<\/li>\n\n\n\n<li>Les batteries primaires longue dur\u00e9e minimisent les visites de maintenance\u00a0; les variantes NB-IoT\/LTE-M et Cat-1 sp\u00e9cifient des packs doubles Li\/SOCl2 ciblant environ 5 ans \u00e0 des intervalles de rapport de 30 minutes.<\/li>\n\n\n\n<li>L&#039;ensemble de capteurs comprend un syst\u00e8me anti-sabotage et un syst\u00e8me de d\u00e9tection de mouvement\/vibration pour d\u00e9tecter les mouvements non autoris\u00e9s, avec NB-IoT\/LTE-M et Cat-1 prenant \u00e9galement en charge les \u00e9v\u00e9nements d&#039;ouverture\/fermeture de porte pour les alertes d&#039;acc\u00e8s au fret.<\/li>\n\n\n\n<li>Le positionnement utilise le GNSS sur tous les mod\u00e8les pour une pr\u00e9cision en ext\u00e9rieur, tandis que le Bluetooth est activ\u00e9. <a href=\"https:\/\/www.lansitec.com\/de\/lorawan\/\">LoRaWAN<\/a> et les \u00e9tiquettes Bluetooth optionnelles sur Cat\u20111 permettent d\u2019\u00e9tendre la surveillance des objets \u00e0 l\u2019int\u00e9rieur des conteneurs.<\/li>\n<\/ul>\n\n\n\n<p><strong>Cas d&#039;utilisation<\/strong><\/p>\n\n\n\n<ul class=\"wp-block-list\">\n<li>Conteneurs d&#039;exp\u00e9dition internationaux, palettes et caisses de transit n\u00e9cessitant une visibilit\u00e9 permanente sur les trajets et les installations.<\/li>\n\n\n\n<li>Machines lourdes et \u00e9quipements de grande valeur n\u00e9cessitant un suivi renforc\u00e9 avec alertes de sabotage et de vibrations\/chocs.<\/li>\n\n\n\n<li>Surveillance au niveau de la flotte pour r\u00e9duire les pertes, rationaliser la logistique et maintenir le contr\u00f4le op\u00e9rationnel de bout en bout.<\/li>\n<\/ul>\n\n\n\n<p><strong>Points forts techniques<\/strong><\/p>\n\n\n\n<ul class=\"wp-block-list\">\n<li>Options de connectivit\u00e9\u00a0: <a href=\"https:\/\/www.lansitec.com\/de\/lorawan\/\">LoRaWAN<\/a>, NB\u2011IoT\/LTE\u2011M et LTE Cat\u20111 pour s\u2019adapter \u00e0 la couverture r\u00e9gionale, aux budgets de donn\u00e9es et aux besoins de fr\u00e9quence de rapport.<\/li>\n\n\n\n<li>Alimentation : Batteries doubles Li\/SOCl2 sur les variantes NB\u2011IoT\/LTE\u2011M et Cat\u20111 jusqu\u2019\u00e0 cinq ans \u00e0 intervalles de 30 minutes ; <a href=\"https:\/\/www.lansitec.com\/de\/lorawan\/\">LoRaWAN<\/a> variante con\u00e7ue pour une dur\u00e9e de vie ultra-longue.<\/li>\n\n\n\n<li>Protection et d\u00e9tection : bo\u00eetier IP68, d\u00e9tection d&#039;effraction, d\u00e9tection de vibrations\/chocs, ouverture\/fermeture de porte (NB-IoT\/LTE-M et Cat-1) et cache hors ligne (NB-IoT\/LTE-M).<\/li>\n\n\n\n<li>Pr\u00e9cision et extension : GNSS avec &lt; 2,5 m sur Cat\u20111 et balises Bluetooth en option pour suivre le fret secondaire \u00e0 l&#039;int\u00e9rieur des conteneurs<\/li>\n<\/ul>\n\n\n\n<p><\/p>","protected":false},"excerpt":{"rendered":"<p>Get a complete overview of Lansitec\u2019s rugged container trackers across LoRaWAN, NB\u2011IoT\/LTE\u2011M, and LTE Cat\u20111\u2014built for indoor\/outdoor positioning with GNSS and advanced security sensors ideal for shipping containers, transit cases, pallets, heavy machinery, and fleet assets. \u2028 Each model offers an IP68 enclosure for harsh environments, tamper and motion sensing for security, and long battery&hellip;&nbsp;<a href=\"https:\/\/www.lansitec.com\/fr\/faq\/guide-dinstallation-du-tracker-de-conteneurs-lorawan-nbiot-ltem-lte-cat1-et-configuration-uwb-principales-fonctionnalites\/\" rel=\"bookmark\">Lire la suite \u00bb<span class=\"screen-reader-text\">Guide d&#039;installation de Container Tracker\u00a0: configuration et fonctionnalit\u00e9s cl\u00e9s LoRaWAN, NB\u2011IoT\/LTE\u2011M, LTE Cat\u20111 et UWB<\/span><\/a><\/p>","protected":false},"author":1,"featured_media":0,"parent":16835,"menu_order":0,"comment_status":"closed","ping_status":"closed","template":"","meta":{"neve_meta_sidebar":"","neve_meta_container":"","neve_meta_enable_content_width":"","neve_meta_content_width":0,"neve_meta_title_alignment":"","neve_meta_author_avatar":"","neve_post_elements_order":"","neve_meta_disable_header":"","neve_meta_disable_footer":"","neve_meta_disable_title":"","footnotes":""},"class_list":["post-16974","page","type-page","status-publish","hentry"],"_links":{"self":[{"href":"https:\/\/www.lansitec.com\/fr\/wp-json\/wp\/v2\/pages\/16974","targetHints":{"allow":["GET"]}}],"collection":[{"href":"https:\/\/www.lansitec.com\/fr\/wp-json\/wp\/v2\/pages"}],"about":[{"href":"https:\/\/www.lansitec.com\/fr\/wp-json\/wp\/v2\/types\/page"}],"author":[{"embeddable":true,"href":"https:\/\/www.lansitec.com\/fr\/wp-json\/wp\/v2\/users\/1"}],"replies":[{"embeddable":true,"href":"https:\/\/www.lansitec.com\/fr\/wp-json\/wp\/v2\/comments?post=16974"}],"version-history":[{"count":0,"href":"https:\/\/www.lansitec.com\/fr\/wp-json\/wp\/v2\/pages\/16974\/revisions"}],"up":[{"embeddable":true,"href":"https:\/\/www.lansitec.com\/fr\/wp-json\/wp\/v2\/pages\/16835"}],"wp:attachment":[{"href":"https:\/\/www.lansitec.com\/fr\/wp-json\/wp\/v2\/media?parent=16974"}],"curies":[{"name":"wp","href":"https:\/\/api.w.org\/{rel}","templated":true}]}}