{"id":2371,"date":"2023-03-15T12:03:17","date_gmt":"2023-03-15T12:03:17","guid":{"rendered":"https:\/\/www.lansitec.com\/?page_id=2371"},"modified":"2025-01-31T08:58:39","modified_gmt":"2025-01-31T08:58:39","slug":"legal","status":"publish","type":"page","link":"https:\/\/www.lansitec.com\/fr\/legal\/","title":{"rendered":"L\u00e9gal"},"content":{"rendered":"<div data-elementor-type=\"wp-page\" data-elementor-id=\"2371\" class=\"elementor elementor-2371\" data-elementor-post-type=\"page\">\n\t\t\t\t\t\t<section class=\"elementor-section elementor-top-section elementor-element elementor-element-0d589d8 elementor-section-boxed elementor-section-height-default elementor-section-height-default\" data-id=\"0d589d8\" data-element_type=\"section\" data-e-type=\"section\" data-settings=\"{&quot;ekit_has_onepagescroll_dot&quot;:&quot;yes&quot;}\">\n\t\t\t\t\t\t<div class=\"elementor-container elementor-column-gap-default\">\n\t\t\t\t\t<div class=\"elementor-column elementor-col-100 elementor-top-column elementor-element elementor-element-f725ede\" data-id=\"f725ede\" data-element_type=\"column\" data-e-type=\"column\">\n\t\t\t<div class=\"elementor-widget-wrap elementor-element-populated\">\n\t\t\t\t\t\t<div class=\"elementor-element elementor-element-e1383e3 elementor-widget elementor-widget-breadcrumbs\" data-id=\"e1383e3\" data-element_type=\"widget\" data-e-type=\"widget\" data-settings=\"{&quot;ekit_we_effect_on&quot;:&quot;none&quot;}\" data-widget_type=\"breadcrumbs.default\">\n\t\t\t\t<div class=\"elementor-widget-container\">\n\t\t\t\t\t<nav aria-label=\"chapelure\" class=\"rank-math-breadcrumb\"><p><span class=\"last\">Maison<\/span><\/p><\/nav>\t\t\t\t<\/div>\n\t\t\t\t<\/div>\n\t\t\t\t\t<\/div>\n\t\t<\/div>\n\t\t\t\t\t<\/div>\n\t\t<\/section>\n\t\t\t\t<section class=\"elementor-section elementor-top-section elementor-element elementor-element-8d22540 elementor-section-boxed elementor-section-height-default elementor-section-height-default\" data-id=\"8d22540\" data-element_type=\"section\" data-e-type=\"section\" data-settings=\"{&quot;ekit_has_onepagescroll_dot&quot;:&quot;yes&quot;}\">\n\t\t\t\t\t\t<div class=\"elementor-container elementor-column-gap-default\">\n\t\t\t\t\t<div class=\"elementor-column elementor-col-100 elementor-top-column elementor-element elementor-element-dacc1fa\" data-id=\"dacc1fa\" data-element_type=\"column\" data-e-type=\"column\">\n\t\t\t<div class=\"elementor-widget-wrap elementor-element-populated\">\n\t\t\t\t\t\t<div class=\"elementor-element elementor-element-de985f0 elementor-widget elementor-widget-heading\" data-id=\"de985f0\" data-element_type=\"widget\" data-e-type=\"widget\" data-settings=\"{&quot;ekit_we_effect_on&quot;:&quot;none&quot;}\" data-widget_type=\"heading.default\">\n\t\t\t\t\t<h1 class=\"elementor-heading-title elementor-size-default\">ARTICLE JURIDIQUE<\/h1>\t\t\t\t<\/div>\n\t\t\t\t<div class=\"elementor-element elementor-element-8463dab elementor-widget elementor-widget-text-editor\" data-id=\"8463dab\" data-element_type=\"widget\" data-e-type=\"widget\" data-settings=\"{&quot;ekit_we_effect_on&quot;:&quot;none&quot;}\" data-widget_type=\"text-editor.default\">\n\t\t\t\t\t\t\t\t\t<div class=\"privacy_content\">\n\nLANSITEC s&#039;engage \u00e0 garantir la transparence et la confiance en mati\u00e8re de protection de votre vie priv\u00e9e et nous nous effor\u00e7ons de vous expliquer clairement comment nous collectons et traitons vos informations. Il est important pour nous que vous preniez plaisir \u00e0 utiliser notre plateforme. <a href=\"https:\/\/www.lansitec.com\/fr\/produits\/\">produits<\/a>, Nous utilisons vos donn\u00e9es personnelles, vos informations et vos donn\u00e9es sur notre site web sans compromettre votre vie priv\u00e9e. Cette politique explique comment nous collectons et utilisons diff\u00e9rents types d&#039;informations personnelles et comportementales, et pourquoi. Vous pouvez acc\u00e9der \u00e0 vos donn\u00e9es personnelles, les modifier ou les supprimer \u00e0 tout moment. Pour en savoir plus sur vos droits, consultez notre FAQ. Vous pouvez \u00e9galement contacter directement notre \u00e9quipe en charge de la protection des donn\u00e9es\u00a0; ses coordonn\u00e9es figurent dans la section \u201c\u00a0Nous contacter\u00a0\u201d. Pour consulter notre politique de confidentialit\u00e9, veuillez vous r\u00e9f\u00e9rer \u00e0 la section \u2018\u00a0Confidentialit\u00e9\u00a0\u2019.\n\n<\/div>\n<h3 class=\"privacy_head1\"><em><b>I. LIENS EXTERNES\n<\/b><\/em><\/h3>\n<div class=\"privacy_content\">La pr\u00e9sente politique de confidentialit\u00e9 s&#039;applique uniquement \u00e0 l&#039;utilisation des donn\u00e9es par LANSITEC, \u00e0 nos sites web, \u00e0 nos services ou <a href=\"https:\/\/www.lansitec.com\/fr\/produits\/\">produits<\/a> Notre site peut contenir, de temps \u00e0 autre, des liens vers des sites externes, ou y \u00eatre h\u00e9berg\u00e9. LANSITEC d\u00e9cline toute responsabilit\u00e9 quant aux politiques de confidentialit\u00e9 et au contenu de ces sites. Nous vous recommandons de consulter les politiques de confidentialit\u00e9 de tout site externe que vous utilisez. De m\u00eame, si vous \u00eates redirig\u00e9 vers notre site web depuis un tiers, nous ne sommes pas responsables de la politique de confidentialit\u00e9 ni des pratiques de ce tiers. Nous vous recommandons vivement de prendre connaissance de sa politique.<\/div>\n<div><\/div>\n<h3 class=\"privacy_head1\"><em><strong>II. DONN\u00c9ES PERSONNELLES<\/strong><\/em><\/h3>\n<div class=\"privacy_content\">Les cookies sont de petits fichiers cr\u00e9\u00e9s dans votre navigateur Web lorsque vous visitez l&#039;un de nos sites Web. Les cookies contribuent \u00e0 rendre votre exp\u00e9rience en ligne plus efficace et plus adapt\u00e9e \u00e0 vos int\u00e9r\u00eats. Par exemple, ils sont utilis\u00e9s pour m\u00e9moriser vos pr\u00e9f\u00e9rences sur les sites que vous visitez souvent, pour m\u00e9moriser votre identifiant utilisateur et le contenu de vos paniers d&#039;achat, et pour vous aider \u00e0 naviguer plus efficacement entre les pages. Nous ne collectons aucun cookie autre que ceux collect\u00e9s par Google Analytics.<\/div>\n<div><\/div>\n<h3 class=\"privacy_head1\"><em><strong>III. CONTACT<\/strong><\/em><\/h3>\n<div class=\"privacy_content\">\n\nLe responsable de ce site Web (le \u00ab responsable du traitement \u00bb) aux fins de la loi sur la protection des donn\u00e9es est : LANSITEC Technology Co., Ltd. Room 501, No.21 Huashen Avenue, Nanjing, Chine T\u00e9l\u00e9phone : +86-25-8335-8776 E-mail : contact@lansitec.com\n\n<\/div>\n<h3 class=\"privacy_head1\"><em><span style=\"text-decoration: underline;\"><strong>IV. FAQ<\/strong><\/span><\/em><\/h3>\n<div>Comment puis-je voir quelles informations vous d\u00e9tenez sur moi ?<\/div>\n<div class=\"privacy_content\">\n<div class=\"privacy_q\">Vous pouvez contacter notre responsable de la confidentialit\u00e9 des donn\u00e9es comme indiqu\u00e9 dans notre section \u00ab\u00a0Contactez-nous\u00a0\u00bb ci-dessus.<\/div>\n<div class=\"privacy_a\">Comment puis-je refuser le profilage ?<\/div>\n<div class=\"privacy_q\">Vous pouvez nous contacter \u00e0 tout moment. Un membre de notre \u00e9quipe de protection des donn\u00e9es vous r\u00e9pondra au sujet de votre demande.<\/div>\n<div class=\"privacy_a\">Comment puis-je me d\u00e9sinscrire du marketing ?<\/div>\n<div class=\"privacy_q\">Vous pouvez mettre \u00e0 jour vos pr\u00e9f\u00e9rences \u00e0 tout moment et vous pouvez \u00e9galement vous d\u00e9sinscrire du marketing par e-mail en cliquant sur le lien de d\u00e9sabonnement au bas de nos e-mails. Pour les autres parties de Leverege LLC, vous pouvez nous contacter.<\/div>\n<div class=\"privacy_a\">Comment puis-je d\u00e9poser une plainte ?<\/div>\n<div class=\"privacy_q\">Si vous avez une r\u00e9clamation concernant un aspect quelconque de vos informations personnelles ou de cette politique de confidentialit\u00e9, veuillez \u00e9crire directement \u00e0 l&#039;\u00e9quipe de confidentialit\u00e9 des donn\u00e9es.<\/div>\n<div class=\"privacy_a\">Puis-je vous demander de supprimer mes informations ?<\/div>\n<div class=\"privacy_q\">Oui, contactez-nous. Nous examinerons votre demande et prendrons les mesures appropri\u00e9es, ce qui peut impliquer que nous la supprimions, plut\u00f4t que de la supprimer, afin de garantir que nous pouvons toujours suivre vos pr\u00e9f\u00e9rences quant \u00e0 savoir si nous pouvons ou non vous proposer des offres commerciales.<\/div>\n<div class=\"privacy_a\">Comment mettre \u00e0 jour mes informations ?<\/div>\n<div class=\"privacy_q\">Vous pouvez le mettre \u00e0 jour \u00e0 tout moment via votre compte en ligne ou simplement nous contacter.<\/div>\n<div><\/div>\n<\/div>\n<h3 class=\"privacy_head1\"><em><strong>V. MODIFICATIONS APPORT\u00c9ES \u00c0 CETTE POLITIQUE<\/strong><\/em><\/h3>\n<div class=\"privacy_content\">Nous pouvons \u00eatre amen\u00e9s \u00e0 modifier de temps \u00e0 autre la politique de confidentialit\u00e9. Cela peut \u00eatre li\u00e9 \u00e0 des changements dans la loi, aux meilleures pratiques ou \u00e0 des changements dans nos services. Ces changements seront refl\u00e9t\u00e9s dans cette d\u00e9claration, vous devez donc la consulter r\u00e9guli\u00e8rement.<\/div>\t\t\t\t\t\t\t\t<\/div>\n\t\t\t\t\t<\/div>\n\t\t<\/div>\n\t\t\t\t\t<\/div>\n\t\t<\/section>\n\t\t\t\t<\/div>","protected":false},"excerpt":{"rendered":"<p>ARTICLE JURIDIQUE\u00a0: LANSITEC s&#039;efforce de garantir la transparence et la confiance en mati\u00e8re de protection de votre vie priv\u00e9e et nous tenons \u00e0 vous expliquer clairement comment nous collectons et traitons vos informations. Il est important pour nous que vous puissiez utiliser nos produits, services et sites web sans compromettre votre vie priv\u00e9e. Cette politique d\u00e9crit comment nous collectons\u2026&nbsp;<a href=\"https:\/\/www.lansitec.com\/fr\/legal\/\" rel=\"bookmark\">Lire la suite \u00bb<span class=\"screen-reader-text\">L\u00e9gal<\/span><\/a><\/p>","protected":false},"author":1,"featured_media":2403,"parent":0,"menu_order":0,"comment_status":"closed","ping_status":"closed","template":"elementor_header_footer","meta":{"neve_meta_sidebar":"","neve_meta_container":"","neve_meta_enable_content_width":"","neve_meta_content_width":0,"neve_meta_title_alignment":"","neve_meta_author_avatar":"","neve_post_elements_order":"","neve_meta_disable_header":"","neve_meta_disable_footer":"","neve_meta_disable_title":"","footnotes":""},"class_list":["post-2371","page","type-page","status-publish","has-post-thumbnail","hentry"],"_links":{"self":[{"href":"https:\/\/www.lansitec.com\/fr\/wp-json\/wp\/v2\/pages\/2371","targetHints":{"allow":["GET"]}}],"collection":[{"href":"https:\/\/www.lansitec.com\/fr\/wp-json\/wp\/v2\/pages"}],"about":[{"href":"https:\/\/www.lansitec.com\/fr\/wp-json\/wp\/v2\/types\/page"}],"author":[{"embeddable":true,"href":"https:\/\/www.lansitec.com\/fr\/wp-json\/wp\/v2\/users\/1"}],"replies":[{"embeddable":true,"href":"https:\/\/www.lansitec.com\/fr\/wp-json\/wp\/v2\/comments?post=2371"}],"version-history":[{"count":0,"href":"https:\/\/www.lansitec.com\/fr\/wp-json\/wp\/v2\/pages\/2371\/revisions"}],"wp:featuredmedia":[{"embeddable":true,"href":"https:\/\/www.lansitec.com\/fr\/wp-json\/wp\/v2\/media\/2403"}],"wp:attachment":[{"href":"https:\/\/www.lansitec.com\/fr\/wp-json\/wp\/v2\/media?parent=2371"}],"curies":[{"name":"wp","href":"https:\/\/api.w.org\/{rel}","templated":true}]}}