{"id":2386,"date":"2023-03-15T12:10:04","date_gmt":"2023-03-15T12:10:04","guid":{"rendered":"https:\/\/www.lansitec.com\/?page_id=2386"},"modified":"2025-01-31T08:54:48","modified_gmt":"2025-01-31T08:54:48","slug":"warranty","status":"publish","type":"page","link":"https:\/\/www.lansitec.com\/fr\/garantie\/","title":{"rendered":"Garantie"},"content":{"rendered":"<div data-elementor-type=\"wp-page\" data-elementor-id=\"2386\" class=\"elementor elementor-2386\" data-elementor-post-type=\"page\">\n\t\t\t\t\t\t<section class=\"elementor-section elementor-top-section elementor-element elementor-element-0d589d8 elementor-section-boxed elementor-section-height-default elementor-section-height-default\" data-id=\"0d589d8\" data-element_type=\"section\" data-e-type=\"section\" data-settings=\"{&quot;ekit_has_onepagescroll_dot&quot;:&quot;yes&quot;}\">\n\t\t\t\t\t\t<div class=\"elementor-container elementor-column-gap-default\">\n\t\t\t\t\t<div class=\"elementor-column elementor-col-100 elementor-top-column elementor-element elementor-element-f725ede\" data-id=\"f725ede\" data-element_type=\"column\" data-e-type=\"column\">\n\t\t\t<div class=\"elementor-widget-wrap elementor-element-populated\">\n\t\t\t\t\t\t<div class=\"elementor-element elementor-element-e1383e3 elementor-widget elementor-widget-breadcrumbs\" data-id=\"e1383e3\" data-element_type=\"widget\" data-e-type=\"widget\" data-settings=\"{&quot;ekit_we_effect_on&quot;:&quot;none&quot;}\" data-widget_type=\"breadcrumbs.default\">\n\t\t\t\t<div class=\"elementor-widget-container\">\n\t\t\t\t\t<nav aria-label=\"chapelure\" class=\"rank-math-breadcrumb\"><p><span class=\"last\">Maison<\/span><\/p><\/nav>\t\t\t\t<\/div>\n\t\t\t\t<\/div>\n\t\t\t\t\t<\/div>\n\t\t<\/div>\n\t\t\t\t\t<\/div>\n\t\t<\/section>\n\t\t\t\t<section class=\"elementor-section elementor-top-section elementor-element elementor-element-8d22540 elementor-section-boxed elementor-section-height-default elementor-section-height-default\" data-id=\"8d22540\" data-element_type=\"section\" data-e-type=\"section\" data-settings=\"{&quot;ekit_has_onepagescroll_dot&quot;:&quot;yes&quot;}\">\n\t\t\t\t\t\t<div class=\"elementor-container elementor-column-gap-default\">\n\t\t\t\t\t<div class=\"elementor-column elementor-col-100 elementor-top-column elementor-element elementor-element-dacc1fa\" data-id=\"dacc1fa\" data-element_type=\"column\" data-e-type=\"column\">\n\t\t\t<div class=\"elementor-widget-wrap elementor-element-populated\">\n\t\t\t\t\t\t<div class=\"elementor-element elementor-element-de985f0 elementor-widget elementor-widget-heading\" data-id=\"de985f0\" data-element_type=\"widget\" data-e-type=\"widget\" data-settings=\"{&quot;ekit_we_effect_on&quot;:&quot;none&quot;}\" data-widget_type=\"heading.default\">\n\t\t\t\t\t<h1 class=\"elementor-heading-title elementor-size-default\">GARANTIE DU PRODUIT\n<\/h1>\t\t\t\t<\/div>\n\t\t\t\t<div class=\"elementor-element elementor-element-8463dab elementor-widget__width-initial elementor-widget elementor-widget-text-editor\" data-id=\"8463dab\" data-element_type=\"widget\" data-e-type=\"widget\" data-settings=\"{&quot;ekit_we_effect_on&quot;:&quot;none&quot;}\" data-widget_type=\"text-editor.default\">\n\t\t\t\t\t\t\t\t\t<div>\n<div>\n<div>LANSITEC s&#039;efforce de fournir un service de qualit\u00e9 et <a href=\"https:\/\/www.lansitec.com\/fr\/produits\/\">produits<\/a>. Il est important pour nous que vous preniez plaisir \u00e0 utiliser notre service. <a href=\"https:\/\/www.lansitec.com\/fr\/produits\/\">produits<\/a>, services et sites web sans compromettre votre vie priv\u00e9e de quelque mani\u00e8re que ce soit. Cette politique d\u00e9crit<br>comment nous garantissons la qualit\u00e9 globale de nos <a href=\"https:\/\/www.lansitec.com\/fr\/produits\/\">produits<\/a> et services. Vous pouvez \u00e9galement contacter directement notre \u00e9quipe produit\u00a0; ses coordonn\u00e9es figurent dans la section \u201c\u00a0Nous contacter\u00a0\u201d.<\/div>\n<div>&nbsp;<\/div>\n<h3><em><strong>I. RETOURS<\/strong><\/em><\/h3>\n<div><a href=\"https:\/\/www.lansitec.com\/fr\/produits\/\">Produits<\/a> Les produits livr\u00e9s d\u00e9fectueux \u00e0 l&#039;arriv\u00e9e (\u201c DOA \u201d), endommag\u00e9s pendant le transport ou non conformes \u00e0 la commande correspondante seront remplac\u00e9s lors de la prochaine commande.<\/div>\n<div>&nbsp;<\/div>\n<h3><em><strong>II. GARANTIE<\/strong><\/em><\/h3>\n<div>Tous les produits et services sont garantis<\/div>\n<div>(i) se conformer aux sp\u00e9cifications du fournisseur et sans d\u00e9fauts de fabrication ou de conception,<br>(ii) \u00eatre exempt de tout dispositif de d\u00e9sactivation, de \u00ab bombe \u00e0 retardement \u00bb ou de m\u00e9canisme de contr\u00f4le \u00e0 distance qui pourrait, ou pourrait \u00eatre utilis\u00e9 pour, entraver intentionnellement le fonctionnement du Produit ou endommager l&#039;environnement des syst\u00e8mes informatiques ou les logiciels des Clients de quelque mani\u00e8re que ce soit, ou compromettre l&#039;int\u00e9grit\u00e9 de tout fichier ou donn\u00e9e ;<br>(iii) ont \u00e9t\u00e9 test\u00e9s pour garantir qu\u2019ils ne contiennent aucun virus logiciel\u00a0;<br>(iv) N\u2019incluez pas de code open source, sauf accord sp\u00e9cifique du revendeur. Le revendeur est autoris\u00e9 \u00e0 transmettre et \u00e0 c\u00e9der la garantie au(x) client(s). Le fournisseur honorera les demandes de garantie formul\u00e9es directement par le(s) client(s). Toute d\u00e9faillance du <a href=\"https:\/\/www.lansitec.com\/fr\/produits\/\">Produits<\/a> ou le Service pour se conformer \u00e0 la garantie susmentionn\u00e9e ou \u00e0 toute autre<br>Les sp\u00e9cifications convenues entre les parties seront corrig\u00e9es par le fournisseur sans frais pour le revendeur ou le(s) client(s) pendant la p\u00e9riode de garantie (un an). Les services seront ex\u00e9cut\u00e9s par des personnes qualifi\u00e9es de mani\u00e8re professionnelle et conforme aux normes et pratiques g\u00e9n\u00e9ralement accept\u00e9es dans l&#039;industrie.<br>SAUF TEL QU&#039;IL EST INDIQU\u00c9 DANS LES PR\u00c9SENTES OU ACCORD\u00c9 AUTREMENT PAR \u00c9CRIT, LE FOURNISSEUR D\u00c9CLINE TOUTE REPR\u00c9SENTATION, GARANTIE ET CONDITION, QU&#039;ELLES SOIENT EXPRESSES OU IMPLICITES, Y COMPRIS, MAIS SANS S&#039;Y LIMITER, LES GARANTIES IMPLICITES DE QUALIT\u00c9 MARCHANDE ET D&#039;AD\u00c9QUATION \u00c0 UN USAGE PARTICULIER.<\/div>\n<div>&nbsp;<\/div>\n<h3><em><b>III. CONTACT<\/b><\/em><\/h3>\n<div>\n<p>Le responsable de ce site Web (le \u00ab responsable du traitement \u00bb) aux fins de la loi sur la protection des donn\u00e9es est :<\/p>\n<p>Lansitec Technology Co., Ltd.<br>Chambre 501, n\u00b0 21 avenue Huashen,<br>Nanjing, Chine<\/p>\n<p>+86-25-8335-8776<br>Courriel : contact@lansitec.com<\/p>\n<\/div>\n<h3><em><strong>IV. RMA<\/strong><\/em><\/h3>\n<div>Afin de retourner le produit et nous aider \u00e0 am\u00e9liorer ses performances, veuillez remplir le&nbsp;<a href=\"https:\/\/www.lansitec.com\/fr\/formulaire-de-retour-de-marchandises\/\">Formulaire de retour de marchandise.<\/a><\/div>\n<\/div>\n<\/div>\t\t\t\t\t\t\t\t<\/div>\n\t\t\t\t\t<\/div>\n\t\t<\/div>\n\t\t\t\t\t<\/div>\n\t\t<\/section>\n\t\t\t\t<\/div>","protected":false},"excerpt":{"rendered":"<p>GARANTIE PRODUIT\u00a0: LANSITEC s&#039;engage \u00e0 vous offrir un service et des produits de qualit\u00e9. Il est important pour nous que vous puissiez utiliser nos produits, services et sites web avec plaisir, sans compromettre votre confidentialit\u00e9. Cette politique explique comment nous garantissons la qualit\u00e9 globale de nos produits et services. Vous pouvez \u00e9galement contacter directement notre \u00e9quipe produit\u00a0;\u2026&nbsp;<a href=\"https:\/\/www.lansitec.com\/fr\/garantie\/\" rel=\"bookmark\">Lire la suite \u00bb<span class=\"screen-reader-text\">Garantie<\/span><\/a><\/p>","protected":false},"author":1,"featured_media":0,"parent":0,"menu_order":0,"comment_status":"closed","ping_status":"closed","template":"elementor_header_footer","meta":{"neve_meta_sidebar":"","neve_meta_container":"","neve_meta_enable_content_width":"","neve_meta_content_width":0,"neve_meta_title_alignment":"","neve_meta_author_avatar":"","neve_post_elements_order":"","neve_meta_disable_header":"","neve_meta_disable_footer":"","neve_meta_disable_title":"","footnotes":""},"class_list":["post-2386","page","type-page","status-publish","hentry"],"_links":{"self":[{"href":"https:\/\/www.lansitec.com\/fr\/wp-json\/wp\/v2\/pages\/2386","targetHints":{"allow":["GET"]}}],"collection":[{"href":"https:\/\/www.lansitec.com\/fr\/wp-json\/wp\/v2\/pages"}],"about":[{"href":"https:\/\/www.lansitec.com\/fr\/wp-json\/wp\/v2\/types\/page"}],"author":[{"embeddable":true,"href":"https:\/\/www.lansitec.com\/fr\/wp-json\/wp\/v2\/users\/1"}],"replies":[{"embeddable":true,"href":"https:\/\/www.lansitec.com\/fr\/wp-json\/wp\/v2\/comments?post=2386"}],"version-history":[{"count":0,"href":"https:\/\/www.lansitec.com\/fr\/wp-json\/wp\/v2\/pages\/2386\/revisions"}],"wp:attachment":[{"href":"https:\/\/www.lansitec.com\/fr\/wp-json\/wp\/v2\/media?parent=2386"}],"curies":[{"name":"wp","href":"https:\/\/api.w.org\/{rel}","templated":true}]}}