{"id":5489,"date":"2023-10-27T10:02:16","date_gmt":"2023-10-27T10:02:16","guid":{"rendered":"https:\/\/www.lansitec.com\/?page_id=5489"},"modified":"2025-02-24T10:55:02","modified_gmt":"2025-02-24T10:55:02","slug":"exemption-clause","status":"publish","type":"page","link":"https:\/\/www.lansitec.com\/fr\/clause-dexemption\/","title":{"rendered":"Clause d&#039;exemption"},"content":{"rendered":"<div data-elementor-type=\"wp-page\" data-elementor-id=\"5489\" class=\"elementor elementor-5489\" data-elementor-post-type=\"page\">\n\t\t\t\t\t\t<section class=\"elementor-section elementor-top-section elementor-element elementor-element-0d589d8 elementor-section-boxed elementor-section-height-default elementor-section-height-default\" data-id=\"0d589d8\" data-element_type=\"section\" data-e-type=\"section\" data-settings=\"{&quot;ekit_has_onepagescroll_dot&quot;:&quot;yes&quot;}\">\n\t\t\t\t\t\t<div class=\"elementor-container elementor-column-gap-default\">\n\t\t\t\t\t<div class=\"elementor-column elementor-col-100 elementor-top-column elementor-element elementor-element-f725ede\" data-id=\"f725ede\" data-element_type=\"column\" data-e-type=\"column\">\n\t\t\t<div class=\"elementor-widget-wrap elementor-element-populated\">\n\t\t\t\t\t\t<div class=\"elementor-element elementor-element-e1383e3 elementor-widget elementor-widget-breadcrumbs\" data-id=\"e1383e3\" data-element_type=\"widget\" data-e-type=\"widget\" data-settings=\"{&quot;ekit_we_effect_on&quot;:&quot;none&quot;}\" data-widget_type=\"breadcrumbs.default\">\n\t\t\t\t<div class=\"elementor-widget-container\">\n\t\t\t\t\t<nav aria-label=\"chapelure\" class=\"rank-math-breadcrumb\"><p><span class=\"last\">Maison<\/span><\/p><\/nav>\t\t\t\t<\/div>\n\t\t\t\t<\/div>\n\t\t\t\t\t<\/div>\n\t\t<\/div>\n\t\t\t\t\t<\/div>\n\t\t<\/section>\n\t\t\t\t<section class=\"elementor-section elementor-top-section elementor-element elementor-element-8d22540 elementor-section-boxed elementor-section-height-default elementor-section-height-default\" data-id=\"8d22540\" data-element_type=\"section\" data-e-type=\"section\" data-settings=\"{&quot;ekit_has_onepagescroll_dot&quot;:&quot;yes&quot;}\">\n\t\t\t\t\t\t<div class=\"elementor-container elementor-column-gap-default\">\n\t\t\t\t\t<div class=\"elementor-column elementor-col-100 elementor-top-column elementor-element elementor-element-dacc1fa\" data-id=\"dacc1fa\" data-element_type=\"column\" data-e-type=\"column\">\n\t\t\t<div class=\"elementor-widget-wrap elementor-element-populated\">\n\t\t\t\t\t\t<div class=\"elementor-element elementor-element-de985f0 elementor-widget elementor-widget-heading\" data-id=\"de985f0\" data-element_type=\"widget\" data-e-type=\"widget\" data-settings=\"{&quot;ekit_we_effect_on&quot;:&quot;none&quot;}\" data-widget_type=\"heading.default\">\n\t\t\t\t\t<h1 class=\"elementor-heading-title elementor-size-default\">Clause d&#039;exemption<\/h1>\t\t\t\t<\/div>\n\t\t\t\t<div class=\"elementor-element elementor-element-8463dab elementor-widget elementor-widget-text-editor\" data-id=\"8463dab\" data-element_type=\"widget\" data-e-type=\"widget\" data-settings=\"{&quot;ekit_we_effect_on&quot;:&quot;none&quot;}\" data-widget_type=\"text-editor.default\">\n\t\t\t\t\t\t\t\t\t<p>Lansitec met tout en \u0153uvre pour garantir que l&#039;ensemble de son contenu publicitaire et marketing est exact et \u00e0 jour. Cependant, Lansitec ne peut garantir que toutes les informations contenues dans ses supports publicitaires et marketing seront enti\u00e8rement exactes ou exemptes d&#039;erreurs \u00e0 tout moment. Lansitec se r\u00e9serve le droit de corriger toute erreur ou omission dans ses supports publicitaires et marketing \u00e0 tout moment et sans pr\u00e9avis.<\/p><p>Lansitec n&#039;est pas responsable des dommages, qu&#039;ils soient directs, indirects, accessoires, sp\u00e9ciaux, cons\u00e9cutifs ou exemplaires, d\u00e9coulant ou en relation avec l&#039;utilisation ou la confiance accord\u00e9e \u00e0 toute information contenue dans ses supports publicitaires et marketing.<\/p><p><strong>Cette clause d&#039;exception s&#039;applique \u00e0 tout le contenu publicitaire et marketing de Lansitec, y compris, mais sans s&#039;y limiter :<\/strong><\/p>\t\t\t\t\t\t\t\t<\/div>\n\t\t\t\t<div class=\"elementor-element elementor-element-3de220b elementor-widget elementor-widget-text-editor\" data-id=\"3de220b\" data-element_type=\"widget\" data-e-type=\"widget\" data-settings=\"{&quot;ekit_we_effect_on&quot;:&quot;none&quot;}\" data-widget_type=\"text-editor.default\">\n\t\t\t\t\t\t\t\t\t<ul><li>Contenu du site Web<\/li><li>Publications sur les r\u00e9seaux sociaux<\/li><li>Campagnes de marketing par e-mail<\/li><li>Publicit\u00e9 imprim\u00e9e<\/li><li>Publicit\u00e9s t\u00e9l\u00e9vis\u00e9es et radiophoniques<\/li><\/ul>\t\t\t\t\t\t\t\t<\/div>\n\t\t\t\t<div class=\"elementor-element elementor-element-0c45133 elementor-widget elementor-widget-text-editor\" data-id=\"0c45133\" data-element_type=\"widget\" data-e-type=\"widget\" data-settings=\"{&quot;ekit_we_effect_on&quot;:&quot;none&quot;}\" data-widget_type=\"text-editor.default\">\n\t\t\t\t\t\t\t\t\t<p>Si vous avez des questions ou des pr\u00e9occupations concernant les informations contenues dans les supports publicitaires et marketing de Lansitec, n&#039;h\u00e9sitez pas \u00e0 nous contacter.<\/p><p><strong>Notes suppl\u00e9mentaires\u00a0:<\/strong><\/p>\t\t\t\t\t\t\t\t<\/div>\n\t\t\t\t<div class=\"elementor-element elementor-element-ef9e729 elementor-widget elementor-widget-text-editor\" data-id=\"ef9e729\" data-element_type=\"widget\" data-e-type=\"widget\" data-settings=\"{&quot;ekit_we_effect_on&quot;:&quot;none&quot;}\" data-widget_type=\"text-editor.default\">\n\t\t\t\t\t\t\t\t\t<ul><li>Lansitec peut mettre \u00e0 jour cette clause d&#039;exception \u00e0 tout moment sans pr\u00e9avis.<\/li><li>Cette clause d\u2019exception est r\u00e9gie et interpr\u00e9t\u00e9e conform\u00e9ment aux lois de la R\u00e9publique populaire de Chine.<\/li><li>Tout litige d\u00e9coulant de ou en relation avec cette clause d&#039;exception sera soumis \u00e0 la juridiction exclusive des tribunaux de la R\u00e9publique populaire de Chine.<\/li><\/ul>\t\t\t\t\t\t\t\t<\/div>\n\t\t\t\t\t<\/div>\n\t\t<\/div>\n\t\t\t\t\t<\/div>\n\t\t<\/section>\n\t\t\t\t<\/div>","protected":false},"excerpt":{"rendered":"<p>Clause d&#039;exemption\u00a0: Lansitec met tout en \u0153uvre pour garantir l&#039;exactitude et la mise \u00e0 jour de l&#039;ensemble de ses contenus publicitaires et marketing. Cependant, Lansitec ne peut garantir que toutes les informations contenues dans ses supports publicitaires et marketing seront parfaitement exactes et exemptes d&#039;erreurs \u00e0 tout moment. Lansitec se r\u00e9serve le droit de corriger toute erreur ou omission\u2026&nbsp;<a href=\"https:\/\/www.lansitec.com\/fr\/clause-dexemption\/\" rel=\"bookmark\">Lire la suite \u00bb<span class=\"screen-reader-text\">Clause d&#039;exemption<\/span><\/a><\/p>","protected":false},"author":1,"featured_media":0,"parent":0,"menu_order":0,"comment_status":"closed","ping_status":"closed","template":"elementor_header_footer","meta":{"neve_meta_sidebar":"","neve_meta_container":"","neve_meta_enable_content_width":"","neve_meta_content_width":0,"neve_meta_title_alignment":"","neve_meta_author_avatar":"","neve_post_elements_order":"","neve_meta_disable_header":"","neve_meta_disable_footer":"","neve_meta_disable_title":"","footnotes":""},"class_list":["post-5489","page","type-page","status-publish","hentry"],"_links":{"self":[{"href":"https:\/\/www.lansitec.com\/fr\/wp-json\/wp\/v2\/pages\/5489","targetHints":{"allow":["GET"]}}],"collection":[{"href":"https:\/\/www.lansitec.com\/fr\/wp-json\/wp\/v2\/pages"}],"about":[{"href":"https:\/\/www.lansitec.com\/fr\/wp-json\/wp\/v2\/types\/page"}],"author":[{"embeddable":true,"href":"https:\/\/www.lansitec.com\/fr\/wp-json\/wp\/v2\/users\/1"}],"replies":[{"embeddable":true,"href":"https:\/\/www.lansitec.com\/fr\/wp-json\/wp\/v2\/comments?post=5489"}],"version-history":[{"count":0,"href":"https:\/\/www.lansitec.com\/fr\/wp-json\/wp\/v2\/pages\/5489\/revisions"}],"wp:attachment":[{"href":"https:\/\/www.lansitec.com\/fr\/wp-json\/wp\/v2\/media?parent=5489"}],"curies":[{"name":"wp","href":"https:\/\/api.w.org\/{rel}","templated":true}]}}