{"id":2371,"date":"2023-03-15T12:03:17","date_gmt":"2023-03-15T12:03:17","guid":{"rendered":"https:\/\/www.lansitec.com\/?page_id=2371"},"modified":"2025-01-31T08:58:39","modified_gmt":"2025-01-31T08:58:39","slug":"legal","status":"publish","type":"page","link":"https:\/\/www.lansitec.com\/it\/legale\/","title":{"rendered":"Legal"},"content":{"rendered":"<div data-elementor-type=\"wp-page\" data-elementor-id=\"2371\" class=\"elementor elementor-2371\" data-elementor-post-type=\"page\">\n\t\t\t\t\t\t<section class=\"elementor-section elementor-top-section elementor-element elementor-element-0d589d8 elementor-section-boxed elementor-section-height-default elementor-section-height-default\" data-id=\"0d589d8\" data-element_type=\"section\" data-e-type=\"section\" data-settings=\"{&quot;ekit_has_onepagescroll_dot&quot;:&quot;yes&quot;}\">\n\t\t\t\t\t\t<div class=\"elementor-container elementor-column-gap-default\">\n\t\t\t\t\t<div class=\"elementor-column elementor-col-100 elementor-top-column elementor-element elementor-element-f725ede\" data-id=\"f725ede\" data-element_type=\"column\" data-e-type=\"column\">\n\t\t\t<div class=\"elementor-widget-wrap\">\n\t\t\t\t\t\t\t<\/div>\n\t\t<\/div>\n\t\t\t\t\t<\/div>\n\t\t<\/section>\n\t\t\t\t<section class=\"elementor-section elementor-top-section elementor-element elementor-element-8d22540 elementor-section-boxed elementor-section-height-default elementor-section-height-default\" data-id=\"8d22540\" data-element_type=\"section\" data-e-type=\"section\" data-settings=\"{&quot;ekit_has_onepagescroll_dot&quot;:&quot;yes&quot;}\">\n\t\t\t\t\t\t<div class=\"elementor-container elementor-column-gap-default\">\n\t\t\t\t\t<div class=\"elementor-column elementor-col-100 elementor-top-column elementor-element elementor-element-dacc1fa\" data-id=\"dacc1fa\" data-element_type=\"column\" data-e-type=\"column\">\n\t\t\t<div class=\"elementor-widget-wrap elementor-element-populated\">\n\t\t\t\t\t\t<div class=\"elementor-element elementor-element-de985f0 elementor-widget elementor-widget-heading\" data-id=\"de985f0\" data-element_type=\"widget\" data-e-type=\"widget\" data-settings=\"{&quot;ekit_we_effect_on&quot;:&quot;none&quot;}\" data-widget_type=\"heading.default\">\n\t\t\t\t\t<h1 class=\"elementor-heading-title elementor-size-default\">ARTICOLO LEGALE<\/h1>\t\t\t\t<\/div>\n\t\t\t\t<div class=\"elementor-element elementor-element-8463dab elementor-widget elementor-widget-text-editor\" data-id=\"8463dab\" data-element_type=\"widget\" data-e-type=\"widget\" data-settings=\"{&quot;ekit_we_effect_on&quot;:&quot;none&quot;}\" data-widget_type=\"text-editor.default\">\n\t\t\t\t\t\t\t\t\t<div class=\"privacy_content\">\n\nLANSITEC si impegna a garantire trasparenza e fiducia quando si tratta di proteggere la tua privacy e ci impegniamo a spiegare chiaramente come raccogliamo ed elaboriamo le tue informazioni. Per noi \u00e8 importante che tu ti senta a tuo agio nell&#039;utilizzare il nostro sito web. <a href=\"https:\/\/www.lansitec.com\/it\/prodotti\/\">prodotti<\/a>, servizi e siti web senza compromettere in alcun modo la tua privacy. La presente informativa descrive come raccogliamo e utilizziamo i diversi tipi di dati personali e comportamentali, nonch\u00e9 le ragioni per cui lo facciamo. Hai il diritto di accedere, modificare o cancellare i tuoi dati personali in qualsiasi momento e puoi trovare maggiori informazioni a riguardo e sui tuoi diritti nella nostra sezione FAQ. In alternativa, puoi contattare direttamente il nostro Privacy Team; i loro recapiti sono disponibili nella sezione &quot;Contatti&quot;. Per la nostra informativa sulla privacy, consulta la sezione &quot;Privacy&quot;.\n\n<\/div>\n<h3 class=\"privacy_head1\"><em><b>I. LINK ESTERNI\n<\/b><\/em><\/h3>\n<div class=\"privacy_content\">La presente informativa sulla privacy si applica esclusivamente all&#039;uso dei dati da parte di LANSITEC, dei nostri siti Web, servizi o <a href=\"https:\/\/www.lansitec.com\/it\/prodotti\/\">prodotti<\/a> Potrebbe, di tanto in tanto, contenere link a siti esterni, utilizzarli o trovarsi su di essi. LANSITEC non \u00e8 responsabile delle informative sulla privacy o del contenuto di tali siti e ti consigliamo di leggere le informative sulla privacy di tutti i siti esterni che utilizzi. Allo stesso modo, se vieni indirizzato al nostro sito web da una terza parte, non siamo responsabili delle informative sulla privacy o delle pratiche di tali terze parti. Ti consigliamo vivamente di leggere la loro informativa.<\/div>\n<div><\/div>\n<h3 class=\"privacy_head1\"><em><strong>II. DATI PERSONALI<\/strong><\/em><\/h3>\n<div class=\"privacy_content\">I cookie sono piccoli file che vengono creati nel tuo browser web quando visiti uno qualsiasi dei nostri siti web. I cookie contribuiscono a rendere la tua esperienza online pi\u00f9 efficiente e pertinente ai tuoi interessi. Ad esempio, vengono utilizzati per ricordare le tue preferenze sui siti che visiti pi\u00f9 spesso, per ricordare il tuo ID utente e il contenuto dei tuoi carrelli della spesa e per aiutarti a navigare tra le pagine in modo pi\u00f9 efficiente. Non raccogliamo altri cookie oltre a quelli raccolti da Google Analytics.<\/div>\n<div><\/div>\n<h3 class=\"privacy_head1\"><em><strong>III. CONTATTO<\/strong><\/em><\/h3>\n<div class=\"privacy_content\">\n\nIl responsabile di questo sito web (il &quot;titolare del trattamento&quot;) ai fini della legge sulla protezione dei dati \u00e8: LANSITEC Technology Co., Ltd. Room 501, No.21 Huashen Avenue, Nanjing, Cina Telefono: +86-25-8335-8776 E-mail: contact@lansitec.com\n\n<\/div>\n<h3 class=\"privacy_head1\"><em><span style=\"text-decoration: underline;\"><strong>IV. Domande frequenti<\/strong><\/span><\/em><\/h3>\n<div>Come posso vedere quali informazioni avete su di me?<\/div>\n<div class=\"privacy_content\">\n<div class=\"privacy_q\">Puoi contattare il nostro responsabile della privacy dei dati come indicato nella sezione &quot;Contattaci&quot; qui sopra.<\/div>\n<div class=\"privacy_a\">Come posso disattivare la profilazione?<\/div>\n<div class=\"privacy_q\">Puoi contattarci in qualsiasi momento. Un membro del nostro team dedicato alla privacy dei dati ti contatter\u00e0 in merito alla tua richiesta.<\/div>\n<div class=\"privacy_a\">Come posso disattivare il marketing?<\/div>\n<div class=\"privacy_q\">Puoi aggiornare le tue preferenze in qualsiasi momento e puoi anche disattivare l&#039;email marketing cliccando sul link di annullamento dell&#039;iscrizione in fondo alle nostre email. Per altre sezioni di Leverege LLC, puoi contattarci.<\/div>\n<div class=\"privacy_a\">Come posso presentare un reclamo?<\/div>\n<div class=\"privacy_q\">Se hai un reclamo riguardante qualsiasi aspetto dei tuoi dati personali o della presente informativa sulla privacy, scrivi direttamente al team addetto alla privacy dei dati.<\/div>\n<div class=\"privacy_a\">Posso chiederti di cancellare le mie informazioni?<\/div>\n<div class=\"privacy_q\">S\u00ec, contattaci. Valuteremo la tua richiesta e adotteremo le misure appropriate, ad esempio sopprimendola anzich\u00e9 eliminarla, per garantire che possiamo comunque soddisfare le tue preferenze in merito all&#039;opportunit\u00e0 o meno di inviarti comunicazioni commerciali.<\/div>\n<div class=\"privacy_a\">Come posso aggiornare le mie informazioni?<\/div>\n<div class=\"privacy_q\">Puoi aggiornarlo in qualsiasi momento tramite il tuo account online oppure contattandoci.<\/div>\n<div><\/div>\n<\/div>\n<h3 class=\"privacy_head1\"><em><strong>V. MODIFICHE ALLA PRESENTE POLITICA<\/strong><\/em><\/h3>\n<div class=\"privacy_content\">Di tanto in tanto, potremmo apportare modifiche all&#039;informativa sulla privacy. Ci\u00f2 potrebbe essere dovuto a modifiche legislative, alle migliori prassi o ai nostri servizi. Tali modifiche saranno riportate nella presente informativa, pertanto ti invitiamo a consultarla regolarmente.<\/div>\t\t\t\t\t\t\t\t<\/div>\n\t\t\t\t\t<\/div>\n\t\t<\/div>\n\t\t\t\t\t<\/div>\n\t\t<\/section>\n\t\t\t\t<\/div>","protected":false},"excerpt":{"rendered":"<p>ARTICOLO LEGALE LANSITEC si impegna a garantire trasparenza e fiducia nella protezione della tua privacy e ci impegniamo a spiegare chiaramente come raccogliamo ed elaboriamo le tue informazioni. Per noi \u00e8 importante che tu possa utilizzare i nostri prodotti, servizi e siti web senza compromettere in alcun modo la tua privacy. Questa informativa descrive come raccogliamo...&nbsp;<a href=\"https:\/\/www.lansitec.com\/it\/legale\/\" rel=\"bookmark\">Leggi tutto \u00bb<span class=\"screen-reader-text\">Legal<\/span><\/a><\/p>","protected":false},"author":1,"featured_media":2403,"parent":0,"menu_order":0,"comment_status":"closed","ping_status":"closed","template":"elementor_header_footer","meta":{"neve_meta_sidebar":"","neve_meta_container":"","neve_meta_enable_content_width":"","neve_meta_content_width":0,"neve_meta_title_alignment":"","neve_meta_author_avatar":"","neve_post_elements_order":"","neve_meta_disable_header":"","neve_meta_disable_footer":"","neve_meta_disable_title":"","footnotes":""},"class_list":["post-2371","page","type-page","status-publish","has-post-thumbnail","hentry"],"_links":{"self":[{"href":"https:\/\/www.lansitec.com\/it\/wp-json\/wp\/v2\/pages\/2371","targetHints":{"allow":["GET"]}}],"collection":[{"href":"https:\/\/www.lansitec.com\/it\/wp-json\/wp\/v2\/pages"}],"about":[{"href":"https:\/\/www.lansitec.com\/it\/wp-json\/wp\/v2\/types\/page"}],"author":[{"embeddable":true,"href":"https:\/\/www.lansitec.com\/it\/wp-json\/wp\/v2\/users\/1"}],"replies":[{"embeddable":true,"href":"https:\/\/www.lansitec.com\/it\/wp-json\/wp\/v2\/comments?post=2371"}],"version-history":[{"count":0,"href":"https:\/\/www.lansitec.com\/it\/wp-json\/wp\/v2\/pages\/2371\/revisions"}],"wp:featuredmedia":[{"embeddable":true,"href":"https:\/\/www.lansitec.com\/it\/wp-json\/wp\/v2\/media\/2403"}],"wp:attachment":[{"href":"https:\/\/www.lansitec.com\/it\/wp-json\/wp\/v2\/media?parent=2371"}],"curies":[{"name":"parola chiave","href":"https:\/\/api.w.org\/{rel}","templated":true}]}}