{"id":6500,"date":"2024-03-20T18:11:26","date_gmt":"2024-03-20T18:11:26","guid":{"rendered":"https:\/\/www.lansitec.com\/?page_id=6500"},"modified":"2025-09-24T05:48:54","modified_gmt":"2025-09-24T12:48:54","slug":"applications","status":"publish","type":"page","link":"https:\/\/www.lansitec.com\/it\/applicazioni\/","title":{"rendered":"Applicazioni"},"content":{"rendered":"<div data-elementor-type=\"wp-page\" data-elementor-id=\"6500\" class=\"elementor elementor-6500\" data-elementor-post-type=\"page\">\n\t\t\t\t\t\t<section class=\"elementor-section elementor-top-section elementor-element elementor-element-b63da2 elementor-section-boxed elementor-section-height-default elementor-section-height-default\" data-id=\"b63da2\" data-element_type=\"section\" data-e-type=\"section\" data-settings=\"{&quot;background_background&quot;:&quot;classic&quot;,&quot;ekit_has_onepagescroll_dot&quot;:&quot;yes&quot;}\">\n\t\t\t\t\t\t<div class=\"elementor-container elementor-column-gap-default\">\n\t\t\t\t\t<div class=\"elementor-column elementor-col-100 elementor-top-column elementor-element elementor-element-186218a6\" data-id=\"186218a6\" data-element_type=\"column\" data-e-type=\"column\">\n\t\t\t<div class=\"elementor-widget-wrap elementor-element-populated\">\n\t\t\t\t\t\t<div class=\"elementor-element elementor-element-7a3fda86 elementor-widget elementor-widget-elementskit-heading\" data-id=\"7a3fda86\" data-element_type=\"widget\" data-e-type=\"widget\" data-settings=\"{&quot;ekit_we_effect_on&quot;:&quot;none&quot;}\" data-widget_type=\"elementskit-heading.default\">\n\t\t\t\t\t<div class=\"ekit-wid-con\" ><div class=\"ekit-heading elementskit-section-title-wraper text_center   ekit_heading_tablet-   ekit_heading_mobile-\"><h1 class=\"ekit-heading--title elementskit-section-title\">Portare <span><span>Innovativo<\/span><\/span> Soluzioni per applicazioni di monitoraggio<\/h1>\t\t\t\t<div class='ekit-heading__description'>\n\t\t\t\t\t<p>In Lansitec, ci dedichiamo a essere pionieri del futuro delle applicazioni di tracciamento IoT <a href=\"https:\/\/www.lansitec.com\/it\/soluzioni\/\">soluzioni<\/a>, offrendo una vasta gamma di <a href=\"https:\/\/www.lansitec.com\/it\/prodotti\/\">prodotti<\/a> Progettate per soddisfare le diverse esigenze dei nostri clienti. Le nostre offerte sono studiate per migliorare la gestione delle risorse e del personale attraverso l&#039;uso innovativo della tecnologia, garantendo precisione, efficienza e affidabilit\u00e0 senza pari.<\/p>\n\t\t\t\t<\/div>\n\t\t\t<\/div><\/div>\t\t\t\t<\/div>\n\t\t\t\t<section class=\"elementor-section elementor-inner-section elementor-element elementor-element-a4ba22b elementor-section-boxed elementor-section-height-default elementor-section-height-default\" data-id=\"a4ba22b\" data-element_type=\"section\" data-e-type=\"section\" data-settings=\"{&quot;ekit_has_onepagescroll_dot&quot;:&quot;yes&quot;}\">\n\t\t\t\t\t\t<div class=\"elementor-container elementor-column-gap-default\">\n\t\t\t\t\t<div class=\"elementor-column elementor-col-33 elementor-inner-column elementor-element elementor-element-542aaf40\" data-id=\"542aaf40\" data-element_type=\"column\" data-e-type=\"column\">\n\t\t\t<div class=\"elementor-widget-wrap elementor-element-populated\">\n\t\t\t\t\t\t<div class=\"elementor-element elementor-element-2b1cb7ed ekit-equal-height-disable elementor-widget elementor-widget-elementskit-image-box\" data-id=\"2b1cb7ed\" data-element_type=\"widget\" data-e-type=\"widget\" data-settings=\"{&quot;ekit_we_effect_on&quot;:&quot;none&quot;}\" data-widget_type=\"elementskit-image-box.default\">\n\t\t\t\t\t<div class=\"ekit-wid-con\" >\n            <div class=\"elementskit-info-image-box ekit-image-box text-left style-sideline\" >\n\n                \n                <div class=\"elementskit-box-header image-box-img-left\">\n\n                    <img fetchpriority=\"high\" decoding=\"async\" width=\"768\" height=\"553\" src=\"https:\/\/www.lansitec.com\/wp-content\/uploads\/2025\/02\/Shipping-Containers-GPS-Tracking.png\" class=\"attachment-medium_large size-medium_large wp-image-13723\" alt=\"Container di spedizione - Monitoraggio GPS\" title=\"\">\n                <\/div>\n                \n                <div class=\"elementskit-box-body ekit-image-box-body\">\n                    <div class=\"elementskit-box-content ekit-image-box-body-inner\">\n                                                <h3 class=\"elementskit-info-box-title\">\n\n                        Monitoraggio dei container di spedizione\n                        \n                    <\/h3>\n                                                            <div class=\"elementskit-box-style-content\">\n                        Il tracciamento della posizione in mare \u00e8 di per s\u00e9 una sfida, perch\u00e9 si tratta di un ambiente ostile alla propagazione delle onde radio, oltre a infrastrutture limitate, normative marittime e molto altro.                    <\/div>\n                                    <\/div>\n\n                                <div class=\"elementskit-box-footer\">\n                    <div class=\"box-footer\">\n                        <div class=\"btn-wraper\">\n                                                            <a href=\"https:\/\/www.lansitec.com\/it\/blogs\/monitoraggio-dei-container-marittimi-con-monitoraggio-della-posizione-in-tempo-reale\/\" class=\"elementskit-btn whitespace--normal\">\n                                    \n                                    \n                                    Esplora il monitoraggio dei container marittimi                                <\/a>\n                                                        <\/div>\n                    <\/div>\n                <\/div>\n                            <\/div>\n            <\/div>\n    <\/div>\t\t\t\t<\/div>\n\t\t\t\t<div class=\"elementor-element elementor-element-584b4aa ekit-equal-height-disable elementor-widget elementor-widget-elementskit-image-box\" data-id=\"584b4aa\" data-element_type=\"widget\" data-e-type=\"widget\" data-settings=\"{&quot;ekit_we_effect_on&quot;:&quot;none&quot;}\" data-widget_type=\"elementskit-image-box.default\">\n\t\t\t\t\t<div class=\"ekit-wid-con\" >\n            <div class=\"elementskit-info-image-box ekit-image-box text-left style-sideline\" >\n\n                \n                <div class=\"elementskit-box-header image-box-img-left\">\n\n                    <img decoding=\"async\" width=\"768\" height=\"553\" src=\"https:\/\/www.lansitec.com\/wp-content\/uploads\/2025\/09\/Water-Pump-Station.png\" class=\"attachment-medium_large size-medium_large wp-image-17177\" alt=\"Monitoraggio dei sistemi di pompe e motori\" title=\"\">\n                <\/div>\n                \n                <div class=\"elementskit-box-body ekit-image-box-body\">\n                    <div class=\"elementskit-box-content ekit-image-box-body-inner\">\n                                                <h3 class=\"elementskit-info-box-title\">\n\n                        Monitoraggio dei sistemi di pompe e motori\n                        \n                    <\/h3>\n                                                            <div class=\"elementskit-box-style-content\">\n                        Monitorare lo stato dei motori \u00e8 fondamentale per garantirne prestazioni efficaci e affidabili. I sistemi industriali sono soggetti a usura, disallineamenti e altri problemi che causano vibrazioni eccessive, con conseguenti potenziali costosi tempi di fermo o guasti alle apparecchiature.                    <\/div>\n                                    <\/div>\n\n                                <div class=\"elementskit-box-footer\">\n                    <div class=\"box-footer\">\n                        <div class=\"btn-wraper\">\n                                                            <a href=\"https:\/\/www.lansitec.com\/it\/applicazioni\/monitoraggio-dei-sistemi-di-motori-delle-pompe\/\" class=\"elementskit-btn whitespace--normal\">\n                                    \n                                    \n                                    Soluzione per sistemi di monitoraggio pompe e motori Exlore                                <\/a>\n                                                        <\/div>\n                    <\/div>\n                <\/div>\n                            <\/div>\n            <\/div>\n    <\/div>\t\t\t\t<\/div>\n\t\t\t\t<div class=\"elementor-element elementor-element-ab944d0 ekit-equal-height-disable elementor-widget elementor-widget-elementskit-image-box\" data-id=\"ab944d0\" data-element_type=\"widget\" data-e-type=\"widget\" data-settings=\"{&quot;ekit_we_effect_on&quot;:&quot;none&quot;}\" data-widget_type=\"elementskit-image-box.default\">\n\t\t\t\t\t<div class=\"ekit-wid-con\" >\n            <div class=\"elementskit-info-image-box ekit-image-box text-left style-sideline\" >\n\n                \n                <div class=\"elementskit-box-header image-box-img-left\">\n\n                    <img decoding=\"async\" width=\"768\" height=\"553\" src=\"https:\/\/www.lansitec.com\/wp-content\/uploads\/2025\/09\/Nursing-Home-Patient-Elder-Care.png\" class=\"attachment-medium_large size-medium_large wp-image-17180\" alt=\"Strutture per la cura dei pazienti affetti da demenza\" title=\"\">\n                <\/div>\n                \n                <div class=\"elementskit-box-body ekit-image-box-body\">\n                    <div class=\"elementskit-box-content ekit-image-box-body-inner\">\n                                                <h3 class=\"elementskit-info-box-title\">\n\n                        Strutture per la cura dei pazienti affetti da demenza\n                        \n                    <\/h3>\n                                                            <div class=\"elementskit-box-style-content\">\n                        L&#039;attuazione di <a href=\"https:\/\/www.lansitec.com\/it\/prodotti\/braccialetto-bluetooth-indossabile-i5-con-faro\/\">i5<\/a> Indossabile <a href=\"https:\/\/www.lansitec.com\/it\/fari-bluetooth\/\">Beacon Bluetooth<\/a> nelle strutture di assistenza per la demenza, dimostrando come questa tecnologia affronti sfide critiche in termini di sicurezza dei pazienti, efficienza del personale e qualit\u00e0 complessiva dell&#039;assistenza.                    <\/div>\n                                    <\/div>\n\n                                <div class=\"elementskit-box-footer\">\n                    <div class=\"box-footer\">\n                        <div class=\"btn-wraper\">\n                                                            <a href=\"https:\/\/www.lansitec.com\/it\/applicazioni\/strutture-per-lassistenza-ai-pazienti-affetti-da-demenza\/\" class=\"elementskit-btn whitespace--normal\">\n                                    \n                                    \n                                    Esplora la soluzione per l&#039;assistenza ai pazienti affetti da demenza                                <\/a>\n                                                        <\/div>\n                    <\/div>\n                <\/div>\n                            <\/div>\n            <\/div>\n    <\/div>\t\t\t\t<\/div>\n\t\t\t\t\t<\/div>\n\t\t<\/div>\n\t\t\t\t<div class=\"elementor-column elementor-col-33 elementor-inner-column elementor-element elementor-element-e9479b7\" data-id=\"e9479b7\" data-element_type=\"column\" data-e-type=\"column\">\n\t\t\t<div class=\"elementor-widget-wrap elementor-element-populated\">\n\t\t\t\t\t\t<div class=\"elementor-element elementor-element-496e96e ekit-equal-height-disable elementor-widget elementor-widget-elementskit-image-box\" data-id=\"496e96e\" data-element_type=\"widget\" data-e-type=\"widget\" data-settings=\"{&quot;ekit_we_effect_on&quot;:&quot;none&quot;}\" data-widget_type=\"elementskit-image-box.default\">\n\t\t\t\t\t<div class=\"ekit-wid-con\" >\n            <div class=\"elementskit-info-image-box ekit-image-box text-left style-sideline\" >\n\n                \n                <div class=\"elementskit-box-header image-box-img-left\">\n\n                    <img loading=\"lazy\" decoding=\"async\" width=\"768\" height=\"553\" src=\"https:\/\/www.lansitec.com\/wp-content\/uploads\/2025\/09\/Construction-Site-Building-View.png\" class=\"attachment-medium_large size-medium_large wp-image-17175\" alt=\"Monitoraggio dei lavoratori del cantiere\" title=\"\">\n                <\/div>\n                \n                <div class=\"elementskit-box-body ekit-image-box-body\">\n                    <div class=\"elementskit-box-content ekit-image-box-body-inner\">\n                                                <h3 class=\"elementskit-info-box-title\">\n\n                        Monitoraggio dei lavoratori del cantiere\n                        \n                    <\/h3>\n                                                            <div class=\"elementskit-box-style-content\">\n                        I luoghi di lavoro industriali come cantieri edili, fabbriche e magazzini espongono spesso i lavoratori a rischi. Garantire la sicurezza dei lavoratori mantenendo al contempo la produttivit\u00e0 \u00e8 una sfida fondamentale.                    <\/div>\n                                    <\/div>\n\n                                <div class=\"elementskit-box-footer\">\n                    <div class=\"box-footer\">\n                        <div class=\"btn-wraper\">\n                                                            <a href=\"https:\/\/www.lansitec.com\/it\/blogs\/sicurezza-dei-lavoratori-industriali-con-soluzioni-per-casco-intelligente-e-braccialetto-bluetooth\/\" class=\"elementskit-btn whitespace--normal\">\n                                    \n                                    \n                                    Esplora la soluzione di monitoraggio dei lavoratori nei cantieri edili                                <\/a>\n                                                        <\/div>\n                    <\/div>\n                <\/div>\n                            <\/div>\n            <\/div>\n    <\/div>\t\t\t\t<\/div>\n\t\t\t\t<div class=\"elementor-element elementor-element-60fc083 ekit-equal-height-disable elementor-widget elementor-widget-elementskit-image-box\" data-id=\"60fc083\" data-element_type=\"widget\" data-e-type=\"widget\" data-settings=\"{&quot;ekit_we_effect_on&quot;:&quot;none&quot;}\" data-widget_type=\"elementskit-image-box.default\">\n\t\t\t\t\t<div class=\"ekit-wid-con\" >\n            <div class=\"elementskit-info-image-box ekit-image-box text-left style-sideline\" >\n\n                \n                <div class=\"elementskit-box-header image-box-img-left\">\n\n                    <img loading=\"lazy\" decoding=\"async\" width=\"768\" height=\"553\" src=\"https:\/\/www.lansitec.com\/wp-content\/uploads\/2025\/09\/Smart-Cattle-Tracking-with-Eartag.png\" class=\"attachment-medium_large size-medium_large wp-image-17178\" alt=\"Monitoraggio intelligente del bestiame\" title=\"\">\n                <\/div>\n                \n                <div class=\"elementskit-box-body ekit-image-box-body\">\n                    <div class=\"elementskit-box-content ekit-image-box-body-inner\">\n                                                <h3 class=\"elementskit-info-box-title\">\n\n                        Monitoraggio intelligente del bestiame\n                        \n                    <\/h3>\n                                                            <div class=\"elementskit-box-style-content\">\n                        Le moderne attivit\u00e0 di allevamento si trovano ad affrontare diverse sfide critiche che incidono sulla produttivit\u00e0, sul benessere degli animali e sui costi operativi. Queste sfide sono particolarmente gravi nelle regioni con climi rigidi e risorse idriche limitate.                    <\/div>\n                                    <\/div>\n\n                                <div class=\"elementskit-box-footer\">\n                    <div class=\"box-footer\">\n                        <div class=\"btn-wraper\">\n                                                            <a href=\"https:\/\/www.lansitec.com\/it\/applicazioni\/soluzione-intelligente-per-il-monitoraggio-del-bestiame\/\" class=\"elementskit-btn whitespace--normal\">\n                                    \n                                    \n                                    Esplora la soluzione di monitoraggio intelligente del bestiame                                <\/a>\n                                                        <\/div>\n                    <\/div>\n                <\/div>\n                            <\/div>\n            <\/div>\n    <\/div>\t\t\t\t<\/div>\n\t\t\t\t<div class=\"elementor-element elementor-element-4089606 ekit-equal-height-disable elementor-widget elementor-widget-elementskit-image-box\" data-id=\"4089606\" data-element_type=\"widget\" data-e-type=\"widget\" data-settings=\"{&quot;ekit_we_effect_on&quot;:&quot;none&quot;}\" data-widget_type=\"elementskit-image-box.default\">\n\t\t\t\t\t<div class=\"ekit-wid-con\" >\n            <div class=\"elementskit-info-image-box ekit-image-box text-left style-sideline\" >\n\n                \n                <div class=\"elementskit-box-header image-box-img-left\">\n\n                    <img loading=\"lazy\" decoding=\"async\" width=\"768\" height=\"553\" src=\"https:\/\/www.lansitec.com\/wp-content\/uploads\/2025\/09\/Contact-Tracing-Keep-Social-Distance.png\" class=\"attachment-medium_large size-medium_large wp-image-17181\" alt=\"Soluzioni di tracciamento dei contatti\" title=\"\">\n                <\/div>\n                \n                <div class=\"elementskit-box-body ekit-image-box-body\">\n                    <div class=\"elementskit-box-content ekit-image-box-body-inner\">\n                                                <h3 class=\"elementskit-info-box-title\">\n\n                        Soluzioni di tracciamento dei contatti\n                        \n                    <\/h3>\n                                                            <div class=\"elementskit-box-style-content\">\n                        Il panorama in rapida evoluzione della gestione di eventi su larga scala, in particolare nel contesto di protocolli di salute e sicurezza come il distanziamento sociale, necessita di soluzioni tecnologiche innovative <a href=\"https:\/\/www.lansitec.com\/it\/soluzioni\/\">soluzioni<\/a>.                    <\/div>\n                                    <\/div>\n\n                                <div class=\"elementskit-box-footer\">\n                    <div class=\"box-footer\">\n                        <div class=\"btn-wraper\">\n                                                            <a href=\"https:\/\/www.lansitec.com\/it\/applicazioni\/tracciamento-dei-contatti\/\" class=\"elementskit-btn whitespace--normal\">\n                                    \n                                    \n                                    Esplora le soluzioni di tracciamento dei contatti                                <\/a>\n                                                        <\/div>\n                    <\/div>\n                <\/div>\n                            <\/div>\n            <\/div>\n    <\/div>\t\t\t\t<\/div>\n\t\t\t\t\t<\/div>\n\t\t<\/div>\n\t\t\t\t<div class=\"elementor-column elementor-col-33 elementor-inner-column elementor-element elementor-element-3697e46d\" data-id=\"3697e46d\" data-element_type=\"column\" data-e-type=\"column\">\n\t\t\t<div class=\"elementor-widget-wrap elementor-element-populated\">\n\t\t\t\t\t\t<div class=\"elementor-element elementor-element-ab4d4e0 ekit-equal-height-disable elementor-widget elementor-widget-elementskit-image-box\" data-id=\"ab4d4e0\" data-element_type=\"widget\" data-e-type=\"widget\" data-settings=\"{&quot;ekit_we_effect_on&quot;:&quot;none&quot;}\" data-widget_type=\"elementskit-image-box.default\">\n\t\t\t\t\t<div class=\"ekit-wid-con\" >\n            <div class=\"elementskit-info-image-box ekit-image-box text-left style-sideline\" >\n\n                \n                <div class=\"elementskit-box-header image-box-img-left\">\n\n                    <img loading=\"lazy\" decoding=\"async\" width=\"768\" height=\"553\" src=\"https:\/\/www.lansitec.com\/wp-content\/uploads\/2025\/09\/Parking-Lot-Low-Angle-View.png\" class=\"attachment-medium_large size-medium_large wp-image-17176\" alt=\"Tracciamento auto e chiavi\" title=\"\">\n                <\/div>\n                \n                <div class=\"elementskit-box-body ekit-image-box-body\">\n                    <div class=\"elementskit-box-content ekit-image-box-body-inner\">\n                                                <h3 class=\"elementskit-info-box-title\">\n\n                        Tracciamento auto e chiavi\n                        \n                    <\/h3>\n                                                            <div class=\"elementskit-box-style-content\">\n                        Al giorno d&#039;oggi, le concessionarie automobilistiche devono affrontare sfide legate alla gestione efficiente del proprio inventario di veicoli e alla garanzia della sicurezza delle chiavi. Con un ampio parco auto e frequenti interazioni con i clienti, avevano bisogno di una soluzione affidabile in tempo reale per tracciare veicoli e chiavi.                    <\/div>\n                                    <\/div>\n\n                                <div class=\"elementskit-box-footer\">\n                    <div class=\"box-footer\">\n                        <div class=\"btn-wraper\">\n                                                            <a href=\"https:\/\/www.lansitec.com\/it\/blogs\/lansitec-b-soluzione-mobile-per-il-tracciamento-delle-chiavi-delle-auto-nelle-concessionarie\/\" class=\"elementskit-btn whitespace--normal\">\n                                    \n                                    \n                                    Esplora la soluzione di tracciamento di auto e chiavi                                <\/a>\n                                                        <\/div>\n                    <\/div>\n                <\/div>\n                            <\/div>\n            <\/div>\n    <\/div>\t\t\t\t<\/div>\n\t\t\t\t<div class=\"elementor-element elementor-element-3bf866b ekit-equal-height-disable elementor-widget elementor-widget-elementskit-image-box\" data-id=\"3bf866b\" data-element_type=\"widget\" data-e-type=\"widget\" data-settings=\"{&quot;ekit_we_effect_on&quot;:&quot;none&quot;}\" data-widget_type=\"elementskit-image-box.default\">\n\t\t\t\t\t<div class=\"ekit-wid-con\" >\n            <div class=\"elementskit-info-image-box ekit-image-box text-left style-sideline\" >\n\n                \n                <div class=\"elementskit-box-header image-box-img-left\">\n\n                    <img loading=\"lazy\" decoding=\"async\" width=\"768\" height=\"553\" src=\"https:\/\/www.lansitec.com\/wp-content\/uploads\/2025\/09\/Hotel-Room-Hallway.png\" class=\"attachment-medium_large size-medium_large wp-image-17179\" alt=\"Sistema di risposta alle emergenze alberghiere\" title=\"\">\n                <\/div>\n                \n                <div class=\"elementskit-box-body ekit-image-box-body\">\n                    <div class=\"elementskit-box-content ekit-image-box-body-inner\">\n                                                <h3 class=\"elementskit-info-box-title\">\n\n                        Sistema di risposta alle emergenze alberghiere\n                        \n                    <\/h3>\n                                                            <div class=\"elementskit-box-style-content\">\n                        Un hotel con pi\u00f9 camere e piani mira a fornire al personale addetto alle pulizie e ai dipendenti un efficiente sistema di allerta di emergenza. Il personale dell&#039;hotel, in particolare gli addetti alle pulizie, lavora spesso da solo nelle camere. Hanno bisogno di un modo rapido per chiamare aiuto in caso di emergenze come minacce alla sicurezza, emergenze mediche, fuoriuscite pericolose o incidenti.                    <\/div>\n                                    <\/div>\n\n                                <div class=\"elementskit-box-footer\">\n                    <div class=\"box-footer\">\n                        <div class=\"btn-wraper\">\n                                                            <a href=\"https:\/\/www.lansitec.com\/it\/applicazioni\/sistema-di-risposta-alle-emergenze-nelle-camere-dalbergo\/\" class=\"elementskit-btn whitespace--normal\">\n                                    \n                                    \n                                    Soluzione del sistema di risposta alle emergenze alberghiere Exlore                                <\/a>\n                                                        <\/div>\n                    <\/div>\n                <\/div>\n                            <\/div>\n            <\/div>\n    <\/div>\t\t\t\t<\/div>\n\t\t\t\t\t<\/div>\n\t\t<\/div>\n\t\t\t\t\t<\/div>\n\t\t<\/section>\n\t\t\t\t\t<\/div>\n\t\t<\/div>\n\t\t\t\t\t<\/div>\n\t\t<\/section>\n\t\t\t\t<\/div>","protected":false},"excerpt":{"rendered":"<p>Soluzioni innovative per le applicazioni di tracciamento. In Lansitec, ci impegniamo a essere pionieri nel futuro delle soluzioni per le applicazioni di tracciamento IoT, offrendo un&#039;ampia gamma di prodotti progettati per soddisfare le diverse esigenze dei nostri clienti. Le nostre offerte sono pensate per migliorare la gestione di risorse e personale attraverso un uso innovativo della tecnologia, garantendo precisione, efficienza e affidabilit\u00e0 senza pari.&nbsp;<a href=\"https:\/\/www.lansitec.com\/it\/applicazioni\/\" rel=\"bookmark\">Leggi tutto \u00bb<span class=\"screen-reader-text\">Applicazioni<\/span><\/a><\/p>","protected":false},"author":1,"featured_media":0,"parent":0,"menu_order":0,"comment_status":"closed","ping_status":"closed","template":"elementor_header_footer","meta":{"neve_meta_sidebar":"","neve_meta_container":"","neve_meta_enable_content_width":"","neve_meta_content_width":0,"neve_meta_title_alignment":"","neve_meta_author_avatar":"","neve_post_elements_order":"","neve_meta_disable_header":"","neve_meta_disable_footer":"","neve_meta_disable_title":"","footnotes":""},"class_list":["post-6500","page","type-page","status-publish","hentry"],"_links":{"self":[{"href":"https:\/\/www.lansitec.com\/it\/wp-json\/wp\/v2\/pages\/6500","targetHints":{"allow":["GET"]}}],"collection":[{"href":"https:\/\/www.lansitec.com\/it\/wp-json\/wp\/v2\/pages"}],"about":[{"href":"https:\/\/www.lansitec.com\/it\/wp-json\/wp\/v2\/types\/page"}],"author":[{"embeddable":true,"href":"https:\/\/www.lansitec.com\/it\/wp-json\/wp\/v2\/users\/1"}],"replies":[{"embeddable":true,"href":"https:\/\/www.lansitec.com\/it\/wp-json\/wp\/v2\/comments?post=6500"}],"version-history":[{"count":0,"href":"https:\/\/www.lansitec.com\/it\/wp-json\/wp\/v2\/pages\/6500\/revisions"}],"wp:attachment":[{"href":"https:\/\/www.lansitec.com\/it\/wp-json\/wp\/v2\/media?parent=6500"}],"curies":[{"name":"parola chiave","href":"https:\/\/api.w.org\/{rel}","templated":true}]}}