{"id":16835,"date":"2025-09-12T03:04:38","date_gmt":"2025-09-12T10:04:38","guid":{"rendered":"https:\/\/www.lansitec.com\/?page_id=16835"},"modified":"2025-09-16T22:02:47","modified_gmt":"2025-09-17T05:02:47","slug":"faq","status":"publish","type":"page","link":"https:\/\/www.lansitec.com\/pt\/perguntas-frequentes\/","title":{"rendered":"Perguntas frequentes"},"content":{"rendered":"<div data-elementor-type=\"wp-page\" data-elementor-id=\"16835\" class=\"elementor elementor-16835\" data-elementor-post-type=\"page\">\n\t\t\t\t\t\t<section class=\"elementor-section elementor-top-section elementor-element elementor-element-97cde04 elementor-section-boxed elementor-section-height-default elementor-section-height-default\" data-id=\"97cde04\" data-element_type=\"section\" data-e-type=\"section\" data-settings=\"{&quot;ekit_has_onepagescroll_dot&quot;:&quot;yes&quot;}\">\n\t\t\t\t\t\t<div class=\"elementor-container elementor-column-gap-default\">\n\t\t\t\t\t<div class=\"elementor-column elementor-col-100 elementor-top-column elementor-element elementor-element-04f720a\" data-id=\"04f720a\" data-element_type=\"column\" data-e-type=\"column\">\n\t\t\t<div class=\"elementor-widget-wrap elementor-element-populated\">\n\t\t\t\t\t\t<section class=\"elementor-section elementor-inner-section elementor-element elementor-element-ce74077 elementor-section-boxed elementor-section-height-default elementor-section-height-default\" data-id=\"ce74077\" data-element_type=\"section\" data-e-type=\"section\" data-settings=\"{&quot;ekit_has_onepagescroll_dot&quot;:&quot;yes&quot;}\">\n\t\t\t\t\t\t<div class=\"elementor-container elementor-column-gap-default\">\n\t\t\t\t\t<div class=\"elementor-column elementor-col-66 elementor-inner-column elementor-element elementor-element-6410f46\" data-id=\"6410f46\" data-element_type=\"column\" data-e-type=\"column\">\n\t\t\t<div class=\"elementor-widget-wrap elementor-element-populated\">\n\t\t\t\t\t\t<div class=\"elementor-element elementor-element-bd578d8 elementor-widget elementor-widget-heading\" data-id=\"bd578d8\" data-element_type=\"widget\" data-e-type=\"widget\" data-settings=\"{&quot;ekit_we_effect_on&quot;:&quot;none&quot;}\" data-widget_type=\"heading.default\">\n\t\t\t\t\t<h1 class=\"elementor-heading-title elementor-size-default\">Perguntas frequentes<\/h1>\t\t\t\t<\/div>\n\t\t\t\t<div class=\"elementor-element elementor-element-1b2e16e elementor-widget elementor-widget-shortcode\" data-id=\"1b2e16e\" data-element_type=\"widget\" data-e-type=\"widget\" data-settings=\"{&quot;ekit_we_effect_on&quot;:&quot;none&quot;}\" data-widget_type=\"shortcode.default\">\n\t\t\t\t\t\t\t<div class=\"elementor-shortcode\"><div id=\"ccchildpages-1\" class=\"ccchildpages ccflex onecol simple ccclearfix\"><ul class=\"ccchildpages_list ccclearfix\"><li class=\"page_item page-item-16845\"><a href=\"https:\/\/www.lansitec.com\/pt\/perguntas-frequentes\/quando-uma-pessoa-cai-na-agua-como-podemos-evitar-que-todos-os-receptores-num-raio-de-5-km-disparem-o-alarme\/\">Quando uma pessoa cai na \u00e1gua, como podemos evitar que todos os receptores num raio de 5 km disparem o alarme?<\/a><\/li>\n<li class=\"page_item page-item-16876\"><a href=\"https:\/\/www.lansitec.com\/pt\/perguntas-frequentes\/existe-alguma-taxa-mensal-para-acompanhar-a-transferencia-de-dados-do-gateway-lora\/\">Existe uma taxa mensal para acompanhar os dados transportados do LoRa Gateway?<\/a><\/li>\n<li class=\"page_item page-item-16878\"><a href=\"https:\/\/www.lansitec.com\/pt\/perguntas-frequentes\/usar-o-gateway-nb-iot-lte-m-teria-uma-comunicacao-mais-confiavel\/\">Usar o gateway NB-IoT\/LTE-M proporcionaria uma comunica\u00e7\u00e3o mais confi\u00e1vel?<\/a><\/li>\n<li class=\"page_item page-item-16880\"><a href=\"https:\/\/www.lansitec.com\/pt\/perguntas-frequentes\/sua-plataforma-suporta-acionamento-remoto-de-tag-buzz-light\/\">Sua plataforma oferece suporte ao acionamento remoto de tags (zumbido\/luz)?<\/a><\/li>\n<li class=\"page_item page-item-16882\"><a href=\"https:\/\/www.lansitec.com\/pt\/perguntas-frequentes\/se-quisermos-adicionar-sensores-extras-ou-integrar-com-nosso-proprio-software-isso-e-algo-que-voces-podem-fazer\/\">Se quisermos adicionar sensores extras ou integrar com nosso pr\u00f3prio software, isso \u00e9 algo que voc\u00ea pode fazer?<\/a><\/li>\n<li class=\"page_item page-item-16884\"><a href=\"https:\/\/www.lansitec.com\/pt\/perguntas-frequentes\/e-possivel-obter-a-localizacao-aproximada-das-etiquetas-usando-lorawan-ou-bluetooth-sem-depender-de-gps\/\">\u00c9 poss\u00edvel obter a localiza\u00e7\u00e3o aproximada das etiquetas usando LoRaWAN ou Bluetooth, sem depender de GPS?<\/a><\/li>\n<li class=\"page_item page-item-16891\"><a href=\"https:\/\/www.lansitec.com\/pt\/perguntas-frequentes\/para-celular-e-wifi-voce-tambem-terceiriza-seus-testes-de-rf-de-base\/\">Para celular (e WiFi), voc\u00eas tamb\u00e9m terceirizam seus testes b\u00e1sicos de RF?<\/a><\/li>\n<li class=\"page_item page-item-16893\"><a href=\"https:\/\/www.lansitec.com\/pt\/perguntas-frequentes\/qual-a-diferenca-entre-um-rastreador-e-um-beacon-o-beacon-tambem-funciona-como-um-mini-repetidor-de-sinal\/\">Qual \u00e9 a diferen\u00e7a entre um Rastreador e um Beacon? O Beacon tamb\u00e9m \u00e9 um mini gateway\/repetidor?<\/a><\/li>\n<li class=\"page_item page-item-16895\"><a href=\"https:\/\/www.lansitec.com\/pt\/perguntas-frequentes\/assim-que-o-dispositivo-estiver-funcional-voce-tera-alguma-capacidade-de-executar-testes-de-sistema-de-ponta-a-ponta\/\">Depois que o dispositivo estiver funcional, voc\u00ea ter\u00e1 capacidade de executar testes de ponta a ponta no n\u00edvel do sistema?<\/a><\/li>\n<li class=\"page_item page-item-16897\"><a href=\"https:\/\/www.lansitec.com\/pt\/perguntas-frequentes\/alguns-dos-nossos-ativos-estarao-localizados-em-ambientes-de-armazenamento-refrigerado-entre-25c-e-30c-enquanto-outros-serao-implantados-ao-ar-livre-expostos-a-luz-solar-direta-e-a-temp\/\">Alguns dos nossos ativos ficar\u00e3o em ambientes de armazenamento refrigerado (-25 \u00b0C a -30 \u00b0C), enquanto outros ser\u00e3o implantados ao ar livre, expostos \u00e0 luz solar direta e a temperaturas que variam de 40 \u00b0C a 50 \u00b0C. Isso afetar\u00e1 os dispositivos?<\/a><\/li>\n<li class=\"page_item page-item-16900\"><a href=\"https:\/\/www.lansitec.com\/pt\/perguntas-frequentes\/que-tipos-de-recursos-bluetooth-seus-rastreadores-suportam\/\">Que tipos de recursos Bluetooth seus rastreadores suportam?<\/a><\/li>\n<li class=\"page_item page-item-16957\"><a href=\"https:\/\/www.lansitec.com\/pt\/perguntas-frequentes\/introducao-ao-flex-tag-beacon-para-superficies-curvas-irregulares-ou-cilindricas\/\">Introdu\u00e7\u00e3o ao Flex Tag Beacon para superf\u00edcies curvas, irregulares ou cil\u00edndricas<\/a><\/li>\n<li class=\"page_item page-item-16960\"><a href=\"https:\/\/www.lansitec.com\/pt\/perguntas-frequentes\/demonstracao-do-rastreador-gps-lorawan\/\">Demonstra\u00e7\u00e3o do rastreador GPS LoRaWAN<\/a><\/li>\n<li class=\"page_item page-item-16963\"><a href=\"https:\/\/www.lansitec.com\/pt\/perguntas-frequentes\/demonstracao-de-implantacao-e-posicionamento-do-sensor-no-capacete\/\">Demonstra\u00e7\u00e3o de implanta\u00e7\u00e3o e posicionamento do sensor do capacete.<\/a><\/li>\n<li class=\"page_item page-item-16974\"><a href=\"https:\/\/www.lansitec.com\/pt\/perguntas-frequentes\/guia-de-instalacao-do-rastreador-de-conteineres-lorawan-nbiot-ltem-lte-cat1-e-uwb-principais-recursos-de-configuracao\/\">Guia de instala\u00e7\u00e3o do Container Tracker: LoRaWAN, NB-IoT\/LTE-M, LTE Cat-1 e configura\u00e7\u00e3o UWB e principais recursos<\/a><\/li><\/ul><\/div>\n\n\n<\/div>\n\t\t\t\t\t\t<\/div>\n\t\t\t\t\t<\/div>\n\t\t<\/div>\n\t\t\t\t<div class=\"elementor-column elementor-col-33 elementor-inner-column elementor-element elementor-element-b0bfa49\" data-id=\"b0bfa49\" data-element_type=\"column\" data-e-type=\"column\">\n\t\t\t<div class=\"elementor-widget-wrap elementor-element-populated\">\n\t\t\t\t\t\t<div class=\"elementor-element elementor-element-fb3823f elementor-widget elementor-widget-heading\" data-id=\"fb3823f\" data-element_type=\"widget\" data-e-type=\"widget\" data-settings=\"{&quot;ekit_we_effect_on&quot;:&quot;none&quot;}\" data-widget_type=\"heading.default\">\n\t\t\t\t\t<h2 class=\"elementor-heading-title elementor-size-default\">\u00daltimas atualiza\u00e7\u00f5es<\/h2>\t\t\t\t<\/div>\n\t\t\t\t<div class=\"elementor-element elementor-element-dd90773 elementor-grid-1 elementor-posts--thumbnail-none elementor-grid-tablet-2 elementor-grid-mobile-1 elementor-widget elementor-widget-posts\" data-id=\"dd90773\" data-element_type=\"widget\" data-e-type=\"widget\" data-settings=\"{&quot;classic_columns&quot;:&quot;1&quot;,&quot;classic_row_gap&quot;:{&quot;unit&quot;:&quot;px&quot;,&quot;size&quot;:10,&quot;sizes&quot;:[]},&quot;classic_columns_tablet&quot;:&quot;2&quot;,&quot;classic_columns_mobile&quot;:&quot;1&quot;,&quot;classic_row_gap_tablet&quot;:{&quot;unit&quot;:&quot;px&quot;,&quot;size&quot;:&quot;&quot;,&quot;sizes&quot;:[]},&quot;classic_row_gap_mobile&quot;:{&quot;unit&quot;:&quot;px&quot;,&quot;size&quot;:&quot;&quot;,&quot;sizes&quot;:[]},&quot;ekit_we_effect_on&quot;:&quot;none&quot;}\" data-widget_type=\"posts.classic\">\n\t\t\t\t<div class=\"elementor-widget-container\">\n\t\t\t\t\t\t\t<div class=\"elementor-posts-container elementor-posts elementor-posts--skin-classic elementor-grid\" role=\"list\">\n\t\t\t\t<article class=\"elementor-post elementor-grid-item post-18704 post type-post status-publish format-standard has-post-thumbnail hentry category-news\" role=\"listitem\">\n\t\t\t\t<div class=\"elementor-post__text\">\n\t\t\t\t<h4 class=\"elementor-post__title\">\n\t\t\t<a href=\"https:\/\/www.lansitec.com\/pt\/blogs\/viabilidade-de-usar-um-aplicativo-movel-para-monitoramento-de-beacons-em-segundo-plano-em-vez-de-um-gateway-bluetooth\/\" >\n\t\t\t\tViabilidade de usar um aplicativo m\u00f3vel para monitoramento de beacons em segundo plano em vez de um gateway Bluetooth.\t\t\t<\/a>\n\t\t<\/h4>\n\t\t\t\t<\/div>\n\t\t\t\t<\/article>\n\t\t\t\t<article class=\"elementor-post elementor-grid-item post-18684 post type-post status-publish format-standard has-post-thumbnail hentry category-news category-bluetooth tag-bluetooth-gateway tag-compact-bluetooth-gateway tag-indoor-bluetooth-gateway tag-macro-bluetooth-gateway\" role=\"listitem\">\n\t\t\t\t<div class=\"elementor-post__text\">\n\t\t\t\t<h4 class=\"elementor-post__title\">\n\t\t\t<a href=\"https:\/\/www.lansitec.com\/pt\/blogs\/posicionamento-interno-rssi\/\" >\n\t\t\t\tPosicionamento interno por RSSI: Guia essencial para entender por que RSSI n\u00e3o representa a dist\u00e2ncia no rastreamento BLE\t\t\t<\/a>\n\t\t<\/h4>\n\t\t\t\t<\/div>\n\t\t\t\t<\/article>\n\t\t\t\t<article class=\"elementor-post elementor-grid-item post-18449 post type-post status-publish format-standard has-post-thumbnail hentry category-iot-case-studies tag-uwb-anchors tag-uwb-solutions tag-uwb-technology\" role=\"listitem\">\n\t\t\t\t<div class=\"elementor-post__text\">\n\t\t\t\t<h4 class=\"elementor-post__title\">\n\t\t\t<a href=\"https:\/\/www.lansitec.com\/pt\/blogs\/precisao-uwb-em-2026-guia-essencial-para-posicionamento-interno-de-10-cm\/\" >\n\t\t\t\tPrecis\u00e3o UWB em 2026: Guia Essencial para Posicionamento Interno de 10 cm\t\t\t<\/a>\n\t\t<\/h4>\n\t\t\t\t<\/div>\n\t\t\t\t<\/article>\n\t\t\t\t<article class=\"elementor-post elementor-grid-item post-18459 post type-post status-publish format-standard has-post-thumbnail hentry category-news\" role=\"listitem\">\n\t\t\t\t<div class=\"elementor-post__text\">\n\t\t\t\t<h4 class=\"elementor-post__title\">\n\t\t\t<a href=\"https:\/\/www.lansitec.com\/pt\/blogs\/rastreamento-via-satelite-iot-em-2026-guia-essencial-para-ntn-para-pecuaria-e-ativos-remotos\/\" >\n\t\t\t\tRastreamento via sat\u00e9lite para IoT em 2026: Guia essencial da NTN para pecu\u00e1ria e ativos remotos\t\t\t<\/a>\n\t\t<\/h4>\n\t\t\t\t<\/div>\n\t\t\t\t<\/article>\n\t\t\t\t<article class=\"elementor-post elementor-grid-item post-18471 post type-post status-publish format-standard has-post-thumbnail hentry category-news\" role=\"listitem\">\n\t\t\t\t<div class=\"elementor-post__text\">\n\t\t\t\t<h4 class=\"elementor-post__title\">\n\t\t\t<a href=\"https:\/\/www.lansitec.com\/pt\/blogs\/precisao-de-posicionamento-em-ambientes-internos-guia-essencial-para-rastreamento-em-varios-andares-sem-saltos-entre-andares\/\" >\n\t\t\t\tPrecis\u00e3o de posicionamento em ambientes internos: Guia essencial para rastreamento em v\u00e1rios andares sem saltos entre andares.\t\t\t<\/a>\n\t\t<\/h4>\n\t\t\t\t<\/div>\n\t\t\t\t<\/article>\n\t\t\t\t<article class=\"elementor-post elementor-grid-item post-18489 post type-post status-publish format-standard has-post-thumbnail hentry category-news\" role=\"listitem\">\n\t\t\t\t<div class=\"elementor-post__text\">\n\t\t\t\t<h4 class=\"elementor-post__title\">\n\t\t\t<a href=\"https:\/\/www.lansitec.com\/pt\/blogs\/fota-em-grande-escala-como-manter-1000-dispositivos-com-o-mesmo-firmware-sem-visitas-presenciais\/\" >\n\t\t\t\tFOTA em grande escala: como manter mais de 1000 dispositivos com o mesmo firmware sem visitas presenciais.\t\t\t<\/a>\n\t\t<\/h4>\n\t\t\t\t<\/div>\n\t\t\t\t<\/article>\n\t\t\t\t<article class=\"elementor-post elementor-grid-item post-18365 post type-post status-publish format-standard has-post-thumbnail hentry category-iot-case-studies\" role=\"listitem\">\n\t\t\t\t<div class=\"elementor-post__text\">\n\t\t\t\t<h4 class=\"elementor-post__title\">\n\t\t\t<a href=\"https:\/\/www.lansitec.com\/pt\/blogs\/escalando-lorawan-para-10-000-dispositivos\/\" >\n\t\t\t\tEscalando para 10.000 tags: Estrat\u00e9gias essenciais de tempo de transmiss\u00e3o LoRaWAN para 2026\t\t\t<\/a>\n\t\t<\/h4>\n\t\t\t\t<\/div>\n\t\t\t\t<\/article>\n\t\t\t\t<article class=\"elementor-post elementor-grid-item post-18399 post type-post status-publish format-standard has-post-thumbnail hentry category-news\" role=\"listitem\">\n\t\t\t\t<div class=\"elementor-post__text\">\n\t\t\t\t<h4 class=\"elementor-post__title\">\n\t\t\t<a href=\"https:\/\/www.lansitec.com\/pt\/blogs\/precisao-do-angulo-de-ataque-aoa-em-2026-guia-essencial-para-alcancar-10-cm-em-ambientes-internos\/\" >\n\t\t\t\tPrecis\u00e3o do AoA do BLE em 2026: Guia essencial para alcan\u00e7ar 10 cm em ambientes internos\t\t\t<\/a>\n\t\t<\/h4>\n\t\t\t\t<\/div>\n\t\t\t\t<\/article>\n\t\t\t\t<article class=\"elementor-post elementor-grid-item post-18388 post type-post status-publish format-standard has-post-thumbnail hentry category-iot-case-studies tag-bluetooth-beacon tag-solar-bluetooth-gateway\" role=\"listitem\">\n\t\t\t\t<div class=\"elementor-post__text\">\n\t\t\t\t<h4 class=\"elementor-post__title\">\n\t\t\t<a href=\"https:\/\/www.lansitec.com\/pt\/blogs\/monitoramento-remoto-de-bombas-dagua-guia-essencial-para-rastreamento-de-status-baseado-em-vibracao\/\" >\n\t\t\t\tMonitoramento remoto de bombas d&#039;\u00e1gua: Guia essencial para rastreamento de status baseado em vibra\u00e7\u00e3o\t\t\t<\/a>\n\t\t<\/h4>\n\t\t\t\t<\/div>\n\t\t\t\t<\/article>\n\t\t\t\t<article class=\"elementor-post elementor-grid-item post-18190 post type-post status-publish format-standard has-post-thumbnail hentry category-news\" role=\"listitem\">\n\t\t\t\t<div class=\"elementor-post__text\">\n\t\t\t\t<h4 class=\"elementor-post__title\">\n\t\t\t<a href=\"https:\/\/www.lansitec.com\/pt\/blogs\/bluetooth-6-0-e-6-1-o-que-as-novas-especificacoes-principais-significam-para-audio-em-iot-e-dispositivos-vestiveis\/\" >\n\t\t\t\tBluetooth 6.0 e 6.1: O que as novas especifica\u00e7\u00f5es principais significam para a IoT, \u00e1udio e dispositivos vest\u00edveis?\t\t\t<\/a>\n\t\t<\/h4>\n\t\t\t\t<\/div>\n\t\t\t\t<\/article>\n\t\t\t\t<\/div>\n\t\t\n\t\t\t\t\t\t<\/div>\n\t\t\t\t<\/div>\n\t\t\t\t\t<\/div>\n\t\t<\/div>\n\t\t\t\t\t<\/div>\n\t\t<\/section>\n\t\t\t\t\t<\/div>\n\t\t<\/div>\n\t\t\t\t\t<\/div>\n\t\t<\/section>\n\t\t\t\t<\/div>","protected":false},"excerpt":{"rendered":"<p>P\u00e1gina inicial Perguntas frequentes \u00daltimas atualiza\u00e7\u00f5es<\/p>","protected":false},"author":1,"featured_media":0,"parent":0,"menu_order":0,"comment_status":"closed","ping_status":"closed","template":"","meta":{"neve_meta_sidebar":"","neve_meta_container":"","neve_meta_enable_content_width":"","neve_meta_content_width":0,"neve_meta_title_alignment":"","neve_meta_author_avatar":"","neve_post_elements_order":"","neve_meta_disable_header":"","neve_meta_disable_footer":"","neve_meta_disable_title":"","footnotes":""},"class_list":["post-16835","page","type-page","status-publish","hentry"],"_links":{"self":[{"href":"https:\/\/www.lansitec.com\/pt\/wp-json\/wp\/v2\/pages\/16835","targetHints":{"allow":["GET"]}}],"collection":[{"href":"https:\/\/www.lansitec.com\/pt\/wp-json\/wp\/v2\/pages"}],"about":[{"href":"https:\/\/www.lansitec.com\/pt\/wp-json\/wp\/v2\/types\/page"}],"author":[{"embeddable":true,"href":"https:\/\/www.lansitec.com\/pt\/wp-json\/wp\/v2\/users\/1"}],"replies":[{"embeddable":true,"href":"https:\/\/www.lansitec.com\/pt\/wp-json\/wp\/v2\/comments?post=16835"}],"version-history":[{"count":0,"href":"https:\/\/www.lansitec.com\/pt\/wp-json\/wp\/v2\/pages\/16835\/revisions"}],"wp:attachment":[{"href":"https:\/\/www.lansitec.com\/pt\/wp-json\/wp\/v2\/media?parent=16835"}],"curies":[{"name":"wp","href":"https:\/\/api.w.org\/{rel}","templated":true}]}}