{"id":16845,"date":"2025-09-12T03:04:54","date_gmt":"2025-09-12T10:04:54","guid":{"rendered":"https:\/\/www.lansitec.com\/?page_id=16845"},"modified":"2025-09-12T03:04:55","modified_gmt":"2025-09-12T10:04:55","slug":"when-a-person-falls-into-the-water-how-can-we-avoid-all-receivers-within-a-5km-radius-from-sounding-the-alarm","status":"publish","type":"page","link":"https:\/\/www.lansitec.com\/pt\/perguntas-frequentes\/quando-uma-pessoa-cai-na-agua-como-podemos-evitar-que-todos-os-receptores-num-raio-de-5-km-disparem-o-alarme\/","title":{"rendered":"Quando uma pessoa cai na \u00e1gua, como podemos evitar que todos os receptores num raio de 5 km disparem o alarme?"},"content":{"rendered":"<p>Isso pode ser implementado seguindo os passos abaixo:<\/p>\n\n\n\n<p>Cadastre um remetente escaneando seu c\u00f3digo QR e enviando as informa\u00e7\u00f5es para o servidor web.<\/p>\n\n\n\n<p>Durante o processo de cadastro, o usu\u00e1rio pode associar um destinat\u00e1rio ou um grupo de destinat\u00e1rios ao remetente no aplicativo web.<\/p>\n\n\n\n<p>Quando o servidor web recebe o registro de um novo remetente, o ID do remetente \u00e9 enviado ao(s) destinat\u00e1rio(s) correspondente(s).<\/p>","protected":false},"excerpt":{"rendered":"<p>This can be implemented by following the steps below: Register a sender by scanning its QR code and sending the information to the web server. During the process of registration, the user can associate a receiver or a group of receivers with the sender in the web application. When the web server receives the registration&hellip;&nbsp;<a href=\"https:\/\/www.lansitec.com\/pt\/perguntas-frequentes\/quando-uma-pessoa-cai-na-agua-como-podemos-evitar-que-todos-os-receptores-num-raio-de-5-km-disparem-o-alarme\/\" rel=\"bookmark\">Ler mais \u00bb<span class=\"screen-reader-text\">Quando uma pessoa cai na \u00e1gua, como podemos evitar que todos os receptores num raio de 5 km disparem o alarme?<\/span><\/a><\/p>","protected":false},"author":1,"featured_media":0,"parent":16835,"menu_order":0,"comment_status":"closed","ping_status":"closed","template":"","meta":{"neve_meta_sidebar":"","neve_meta_container":"","neve_meta_enable_content_width":"","neve_meta_content_width":0,"neve_meta_title_alignment":"","neve_meta_author_avatar":"","neve_post_elements_order":"","neve_meta_disable_header":"","neve_meta_disable_footer":"","neve_meta_disable_title":"","footnotes":""},"class_list":["post-16845","page","type-page","status-publish","hentry"],"_links":{"self":[{"href":"https:\/\/www.lansitec.com\/pt\/wp-json\/wp\/v2\/pages\/16845","targetHints":{"allow":["GET"]}}],"collection":[{"href":"https:\/\/www.lansitec.com\/pt\/wp-json\/wp\/v2\/pages"}],"about":[{"href":"https:\/\/www.lansitec.com\/pt\/wp-json\/wp\/v2\/types\/page"}],"author":[{"embeddable":true,"href":"https:\/\/www.lansitec.com\/pt\/wp-json\/wp\/v2\/users\/1"}],"replies":[{"embeddable":true,"href":"https:\/\/www.lansitec.com\/pt\/wp-json\/wp\/v2\/comments?post=16845"}],"version-history":[{"count":0,"href":"https:\/\/www.lansitec.com\/pt\/wp-json\/wp\/v2\/pages\/16845\/revisions"}],"up":[{"embeddable":true,"href":"https:\/\/www.lansitec.com\/pt\/wp-json\/wp\/v2\/pages\/16835"}],"wp:attachment":[{"href":"https:\/\/www.lansitec.com\/pt\/wp-json\/wp\/v2\/media?parent=16845"}],"curies":[{"name":"wp","href":"https:\/\/api.w.org\/{rel}","templated":true}]}}