{"id":16876,"date":"2025-09-12T05:45:46","date_gmt":"2025-09-12T12:45:46","guid":{"rendered":"https:\/\/www.lansitec.com\/?page_id=16876"},"modified":"2025-09-15T22:53:08","modified_gmt":"2025-09-16T05:53:08","slug":"is-there-a-monthly-fee-to-keep-up-with-the-data-being-transported-from-the-lora-gateway","status":"publish","type":"page","link":"https:\/\/www.lansitec.com\/pt\/perguntas-frequentes\/existe-alguma-taxa-mensal-para-acompanhar-a-transferencia-de-dados-do-gateway-lora\/","title":{"rendered":"Existe uma taxa mensal para acompanhar os dados transportados do LoRa Gateway?"},"content":{"rendered":"<p>N\u00e3o h\u00e1 taxa mensal para usar nosso servi\u00e7o. <a href=\"https:\/\/www.lansitec.com\/pt\/produtos\/\" data-type=\"page\" data-id=\"917\">hardware<\/a> e <a href=\"https:\/\/www.lansitec.com\/de\/lorawan\/\">LoRaWAN<\/a>. Se <a href=\"https:\/\/www.lansitec.com\/pt\/portais\/#aoa-gateways\">Ethernet<\/a> \u00e9 usado como <a href=\"https:\/\/www.lansitec.com\/de\/lorawan\/\">LoRaWAN<\/a> Para o backhaul do gateway, tamb\u00e9m n\u00e3o h\u00e1 essa taxa. A menos que seja utilizado o 4G.<\/p>","protected":false},"excerpt":{"rendered":"<p>N\u00e3o h\u00e1 mensalidade para usar nosso hardware e LoRaWAN. Se a conex\u00e3o Ethernet for usada como backhaul do gateway LoRaWAN, tamb\u00e9m n\u00e3o haver\u00e1 essa taxa, a menos que seja usada a rede 4G.<\/p>","protected":false},"author":1,"featured_media":0,"parent":16835,"menu_order":0,"comment_status":"closed","ping_status":"closed","template":"","meta":{"neve_meta_sidebar":"","neve_meta_container":"","neve_meta_enable_content_width":"","neve_meta_content_width":0,"neve_meta_title_alignment":"","neve_meta_author_avatar":"","neve_post_elements_order":"","neve_meta_disable_header":"","neve_meta_disable_footer":"","neve_meta_disable_title":"","footnotes":""},"class_list":["post-16876","page","type-page","status-publish","hentry"],"_links":{"self":[{"href":"https:\/\/www.lansitec.com\/pt\/wp-json\/wp\/v2\/pages\/16876","targetHints":{"allow":["GET"]}}],"collection":[{"href":"https:\/\/www.lansitec.com\/pt\/wp-json\/wp\/v2\/pages"}],"about":[{"href":"https:\/\/www.lansitec.com\/pt\/wp-json\/wp\/v2\/types\/page"}],"author":[{"embeddable":true,"href":"https:\/\/www.lansitec.com\/pt\/wp-json\/wp\/v2\/users\/1"}],"replies":[{"embeddable":true,"href":"https:\/\/www.lansitec.com\/pt\/wp-json\/wp\/v2\/comments?post=16876"}],"version-history":[{"count":0,"href":"https:\/\/www.lansitec.com\/pt\/wp-json\/wp\/v2\/pages\/16876\/revisions"}],"up":[{"embeddable":true,"href":"https:\/\/www.lansitec.com\/pt\/wp-json\/wp\/v2\/pages\/16835"}],"wp:attachment":[{"href":"https:\/\/www.lansitec.com\/pt\/wp-json\/wp\/v2\/media?parent=16876"}],"curies":[{"name":"wp","href":"https:\/\/api.w.org\/{rel}","templated":true}]}}