{"id":16878,"date":"2025-09-12T05:47:13","date_gmt":"2025-09-12T12:47:13","guid":{"rendered":"https:\/\/www.lansitec.com\/?page_id=16878"},"modified":"2025-09-15T22:58:37","modified_gmt":"2025-09-16T05:58:37","slug":"would-using-the-nb-iot-lte-m-gateway-have-more-reliable-communication","status":"publish","type":"page","link":"https:\/\/www.lansitec.com\/pt\/perguntas-frequentes\/usar-o-gateway-nb-iot-lte-m-teria-uma-comunicacao-mais-confiavel\/","title":{"rendered":"Usar o gateway NB-IoT\/LTE-M proporcionaria uma comunica\u00e7\u00e3o mais confi\u00e1vel?"},"content":{"rendered":"<p>Se a rede estiver dispon\u00edvel, a comunica\u00e7\u00e3o dever\u00e1 ser equivalente a <a href=\"https:\/\/www.lansitec.com\/pt\/lorawan\/\">LoRaWAN<\/a>. Temos clientes que usam <a href=\"https:\/\/www.lansitec.com\/pt\/lorawan\/\">LoRaWAN<\/a> Com dezenas de milhares de dispositivos, e apresentaram problemas de confiabilidade.<\/p>\n\n\n\n<p>A NB-IoT n\u00e3o oferece bom suporte a dispositivos m\u00f3veis. E o dispositivo precisa se reconectar \u00e0 rede se estiver em roaming entre diferentes esta\u00e7\u00f5es base ou se o ve\u00edculo estiver se movendo muito r\u00e1pido.<\/p>\n\n\n\n<p>Al\u00e9m disso, confirme se o NB-IoT ou LTE-M est\u00e1 dispon\u00edvel ao longo do trajeto. A cobertura de rede geralmente n\u00e3o \u00e9 t\u00e3o boa quanto a do 4G (incluindo Cat-1). <a href=\"https:\/\/www.lansitec.com\/pt\/lorawan\/\">LoRaWAN<\/a> A rede pode ser implantada por n\u00f3s mesmos.<\/p>","protected":false},"excerpt":{"rendered":"<p>If the network is available, then the communication should be equivalent to LoRaWAN. We have customers using LoRaWAN with tens of thousands of devices and have met reliability problems. NB-IoT does not support mobile devices well. And the device has to rejoin the network if it roams across different base stations or if the vehicle&hellip;&nbsp;<a href=\"https:\/\/www.lansitec.com\/pt\/perguntas-frequentes\/usar-o-gateway-nb-iot-lte-m-teria-uma-comunicacao-mais-confiavel\/\" rel=\"bookmark\">Ler mais \u00bb<span class=\"screen-reader-text\">Usar o gateway NB-IoT\/LTE-M proporcionaria uma comunica\u00e7\u00e3o mais confi\u00e1vel?<\/span><\/a><\/p>","protected":false},"author":1,"featured_media":0,"parent":16835,"menu_order":0,"comment_status":"closed","ping_status":"closed","template":"","meta":{"neve_meta_sidebar":"","neve_meta_container":"","neve_meta_enable_content_width":"","neve_meta_content_width":0,"neve_meta_title_alignment":"","neve_meta_author_avatar":"","neve_post_elements_order":"","neve_meta_disable_header":"","neve_meta_disable_footer":"","neve_meta_disable_title":"","footnotes":""},"class_list":["post-16878","page","type-page","status-publish","hentry"],"_links":{"self":[{"href":"https:\/\/www.lansitec.com\/pt\/wp-json\/wp\/v2\/pages\/16878","targetHints":{"allow":["GET"]}}],"collection":[{"href":"https:\/\/www.lansitec.com\/pt\/wp-json\/wp\/v2\/pages"}],"about":[{"href":"https:\/\/www.lansitec.com\/pt\/wp-json\/wp\/v2\/types\/page"}],"author":[{"embeddable":true,"href":"https:\/\/www.lansitec.com\/pt\/wp-json\/wp\/v2\/users\/1"}],"replies":[{"embeddable":true,"href":"https:\/\/www.lansitec.com\/pt\/wp-json\/wp\/v2\/comments?post=16878"}],"version-history":[{"count":0,"href":"https:\/\/www.lansitec.com\/pt\/wp-json\/wp\/v2\/pages\/16878\/revisions"}],"up":[{"embeddable":true,"href":"https:\/\/www.lansitec.com\/pt\/wp-json\/wp\/v2\/pages\/16835"}],"wp:attachment":[{"href":"https:\/\/www.lansitec.com\/pt\/wp-json\/wp\/v2\/media?parent=16878"}],"curies":[{"name":"wp","href":"https:\/\/api.w.org\/{rel}","templated":true}]}}