{"id":16880,"date":"2025-09-12T05:47:58","date_gmt":"2025-09-12T12:47:58","guid":{"rendered":"https:\/\/www.lansitec.com\/?page_id=16880"},"modified":"2025-09-15T22:46:32","modified_gmt":"2025-09-16T05:46:32","slug":"does-your-platform-support-remote-tag-triggering-buzz-light","status":"publish","type":"page","link":"https:\/\/www.lansitec.com\/pt\/perguntas-frequentes\/sua-plataforma-suporta-acionamento-remoto-de-tag-buzz-light\/","title":{"rendered":"Sua plataforma oferece suporte ao acionamento remoto de tags (zumbido\/luz)?"},"content":{"rendered":"<p>Sim, \u00e9 suportado. No entanto, observe que nossa plataforma possui recursos limitados e n\u00e3o foi projetada para uso comercial. Recomendamos que voc\u00ea desenvolva sua pr\u00f3pria solu\u00e7\u00e3o ou utilize uma plataforma de terceiros, como <strong><a href=\"https:\/\/tago.io\/\" rel=\"nofollow noopener\" target=\"_blank\">TagoIO<\/a><\/strong> ou <strong><a href=\"https:\/\/thingsboard.io\/\" rel=\"nofollow noopener\" target=\"_blank\">ThingsBoard<\/a><\/strong>.<\/p>","protected":false},"excerpt":{"rendered":"<p>Yes, it is supported. However, please note that our platform has limited features and is not designed for commercial use. We recommend either developing your own solution or using a third-party platform such as TagoIO or ThingsBoard.<\/p>","protected":false},"author":1,"featured_media":0,"parent":16835,"menu_order":0,"comment_status":"closed","ping_status":"closed","template":"","meta":{"neve_meta_sidebar":"","neve_meta_container":"","neve_meta_enable_content_width":"","neve_meta_content_width":0,"neve_meta_title_alignment":"","neve_meta_author_avatar":"","neve_post_elements_order":"","neve_meta_disable_header":"","neve_meta_disable_footer":"","neve_meta_disable_title":"","footnotes":""},"class_list":["post-16880","page","type-page","status-publish","hentry"],"_links":{"self":[{"href":"https:\/\/www.lansitec.com\/pt\/wp-json\/wp\/v2\/pages\/16880","targetHints":{"allow":["GET"]}}],"collection":[{"href":"https:\/\/www.lansitec.com\/pt\/wp-json\/wp\/v2\/pages"}],"about":[{"href":"https:\/\/www.lansitec.com\/pt\/wp-json\/wp\/v2\/types\/page"}],"author":[{"embeddable":true,"href":"https:\/\/www.lansitec.com\/pt\/wp-json\/wp\/v2\/users\/1"}],"replies":[{"embeddable":true,"href":"https:\/\/www.lansitec.com\/pt\/wp-json\/wp\/v2\/comments?post=16880"}],"version-history":[{"count":0,"href":"https:\/\/www.lansitec.com\/pt\/wp-json\/wp\/v2\/pages\/16880\/revisions"}],"up":[{"embeddable":true,"href":"https:\/\/www.lansitec.com\/pt\/wp-json\/wp\/v2\/pages\/16835"}],"wp:attachment":[{"href":"https:\/\/www.lansitec.com\/pt\/wp-json\/wp\/v2\/media?parent=16880"}],"curies":[{"name":"wp","href":"https:\/\/api.w.org\/{rel}","templated":true}]}}