{"id":16882,"date":"2025-09-12T05:48:51","date_gmt":"2025-09-12T12:48:51","guid":{"rendered":"https:\/\/www.lansitec.com\/?page_id=16882"},"modified":"2025-09-15T22:50:48","modified_gmt":"2025-09-16T05:50:48","slug":"if-we-want-to-add-extra-sensors-or-integrate-with-our-own-software-is-that-something-you-can-do","status":"publish","type":"page","link":"https:\/\/www.lansitec.com\/pt\/perguntas-frequentes\/se-quisermos-adicionar-sensores-extras-ou-integrar-com-nosso-proprio-software-isso-e-algo-que-voces-podem-fazer\/","title":{"rendered":"Se quisermos adicionar sensores extras ou integrar com nosso pr\u00f3prio software, isso \u00e9 algo que voc\u00ea pode fazer?"},"content":{"rendered":"<p>Adicionando <a href=\"https:\/\/www.lansitec.com\/pt\/sensores\/#lorawan-sensors\">sensores<\/a> Isso envolve uma altera\u00e7\u00e3o de hardware, ent\u00e3o precisar\u00edamos avaliar o custo e entrar em contato com voc\u00ea. Mas sim, \u00e9 poss\u00edvel.<br>Quanto ao software, vendemos apenas hardware, mas podemos, sem d\u00favida, integrar todos os dispositivos com o software do cliente \u2014 \u00e9 algo que fazemos quase todos os dias.<\/p>","protected":false},"excerpt":{"rendered":"<p>Adding sensors involves a hardware change, so we would need to evaluate the cost and then get back to you. But yes, it is possible.As for software, we sell hardware only, but we can definitely integrate all devices with a client&#8217;s software \u2014 this is something we do almost every day.<\/p>","protected":false},"author":1,"featured_media":0,"parent":16835,"menu_order":0,"comment_status":"closed","ping_status":"closed","template":"","meta":{"neve_meta_sidebar":"","neve_meta_container":"","neve_meta_enable_content_width":"","neve_meta_content_width":0,"neve_meta_title_alignment":"","neve_meta_author_avatar":"","neve_post_elements_order":"","neve_meta_disable_header":"","neve_meta_disable_footer":"","neve_meta_disable_title":"","footnotes":""},"class_list":["post-16882","page","type-page","status-publish","hentry"],"_links":{"self":[{"href":"https:\/\/www.lansitec.com\/pt\/wp-json\/wp\/v2\/pages\/16882","targetHints":{"allow":["GET"]}}],"collection":[{"href":"https:\/\/www.lansitec.com\/pt\/wp-json\/wp\/v2\/pages"}],"about":[{"href":"https:\/\/www.lansitec.com\/pt\/wp-json\/wp\/v2\/types\/page"}],"author":[{"embeddable":true,"href":"https:\/\/www.lansitec.com\/pt\/wp-json\/wp\/v2\/users\/1"}],"replies":[{"embeddable":true,"href":"https:\/\/www.lansitec.com\/pt\/wp-json\/wp\/v2\/comments?post=16882"}],"version-history":[{"count":0,"href":"https:\/\/www.lansitec.com\/pt\/wp-json\/wp\/v2\/pages\/16882\/revisions"}],"up":[{"embeddable":true,"href":"https:\/\/www.lansitec.com\/pt\/wp-json\/wp\/v2\/pages\/16835"}],"wp:attachment":[{"href":"https:\/\/www.lansitec.com\/pt\/wp-json\/wp\/v2\/media?parent=16882"}],"curies":[{"name":"wp","href":"https:\/\/api.w.org\/{rel}","templated":true}]}}