{"id":16884,"date":"2025-09-12T05:49:29","date_gmt":"2025-09-12T12:49:29","guid":{"rendered":"https:\/\/www.lansitec.com\/?page_id=16884"},"modified":"2025-09-15T22:51:57","modified_gmt":"2025-09-16T05:51:57","slug":"is-it-possible-to-achieve-approximate-location-of-the-tags-using-lorawan-or-bluetooth-without-relying-on-gps","status":"publish","type":"page","link":"https:\/\/www.lansitec.com\/pt\/perguntas-frequentes\/e-possivel-obter-a-localizacao-aproximada-das-etiquetas-usando-lorawan-ou-bluetooth-sem-depender-de-gps\/","title":{"rendered":"\u00c9 poss\u00edvel obter a localiza\u00e7\u00e3o aproximada das etiquetas usando LoRaWAN ou Bluetooth, sem depender de GPS?"},"content":{"rendered":"<p>Com Bluetooth: Sim.<\/p>\n\n\n\n<p>Com <a href=\"https:\/\/www.lansitec.com\/pt\/lorawan\/\">LoRaWAN<\/a>Sim. Ele suporta detec\u00e7\u00e3o de presen\u00e7a, com uma precis\u00e3o de algumas centenas de metros. Alternativamente, voc\u00ea pode implantar quatro <a href=\"https:\/\/www.lansitec.com\/pt\/portais\/#lorawan-gateways\">Gateways LoRaWAN<\/a> espa\u00e7ados cerca de 1 km entre si (como exemplo). Nessa configura\u00e7\u00e3o, a precis\u00e3o pode variar de dezenas de metros a algumas centenas de metros.<\/p>\n\n\n\n<p>Por favor <a href=\"https:\/\/www.lansitec.com\/pt\/contate-nos\/\" data-type=\"page\" data-id=\"752\">Contate-nos<\/a> Compartilhe mais detalhes sobre o seu projeto. Criaremos uma solu\u00e7\u00e3o sob medida para voc\u00ea.<\/p>\n\n\n\n<p><\/p>","protected":false},"excerpt":{"rendered":"<p>With Bluetooth: Yes. With LoRaWAN: Yes. It supports presence detection, with an accuracy of a few hundred meters. Alternatively, you can deploy four LoRaWAN gateways spaced about 1 km apart (as an example). In this setup, the accuracy can range from tens of meters to a couple of hundred meters. Please contact us and share&hellip;&nbsp;<a href=\"https:\/\/www.lansitec.com\/pt\/perguntas-frequentes\/e-possivel-obter-a-localizacao-aproximada-das-etiquetas-usando-lorawan-ou-bluetooth-sem-depender-de-gps\/\" rel=\"bookmark\">Ler mais \u00bb<span class=\"screen-reader-text\">\u00c9 poss\u00edvel obter a localiza\u00e7\u00e3o aproximada das etiquetas usando LoRaWAN ou Bluetooth, sem depender de GPS?<\/span><\/a><\/p>","protected":false},"author":1,"featured_media":0,"parent":16835,"menu_order":0,"comment_status":"closed","ping_status":"closed","template":"","meta":{"neve_meta_sidebar":"","neve_meta_container":"","neve_meta_enable_content_width":"","neve_meta_content_width":0,"neve_meta_title_alignment":"","neve_meta_author_avatar":"","neve_post_elements_order":"","neve_meta_disable_header":"","neve_meta_disable_footer":"","neve_meta_disable_title":"","footnotes":""},"class_list":["post-16884","page","type-page","status-publish","hentry"],"_links":{"self":[{"href":"https:\/\/www.lansitec.com\/pt\/wp-json\/wp\/v2\/pages\/16884","targetHints":{"allow":["GET"]}}],"collection":[{"href":"https:\/\/www.lansitec.com\/pt\/wp-json\/wp\/v2\/pages"}],"about":[{"href":"https:\/\/www.lansitec.com\/pt\/wp-json\/wp\/v2\/types\/page"}],"author":[{"embeddable":true,"href":"https:\/\/www.lansitec.com\/pt\/wp-json\/wp\/v2\/users\/1"}],"replies":[{"embeddable":true,"href":"https:\/\/www.lansitec.com\/pt\/wp-json\/wp\/v2\/comments?post=16884"}],"version-history":[{"count":0,"href":"https:\/\/www.lansitec.com\/pt\/wp-json\/wp\/v2\/pages\/16884\/revisions"}],"up":[{"embeddable":true,"href":"https:\/\/www.lansitec.com\/pt\/wp-json\/wp\/v2\/pages\/16835"}],"wp:attachment":[{"href":"https:\/\/www.lansitec.com\/pt\/wp-json\/wp\/v2\/media?parent=16884"}],"curies":[{"name":"wp","href":"https:\/\/api.w.org\/{rel}","templated":true}]}}