{"id":16891,"date":"2025-09-15T01:42:50","date_gmt":"2025-09-15T08:42:50","guid":{"rendered":"https:\/\/www.lansitec.com\/?page_id=16891"},"modified":"2025-09-15T22:47:48","modified_gmt":"2025-09-16T05:47:48","slug":"for-cellular-and-wifi-do-you-also-outsource-your-baseline-rf-testing","status":"publish","type":"page","link":"https:\/\/www.lansitec.com\/pt\/perguntas-frequentes\/para-celular-e-wifi-voce-tambem-terceiriza-seus-testes-de-rf-de-base\/","title":{"rendered":"Para celular (e WiFi), voc\u00eas tamb\u00e9m terceirizam seus testes b\u00e1sicos de RF?"},"content":{"rendered":"<p>Nem todos. Utilizamos analisadores de espectro e analisadores de rede para verificar o projeto e o desempenho da antena de alta frequ\u00eancia. Al\u00e9m disso, realizamos testes de desempenho, como dist\u00e2ncia de transmiss\u00e3o, <a href=\"https:\/\/www.lansitec.com\/pt\/blogs\/posicionamento-interno-rssi\/\">RSSI<\/a>, n\u00famero de pacotes recebidos e compara\u00e7\u00f5es de desempenho com antenas externas.<br><br>Por exemplo, comparamos o n\u00famero de pacotes recebidos por um receptor com o respectivo valor. <a href=\"https:\/\/www.lansitec.com\/pt\/blogs\/posicionamento-interno-rssi\/\">RSSI<\/a> Os valores s\u00e3o comparados aos pacotes enviados, e ent\u00e3o esses resultados s\u00e3o comparados com os obtidos usando uma antena externa.<br><br>Temos vasta experi\u00eancia com LoRa, Bluetooth, Wi-Fi, GNSS, NB-IoT e <a href=\"https:\/\/www.lansitec.com\/pt\/blogs\/redes-nao-terrestres-ntn-conectividade-via-satelite-para-rastreamento\/\">NTN<\/a> m\u00f3dulos, assim como projeto de circuitos, todos utilizados em diferentes <strong><a href=\"https:\/\/www.lansitec.com\/pt\/produtos\/\" data-type=\"page\" data-id=\"917\">produtos<\/a><\/strong> das nossas. Tamb\u00e9m temos experi\u00eancia com o <a href=\"https:\/\/www.lansitec.com\/pt\/lorawan\/\">LoRaWAN<\/a> protocolo e <a href=\"https:\/\/www.lansitec.com\/pt\/solucoes\/solucao-de-rastreamento-uwb\/\" data-type=\"page\" data-id=\"13940\">Solu\u00e7\u00f5es UWB<\/a> utilizando o <a href=\"https:\/\/www.lansitec.com\/pt\/lorawan\/\">LoRaWAN<\/a> Protocolo TDMA.<\/p>\n\n\n\n<p><\/p>","protected":false},"excerpt":{"rendered":"<p>Not all. We use spectrum analyzers and network analyzers to verify the design and high-frequency antenna performance. In addition, we conduct performance tests such as transmission distance, RSSI, number of packets received, and performance comparisons with external antennas. For example, we compare the number of packets received by a receiver and the corresponding RSSI values&hellip;&nbsp;<a href=\"https:\/\/www.lansitec.com\/pt\/perguntas-frequentes\/para-celular-e-wifi-voce-tambem-terceiriza-seus-testes-de-rf-de-base\/\" rel=\"bookmark\">Ler mais \u00bb<span class=\"screen-reader-text\">Para celular (e WiFi), voc\u00eas tamb\u00e9m terceirizam seus testes b\u00e1sicos de RF?<\/span><\/a><\/p>","protected":false},"author":1,"featured_media":0,"parent":16835,"menu_order":0,"comment_status":"closed","ping_status":"closed","template":"","meta":{"neve_meta_sidebar":"","neve_meta_container":"","neve_meta_enable_content_width":"","neve_meta_content_width":0,"neve_meta_title_alignment":"","neve_meta_author_avatar":"","neve_post_elements_order":"","neve_meta_disable_header":"","neve_meta_disable_footer":"","neve_meta_disable_title":"","footnotes":""},"class_list":["post-16891","page","type-page","status-publish","hentry"],"_links":{"self":[{"href":"https:\/\/www.lansitec.com\/pt\/wp-json\/wp\/v2\/pages\/16891","targetHints":{"allow":["GET"]}}],"collection":[{"href":"https:\/\/www.lansitec.com\/pt\/wp-json\/wp\/v2\/pages"}],"about":[{"href":"https:\/\/www.lansitec.com\/pt\/wp-json\/wp\/v2\/types\/page"}],"author":[{"embeddable":true,"href":"https:\/\/www.lansitec.com\/pt\/wp-json\/wp\/v2\/users\/1"}],"replies":[{"embeddable":true,"href":"https:\/\/www.lansitec.com\/pt\/wp-json\/wp\/v2\/comments?post=16891"}],"version-history":[{"count":0,"href":"https:\/\/www.lansitec.com\/pt\/wp-json\/wp\/v2\/pages\/16891\/revisions"}],"up":[{"embeddable":true,"href":"https:\/\/www.lansitec.com\/pt\/wp-json\/wp\/v2\/pages\/16835"}],"wp:attachment":[{"href":"https:\/\/www.lansitec.com\/pt\/wp-json\/wp\/v2\/media?parent=16891"}],"curies":[{"name":"wp","href":"https:\/\/api.w.org\/{rel}","templated":true}]}}