{"id":16893,"date":"2025-09-15T01:43:49","date_gmt":"2025-09-15T08:43:49","guid":{"rendered":"https:\/\/www.lansitec.com\/?page_id=16893"},"modified":"2025-09-15T22:54:59","modified_gmt":"2025-09-16T05:54:59","slug":"what-is-the-difference-between-a-tracker-and-a-beacon-is-the-beacon-also-a-mini-gateway-repeater","status":"publish","type":"page","link":"https:\/\/www.lansitec.com\/pt\/perguntas-frequentes\/qual-a-diferenca-entre-um-rastreador-e-um-beacon-o-beacon-tambem-funciona-como-um-mini-repetidor-de-sinal\/","title":{"rendered":"Qual \u00e9 a diferen\u00e7a entre um Rastreador e um Beacon? O Beacon tamb\u00e9m \u00e9 um mini gateway\/repetidor?"},"content":{"rendered":"<p>Um rastreador recebe sinais de fontes pr\u00f3ximas. <a href=\"https:\/\/www.lansitec.com\/pt\/beacons-bluetooth\/\" data-type=\"page\" data-id=\"6794\">Far\u00f3is<\/a> and forwards their major, minor, and <a href=\"https:\/\/www.lansitec.com\/pt\/blogs\/posicionamento-interno-rssi\/\">RSSI<\/a> values to the server. If no Beacon signals are received, it will activate GNSS to obtain the coordinates and then report them to the server.<\/p>\n\n\n\n<p>Um Beacon, por outro lado, transmite continuamente mensagens do protocolo iBeacon em intervalos fixos (variando de 0,1s a 10s) e em uma frequ\u00eancia definida. <a href=\"https:\/\/www.lansitec.com\/pt\/blogs\/otimizacao-de-energia-tx-para-rastreamento-de-iot-melhora-alcance-e-conformidade-com-a-vida-util-da-bateria\/\">Pot\u00eancia TX<\/a>. Tanto o intervalo de transmiss\u00e3o quanto <a href=\"https:\/\/www.lansitec.com\/pt\/blogs\/otimizacao-de-energia-tx-para-rastreamento-de-iot-melhora-alcance-e-conformidade-com-a-vida-util-da-bateria\/\">Pot\u00eancia TX<\/a> s\u00e3o ajust\u00e1veis.<\/p>","protected":false},"excerpt":{"rendered":"<p>A Tracker receives signals from nearby Beacons and forwards their major, minor, and RSSI values to the server. If no Beacon signals are received, it will activate GNSS to obtain the coordinates and then report them to the server. A Beacon, on the other hand, continuously broadcasts iBeacon protocol messages at a fixed interval (ranging&hellip;&nbsp;<a href=\"https:\/\/www.lansitec.com\/pt\/perguntas-frequentes\/qual-a-diferenca-entre-um-rastreador-e-um-beacon-o-beacon-tambem-funciona-como-um-mini-repetidor-de-sinal\/\" rel=\"bookmark\">Ler mais \u00bb<span class=\"screen-reader-text\">Qual \u00e9 a diferen\u00e7a entre um Rastreador e um Beacon? O Beacon tamb\u00e9m \u00e9 um mini gateway\/repetidor?<\/span><\/a><\/p>","protected":false},"author":1,"featured_media":0,"parent":16835,"menu_order":0,"comment_status":"closed","ping_status":"closed","template":"","meta":{"neve_meta_sidebar":"","neve_meta_container":"","neve_meta_enable_content_width":"","neve_meta_content_width":0,"neve_meta_title_alignment":"","neve_meta_author_avatar":"","neve_post_elements_order":"","neve_meta_disable_header":"","neve_meta_disable_footer":"","neve_meta_disable_title":"","footnotes":""},"class_list":["post-16893","page","type-page","status-publish","hentry"],"_links":{"self":[{"href":"https:\/\/www.lansitec.com\/pt\/wp-json\/wp\/v2\/pages\/16893","targetHints":{"allow":["GET"]}}],"collection":[{"href":"https:\/\/www.lansitec.com\/pt\/wp-json\/wp\/v2\/pages"}],"about":[{"href":"https:\/\/www.lansitec.com\/pt\/wp-json\/wp\/v2\/types\/page"}],"author":[{"embeddable":true,"href":"https:\/\/www.lansitec.com\/pt\/wp-json\/wp\/v2\/users\/1"}],"replies":[{"embeddable":true,"href":"https:\/\/www.lansitec.com\/pt\/wp-json\/wp\/v2\/comments?post=16893"}],"version-history":[{"count":0,"href":"https:\/\/www.lansitec.com\/pt\/wp-json\/wp\/v2\/pages\/16893\/revisions"}],"up":[{"embeddable":true,"href":"https:\/\/www.lansitec.com\/pt\/wp-json\/wp\/v2\/pages\/16835"}],"wp:attachment":[{"href":"https:\/\/www.lansitec.com\/pt\/wp-json\/wp\/v2\/media?parent=16893"}],"curies":[{"name":"wp","href":"https:\/\/api.w.org\/{rel}","templated":true}]}}